{"id":150,"date":"2013-11-13T14:28:09","date_gmt":"2013-11-13T14:28:09","guid":{"rendered":"http:\/\/www.icesi.edu.co\/blogs\/appsco\/?page_id=150"},"modified":"2014-01-27T19:37:33","modified_gmt":"2014-01-27T19:37:33","slug":"libros-y-articulos","status":"publish","type":"page","link":"https:\/\/www.icesi.edu.co\/blogs\/appsco\/libros-y-articulos\/","title":{"rendered":"Libros y Art\u00edculos"},"content":{"rendered":"<p>Contiene informaci\u00f3n acerca de temas de emprendimiento, innovaci\u00f3n, marketing digital y tecnolog\u00eda<\/p>\n","protected":false},"excerpt":{"rendered":"<p>Contiene informaci\u00f3n acerca de temas de emprendimiento, innovaci\u00f3n, marketing digital y tecnolog\u00eda<\/p>\n","protected":false},"author":42165215,"featured_media":0,"parent":0,"menu_order":0,"comment_status":"open","ping_status":"open","template":"","meta":{"footnotes":""},"class_list":["post-150","page","type-page","status-publish","hentry"],"aioseo_notices":[],"rttpg_featured_image_url":null,"rttpg_author":{"display_name":"AppsIcesi Apps.co","author_link":"https:\/\/www.icesi.edu.co\/blogs\/appsco\/author\/1144029348\/"},"rttpg_comment":0,"rttpg_category":null,"rttpg_excerpt":"Contiene informaci\u00f3n acerca de temas de emprendimiento, innovaci\u00f3n, marketing digital y tecnolog\u00eda","_links":{"self":[{"href":"https:\/\/www.icesi.edu.co\/blogs\/appsco\/wp-json\/wp\/v2\/pages\/150"}],"collection":[{"href":"https:\/\/www.icesi.edu.co\/blogs\/appsco\/wp-json\/wp\/v2\/pages"}],"about":[{"href":"https:\/\/www.icesi.edu.co\/blogs\/appsco\/wp-json\/wp\/v2\/types\/page"}],"author":[{"embeddable":true,"href":"https:\/\/www.icesi.edu.co\/blogs\/appsco\/wp-json\/wp\/v2\/users\/42165215"}],"replies":[{"embeddable":true,"href":"https:\/\/www.icesi.edu.co\/blogs\/appsco\/wp-json\/wp\/v2\/comments?post=150"}],"version-history":[{"count":1,"href":"https:\/\/www.icesi.edu.co\/blogs\/appsco\/wp-json\/wp\/v2\/pages\/150\/revisions"}],"predecessor-version":[{"id":151,"href":"https:\/\/www.icesi.edu.co\/blogs\/appsco\/wp-json\/wp\/v2\/pages\/150\/revisions\/151"}],"wp:attachment":[{"href":"https:\/\/www.icesi.edu.co\/blogs\/appsco\/wp-json\/wp\/v2\/media?parent=150"}],"curies":[{"name":"wp","href":"https:\/\/api.w.org\/{rel}","templated":true}]}}