{"id":2,"date":"2011-09-15T19:46:53","date_gmt":"2011-09-15T19:46:53","guid":{"rendered":"http:\/\/www.icesi.edu.co\/blogs\/cienfi\/?page_id=2"},"modified":"2011-09-15T20:33:09","modified_gmt":"2011-09-15T20:33:09","slug":"sobrecienfi","status":"publish","type":"page","link":"https:\/\/www.icesi.edu.co\/blogs\/cienfi\/sobrecienfi\/","title":{"rendered":"CIENFI"},"content":{"rendered":"<p style=\"text-align: justify\">El\u00a0<strong>Centro de Investigaciones en Econom\u00eda y Finanzas<\/strong>\u00a0de la\u00a0<strong>Universidad Icesi, CIENFI<\/strong>, inicia funciones en enero del 2006, con el fin de contribuir por medio de estudios econ\u00f3micos y financieros en las discusiones locales y nacionales sobre el devenir econ\u00f3mico, el entorno de los negocios y las finanzas p\u00fablicas y privadas.<\/p>\n<p style=\"text-align: justify\">\n","protected":false},"excerpt":{"rendered":"<p>El\u00a0Centro de Investigaciones en Econom\u00eda y Finanzas\u00a0de la\u00a0Universidad Icesi, CIENFI, inicia funciones en enero del 2006, con el fin de contribuir por medio de estudios econ\u00f3micos y financieros en las discusiones locales y nacionales sobre el devenir econ\u00f3mico, el entorno &hellip; <a href=\"https:\/\/www.icesi.edu.co\/blogs\/cienfi\/sobrecienfi\/\">Sigue leyendo <span class=\"meta-nav\">&rarr;<\/span><\/a><\/p>\n","protected":false},"author":1346,"featured_media":0,"parent":0,"menu_order":0,"comment_status":"open","ping_status":"open","template":"","meta":{"footnotes":""},"class_list":["post-2","page","type-page","status-publish","hentry"],"aioseo_notices":[],"rttpg_featured_image_url":null,"rttpg_author":{"display_name":"Beatriz Gallo C\u00f3rdoba","author_link":"https:\/\/www.icesi.edu.co\/blogs\/cienfi\/author\/1144030606\/"},"rttpg_comment":0,"rttpg_category":null,"rttpg_excerpt":"El\u00a0Centro de Investigaciones en Econom\u00eda y Finanzas\u00a0de la\u00a0Universidad Icesi, CIENFI, inicia funciones en enero del 2006, con el fin de contribuir por medio de estudios econ\u00f3micos y financieros en las discusiones locales y nacionales sobre el devenir econ\u00f3mico, el entorno &hellip; Sigue leyendo &rarr;","_links":{"self":[{"href":"https:\/\/www.icesi.edu.co\/blogs\/cienfi\/wp-json\/wp\/v2\/pages\/2"}],"collection":[{"href":"https:\/\/www.icesi.edu.co\/blogs\/cienfi\/wp-json\/wp\/v2\/pages"}],"about":[{"href":"https:\/\/www.icesi.edu.co\/blogs\/cienfi\/wp-json\/wp\/v2\/types\/page"}],"author":[{"embeddable":true,"href":"https:\/\/www.icesi.edu.co\/blogs\/cienfi\/wp-json\/wp\/v2\/users\/1346"}],"replies":[{"embeddable":true,"href":"https:\/\/www.icesi.edu.co\/blogs\/cienfi\/wp-json\/wp\/v2\/comments?post=2"}],"version-history":[{"count":5,"href":"https:\/\/www.icesi.edu.co\/blogs\/cienfi\/wp-json\/wp\/v2\/pages\/2\/revisions"}],"predecessor-version":[{"id":18,"href":"https:\/\/www.icesi.edu.co\/blogs\/cienfi\/wp-json\/wp\/v2\/pages\/2\/revisions\/18"}],"wp:attachment":[{"href":"https:\/\/www.icesi.edu.co\/blogs\/cienfi\/wp-json\/wp\/v2\/media?parent=2"}],"curies":[{"name":"wp","href":"https:\/\/api.w.org\/{rel}","templated":true}]}}