{"id":528,"date":"2011-07-27T16:09:33","date_gmt":"2011-07-27T21:09:33","guid":{"rendered":"http:\/\/www.icesi.edu.co\/blogs\/cineycrispetas\/?page_id=528"},"modified":"2013-01-11T11:54:04","modified_gmt":"2013-01-11T16:54:04","slug":"atencion-a-estudiantes","status":"publish","type":"page","link":"https:\/\/www.icesi.edu.co\/blogs\/cineycrispetas\/atencion-a-estudiantes\/","title":{"rendered":"office hours"},"content":{"rendered":"<p>El horario de atenci\u00f3n a estudiantes es lunes, martes y mi\u00e9rcoles de 11 a 12 del d\u00eda, en mi oficina. Si quisieran verme en otro horario por favor cont\u00e1ctenme previamente v\u00eda email.<\/p>\n<p>Correo electr\u00f3nico: mlcuellar (arroba) icesi (punto) edu (punto) co<br \/>\nextensi\u00f3n: 8820<\/p>\n<p>&nbsp;<\/p>\n","protected":false},"excerpt":{"rendered":"<p>El horario de atenci\u00f3n a estudiantes es lunes, martes y mi\u00e9rcoles de 11 a 12 del d\u00eda, en mi oficina. Si quisieran verme en otro&#8230;<\/p>\n<div class=\"more-link-wrapper\"><a class=\"more-link\" href=\"https:\/\/www.icesi.edu.co\/blogs\/cineycrispetas\/atencion-a-estudiantes\/\">Continue reading<span class=\"screen-reader-text\">office hours<\/span><\/a><\/div>\n","protected":false},"author":7,"featured_media":0,"parent":0,"menu_order":0,"comment_status":"open","ping_status":"closed","template":"","meta":{"footnotes":""},"class_list":["post-528","page","type-page","status-publish","hentry","entry"],"aioseo_notices":[],"rttpg_featured_image_url":null,"rttpg_author":{"display_name":"margarita","author_link":"https:\/\/www.icesi.edu.co\/blogs\/cineycrispetas\/author\/66923096\/"},"rttpg_comment":0,"rttpg_category":null,"rttpg_excerpt":"El horario de atenci\u00f3n a estudiantes es lunes, martes y mi\u00e9rcoles de 11 a 12 del d\u00eda, en mi oficina. Si quisieran verme en otro&#8230;Continue readingoffice hours","_links":{"self":[{"href":"https:\/\/www.icesi.edu.co\/blogs\/cineycrispetas\/wp-json\/wp\/v2\/pages\/528"}],"collection":[{"href":"https:\/\/www.icesi.edu.co\/blogs\/cineycrispetas\/wp-json\/wp\/v2\/pages"}],"about":[{"href":"https:\/\/www.icesi.edu.co\/blogs\/cineycrispetas\/wp-json\/wp\/v2\/types\/page"}],"author":[{"embeddable":true,"href":"https:\/\/www.icesi.edu.co\/blogs\/cineycrispetas\/wp-json\/wp\/v2\/users\/7"}],"replies":[{"embeddable":true,"href":"https:\/\/www.icesi.edu.co\/blogs\/cineycrispetas\/wp-json\/wp\/v2\/comments?post=528"}],"version-history":[{"count":5,"href":"https:\/\/www.icesi.edu.co\/blogs\/cineycrispetas\/wp-json\/wp\/v2\/pages\/528\/revisions"}],"predecessor-version":[{"id":1050,"href":"https:\/\/www.icesi.edu.co\/blogs\/cineycrispetas\/wp-json\/wp\/v2\/pages\/528\/revisions\/1050"}],"wp:attachment":[{"href":"https:\/\/www.icesi.edu.co\/blogs\/cineycrispetas\/wp-json\/wp\/v2\/media?parent=528"}],"curies":[{"name":"wp","href":"https:\/\/api.w.org\/{rel}","templated":true}]}}