{"id":4,"date":"2008-08-26T14:01:29","date_gmt":"2008-08-26T19:01:29","guid":{"rendered":"http:\/\/www.icesi.edu.co\/blogs\/gerenciaproyectosti\/"},"modified":"2009-02-11T13:10:51","modified_gmt":"2009-02-11T18:10:51","slug":"bibliografia","status":"publish","type":"page","link":"https:\/\/www.icesi.edu.co\/blogs\/gerenciaproyectosti\/bibliografia\/","title":{"rendered":"Recursos en l\u00ednea"},"content":{"rendered":"<p>Incluyo algunos enlaces de bibliograf\u00eda relavante a esta tem\u00e1tica.<br \/>\n<strong><br \/>\nContenidos de materias<\/strong><br \/>\n* <a href=\"http:\/\/stan.desarrollo.icesi.edu.co\/pls\/portal\/psiaepre.pprecon_contactual?pdescripmat_codigo=09331\">Gerencia de Proyectos T.I. &#8211; [Universidad Icesi &#8211; Cali &#8211; Colombia]<\/a><\/p>\n<p><strong>Sitios web<\/strong><br \/>\n* <a href=\"http:\/\/www.pmi.org\">Project Management Institute &#8211; [PMI &#8211; PA &#8211; U.S.A]<\/a><\/p>\n<p><strong>Blogs<\/strong><br \/>\n* <a href=\"http:\/\/servidor.acis.org.co\/geproyinfo\/\">Blog de Gerencia de Proyectos de TI &#8211; [ACIS &#8211; Bogot\u00e1 &#8211; Colombia]<\/a><br \/>\n* <a href=\"http:\/\/pmo.comunidadcoomeva.com\/blog\/\">Blog PMO Oficina de Gesti\u00f3n de Proyectos &#8211; [Coomeva &#8211; Cali &#8211; Colombia]<\/a><\/p>\n<p><strong>Herramientas<\/strong><br \/>\n* <a href=\"http:\/\/www.criticaltools.com\/wbschartprosoftware.htm\">WBS Chart Pro<\/a><\/p>\n<p>* <a href=\"http:\/\/www.project.net\/\">http:\/\/www.project.net\/<\/a><br \/>\n* <a href=\"http:\/\/www.atlassian.com\/software\/jira\/\">http:\/\/www.atlassian.com\/software\/jira\/<\/a><br \/>\n* <a href=\"http:\/\/www.open.collab.net\/products\/sfee\/\">http:\/\/www.open.collab.net\/products\/sfee\/<\/a><br \/>\n* <a href=\"http:\/\/www.dotproject.net\/ \">http:\/\/www.dotproject.net\/ <\/a><br \/>\n* <a href=\"http:\/\/www.redmine.org\/\">http:\/\/www.redmine.org\/<\/a> <\/p>\n<p>* <a href=\"http:\/\/sourceforge.net\/projects\/pleno\/\">http:\/\/sourceforge.net\/projects\/pleno\/<\/a><br \/>\n* <a href=\"http:\/\/sourceforge.net\/projects\/virtualproject\/ \">http:\/\/sourceforge.net\/projects\/virtualproject\/ <\/a><br \/>\n* <a href=\"http:\/\/sourceforge.net\/projects\/webpm\/\">http:\/\/sourceforge.net\/projects\/webpm\/ <\/a><br \/>\n* <a href=\"http:\/\/sourceforge.net\/projects\/itpgpm\/\">http:\/\/sourceforge.net\/projects\/itpgpm\/<\/a><\/p>\n<p>* <a href=\"http:\/\/en.wikipedia.org\/wiki\/List_of_project_management_software\">http:\/\/en.wikipedia.org\/wiki\/List_of_project_management_software<\/a><\/p>\n<p><strong>Sitios con procesos documentados<\/strong><br \/>\n* <a href=\"http:\/\/www.icesi.edu.co\/wiki\/index.php\/Desarrollo_Software\">Desarrollo de software &#8211; Universidad Icesi<\/a><\/p>\n","protected":false},"excerpt":{"rendered":"<p>Incluyo algunos enlaces de bibliograf\u00eda relavante a esta tem\u00e1tica. Contenidos de materias * Gerencia de Proyectos T.I. &#8211; [Universidad Icesi &#8211; Cali &#8211; Colombia] Sitios web * Project Management Institute &#8211; [PMI &#8211; PA &#8211; U.S.A] Blogs * Blog de Gerencia de Proyectos de TI &#8211; [ACIS &#8211; Bogot\u00e1 &#8211; Colombia] * Blog PMO Oficina &hellip; <a href=\"https:\/\/www.icesi.edu.co\/blogs\/gerenciaproyectosti\/bibliografia\/\" class=\"more-link\">Seguir leyendo <span class=\"screen-reader-text\">Recursos en l\u00ednea<\/span> <span class=\"meta-nav\">&rarr;<\/span><\/a><\/p>\n","protected":false},"author":5,"featured_media":0,"parent":0,"menu_order":0,"comment_status":"open","ping_status":"open","template":"","meta":{"footnotes":""},"class_list":["post-4","page","type-page","status-publish","hentry"],"aioseo_notices":[],"rttpg_featured_image_url":null,"rttpg_author":{"display_name":"ROBIN ALBERTO CASTRO GIL","author_link":"https:\/\/www.icesi.edu.co\/blogs\/gerenciaproyectosti\/author\/94399119\/"},"rttpg_comment":0,"rttpg_category":null,"rttpg_excerpt":"Incluyo algunos enlaces de bibliograf\u00eda relavante a esta tem\u00e1tica. Contenidos de materias * Gerencia de Proyectos T.I. &#8211; [Universidad Icesi &#8211; Cali &#8211; Colombia] Sitios web * Project Management Institute &#8211; [PMI &#8211; PA &#8211; U.S.A] Blogs * Blog de Gerencia de Proyectos de TI &#8211; [ACIS &#8211; Bogot\u00e1 &#8211; Colombia] * Blog PMO Oficina&hellip;","_links":{"self":[{"href":"https:\/\/www.icesi.edu.co\/blogs\/gerenciaproyectosti\/wp-json\/wp\/v2\/pages\/4"}],"collection":[{"href":"https:\/\/www.icesi.edu.co\/blogs\/gerenciaproyectosti\/wp-json\/wp\/v2\/pages"}],"about":[{"href":"https:\/\/www.icesi.edu.co\/blogs\/gerenciaproyectosti\/wp-json\/wp\/v2\/types\/page"}],"author":[{"embeddable":true,"href":"https:\/\/www.icesi.edu.co\/blogs\/gerenciaproyectosti\/wp-json\/wp\/v2\/users\/5"}],"replies":[{"embeddable":true,"href":"https:\/\/www.icesi.edu.co\/blogs\/gerenciaproyectosti\/wp-json\/wp\/v2\/comments?post=4"}],"version-history":[{"count":0,"href":"https:\/\/www.icesi.edu.co\/blogs\/gerenciaproyectosti\/wp-json\/wp\/v2\/pages\/4\/revisions"}],"wp:attachment":[{"href":"https:\/\/www.icesi.edu.co\/blogs\/gerenciaproyectosti\/wp-json\/wp\/v2\/media?parent=4"}],"curies":[{"name":"wp","href":"https:\/\/api.w.org\/{rel}","templated":true}]}}