{"id":174,"date":"2024-09-02T16:22:37","date_gmt":"2024-09-02T16:22:37","guid":{"rendered":"http:\/\/www.icesi.edu.co\/blogs\/humanidadtecnologiaciencia\/?page_id=174"},"modified":"2025-12-17T16:02:31","modified_gmt":"2025-12-17T16:02:31","slug":"sobre-el-departamento","status":"publish","type":"page","link":"https:\/\/www.icesi.edu.co\/blogs\/humanidadtecnologiaciencia\/sobre-el-departamento\/","title":{"rendered":"Sobre el departamento"},"content":{"rendered":"\t\t<div data-elementor-type=\"wp-page\" data-elementor-id=\"174\" class=\"elementor elementor-174\">\n\t\t\t\t<div class=\"elementor-element elementor-element-19a48fb e-flex e-con-boxed e-con e-parent\" data-id=\"19a48fb\" data-element_type=\"container\">\n\t\t\t\t\t<div class=\"e-con-inner\">\n\t\t\t\t<div class=\"elementor-element elementor-element-57eebee elementor-widget elementor-widget-image\" data-id=\"57eebee\" data-element_type=\"widget\" data-widget_type=\"image.default\">\n\t\t\t\t<div class=\"elementor-widget-container\">\n\t\t\t\t\t\t\t\t\t\t\t\t\t<img fetchpriority=\"high\" decoding=\"async\" width=\"744\" height=\"159\" src=\"https:\/\/www.icesi.edu.co\/blogs\/humanidadtecnologiaciencia\/files\/2025\/11\/cropped-Diseno-sin-titulo-2-744x159.png\" class=\"attachment-medium size-medium wp-image-908\" alt=\"\" \/>\t\t\t\t\t\t\t\t\t\t\t\t\t<\/div>\n\t\t\t\t<\/div>\n\t\t\t\t\t<\/div>\n\t\t\t\t<\/div>\n\t\t<div class=\"elementor-element elementor-element-f94816d e-con-full e-flex e-con e-parent\" data-id=\"f94816d\" data-element_type=\"container\">\n\t\t\t\t<div class=\"elementor-element elementor-element-63e8693 elementor-widget elementor-widget-heading\" data-id=\"63e8693\" data-element_type=\"widget\" data-widget_type=\"heading.default\">\n\t\t\t\t<div class=\"elementor-widget-container\">\n\t\t\t<h2 class=\"elementor-heading-title elementor-size-default\">Sobre nuestro enfoque<\/h2>\t\t<\/div>\n\t\t\t\t<\/div>\n\t\t\t\t<div class=\"elementor-element elementor-element-05e7672 elementor-widget elementor-widget-text-editor\" data-id=\"05e7672\" data-element_type=\"widget\" data-widget_type=\"text-editor.default\">\n\t\t\t\t<div class=\"elementor-widget-container\">\n\t\t\t\t\t\t\t<p><b>Animar discusiones sobre los impactos de la ciencia y la tecnolog\u00eda en la vida cotidiana.<\/b><\/p>\n<p>Los estudiantes acceden a did\u00e1cticas inmersivas que les permiten reconocer el profundo impacto de la ciencia y la tecnolog\u00eda en la cultura, la pol\u00edtica y las formas de vida contempor\u00e1neas, e ir m\u00e1s all\u00e1 de su dimensi\u00f3n instrumental y profesional. Esto les permite valorar el pensamiento cient\u00edfico como una disposici\u00f3n epist\u00e9mica y \u00e9tica, frente a los problemas del mundo, que incluye la capacidad de reconocer y asombrarse con las maravillas y terrores posibles de los procesos tecnocient\u00edficos en sus dimensiones sociales, econ\u00f3micas, pol\u00edticas y ecol\u00f3gicas. En esa l\u00ednea, se busca fortalecer la divulgaci\u00f3n cient\u00edfica como pr\u00e1ctica cultural que acerque el conocimiento a diversos p\u00fablicos.<\/p>\n<p><strong>Generar disposiciones para gobernar la mediaci\u00f3n digital de la vida<\/strong><\/p>\n<p>En diversas actividades dentro y fuera del aula, los estudiantes discuten sobre plataformas, algoritmos, inteligencia artificial y dispositivos y c\u00f3mo estos configuran la experiencia contempor\u00e1nea en la relaci\u00f3n humano-m\u00e1quina. En estos espacios, los estudiantes reflexionan sobre el uso de la tecnolog\u00eda y su apropiaci\u00f3n cotidiana a partir de elementos concretos, como la gobernanza y la soberan\u00eda tecnol\u00f3gica en contextos locales y planetarios y la participaci\u00f3n democr\u00e1tica. En este contexto, se espera que los estudiantes puedan comprender los desaf\u00edos en entornos mediados tecnol\u00f3gicamente y sus potenciales procesos de agencia en ellos como ciudadanos.<\/p>\n<p><strong>Construir espacios colaborativos e interdisciplinares para pensar futuros sostenibles<\/strong><\/p>\n<p>El so\u00f1arse posibles futuros sostenibles requiere un conjunto de miradas amplias e interdisciplinares. Por esta raz\u00f3n, algunas de nuestras did\u00e1cticas inmersivas se enfocan en promover espacios de trabajo colaborativo e interdisciplinar entre nuestros estudiantes donde pueden investigar, reflexionar, discutir y proponer soluciones a problemas sociales complejos atravesados por procesos tecnocient\u00edficos. En estos escenarios, los estudiantes integran conocimientos, saberes y perspectivas diversas para comprender las dimensiones medioambientales, sociales y econ\u00f3micas del desarrollo, a partir del reconocimiento de los grandes desaf\u00edos del siglo XXI.<\/p>\t\t\t\t\t\t<\/div>\n\t\t\t\t<\/div>\n\t\t\t\t<\/div>\n\t\t\t\t<\/div>\n\t\t","protected":false},"excerpt":{"rendered":"<p>Sobre nuestro enfoque Animar discusiones sobre los impactos de la ciencia y la tecnolog\u00eda en la vida cotidiana. Los estudiantes acceden a did\u00e1cticas inmersivas que les permiten reconocer el profundo impacto de la ciencia y la tecnolog\u00eda en la cultura, la pol\u00edtica y las formas de vida contempor\u00e1neas, e ir m\u00e1s all\u00e1 de su dimensi\u00f3n &hellip; <\/p>\n<p><a class=\"more-link btn\" href=\"https:\/\/www.icesi.edu.co\/blogs\/humanidadtecnologiaciencia\/sobre-el-departamento\/\">Continue reading<\/a><\/p>\n","protected":false},"author":42166064,"featured_media":0,"parent":0,"menu_order":0,"comment_status":"closed","ping_status":"closed","template":"","meta":{"footnotes":""},"class_list":["post-174","page","type-page","status-publish","hentry","nodate","item-wrap"],"aioseo_notices":[],"rttpg_featured_image_url":null,"rttpg_author":{"display_name":"JUAN FELIPE CA\u00d1ON ARIAS","author_link":"https:\/\/www.icesi.edu.co\/blogs\/humanidadtecnologiaciencia\/author\/1108558212\/"},"rttpg_comment":0,"rttpg_category":null,"rttpg_excerpt":"Sobre nuestro enfoque Animar discusiones sobre los impactos de la ciencia y la tecnolog\u00eda en la vida cotidiana. Los estudiantes acceden a did\u00e1cticas inmersivas que les permiten reconocer el profundo impacto de la ciencia y la tecnolog\u00eda en la cultura, la pol\u00edtica y las formas de vida contempor\u00e1neas, e ir m\u00e1s all\u00e1 de su dimensi\u00f3n&hellip;","_links":{"self":[{"href":"https:\/\/www.icesi.edu.co\/blogs\/humanidadtecnologiaciencia\/wp-json\/wp\/v2\/pages\/174"}],"collection":[{"href":"https:\/\/www.icesi.edu.co\/blogs\/humanidadtecnologiaciencia\/wp-json\/wp\/v2\/pages"}],"about":[{"href":"https:\/\/www.icesi.edu.co\/blogs\/humanidadtecnologiaciencia\/wp-json\/wp\/v2\/types\/page"}],"author":[{"embeddable":true,"href":"https:\/\/www.icesi.edu.co\/blogs\/humanidadtecnologiaciencia\/wp-json\/wp\/v2\/users\/42166064"}],"replies":[{"embeddable":true,"href":"https:\/\/www.icesi.edu.co\/blogs\/humanidadtecnologiaciencia\/wp-json\/wp\/v2\/comments?post=174"}],"version-history":[{"count":16,"href":"https:\/\/www.icesi.edu.co\/blogs\/humanidadtecnologiaciencia\/wp-json\/wp\/v2\/pages\/174\/revisions"}],"predecessor-version":[{"id":964,"href":"https:\/\/www.icesi.edu.co\/blogs\/humanidadtecnologiaciencia\/wp-json\/wp\/v2\/pages\/174\/revisions\/964"}],"wp:attachment":[{"href":"https:\/\/www.icesi.edu.co\/blogs\/humanidadtecnologiaciencia\/wp-json\/wp\/v2\/media?parent=174"}],"curies":[{"name":"wp","href":"https:\/\/api.w.org\/{rel}","templated":true}]}}