{"id":39,"date":"2009-01-07T15:09:19","date_gmt":"2009-01-07T20:09:19","guid":{"rendered":"http:\/\/www.icesi.edu.co\/blogs\/identidadesavatar\/para-leer-2\/"},"modified":"2012-09-03T12:58:55","modified_gmt":"2012-09-03T17:58:55","slug":"para-leer-2","status":"publish","type":"page","link":"https:\/\/www.icesi.edu.co\/blogs\/identidadesavatar\/para-leer-2\/","title":{"rendered":"PRE-TEXTOS"},"content":{"rendered":"<p><strong>PRETEXTOS<\/strong><\/p>\n<p><a href=\"http:\/\/cid-b5ade9386dfe7bc6.skydrive.live.com\/browse.aspx\/.Public?uc=1\"><strong><em>P\u00fablica<\/em><\/strong><\/a>. Bibliograf\u00eda del curso.<\/p>\n<p><a title=\"Algunas Sugerencias para la Utilizaci\u00f3n de los textos\" href=\"http:\/\/www.icesi.edu.co\/blogs\/identidadesavatar\/files\/2008\/08\/algunas-sugerencias-para-la-utilizacion-de-los-textos.PDF\">Algunas Sugerencias para la Utilizaci\u00f3n de los textos<\/a><\/p>\n<p><a href=\"http:\/\/www.icesi.edu.co\/blogs\/identidadesavatar\/files\/2009\/01\/Aspectos-del-Yo-TURKLE.pdf\">ASPECTOS DEL YO<\/a> &#8211; S. Turkle<\/p>\n<p><a href=\"http:\/\/www.icesi.edu.co\/blogs\/identidadesavatar\/files\/2009\/09\/ciberespacio-derrick-de-kerkhove.pdf\">CIBERESPACIO<\/a> &#8211; Derrick de KERKHOVE<\/p>\n<p><a href=\"http:\/\/cedoc.infd.edu.ar\/upload\/McLuhan_Marshall__Comprender_los_medios_de_comunicacion.pdf\">COMPRENDER LOS MEDIOS DE COMUNICACI\u00d3N<\/a> &#8211; MarshalL McLUHAN<\/p>\n<p><a href=\"http:\/\/www.icesi.edu.co\/blogs\/identidadesavatar\/files\/2009\/02\/cultura-y-simulacro-jean-baudrillard.pdf\">CULTURA Y SIMULACRO<\/a> &#8211; Jean BAUDRILLARD<\/p>\n<p><a href=\"http:\/\/www.icesi.edu.co\/blogs\/identidadesavatar\/files\/2009\/01\/DE-LA-TECNOLOG\u00cdA-A-LA-\u00c9TICA-Carl-MITCHAM.pdf\">DE LA TECNOLOG\u00cdA A LA \u00c9TICA: EXPERIENCIAS DEL SIGLO VEINTE, POSIBILIDADES DEL SIGLO XXI<\/a> &#8211; Carl MITCHAM<\/p>\n<p><a href=\"http:\/\/www.icesi.edu.co\/blogs\/identidadesavatar\/files\/2009\/01\/El-Problema-Mente-Cuerpo-J-Searle.pdf\">EL PROBLEMA MENTE-CUERPO<\/a> &#8211; J. Searle<\/p>\n<p><a href=\"http:\/\/www.icesi.edu.co\/blogs\/identidadesavatar\/files\/2009\/01\/El-Yo-SEARLE.pdf\">EL YO<\/a> &#8211; J. Serle<\/p>\n<p><a href=\"http:\/\/www.ucentral.edu.co\/NOMADAS\/nunme-ante\/21-25\/nomadas-21\/11-etnograf%EDa%20massimo.pdf\">ETNOGRAF\u00cdA WEB E IDENTIDADES AVATAR<\/a>\u00a0&#8211; Massimo CANEVACCI<\/p>\n<p><a href=\"http:\/\/www.icesi.edu.co\/blogs\/identidadesavatar\/files\/2009\/02\/ejemplo-de-protocolo.pdf\">EJEMPLO DE PROTOCOLO<\/a><\/p>\n<p><a href=\"http:\/\/www.icesi.edu.co\/blogs\/identidadesavatar\/files\/2009\/01\/Formato-para-entregar-trabajos-2010_01.pdf\">FORMATO ENTREGA DE TRABAJOS<\/a><\/p>\n<p><a href=\"http:\/\/www.icesi.edu.co\/blogs\/identidadesavatar\/files\/2009\/01\/La-Identidad-Personal-LOWE.pdf\">IDENTIDAD PERSONAL Y CONOCIMIENTO DE S\u00cd MISMO<\/a> &#8211; J. Lowe<\/p>\n<p><a href=\"http:\/\/www.icesi.edu.co\/blogs\/identidadesavatar\/files\/2009\/01\/Internet-Como-Cultura-y-Artefacto-Cultural.pdf\">INTERNET COMO CULTURA Y ARTEFACTO CULTURAL<\/a> &#8211; Christine HINE<\/p>\n<p><a href=\"http:\/\/cid-b5ade9386dfe7bc6.skydrive.live.com\/browse.aspx\/.Public?uc=2\">LA ERA DE LAS COSAS SENSIBLES<\/a> &#8211; Howard RHEINGOLD<\/p>\n<p><a href=\"http:\/\/www.icesi.edu.co\/blogs\/identidadesavatar\/files\/2009\/01\/las-comunidades-un-nuevo-imaginario-de-internet-p_flichy.pdf\">LAS COMUNIDADES UN NUEVO IMAGINARIO DE INTERNET<\/a> &#8211; Patrice FLICHY<\/p>\n<p><a href=\"http:\/\/es.geocities.com\/zizekencastellano\/artciberespacio.htm\">LO REAL DEL CIBERESPACIO<\/a> &#8211; Slavoj \u017dI\u017dEK<\/p>\n<p><a href=\"http:\/\/www.icesi.edu.co\/blogs\/identidadesavatar\/files\/2009\/01\/Cap.-III-Los-Objetos-Virtuales-de-la-Etnografia-TURKLE.pdf\">LOS OBJETOS VIRTUALES<\/a> &#8211; C. Hine<\/p>\n<p><a href=\"http:\/\/www.icesi.edu.co\/blogs\/identidadesavatar\/files\/2009\/01\/Turing-maquinas-de-Computacion.pdf\">M\u00c1QUINAS DE COMPUTACI\u00d3N<\/a> &#8211; A. Turing<\/p>\n<p><a href=\"http:\/\/www.icesi.edu.co\/blogs\/identidadesavatar\/files\/2009\/01\/planeta_web2.pdf\">PLANETA WEB 2.0 Inteligencia Colectiva o <em>Medios Fast Food<\/em><\/a> &#8211; Cristobal COBO ROMAN\u00cd y Hugo PARDO KUKLINSKI<\/p>\n<p><a href=\"http:\/\/aprendeenlinea.udea.edu.co\/lms\/moodle\/file.php\/90\/documentos_actividades\/levy-pierre-que-es-lo-virtual.PDF\">\u00bfQU\u00c9 ES LO VIRTUAL?<\/a> &#8211; Pierre L\u00c9VY<\/p>\n<p><em><a href=\"http:\/\/www.icesi.edu.co\/blogs\/identidadesavatar\/files\/2009\/01\/neal_20stephenson_20-_20snow_20crash.pdf\">Snow Crash<\/a><\/em> (1992) &#8211; Neal STEPHENSON<\/p>\n<p><a href=\"http:\/\/es.scribd.com\/doc\/34839538\/Multitudes-Inteligentes\">TECNOLOG\u00cdAS DE LA COOPERACI\u00d3N<\/a>\u00a0&#8211; Howard RHEINGOLD<\/p>\n<p><a href=\"http:\/\/www.icesi.edu.co\/blogs\/identidadesavatar\/files\/2009\/01\/eye.gif\"><img decoding=\"async\" class=\"aligncenter size-full wp-image-226\" src=\"http:\/\/www.icesi.edu.co\/blogs\/identidadesavatar\/files\/2009\/01\/eye.gif\" alt=\"eye\" width=\"47\" height=\"43\" \/><\/a><\/p>\n","protected":false},"excerpt":{"rendered":"<p>PRETEXTOS P\u00fablica. Bibliograf\u00eda del curso. Algunas Sugerencias para la Utilizaci\u00f3n de los textos ASPECTOS DEL YO &#8211; S. Turkle CIBERESPACIO &#8211; Derrick de KERKHOVE COMPRENDER LOS MEDIOS DE COMUNICACI\u00d3N &#8211; MarshalL McLUHAN CULTURA Y SIMULACRO &#8211; Jean BAUDRILLARD DE LA TECNOLOG\u00cdA A LA \u00c9TICA: EXPERIENCIAS DEL SIGLO VEINTE, POSIBILIDADES DEL SIGLO XXI &#8211; Carl MITCHAM &hellip; <a href=\"https:\/\/www.icesi.edu.co\/blogs\/identidadesavatar\/para-leer-2\/\" class=\"more-link\">Seguir leyendo <span class=\"screen-reader-text\">PRE-TEXTOS<\/span> <span class=\"meta-nav\">&rarr;<\/span><\/a><\/p>\n","protected":false},"author":16,"featured_media":0,"parent":0,"menu_order":0,"comment_status":"open","ping_status":"open","template":"","meta":{"footnotes":""},"class_list":["post-39","page","type-page","status-publish","hentry"],"aioseo_notices":[],"rttpg_featured_image_url":null,"rttpg_author":{"display_name":"Andrea Rodriguez Mancera","author_link":"https:\/\/www.icesi.edu.co\/blogs\/identidadesavatar\/author\/66984904\/"},"rttpg_comment":5,"rttpg_category":null,"rttpg_excerpt":"PRETEXTOS P\u00fablica. Bibliograf\u00eda del curso. Algunas Sugerencias para la Utilizaci\u00f3n de los textos ASPECTOS DEL YO &#8211; S. Turkle CIBERESPACIO &#8211; Derrick de KERKHOVE COMPRENDER LOS MEDIOS DE COMUNICACI\u00d3N &#8211; MarshalL McLUHAN CULTURA Y SIMULACRO &#8211; Jean BAUDRILLARD DE LA TECNOLOG\u00cdA A LA \u00c9TICA: EXPERIENCIAS DEL SIGLO VEINTE, POSIBILIDADES DEL SIGLO XXI &#8211; Carl MITCHAM&hellip;","_links":{"self":[{"href":"https:\/\/www.icesi.edu.co\/blogs\/identidadesavatar\/wp-json\/wp\/v2\/pages\/39"}],"collection":[{"href":"https:\/\/www.icesi.edu.co\/blogs\/identidadesavatar\/wp-json\/wp\/v2\/pages"}],"about":[{"href":"https:\/\/www.icesi.edu.co\/blogs\/identidadesavatar\/wp-json\/wp\/v2\/types\/page"}],"author":[{"embeddable":true,"href":"https:\/\/www.icesi.edu.co\/blogs\/identidadesavatar\/wp-json\/wp\/v2\/users\/16"}],"replies":[{"embeddable":true,"href":"https:\/\/www.icesi.edu.co\/blogs\/identidadesavatar\/wp-json\/wp\/v2\/comments?post=39"}],"version-history":[{"count":37,"href":"https:\/\/www.icesi.edu.co\/blogs\/identidadesavatar\/wp-json\/wp\/v2\/pages\/39\/revisions"}],"predecessor-version":[{"id":705,"href":"https:\/\/www.icesi.edu.co\/blogs\/identidadesavatar\/wp-json\/wp\/v2\/pages\/39\/revisions\/705"}],"wp:attachment":[{"href":"https:\/\/www.icesi.edu.co\/blogs\/identidadesavatar\/wp-json\/wp\/v2\/media?parent=39"}],"curies":[{"name":"wp","href":"https:\/\/api.w.org\/{rel}","templated":true}]}}