{"id":24,"date":"2022-12-03T22:17:12","date_gmt":"2022-12-03T22:17:12","guid":{"rendered":"http:\/\/www.icesi.edu.co\/blogs\/laboratorio-en-intervencion-comunitaria\/?page_id=24"},"modified":"2024-02-06T01:57:30","modified_gmt":"2024-02-06T01:57:30","slug":"investigaciones","status":"publish","type":"page","link":"https:\/\/www.icesi.edu.co\/blogs\/laboratorio-en-intervencion-comunitaria\/investigaciones\/","title":{"rendered":"Investigaciones"},"content":{"rendered":"<p><strong>Proyectos de investigaci\u00f3n desarrollados o en curso<\/strong>:<\/p>\n<p>2011 &#8211; Vulnerabilidad y uso de drogas entre internos de la c\u00e1rcel de Villahermosa<\/p>\n<p>2012 &#8211; Historias de vida de internos de la c\u00e1rcel de Villahermosa, Cali<\/p>\n<p>2014 &#8211; Efectos subjetivos y jur\u00eddicos del testimonio en v\u00edctimas de violencia pol\u00edtica<\/p>\n<p>2013 &#8211; Pr\u00e1cticas de la memoria: victimas, acci\u00f3n p\u00fablica y representaciones de justicia en Trujillo Valle<\/p>\n<p>2012 &#8211; Construcci\u00f3n de memoria y sentido en familiares de v\u00edctimas de desaparici\u00f3n forzada de la Uni\u00f3n Patri\u00f3tica de Colombia<\/p>\n<p>2015 &#8211; Huellas institucionalizadas de la violencia: Una revisi\u00f3n contextualizada de la afectaci\u00f3n al \u00bfmenor anormal\u00bf 1910-1980<\/p>\n<p>2016 &#8211; Criterios de derivaci\u00f3n en salud mental en el marco de la atenci\u00f3n primaria en equipos de salud de Natal, Brasil y Cali, Colombia.<\/p>\n<p>2018 &#8211; Trastornos mentales comunes en internos de la c\u00e1rcel de Villahermosa, Cali<\/p>\n<p>2019 &#8211; Memoria y sentido en familiares de desaparecidos, en contextos de pos-acuerdo<\/p>\n<p>2020 &#8211; El miedo al otro: la producci\u00f3n del enemigo social<\/p>\n<p>2021 &#8211; (en curso) Narrar el dolor<\/p>\n<p>2023 (en curso) Representaciones sociales sobre el trabajo comunitario entre trabajadores\/as de la ESE Ladera<\/p>\n","protected":false},"excerpt":{"rendered":"<p>Proyectos de investigaci\u00f3n desarrollados o en curso: 2011 &#8211; Vulnerabilidad y uso de drogas entre internos de la c\u00e1rcel de Villahermosa 2012 &#8211; Historias de vida de internos de la c\u00e1rcel de Villahermosa, Cali 2014 &#8211; Efectos subjetivos y jur\u00eddicos del testimonio en v\u00edctimas de violencia pol\u00edtica 2013 &#8211; Pr\u00e1cticas de la memoria: victimas, acci\u00f3n<\/p>\n<p class=\"more-link\"><a href=\"https:\/\/www.icesi.edu.co\/blogs\/laboratorio-en-intervencion-comunitaria\/investigaciones\/\" class=\"themebutton\">Read More<\/a><\/p>\n","protected":false},"author":42165983,"featured_media":0,"parent":0,"menu_order":0,"comment_status":"closed","ping_status":"closed","template":"","meta":{"footnotes":""},"class_list":["post-24","page","type-page","status-publish","hentry"],"aioseo_notices":[],"rttpg_featured_image_url":null,"rttpg_author":{"display_name":"Alam Colorado Norena","author_link":"https:\/\/www.icesi.edu.co\/blogs\/laboratorio-en-intervencion-comunitaria\/author\/1007756725\/"},"rttpg_comment":0,"rttpg_category":null,"rttpg_excerpt":"Proyectos de investigaci\u00f3n desarrollados o en curso: 2011 &#8211; Vulnerabilidad y uso de drogas entre internos de la c\u00e1rcel de Villahermosa 2012 &#8211; Historias de vida de internos de la c\u00e1rcel de Villahermosa, Cali 2014 &#8211; Efectos subjetivos y jur\u00eddicos del testimonio en v\u00edctimas de violencia pol\u00edtica 2013 &#8211; Pr\u00e1cticas de la memoria: victimas, acci\u00f3nRead&hellip;","_links":{"self":[{"href":"https:\/\/www.icesi.edu.co\/blogs\/laboratorio-en-intervencion-comunitaria\/wp-json\/wp\/v2\/pages\/24"}],"collection":[{"href":"https:\/\/www.icesi.edu.co\/blogs\/laboratorio-en-intervencion-comunitaria\/wp-json\/wp\/v2\/pages"}],"about":[{"href":"https:\/\/www.icesi.edu.co\/blogs\/laboratorio-en-intervencion-comunitaria\/wp-json\/wp\/v2\/types\/page"}],"author":[{"embeddable":true,"href":"https:\/\/www.icesi.edu.co\/blogs\/laboratorio-en-intervencion-comunitaria\/wp-json\/wp\/v2\/users\/42165983"}],"replies":[{"embeddable":true,"href":"https:\/\/www.icesi.edu.co\/blogs\/laboratorio-en-intervencion-comunitaria\/wp-json\/wp\/v2\/comments?post=24"}],"version-history":[{"count":4,"href":"https:\/\/www.icesi.edu.co\/blogs\/laboratorio-en-intervencion-comunitaria\/wp-json\/wp\/v2\/pages\/24\/revisions"}],"predecessor-version":[{"id":221,"href":"https:\/\/www.icesi.edu.co\/blogs\/laboratorio-en-intervencion-comunitaria\/wp-json\/wp\/v2\/pages\/24\/revisions\/221"}],"wp:attachment":[{"href":"https:\/\/www.icesi.edu.co\/blogs\/laboratorio-en-intervencion-comunitaria\/wp-json\/wp\/v2\/media?parent=24"}],"curies":[{"name":"wp","href":"https:\/\/api.w.org\/{rel}","templated":true}]}}