{"id":25,"date":"2013-09-23T20:54:49","date_gmt":"2013-09-23T20:54:49","guid":{"rendered":"http:\/\/www.icesi.edu.co\/blogs\/labsonoropcc\/?page_id=25"},"modified":"2020-02-12T11:31:32","modified_gmt":"2020-02-12T11:31:32","slug":"talleristas","status":"publish","type":"page","link":"https:\/\/www.icesi.edu.co\/blogs\/labsonoropcc\/talleristas\/","title":{"rendered":"Talleristas"},"content":{"rendered":"<p>El equipo de coordinaci\u00f3n del laboratorio ha venido desarrollado, de manera sistem\u00e1tica, trabajos sobre lo sonoro desde 2009 con la financiaci\u00f3n de la Universidad Icesi de Cali. En ese a\u00f1o se hizo un trabajo cuyo objetivo era medir el impacto ambiental, en t\u00e9rminos de ecolog\u00eda ac\u00fastica, que supon\u00eda la implementaci\u00f3n del transporte masivo en Cali. Los resultados de la investigaci\u00f3n,\u00a0<a href=\"http:\/\/www.icesi.edu.co\/cali_paisaje_sonoro\/\">Cali Paisaje Sonoro<\/a>, son de dominio p\u00fablico y est\u00e1n albergados en el sitio web de la<a href=\"http:\/\/www.icesi.edu.co\/\">\u00a0Universidad Icesi.<\/a><\/p>\n<p>El siguiente proyecto,\u00a0<a href=\"http:\/\/www.icesi.edu.co\/calipostalessonoras\/\">Cali postales sonoras<\/a>, desarrollado a lo largo de 2012, se propuso ampliar el ejercicio preliminar con nuevos paisajes que documentaron algunas de las zonas m\u00e1s significativas de la ciudad. El objetivo del trabajo fue representar lugares de Cali a trav\u00e9s de la composici\u00f3n de paisajes sonoros, propiciando as\u00ed una escucha activa del entorno aural que pudiera contribuir al conocimiento del medio ambiente y al acervo patrimonial inmaterial de la regi\u00f3n. Los resultados de este trabajo tambi\u00e9n est\u00e1n albergados en el\u00a0<a href=\"http:\/\/www.icesi.edu.co\/calipostalessonoras\/\">portal de la Icesi<\/a>.<\/p>\n<p>En Abril de 2013 el taller\u00a0<em>Cartograf\u00edas sonoras: el sonido como ordenador de territorio<\/em>, hizo parte de la programaci\u00f3n del<a href=\"http:\/\/www.festivaldelaimagen.com\/\">\u00a0Festival de la Imagen (Manizales)<\/a>. Este taller tuvo como eje central la exploraci\u00f3n del sonido como una forma de conformaci\u00f3n territorial.<\/p>\n<p>En Julio del presente a\u00f1o se present\u00f3 una propuesta a la convocatoria de Colciencias para conformar un banco de proyectos elegibles: \u201cDi\u00e1logo de Saberes\u201d (2013) en el que se planteaba profundizar en el estudio de caso del paisaje sonoro del barrio San Nicol\u00e1s de Cali. El proyecto\u00a0<em>El sonido en el espacio urbano como patrimonio cultural: cartograf\u00edas digitales para la preservaci\u00f3n de la memoria sonora-espacial de la industria de las artes gr\u00e1ficas en el barrio San Nicol\u00e1s (Santiago de Cali, 1894-2013)<\/em>, fue uno de los proyectos elegidos para financiaci\u00f3n.<\/p>\n<p><b>Margarita Cu\u00e9llar Barona.<\/b> Egresada de Filosof\u00eda y Letras de la Universidad de los Andes con Maestr\u00eda en Estudios de Cine en la Universidad de Nueva York (NYU). Es profesora de tiempo completo y dirige el <a href=\"http:\/\/www.icesi.edu.co\/departamentos\/humanidades\/\">Departamento de Humanidades<\/a> de la Universidad Icesi d\u00f3nde tiene a su cargo cursos sobre cine y lenguaje audiovisual. Es coordinadora del cine foro <a href=\"http:\/\/www.icesi.edu.co\/blogs\/teorema\/\">Teorema <\/a>y la revista cultural <a href=\"http:\/\/www.icesi.edu.co\/papeldecolgadura\/\"><i>papel de colgadura<\/i><\/a>. Ha participado en las investigaciones <i>Autobiograf\u00edas urbanas: Cali, memoria y espacio p\u00fablico<\/i> y<a href=\"http:\/\/www.icesi.edu.co\/calipostalessonoras\/\"><i> Cali Postales Sonoras<\/i><\/a>. En Abril de 2013 particip\u00f3 en el <a href=\"http:\/\/www.festivaldelaimagen.com\/\">Festival de la Imagen <\/a>(Manizales) con el taller <i><a href=\"http:\/\/www.festivaldelaimagen.com\/eventos\/talleres\/651-margarita-cuellar-joaquin-llorca\">Cartograf\u00edas sonoras: el sonido como ordenador de territorio<\/a>, <\/i>el cual se apoy\u00f3 en la experiencia del trabajo <i>Cali Postales Sonoras<\/i> que consisti\u00f3 en la exploraci\u00f3n sonora de diez zonas de la ciudad de Cali, trabaj\u00f3 que realiz\u00f3 en compa\u00f1\u00eda de Joaqu\u00edn Llorca. El\u00a0 proyecto <i>El sonido en el espacio urbano como patrimonio cultural: cartograf\u00edas digitales para la preservaci\u00f3n de la memoria sonora-espacial de la industria de las artes gr\u00e1ficas en el barrio San Nicol\u00e1s (Santiago de Cali, 1894-2013)<\/i>, presentado a la Convocatoria\u00a0 de Colciencias para Conformar un Banco de Proyectos Elegibles: \u201cDi\u00e1logo de Saberes\u201d (2013) fue uno de los proyectos elegidos para financiaci\u00f3n.<\/p>\n<p>mlcuellar[arroba]icesi[punto]edu[punto]co<\/p>\n<p><b>Joaqu\u00edn Llorca.<\/b> Arquitecto y m\u00fasico, candidato a doctor por la UPC de Barcelona. Es profesor de la Universidad Icesi d\u00f3nde tiene a su cargo cursos sobre arte y sonido. Es coordinador del espacio cultural <i>Entrepar\u00e9ntesis<\/i> y hace parte de los seminarios de <i>Est\u00e9tica<\/i> y<a href=\"http:\/\/www.icesi.edu.co\/blogs\/lanoviadesnuda\/\"> <i>la novia desnuda(da)<\/i><\/a> que se ocupan de reflexiones te\u00f3ricas sobre el arte contempor\u00e1neo y lo urbano. En 2012 fue ganador de la convocatoria de Est\u00edmulos del Ministerio de cultura: \u201cBecas de investigaci\u00f3n en cine y audiovisual en Colombia\u201d con el proyecto <i>Cali ciudad proyectada: Espacio e imagen a trav\u00e9s del cine de ficci\u00f3n de Caicedo, Mayolo y Ospina<\/i>. Desde 2007 ha sido invitado en repetidas ocasiones a participar en el <a href=\"http:\/\/www.festivaldelaimagen.com\/\">Festival de la Imagen <\/a>(Manizales). En 2013 dict\u00f3, junto a Margarita Cu\u00e9llar, el taller <i>Cartograf\u00edas sonoras: el sonido como ordenador de territorio. <\/i>Ha participado en las investigaciones <i><a href=\"http:\/\/www.icesi.edu.co\/cali_paisaje_sonoro\/acercaDe.html\">Cali paisaje sonoro<\/a>, Cali ciudad proyectada, Autobiograf\u00edas urbanas: Cali, memoria y espacio p\u00fablico<\/i> y<a href=\"http:\/\/www.icesi.edu.co\/calipostalessonoras\/\"><i> Cali Postales Sonoras<\/i><\/a> que consisti\u00f3 en la caracterizaci\u00f3n sonora de diez zonas de la ciudad de Cali. Recientemente el proyecto <i>El sonido en el espacio urbano como patrimonio cultural: cartograf\u00edas digitales para la preservaci\u00f3n de la memoria sonora-espacial de la industria de las artes gr\u00e1ficas en el barrio San Nicol\u00e1s (Santiago de Cali, 1894-2013)<\/i>, fue ganador de la Convocatoria\u00a0 de Colciencias para Conformar un Banco de Proyectos Elegibles: \u201cDi\u00e1logo de Saberes\u201d (2013).<\/p>\n<p>jllorca1[arroba]yahoo[punto]com<\/p>\n<p><strong>Juan David Tello.<\/strong>\u00a0Estudiante de Dise\u00f1o de Medios Interactivos en la Universidad Icesi. Interesado en el dise\u00f1o de interacci\u00f3n, la experiencia de usuario y la direcci\u00f3n art\u00edstica. Ha participado en diferentes proyectos de investigaci\u00f3n sobre HCI (<i>Human-Computer Interaction<\/i>) y en la creaci\u00f3n de instalaciones de arte digital expuestas en museos de la ciudad de Cali. Monitor acad\u00e9mico del departamento de Humanidades de la universidad y parte del equipo de investigaci\u00f3n del proyecto <a href=\"http:\/\/www.icesi.edu.co\/calipostalessonoras\/\">Cali postales sonoras<\/a> hace m\u00e1s de un a\u00f1o en donde ha tenido la oportunidad de relacionarse con el sonido y la creaci\u00f3n de paisajes sonoros.<\/p>\n<p><strong>Lina Mar\u00eda Salamanca.<\/strong>\u00a0Estudiante de Dise\u00f1o de Medios Interactivos, de la Universidad Icesi. Con intereses hacia la direcci\u00f3n de arte, La interacci\u00f3n entre el Hombre-tecnolog\u00eda, y el arte digital. Ha trabajado en instalaciones interactivas expuestas en museos y espacios culturales, adem\u00e1s del festival de animaci\u00f3n <i>La truca<\/i>, como parte del equipo visual. Segundo puesto en la convocatoria del afiche del <i>Quinto Festival internacional de cine de Cali<\/i>, adem\u00e1s de hacer parte del proyecto <i>Postales sonoras<\/i>, ha participado en diferentes monitor\u00edas acad\u00e9micas encarg\u00e1ndose de la visualizaci\u00f3n de datos estad\u00edsticos, y dise\u00f1o de las mismas.<\/p>\n","protected":false},"excerpt":{"rendered":"<p>El equipo de coordinaci\u00f3n del laboratorio ha venido desarrollado, de manera sistem\u00e1tica, trabajos sobre lo sonoro desde 2009 con la financiaci\u00f3n de la Universidad Icesi de Cali. En ese a\u00f1o se hizo un trabajo cuyo objetivo era medir el impacto &hellip; <a href=\"https:\/\/www.icesi.edu.co\/blogs\/labsonoropcc\/talleristas\/\">Sigue leyendo <span class=\"meta-nav\">&rarr;<\/span><\/a><\/p>\n","protected":false},"author":7,"featured_media":0,"parent":0,"menu_order":0,"comment_status":"open","ping_status":"open","template":"","meta":{"footnotes":""},"class_list":["post-25","page","type-page","status-publish","hentry"],"aioseo_notices":[],"rttpg_featured_image_url":null,"rttpg_author":{"display_name":"margarita","author_link":"https:\/\/www.icesi.edu.co\/blogs\/labsonoropcc\/author\/66923096\/"},"rttpg_comment":0,"rttpg_category":null,"rttpg_excerpt":"El equipo de coordinaci\u00f3n del laboratorio ha venido desarrollado, de manera sistem\u00e1tica, trabajos sobre lo sonoro desde 2009 con la financiaci\u00f3n de la Universidad Icesi de Cali. En ese a\u00f1o se hizo un trabajo cuyo objetivo era medir el impacto &hellip; Sigue leyendo &rarr;","_links":{"self":[{"href":"https:\/\/www.icesi.edu.co\/blogs\/labsonoropcc\/wp-json\/wp\/v2\/pages\/25"}],"collection":[{"href":"https:\/\/www.icesi.edu.co\/blogs\/labsonoropcc\/wp-json\/wp\/v2\/pages"}],"about":[{"href":"https:\/\/www.icesi.edu.co\/blogs\/labsonoropcc\/wp-json\/wp\/v2\/types\/page"}],"author":[{"embeddable":true,"href":"https:\/\/www.icesi.edu.co\/blogs\/labsonoropcc\/wp-json\/wp\/v2\/users\/7"}],"replies":[{"embeddable":true,"href":"https:\/\/www.icesi.edu.co\/blogs\/labsonoropcc\/wp-json\/wp\/v2\/comments?post=25"}],"version-history":[{"count":8,"href":"https:\/\/www.icesi.edu.co\/blogs\/labsonoropcc\/wp-json\/wp\/v2\/pages\/25\/revisions"}],"predecessor-version":[{"id":240,"href":"https:\/\/www.icesi.edu.co\/blogs\/labsonoropcc\/wp-json\/wp\/v2\/pages\/25\/revisions\/240"}],"wp:attachment":[{"href":"https:\/\/www.icesi.edu.co\/blogs\/labsonoropcc\/wp-json\/wp\/v2\/media?parent=25"}],"curies":[{"name":"wp","href":"https:\/\/api.w.org\/{rel}","templated":true}]}}