{"id":61,"date":"2013-10-04T20:58:45","date_gmt":"2013-10-04T20:58:45","guid":{"rendered":"http:\/\/www.icesi.edu.co\/blogs\/labsonoropcc\/?page_id=61"},"modified":"2013-10-14T01:41:59","modified_gmt":"2013-10-14T01:41:59","slug":"sobre-el-proyecto","status":"publish","type":"page","link":"https:\/\/www.icesi.edu.co\/blogs\/labsonoropcc\/sobre-el-proyecto\/","title":{"rendered":"Sobre el Laboratorio"},"content":{"rendered":"<p>A ra\u00edz de la inscripci\u00f3n del Paisaje Cultural Cafetero de Colombia, PCC, en la Lista de Patrimonio Mundial de la <a title=\"Unesco_colombia\" href=\"http:\/\/www.unesco.org\/new\/es\/unesco\/worldwide\/latin-america-and-the-caribbean\/colombia\/\">Unesco<\/a>, la <a title=\"Mincultura_artes\" href=\"http:\/\/www.mincultura.gov.co\/Paginas\/default.aspx?idcategoria=1823\">Direcci\u00f3n de Artes del Ministerio de Cultura<\/a> ha desarrollado una iniciativa para su apropiaci\u00f3n y conservaci\u00f3n.\u00a0 Los Laboratorios de Artes Visuales Paisaje Cultural Cafetero, planteados como proyecto piloto, son una oportunidad para interactuar con los actores locales, y una herramienta para la exploraci\u00f3n del territorio y su cultura desde las artes.\u00a0<b><\/b><\/p>\n<p>El laboratorio se propone generar estrategias de apropiaci\u00f3n social del patrimonio del PCC a partir del paisaje sonoro de la regi\u00f3n, as\u00ed como apoyar a los formadores, artistas, docentes y comunidad interesada, en el desarrollo y construcci\u00f3n de proyectos basados en lo sonoro a partir de su interacci\u00f3n con los elementos constitutivos del PCC.<\/p>\n<p>Se busca que los participantes desarrollen un proyecto sonoro que pueda ser difundido por las diferentes redes y que estimule los procesos de investigaci\u00f3n-creaci\u00f3n sobre el PCC.<\/p>\n<p>Otro de los objetivos fundamentales del laboratorio es que los participantes se conviertan en formadores y puedan replicar la experiencia y generar una actividad que afirme procesos formativos de alcance e incidencia en el tejido socio-cultural de la regi\u00f3n.<\/p>\n<p>Los Laboratorios ser\u00e1n realizados por profesionales que propondr\u00e1n una metodolog\u00eda de trabajo basado en la apropiaci\u00f3n y exploraci\u00f3n del paisaje sonoro y orientar\u00e1n el proceso de cada uno de los grupos. Estas propuestas deber\u00e1n consistir en procesos presenciales de formaci\u00f3n en los municipios del Paisaje Cultural Cafetero, en por lo menos dos (2) momentos distintos. El coordinador deber\u00e1 ser egresado de artes, humanidades o ciencias sociales, con tres a\u00f1os de experiencia en trabajo docente o comunitario, investigaci\u00f3n, creaci\u00f3n o formaci\u00f3n con adecuado conocimiento de la actividad art\u00edstica y con conocimientos en registro y edici\u00f3n de audio.\u00a0 Cada coordinador deber\u00e1 entregar al final del laboratorio un informe sobre el desarrollo del laboratorio, acompa\u00f1ado por registros\/composiciones sonoras como resultado del proceso y listas de asistencia de los participantes. Fotograf\u00edas o registro en video a pertinencia del coordinador.<\/p>\n<p>El laboratorio <em>El sonido como expresi\u00f3n del territorio<\/em>, es uno de los siete que ha programado el Ministerio y se realiza en el norte del Valle del Cauca bajo la coordinaci\u00f3n de <a title=\"B\u00edos\" href=\"http:\/\/www.icesi.edu.co\/blogs\/labsonoropcc\/talleristas\/\">Joaqu\u00edn Llorca y Margarita Cu\u00e9llar<\/a>:<\/p>\n<p>\u2022 Departamento de realizaci\u00f3n: VALLE DEL CAUCA<\/p>\n<p>\u2022 Ciudades o Municipio(s): SEVILLA, RIOFR\u00cdO, CALI<\/p>\n<p>\u2022 Corregimiento(s): SEVILLA<\/p>\n<p>Perfil de participantes esperados: El laboratorio est\u00e1 dirigido a toda la comunidad del Departamento del Valle del Cauca y la zona cafetera. El n\u00famero de participantes se ha cifrado en 20 y se espera que las edades oscilen entre los 17 y los 35 a\u00f1os. El perfil se espera que sea mixto, pues no solo se tendr\u00e1n en cuenta personas con inter\u00e9s en el dise\u00f1o, las artes pl\u00e1sticas y visuales, si no que se aspira incorporar emprendedores culturales y, en especial, al grupo de j\u00f3venes que se interesan por la memoria del municipio de Sevilla.<\/p>\n<p>Criterios de selecci\u00f3n: Los interesados deber\u00e1n inscribirse con una breve rese\u00f1a sobre su trayectoria y un texto que explique su inter\u00e9s por participar en el laboratorio. La informaci\u00f3n se recoger\u00e1 en el mail jllorca1[arroba]yahoo[punto]com<\/p>\n<p>\u2022 Sede, lugar de realizaci\u00f3n: CASA DE LA CULTURA DE SEVILLA<br \/>\n\u2022 Duraci\u00f3n: 5 D\u00cdAS<br \/>\n\u2022 Apoyo institucional local y\/o Departamental: CASA DE LA CULTURA DE SEVILLA, GRUPO BANDOLA (SEVILLA). ALCALD\u00cdA DE RIOFR\u00cdO. UNIVERSIDAD ICESI (CALI)<\/p>\n<p><a href=\"http:\/\/www.icesi.edu.co\/blogs\/labsonoropcc\/files\/2013\/10\/P1080179.jpg\"><img fetchpriority=\"high\" decoding=\"async\" class=\"alignnone size-medium wp-image-142\" alt=\"P1080179\" src=\"http:\/\/www.icesi.edu.co\/blogs\/labsonoropcc\/files\/2013\/10\/P1080179-300x225.jpg\" width=\"300\" height=\"225\" \/><\/a><\/p>\n","protected":false},"excerpt":{"rendered":"<p>A ra\u00edz de la inscripci\u00f3n del Paisaje Cultural Cafetero de Colombia, PCC, en la Lista de Patrimonio Mundial de la Unesco, la Direcci\u00f3n de Artes del Ministerio de Cultura ha desarrollado una iniciativa para su apropiaci\u00f3n y conservaci\u00f3n.\u00a0 Los Laboratorios &hellip; <a href=\"https:\/\/www.icesi.edu.co\/blogs\/labsonoropcc\/sobre-el-proyecto\/\">Sigue leyendo <span class=\"meta-nav\">&rarr;<\/span><\/a><\/p>\n","protected":false},"author":7,"featured_media":0,"parent":0,"menu_order":0,"comment_status":"open","ping_status":"closed","template":"","meta":{"footnotes":""},"class_list":["post-61","page","type-page","status-publish","hentry"],"aioseo_notices":[],"rttpg_featured_image_url":null,"rttpg_author":{"display_name":"margarita","author_link":"https:\/\/www.icesi.edu.co\/blogs\/labsonoropcc\/author\/66923096\/"},"rttpg_comment":0,"rttpg_category":null,"rttpg_excerpt":"A ra\u00edz de la inscripci\u00f3n del Paisaje Cultural Cafetero de Colombia, PCC, en la Lista de Patrimonio Mundial de la Unesco, la Direcci\u00f3n de Artes del Ministerio de Cultura ha desarrollado una iniciativa para su apropiaci\u00f3n y conservaci\u00f3n.\u00a0 Los Laboratorios &hellip; Sigue leyendo &rarr;","_links":{"self":[{"href":"https:\/\/www.icesi.edu.co\/blogs\/labsonoropcc\/wp-json\/wp\/v2\/pages\/61"}],"collection":[{"href":"https:\/\/www.icesi.edu.co\/blogs\/labsonoropcc\/wp-json\/wp\/v2\/pages"}],"about":[{"href":"https:\/\/www.icesi.edu.co\/blogs\/labsonoropcc\/wp-json\/wp\/v2\/types\/page"}],"author":[{"embeddable":true,"href":"https:\/\/www.icesi.edu.co\/blogs\/labsonoropcc\/wp-json\/wp\/v2\/users\/7"}],"replies":[{"embeddable":true,"href":"https:\/\/www.icesi.edu.co\/blogs\/labsonoropcc\/wp-json\/wp\/v2\/comments?post=61"}],"version-history":[{"count":9,"href":"https:\/\/www.icesi.edu.co\/blogs\/labsonoropcc\/wp-json\/wp\/v2\/pages\/61\/revisions"}],"predecessor-version":[{"id":144,"href":"https:\/\/www.icesi.edu.co\/blogs\/labsonoropcc\/wp-json\/wp\/v2\/pages\/61\/revisions\/144"}],"wp:attachment":[{"href":"https:\/\/www.icesi.edu.co\/blogs\/labsonoropcc\/wp-json\/wp\/v2\/media?parent=61"}],"curies":[{"name":"wp","href":"https:\/\/api.w.org\/{rel}","templated":true}]}}