{"id":16,"date":"2019-01-10T17:00:11","date_gmt":"2019-01-10T17:00:11","guid":{"rendered":"http:\/\/www.icesi.edu.co\/blogs\/lagujasubversiva\/?page_id=16"},"modified":"2020-01-22T14:34:52","modified_gmt":"2020-01-22T14:34:52","slug":"programa-y-lecturas","status":"publish","type":"page","link":"https:\/\/www.icesi.edu.co\/blogs\/lagujasubversiva\/programa-y-lecturas\/","title":{"rendered":"Programa y lecturas"},"content":{"rendered":"<div class=\"row sqs-row\">\n<div class=\"col sqs-col-8 span-8\">\n<div id=\"block-fee969d53c7c2b8fff10\" class=\"sqs-block html-block sqs-block-html\">\n<div class=\"sqs-block-content\">\n<p><em>But Bel-Gazou is silent when she sews, silent for hours on end, with her mouth firmly closed, concealing her large, new-cut incisors that bite into the moist heart of a fruit like <\/em>a little saw-edged blades<em>. She is silent, and she \u2013 why not write down the word that frightens me- she is thinking.\u00a0<\/em><strong>Colette,\u00a0<em>Earthly Paradise<\/em>.<\/strong><\/p>\n<\/div>\n<\/div>\n<\/div>\n<\/div>\n<div id=\"block-yui_3_17_2_1_1530801089973_61261\" class=\"sqs-block html-block sqs-block-html\">\n<div class=\"sqs-block-content\">\n<p>Si les pidiera que evocaran el recuerdo de la abuela o de la persona que los cuid\u00f3 de ni\u00f1os, muy seguramente este vendr\u00eda acompa\u00f1ado de la imagen de una mujer cosiendo, tejiendo o remendando algo. Es probable que tambi\u00e9n guardemos el recuerdo de cuando acompa\u00f1\u00e1bamos nuestras madres a comprar hilos, botones y telas para llevarlos a las modistas, o puede que el zumbido de las m\u00e1quinas de coser forme parte del paisaje sonoro de las casas que habitamos durante nuestra infancia.<\/p>\n<p>Muchas de nuestras madres y abuelas conoc\u00edan estos oficios porque se transmit\u00edan de generaci\u00f3n en generaci\u00f3n o porque la costura, el bordado y el tejido sol\u00edan ser materias curriculares que se les ense\u00f1aban a las ni\u00f1as en el colegio. Entre mayor habilidad y destreza se lograra, mayor ser\u00eda la virtud, castidad, pureza y obediencia de esa ni\u00f1a en formaci\u00f3n, lo cual aseguraba su futuro como una buena esposa y buena ama de casa. \u00bfQu\u00e9 nos lleva a hacer esa asociaci\u00f3n? \u00bfQu\u00e9 relaci\u00f3n tienen los oficios como el bordado el tejido y la costura con la construcci\u00f3n del ideal femenino?<\/p>\n<p>En primera instancia, este curso se propone examinar la construcci\u00f3n de la identidad femenina ligada a las labores del hogar (en particular la costura, el tejido y el bordado), y c\u00f3mo estas destrezas, m\u00e1s que una habilidad en s\u00ed mismas, significan el ideal de mujer.<\/p>\n<p>Por otra parte, el curso se propone abordar, en clave de g\u00e9nero, la divisi\u00f3n que existe entre arte y artesan\u00eda (<em>fine arts<\/em> y <em>crafts<\/em>), as\u00ed como indagar en la resignificaci\u00f3n de estos oficios dom\u00e9sticos\u00a0 a trav\u00e9s de las pr\u00e1cticas art\u00edsticas y el activismo feminista.<\/p>\n<p>Preparen agujas, lanas hilos y telas. En este curso tambi\u00e9n vamos a coser, bordar y tejer.<\/p>\n<p>******<\/p>\n<\/div>\n<\/div>\n<p>Pueden descargar el programa del curso aqu\u00ed:\u00a0<a href=\"http:\/\/www.icesi.edu.co\/blogs\/lagujasubversiva\/files\/2020\/01\/La-aguja-programa-2020-1.pdf\">La aguja programa 2020-1<\/a><\/p>\n<p>En el ftp:\u00a0<a href=\"ftp:\/\/ftp.icesi.edu.co\/mlcuellar\/\">\u00a0ftp:\/\/ftp.icesi.edu.co\/mlcuellar\/<\/a>\u00a0o en este <a href=\"https:\/\/drive.google.com\/drive\/folders\/1-Se7yEOFNkwdwv2l6fZU5JXdHclLehEU?usp=sharing\">Drive<\/a> pueden descargar los textos del curso.<\/p>\n<p>Imagen de la cabecera del blog:\u00a0Mana Morimoto<\/p>\n<p>&nbsp;<\/p>\n<p>He cambiado los porcentajes de las notas:<\/p>\n<p><!--td {border: 1px solid #ccc;}br {mso-data-placement:same-cell;}--><\/p>\n<table dir=\"ltr\" border=\"1\" cellspacing=\"0\" cellpadding=\"0\">\n<colgroup>\n<col width=\"170\" \/>\n<col width=\"100\" \/>\n<col width=\"73\" \/>\n<col width=\"100\" \/>\n<col width=\"140\" \/><\/colgroup>\n<tbody>\n<tr>\n<td>Tipo de actividad<\/td>\n<td><\/td>\n<td>%<br \/>\nN.D.<\/td>\n<td>Unidades a evaluar<\/td>\n<td>Fecha de realizaci\u00f3n\/entrega de los trabajos<\/td>\n<\/tr>\n<tr>\n<td>Talleres, trabajos en casa, controles de lectura, ejercicios en clase, etc<\/td>\n<td>Individual &amp; Grupal<\/td>\n<td>20%<\/td>\n<td>1,2 &amp; 3<\/td>\n<td>A lo largo del curso<\/td>\n<\/tr>\n<tr>\n<td>Intervenci\u00f3n en la U.<\/td>\n<td>Grupal<\/td>\n<td>10%<\/td>\n<td>1<\/td>\n<td>Semana 7<\/td>\n<\/tr>\n<tr>\n<td>Entrega de primer trabajo escrito.<\/td>\n<td>Individual<\/td>\n<td>15%<\/td>\n<td>1<\/td>\n<td>Semana 7<\/td>\n<\/tr>\n<tr>\n<td colspan=\"1\" rowspan=\"2\">\n<div>Diario<\/div>\n<\/td>\n<td colspan=\"1\" rowspan=\"2\">\n<div>Individual<\/div>\n<\/td>\n<td colspan=\"1\" rowspan=\"2\">\n<div>25%<\/div>\n<\/td>\n<td colspan=\"1\" rowspan=\"2\">\n<div>1,2 &amp; 3<\/div>\n<\/td>\n<td>Primera entrega: Semana 10<\/td>\n<\/tr>\n<tr>\n<td>Segunda entrega: \u00faltimo d\u00eda de clases.<\/td>\n<\/tr>\n<tr>\n<td>Reportes de clases<\/td>\n<td>Individual<\/td>\n<td>10%<\/td>\n<td><\/td>\n<td>A lo largo del curso<\/td>\n<\/tr>\n<tr>\n<td colspan=\"1\" rowspan=\"2\">\n<div>Trabajo (creativo) final<\/div>\n<\/td>\n<td colspan=\"1\" rowspan=\"2\">\n<div>Individual &amp; Grupal<\/div>\n<\/td>\n<td>5%<\/td>\n<td colspan=\"1\" rowspan=\"2\">\n<div>1,2 &amp; 3<\/div>\n<\/td>\n<td>Primera entrega: Semana 11<\/td>\n<\/tr>\n<tr>\n<td>15%<\/td>\n<td>De la semana 12 a la 17.<\/td>\n<\/tr>\n<tr>\n<td>Total<\/td>\n<td><\/td>\n<td>100%<\/td>\n<td><\/td>\n<td><\/td>\n<\/tr>\n<\/tbody>\n<\/table>\n","protected":false},"excerpt":{"rendered":"<p>But Bel-Gazou is silent when she sews, silent for hours on end, with her mouth firmly closed, concealing her large, new-cut incisors that bite into the moist heart of a fruit like a little saw-edged blades. She is silent, and &hellip; <a href=\"https:\/\/www.icesi.edu.co\/blogs\/lagujasubversiva\/programa-y-lecturas\/\">Sigue leyendo <span class=\"meta-nav\">&rarr;<\/span><\/a><\/p>\n","protected":false},"author":7,"featured_media":0,"parent":0,"menu_order":0,"comment_status":"open","ping_status":"closed","template":"","meta":{"footnotes":""},"class_list":["post-16","page","type-page","status-publish","hentry"],"aioseo_notices":[],"rttpg_featured_image_url":null,"rttpg_author":{"display_name":"margarita","author_link":"https:\/\/www.icesi.edu.co\/blogs\/lagujasubversiva\/author\/66923096\/"},"rttpg_comment":2,"rttpg_category":null,"rttpg_excerpt":"But Bel-Gazou is silent when she sews, silent for hours on end, with her mouth firmly closed, concealing her large, new-cut incisors that bite into the moist heart of a fruit like a little saw-edged blades. She is silent, and &hellip; Sigue leyendo &rarr;","_links":{"self":[{"href":"https:\/\/www.icesi.edu.co\/blogs\/lagujasubversiva\/wp-json\/wp\/v2\/pages\/16"}],"collection":[{"href":"https:\/\/www.icesi.edu.co\/blogs\/lagujasubversiva\/wp-json\/wp\/v2\/pages"}],"about":[{"href":"https:\/\/www.icesi.edu.co\/blogs\/lagujasubversiva\/wp-json\/wp\/v2\/types\/page"}],"author":[{"embeddable":true,"href":"https:\/\/www.icesi.edu.co\/blogs\/lagujasubversiva\/wp-json\/wp\/v2\/users\/7"}],"replies":[{"embeddable":true,"href":"https:\/\/www.icesi.edu.co\/blogs\/lagujasubversiva\/wp-json\/wp\/v2\/comments?post=16"}],"version-history":[{"count":12,"href":"https:\/\/www.icesi.edu.co\/blogs\/lagujasubversiva\/wp-json\/wp\/v2\/pages\/16\/revisions"}],"predecessor-version":[{"id":685,"href":"https:\/\/www.icesi.edu.co\/blogs\/lagujasubversiva\/wp-json\/wp\/v2\/pages\/16\/revisions\/685"}],"wp:attachment":[{"href":"https:\/\/www.icesi.edu.co\/blogs\/lagujasubversiva\/wp-json\/wp\/v2\/media?parent=16"}],"curies":[{"name":"wp","href":"https:\/\/api.w.org\/{rel}","templated":true}]}}