{"id":189,"date":"2009-07-28T08:24:25","date_gmt":"2009-07-28T13:24:25","guid":{"rendered":"http:\/\/www.icesi.edu.co\/blogs\/lenguajevirtual\/?page_id=189"},"modified":"2009-11-20T09:43:00","modified_gmt":"2009-11-20T14:43:00","slug":"02-2009","status":"publish","type":"page","link":"https:\/\/www.icesi.edu.co\/blogs\/lenguajevirtual\/02-2009\/","title":{"rendered":"02-2009"},"content":{"rendered":"<p><a href=\"http:\/\/proyecto-desplazamiento-tulua.blogspot.com\/\">Las Funciones del Municipio de Tulu\u00e1: Comunidades Campesinas e Ind\u00edgenas Desplazados<\/a><br \/>\nAlejandra  \u00c1LVAREZ LONDO\u00d1O<\/p>\n<p>Catalina ALZATE RICAURTE<\/p>\n<p><a href=\"http:\/\/diegoarangocoe2.blogspot.com\/\">Los Problemas con los Motociclistas<\/a><br \/>\nDiego Felipe ARANGO R\u00cdOS<\/p>\n<p><a href=\"http:\/\/proyectoluisa.blogspot.com\/\">Zonas de Recreaci\u00f3n en el Manuela Beltr\u00e1n<\/a><br \/>\nLuisa Mar\u00eda  BUENAVENTURA MURILLO<\/p>\n<p><a href=\"http:\/\/caliysueconomia.blogspot.com\/\">La Econom\u00eda en Santiago de Cali<\/a><br \/>\nAndr\u00e9s Felipe COLLAZOS CAMPO<\/p>\n<p><a href=\"http:\/\/socialcali.blogspot.com\/\">Los Cale\u00f1os Olvidados<\/a><br \/>\nJuli\u00e1n Guillermo COTACIO TUNUBALA<\/p>\n<p><a href=\"http:\/\/agnegacion.blogspot.com\/\">\u00bfMuseo de Arte Religioso?<\/a><br \/>\nElver Felipe D\u00cdAZ JIM\u00c9NEZ    <\/p>\n<p><a href=\"http:\/\/proyectofinaljefferson.blogspot.com\/\">Rock o Reggaeton: \u00bfcu\u00e1l prefieres?<\/a><br \/>\nJefferson Ariel GUTI\u00c9RREZ GONZ\u00c1LEZ<\/p>\n<p><a href=\"http:\/\/coe2.blogspot.com\/\">Influencias Sociales<\/a><br \/>\nMiguel \u00c1ngel JIM\u00c9NEZ ACHINTE      <\/p>\n<p><a href=\"http:\/\/lauracamila5.blogspot.com\/\">Generemos Empleo para una Regi\u00f3n sin Desarrollo<\/a><br \/>\nLaura Camila MA\u00d1OSCA P\u00c9REZ <\/p>\n<p><a href=\"http:\/\/deportecali.blogspot.com\/\">El Deporte en Cali<\/a><br \/>\nNatalia MENESES PALACIO    <\/p>\n<p><a href=\"http:\/\/proyecto191991.blogspot.com\/\">Apuntes sobre el Masivo Integrado de Occidente<\/a><br \/>\nSebasti\u00e1n MONTENEGRO ARANA<\/p>\n<p><a href=\"http:\/\/laidentidadcolectiva.blogspot.com\/\">Identidad Colectiva<\/a><br \/>\nSandra Vanessa MOSQUERA CHARRUPI   <\/p>\n<p><a href=\"http:\/\/lmoc1189.blogspot.com\/\">\u00bfY nosotras d\u00f3nde estamos?<\/a><br \/>\nLuisa Mar\u00eda OCAMPO CALVO<\/p>\n<p><a href=\"http:\/\/elruidoencali.blogspot.com\/\">\u00a1El Ruido que no Vemos!<\/a><br \/>\nCristiam Fernando ONATRA YEPES<\/p>\n<p>Andr\u00e9s Felipe ORT\u00cdZ JARAMILLO<\/p>\n<p><a href=\"http:\/\/bndspndills.blogspot.com\/\">Conflicto entre Barras Bravas<\/a><br \/>\nDuvan \u00c1ndres PEDRIZA RINC\u00d3N<\/p>\n<p><a href=\"http:\/\/proyectchemistry.blogspot.com\/\">Project Chemistry<\/a><br \/>\nLuis Alberto PERALTA NAVARRO<\/p>\n<p><a href=\"http:\/\/reyferrari9.blogspot.com\/\">La Educaci\u00f3n como Pilar de la Sociedad<\/a><br \/>\nAndr\u00e9s Felipe REY FERN\u00c1NDEZ<\/p>\n<p><a href=\"http:\/\/deportescali.blogspot.com\/\">El Deporte en Cali: Apoyo y Avance<\/a><br \/>\nSebasti\u00e1n Alejandro RODR\u00cdGUEZ DUQUE<\/p>\n<p><a href=\"http:\/\/001proyecto.blogspot.com\/\">La Educaci\u00f3n en Cali<\/a><br \/>\nEdwar Alex\u00e1nder ROJAS P\u00c9REZ<\/p>\n<p><a href=\"http:\/\/teatro-nsernab.blogspot.com\/\">El Teatro que no Vemos<\/a><br \/>\nNatalia SERNA BORRERO<\/p>\n<p><a href=\"http:\/\/proyecto-formal.blogspot.com\/\">El Dise\u00f1o Industrial, el Individuo y la Sociedad<\/a><br \/>\nAlejandra TAMAYO MEJ\u00cdA                <\/p>\n<p>Gina Jhovanna UNIGARRO SAA<\/p>\n","protected":false},"excerpt":{"rendered":"<p>Las Funciones del Municipio de Tulu\u00e1: Comunidades Campesinas e Ind\u00edgenas Desplazados Alejandra \u00c1LVAREZ LONDO\u00d1O Catalina ALZATE RICAURTE Los Problemas con los Motociclistas Diego Felipe ARANGO R\u00cdOS Zonas de Recreaci\u00f3n en el Manuela Beltr\u00e1n Luisa Mar\u00eda BUENAVENTURA MURILLO La Econom\u00eda en Santiago de Cali Andr\u00e9s Felipe COLLAZOS CAMPO Los Cale\u00f1os Olvidados Juli\u00e1n Guillermo COTACIO TUNUBALA \u00bfMuseo &hellip; <a href=\"https:\/\/www.icesi.edu.co\/blogs\/lenguajevirtual\/02-2009\/\" class=\"more-link\">Seguir leyendo <span class=\"screen-reader-text\">02-2009<\/span> <span class=\"meta-nav\">&rarr;<\/span><\/a><\/p>\n","protected":false},"author":16,"featured_media":0,"parent":0,"menu_order":0,"comment_status":"open","ping_status":"open","template":"","meta":{"footnotes":""},"class_list":["post-189","page","type-page","status-publish","hentry"],"aioseo_notices":[],"rttpg_featured_image_url":null,"rttpg_author":{"display_name":"Andrea Rodriguez Mancera","author_link":"https:\/\/www.icesi.edu.co\/blogs\/lenguajevirtual\/author\/66984904\/"},"rttpg_comment":0,"rttpg_category":null,"rttpg_excerpt":"Las Funciones del Municipio de Tulu\u00e1: Comunidades Campesinas e Ind\u00edgenas Desplazados Alejandra \u00c1LVAREZ LONDO\u00d1O Catalina ALZATE RICAURTE Los Problemas con los Motociclistas Diego Felipe ARANGO R\u00cdOS Zonas de Recreaci\u00f3n en el Manuela Beltr\u00e1n Luisa Mar\u00eda BUENAVENTURA MURILLO La Econom\u00eda en Santiago de Cali Andr\u00e9s Felipe COLLAZOS CAMPO Los Cale\u00f1os Olvidados Juli\u00e1n Guillermo COTACIO TUNUBALA \u00bfMuseo&hellip;","_links":{"self":[{"href":"https:\/\/www.icesi.edu.co\/blogs\/lenguajevirtual\/wp-json\/wp\/v2\/pages\/189"}],"collection":[{"href":"https:\/\/www.icesi.edu.co\/blogs\/lenguajevirtual\/wp-json\/wp\/v2\/pages"}],"about":[{"href":"https:\/\/www.icesi.edu.co\/blogs\/lenguajevirtual\/wp-json\/wp\/v2\/types\/page"}],"author":[{"embeddable":true,"href":"https:\/\/www.icesi.edu.co\/blogs\/lenguajevirtual\/wp-json\/wp\/v2\/users\/16"}],"replies":[{"embeddable":true,"href":"https:\/\/www.icesi.edu.co\/blogs\/lenguajevirtual\/wp-json\/wp\/v2\/comments?post=189"}],"version-history":[{"count":35,"href":"https:\/\/www.icesi.edu.co\/blogs\/lenguajevirtual\/wp-json\/wp\/v2\/pages\/189\/revisions"}],"predecessor-version":[{"id":250,"href":"https:\/\/www.icesi.edu.co\/blogs\/lenguajevirtual\/wp-json\/wp\/v2\/pages\/189\/revisions\/250"}],"wp:attachment":[{"href":"https:\/\/www.icesi.edu.co\/blogs\/lenguajevirtual\/wp-json\/wp\/v2\/media?parent=189"}],"curies":[{"name":"wp","href":"https:\/\/api.w.org\/{rel}","templated":true}]}}