{"id":21,"date":"2008-08-09T09:08:54","date_gmt":"2008-08-09T14:08:54","guid":{"rendered":"http:\/\/www.icesi.edu.co\/blogs\/lenguajevirtual\/pretextos\/"},"modified":"2013-07-31T07:43:55","modified_gmt":"2013-07-31T12:43:55","slug":"pretextos","status":"publish","type":"page","link":"https:\/\/www.icesi.edu.co\/blogs\/lenguajevirtual\/pretextos\/","title":{"rendered":"PRE-TEXTOS"},"content":{"rendered":"<p><strong>PROGRAMAS DE CURSO<\/strong><\/p>\n<p><a href=\"http:\/\/www.icesi.edu.co\/blogs\/lenguajevirtual\/files\/2008\/08\/COMUNICACI\u00d3N-ESCRITA-I.pdf\" target=\"_blank\">COMUNICACI\u00d3N ESCRITA I 2013-2<\/a><\/p>\n<p><a href=\"http:\/\/www.icesi.edu.co\/blogs\/lenguajevirtual\/files\/2010\/07\/Programa_COE-I-2010-02.pdf\">COE I 2010_02<\/a><\/p>\n<p><a href=\"http:\/\/www.icesi.edu.co\/blogs\/lenguajevirtual\/files\/2010\/07\/Programa_COE-II-2010-02.pdf\">COE II 2010-02<\/a><\/p>\n<p><strong>PARCIALES<\/strong><\/p>\n<p>Primer Parcial COE I<strong> <\/strong><\/p>\n<p>Primer Parcial COE II<\/p>\n<p><strong>COE I: TALLER: RESE\u00d1A + EXPO<\/strong><\/p>\n<p><strong>&#8230; ALGUNOS TEXTOS DE ESTUDIO PARA LOS CURSOS COE I Y COE II:<\/strong><br \/>\n<a href=\"http:\/\/www.icesi.edu.co\/blogs\/lenguajevirtual\/files\/2008\/08\/algunas-sugerencias-para-la-utilizacion-de-los-textos.PDF\">SUGERENCIAS PARA LA UTILIZACI\u00d3N DE LOS TEXTOS.<\/a><\/p>\n<p><a href=\"http:\/\/www.philosophia.cl\/biblioteca\/austin\/C%F3mo%20hacer%20cosas%20con%20palabras.pdf\">C\u00d3MO HACER COSAS CON PALABRAS <\/a>&#8211; John Langshaw AUSTIN<\/p>\n<p><a href=\"http:\/\/www.icesi.edu.co\/blogs\/lenguajevirtual\/files\/2008\/08\/como-se-hace-una-tesis-eco.pdf\">C\u00d3MO SE HACE UNA TESIS<\/a> &#8211; Umberto ECO<\/p>\n<p><a href=\"http:\/\/2400becas.com\/debats\/100\/quadern02.htm\">DE INTERNET A GUTEMBERG<\/a> &#8211; Umberto ECO<\/p>\n<p><a href=\"http:\/\/www.icesi.edu.co\/blogs\/lenguajevirtual\/files\/2008\/08\/de-la-vanidad-de-las-palabras-montaigne.PDF\">DE LA VANIDAD DE LAS PALABRAS<\/a> &#8211; Michel Eyquem de MONTAIGNE<\/p>\n<p><a href=\"http:\/\/www.icesi.edu.co\/blogs\/lenguajevirtual\/files\/2008\/08\/de-los-libros-montaigne.PDF\">DE LOS LIBROS<\/a> &#8211; Michel Eyquem de MONTAIGNE<\/p>\n<p><a href=\"http:\/\/www.icesi.edu.co\/blogs\/lenguajevirtual\/files\/2009\/01\/el-cerebro-de-corina_j_shreeve.pdf\">EL CEREBRO DE CORINA<\/a>; SHREEVE, James. Revista National Geographic, marzo de 2005.<\/p>\n<p><a href=\"http:\/\/www.icesi.edu.co\/blogs\/lenguajevirtual\/files\/2008\/08\/el-mundo-de-la-imagen-susan-sontag.PDF\">EL MUNDO DE LA IMAGEN<\/a> &#8211; Susan SONTAG<\/p>\n<p><a href=\"http:\/\/www.icesi.edu.co\/blogs\/lenguajevirtual\/files\/2008\/10\/el-ensayo.PDF\">EL ENSAYO<\/a> &#8211; Asterisco<\/p>\n<p><a href=\"http:\/\/www.bnp.gob.pe\/portalbnp\/pdf\/libros_y_artes\/Librosyartes4_10.pdf\">ELOGIO DEL RESUMEN<\/a> &#8211; Umberto ECO<\/p>\n<p><a href=\"http:\/\/www.icesi.edu.co\/blogs\/lenguajevirtual\/files\/2008\/08\/EL-PARRAFO-Serafini.pdf\">EL P\u00c1RRAFO<\/a> &#8211; Mar\u00eda Teresa SERAFINI<\/p>\n<p><a href=\"http:\/\/www.usoderazon.com\/\" target=\"_self\">FALACIAS<\/a> &#8211; Ricardo Garc\u00eda DAMBORENEA en &#8220;Uso de Raz\u00f3n. El Arte de Razonar, Persuadir, Refutar&#8221;.<\/p>\n<p><a href=\"ftp:\/\/ftp.icesi.edu.co\/pub\/comunicacion-andrearm\/G%d3TICO%20ARAUCANO.pdf\">G\u00d3TICO ARAUCANO<\/a> (Cr\u00f3nica publicada en Gatopardo) &#8211; \u00d3scar CONTARDO<\/p>\n<p><a href=\"http:\/\/www.icesi.edu.co\/blogs\/lenguajevirtual\/files\/2009\/02\/historia-y-proyecto-jp-boutinet.PDF\">HISTORIA Y PROYECTO<\/a> &#8211; Jean Pierre BOUTINET<\/p>\n<p><a href=\"http:\/\/www.icesi.edu.co\/blogs\/lenguajevirtual\/files\/2008\/08\/instrucciones-para-entender-tres-pinturas-famosas-cortazar.PDF\">INSTRUCCIONES PARA ENTENDER TRES PINTURAS FAMOSAS<\/a> &#8211; Julio CORT\u00c1ZAR<\/p>\n<p><a href=\"http:\/\/www.icesi.edu.co\/blogs\/lenguajevirtual\/files\/2008\/08\/la-casa-de-asterion-borges.PDF\">LA CASA DE ASTERI\u00d3N<\/a> &#8211; Jorge Luis BORGES<\/p>\n<p><a href=\"http:\/\/www.icesi.edu.co\/blogs\/lenguajevirtual\/files\/2008\/08\/la-ciudad-sonada-varios-autores.PDF\">LA CIUDAD SO\u00d1ADA<\/a> &#8211; \u00d3scar GONZALEZ, compilador<\/p>\n<p><a href=\"ftp:\/\/ftp.icesi.edu.co\/Pub\/comunicacion-andrearm\/LA%20REBELI%D3N%20DE%20LOS%20PING%DCINOS.pdf\">LA REBELI\u00d3N DE LOS PING\u00dcINOS<\/a> &#8211; Marisol GARC\u00cdA<\/p>\n<p><a href=\"http:\/\/www.icesi.edu.co\/blogs\/lenguajevirtual\/files\/2008\/08\/los-conectores.PDF\">LOS CONECTORES<\/a><\/p>\n<p><a href=\"http:\/\/www.icesi.edu.co\/blogs\/lenguajevirtual\/files\/2010\/01\/Formato-para-entregar-trabajos-201001.pdf\">FORMATO PARA LA ENTREGA DE TRABAJOS EN COE<\/a><\/p>\n<p><a href=\"http:\/\/www.icesi.edu.co\/blogs\/lenguajevirtual\/files\/2009\/01\/mas-alla-del-ver-esta-el-mirar.pdf\">M\u00c1S ALL\u00c1 DEL VER EST\u00c1 EL MIRAR <\/a>&#8211; Fernando V\u00c1SQUEZ RODR\u00cdGUEZ<\/p>\n<p><a href=\"http:\/\/radioislam.org\/historia\/hitler\/mkampf\/pdf\/spa.pdf\">MI LUCHA<\/a> &#8211; Adolfo HITLER<\/p>\n<p><a href=\"ftp:\/\/ftp.icesi.edu.co\/pub\/comunicacion-andrearm\/MOMO%20-%20Michael%20ENDE.PDF\">MOMO<\/a> &#8211; Michael ENDE<\/p>\n<p><a href=\"http:\/\/www.icesi.edu.co\/blogs\/lenguajevirtual\/files\/2010\/05\/bibliograf\u00eda1.pdf\">NOTACI\u00d3N APA<\/a> (Ejemplos\u00a0de \u00a0referencias\u00a0bibliogr\u00e1ficas)<\/p>\n<p><a href=\"http:\/\/www.icesi.edu.co\/blogs\/lenguajevirtual\/files\/2009\/01\/pautas_colciencias.PDF\">PAUTAS PARA LA ELABORACI\u00d3N DE PROYECTOS DE INVESTIGACI\u00d3N<\/a> &#8211; COLCIENCIAS<\/p>\n","protected":false},"excerpt":{"rendered":"<p>PROGRAMAS DE CURSO COMUNICACI\u00d3N ESCRITA I 2013-2 COE I 2010_02 COE II 2010-02 PARCIALES Primer Parcial COE I Primer Parcial COE II COE I: TALLER: RESE\u00d1A + EXPO &#8230; ALGUNOS TEXTOS DE ESTUDIO PARA LOS CURSOS COE I Y COE II: SUGERENCIAS PARA LA UTILIZACI\u00d3N DE LOS TEXTOS. C\u00d3MO HACER COSAS CON PALABRAS &#8211; John &hellip; <a href=\"https:\/\/www.icesi.edu.co\/blogs\/lenguajevirtual\/pretextos\/\" class=\"more-link\">Seguir leyendo <span class=\"screen-reader-text\">PRE-TEXTOS<\/span> <span class=\"meta-nav\">&rarr;<\/span><\/a><\/p>\n","protected":false},"author":16,"featured_media":0,"parent":0,"menu_order":1,"comment_status":"closed","ping_status":"closed","template":"","meta":{"footnotes":""},"class_list":["post-21","page","type-page","status-publish","hentry"],"aioseo_notices":[],"rttpg_featured_image_url":null,"rttpg_author":{"display_name":"Andrea Rodriguez Mancera","author_link":"https:\/\/www.icesi.edu.co\/blogs\/lenguajevirtual\/author\/66984904\/"},"rttpg_comment":0,"rttpg_category":null,"rttpg_excerpt":"PROGRAMAS DE CURSO COMUNICACI\u00d3N ESCRITA I 2013-2 COE I 2010_02 COE II 2010-02 PARCIALES Primer Parcial COE I Primer Parcial COE II COE I: TALLER: RESE\u00d1A + EXPO &#8230; ALGUNOS TEXTOS DE ESTUDIO PARA LOS CURSOS COE I Y COE II: SUGERENCIAS PARA LA UTILIZACI\u00d3N DE LOS TEXTOS. C\u00d3MO HACER COSAS CON PALABRAS &#8211; John&hellip;","_links":{"self":[{"href":"https:\/\/www.icesi.edu.co\/blogs\/lenguajevirtual\/wp-json\/wp\/v2\/pages\/21"}],"collection":[{"href":"https:\/\/www.icesi.edu.co\/blogs\/lenguajevirtual\/wp-json\/wp\/v2\/pages"}],"about":[{"href":"https:\/\/www.icesi.edu.co\/blogs\/lenguajevirtual\/wp-json\/wp\/v2\/types\/page"}],"author":[{"embeddable":true,"href":"https:\/\/www.icesi.edu.co\/blogs\/lenguajevirtual\/wp-json\/wp\/v2\/users\/16"}],"replies":[{"embeddable":true,"href":"https:\/\/www.icesi.edu.co\/blogs\/lenguajevirtual\/wp-json\/wp\/v2\/comments?post=21"}],"version-history":[{"count":44,"href":"https:\/\/www.icesi.edu.co\/blogs\/lenguajevirtual\/wp-json\/wp\/v2\/pages\/21\/revisions"}],"predecessor-version":[{"id":109,"href":"https:\/\/www.icesi.edu.co\/blogs\/lenguajevirtual\/wp-json\/wp\/v2\/pages\/21\/revisions\/109"}],"wp:attachment":[{"href":"https:\/\/www.icesi.edu.co\/blogs\/lenguajevirtual\/wp-json\/wp\/v2\/media?parent=21"}],"curies":[{"name":"wp","href":"https:\/\/api.w.org\/{rel}","templated":true}]}}