{"id":354,"date":"2010-01-20T10:32:57","date_gmt":"2010-01-20T15:32:57","guid":{"rendered":"http:\/\/www.icesi.edu.co\/blogs\/lenguajevirtual\/2010-01\/"},"modified":"2010-05-07T16:16:04","modified_gmt":"2010-05-07T21:16:04","slug":"2010-01","status":"publish","type":"page","link":"https:\/\/www.icesi.edu.co\/blogs\/lenguajevirtual\/2010-01\/","title":{"rendered":"2010-01"},"content":{"rendered":"<p><strong>GRUPO 31<\/strong><\/p>\n<p><a href=\"http:\/\/lasredsocial.blogspot.com\"><em>Las Redes Sociales<\/em><\/a><br \/>\nJairo Marcel BEDOYA VALENCIA<\/p>\n<p><a href=\"http:\/\/eli-bitacora.blogspot.com\/search\/label\/vej%C3%A9z%20y%20dignidad\">Vejez y Dignidad<\/a><br \/>\nElizabeth CAMARGO ALZATE <\/p>\n<p><a href=\"http:\/\/www.hombreyciudad.blogspot.com\/\"><em>Contaminaci\u00f3n Visual en Cali<\/em><\/a><br \/>\nLaura CANAVAL FORERO <\/p>\n<p><a href=\"http:\/\/www.esteroidesesteroides.blogspot.com\/\">Esteroides<\/a><br \/>\nJuan Pablo CASTA\u00d1O VALENCIA <\/p>\n<p>D\u00cdAZ MENDOZA H\u00c9CTOR FABIO<br \/>\nDUR\u00c1N QUIJANO LAURA LIZBETH <\/p>\n<p><a href=\"http:\/\/www.ciudad-deoro.blogspot.com\/\">La Ciudad de Oro<\/a><br \/>\nLuis Felipe GARC\u00cdA DELGADO<\/p>\n<p><a href=\"http:\/\/violenciamujerproyectoicesi.blogspot.com\/\"><em>Violencia y Mujer<\/em><\/a><br \/>\nMar\u00eda Andrea GARC\u00cdA MART\u00cdNEZ <\/p>\n<p><a href=\"http:\/\/chiiimichanga.blogspot.com\/\"><em>Metal<\/em><\/a><br \/>\nSebasti\u00e1n GIRALDO AGUAYO<br \/>\nLayla NULE NARANJO<\/p>\n<p>GIRALDO TORRES LINA MAR\u00cdA <\/p>\n<p><a href=\"http:\/\/calideportivo.blogspot.com\/\">F\u00fatbol: \u00bfQu\u00e9 Hay Detr\u00e1s Del Equipo?<\/a><br \/>\nNatalia HOYOS OSORIO<\/p>\n<p><a href=\"http:\/\/torcidosencolombia.blogspot.com\/\"><em>Torcidos en Colombia<\/em><\/a><br \/>\nDaniel JARAMILLO HOYOS<br \/>\nJuliana URIARTE VEL\u00c1SQUEZ<\/p>\n<p><a href=\"http:\/\/calivanidad.blogspot.com\/\">Belleza y Est\u00e9tica<\/a><br \/>\nLuisa Fernanda JIM\u00c9NEZ CAMPUZANO <\/p>\n<p><a href=\"http:\/\/www.sebasmejia15.blogspot.com\/\"><em>Hombre y Ciudad<\/em><\/a><br \/>\nSebasti\u00e1n MEJ\u00cdA REBOLLEDO<\/p>\n<p><a href=\"http:\/\/www.aixaniviamanosalva.blogspot.com\"><em>La Religi\u00f3n y el Fin del Mundo<\/em><\/a><br \/>\nAixa NIVIA MANOSALVA<\/p>\n<p><a href=\"http:\/\/culturacalena.blogspot.com\"><em>Cultura Ciudadana Cale\u00f1a<\/em><\/a><br \/>\nWilliam F. ORTIZ FRANCO<br \/>\n\u00cdngrid G. YEPES HERN\u00c1NDEZ<\/p>\n<p><a href=\"http:\/\/fabio-proyectocoeii.blogspot.com\/\"><em>Proyecto<\/em><\/a><br \/>\nFabio A. RAM\u00cdREZ CEPEDA<\/p>\n<p><a href=\"http:\/\/proyectocentraldiego.blogspot.com\/\">Acceso a la Educaci\u00f3n Superior de los Bachilleres de Guapi<\/a><br \/>\nDiego F. RODR\u00cdGUEZ CAICEDO<\/p>\n<p><a href=\"http:\/\/www.superdotadostalentosos.blogspot.com\/\">Educaci\u00f3n de los Ni\u00f1os Superdotados<\/a><br \/>\nMargith Silvana ROSERO CAICEDO<\/p>\n<p><a href=\"http:\/\/carrosvelocidadypasion.blogspot.com\/\"><em>Velocidad y Carros<\/em><\/a><br \/>\nMar\u00eda Alejandra SABOGAL SABOGAL<\/p>\n<p><a href=\"http:\/\/arquitecturacalena.blogspot.com\/\"><em>Arquitectura Cale\u00f1a<\/em><\/a><br \/>\nNatalia E. S\u00c1NCHEZ CAICEDO<\/p>\n<p><strong>GRUPO 33<\/strong><\/p>\n<p>Hmmm!<br \/>\nStefania BELALC\u00c1ZAR SERRANO <\/p>\n<p><a href=\"http:\/\/www.adiccionjuegos.blogspot.com\"><em>La Vida en un Juego<\/em><\/a><br \/>\nRodrigo Andr\u00e9s CU\u00c9LLAR ZAPATA<br \/>\nSebasti\u00e1n Andr\u00e9s CHAUX CRUZ <\/p>\n<p><a href=\"http:\/\/www.kathescobar.blogspot.com\"><em>Cataplejia en Cali<\/em><\/a><br \/>\nKatherine ESCOBAR MONTA\u00d1O<\/p>\n<p><a href=\"http:\/\/www.mariagalindo.blogspot.com\"><em>Ni\u00f1os Hu\u00e9rfanos con VIH en Cali<\/em><\/a><br \/>\nMar\u00eda del Mar GALINDO MORALES<\/p>\n<p><a href=\"http:\/\/ciudad-y-estres.blogspot.com\/\"><em>Ciudad y Estr\u00e9s<\/em><\/a><br \/>\nCristian GARC\u00cdA ESCOBAR<\/p>\n<p><a href=\"http:\/\/www.juanfernandocoe2.blogspot.com\"><em>Sedentarismo F\u00edsico<\/em><\/a><br \/>\nJuan Fernando GARC\u00cdA OCHOA<\/p>\n<p>Javier GARC\u00cdA RUIZ <\/p>\n<p><a href=\"http:\/\/deseosobsesiones.blogspot.com\/\"><em>Obsesi\u00f3n: &#8220;Peligro Inminente&#8221;<\/em><\/a><br \/>\nDaniela GIRALDO GARC\u00cdA<\/p>\n<p><a href=\"http:\/\/www.maxi9parabellum.blogspot.com\/\">Mascotas Urbanas<\/a><br \/>\nSergio MORIONES OSPINA<\/p>\n<p><a href=\"http:\/\/www.culturbans.blogspot.com\"><em>Culturas Urbanas: Cuesti\u00f3n de Identidad<\/em><\/a><br \/>\nLina Marcela MOSQUERA LEMUS<\/p>\n<p><a href=\"http:\/\/www.proyectodecomunicaciondavid.blogspot.com\"><em>Mas que un Hobbie, un Deporte<\/em><\/a><br \/>\nDavid Sebasti\u00e1n RAM\u00cdREZ MU\u00d1OZ<\/p>\n<p><a href=\"http:\/\/santiagocoe2.blogspot.com\/\"><em>Por Medio de la Inconsciencia<\/em><\/a><br \/>\nSantiago RUIZ MART\u00cdNEZ<\/p>\n<p><a href=\"http:\/\/sigajugando.blogspot.com\"><em>Siga Jugando. Apostar Adelgaza<\/em><\/a><br \/>\nLuis Felipe SALAZAR BEDOYA<\/p>\n<p><a href=\"http:\/\/chavezylaeconomia.blogspot.com\/\">Cali y Su M\u00fasica<\/a><br \/>\nCamilo Andr\u00e9s SUTA RAYO<\/p>\n<p><a href=\"http:\/\/daniellacomunicacion2.blogspot.com\/\"><em>Econom\u00eda Informal<\/em><\/a><br \/>\nDaniella TRUJILLO OSPINA<\/p>\n<p><a href=\"http:\/\/caliactiva.blogspot.com\/\"><em>\u00a1Cali Activa!<\/em><\/a><br \/>\nJuan Sebasti\u00e1n ZULUAGA GONZ\u00c1LEZ<\/p>\n","protected":false},"excerpt":{"rendered":"<p>GRUPO 31 Las Redes Sociales Jairo Marcel BEDOYA VALENCIA Vejez y Dignidad Elizabeth CAMARGO ALZATE Contaminaci\u00f3n Visual en Cali Laura CANAVAL FORERO Esteroides Juan Pablo CASTA\u00d1O VALENCIA D\u00cdAZ MENDOZA H\u00c9CTOR FABIO DUR\u00c1N QUIJANO LAURA LIZBETH La Ciudad de Oro Luis Felipe GARC\u00cdA DELGADO Violencia y Mujer Mar\u00eda Andrea GARC\u00cdA MART\u00cdNEZ Metal Sebasti\u00e1n GIRALDO AGUAYO Layla &hellip; <a href=\"https:\/\/www.icesi.edu.co\/blogs\/lenguajevirtual\/2010-01\/\" class=\"more-link\">Seguir leyendo <span class=\"screen-reader-text\">2010-01<\/span> <span class=\"meta-nav\">&rarr;<\/span><\/a><\/p>\n","protected":false},"author":16,"featured_media":0,"parent":0,"menu_order":0,"comment_status":"open","ping_status":"open","template":"","meta":{"footnotes":""},"class_list":["post-354","page","type-page","status-publish","hentry"],"aioseo_notices":[],"rttpg_featured_image_url":null,"rttpg_author":{"display_name":"Andrea Rodriguez Mancera","author_link":"https:\/\/www.icesi.edu.co\/blogs\/lenguajevirtual\/author\/66984904\/"},"rttpg_comment":0,"rttpg_category":null,"rttpg_excerpt":"GRUPO 31 Las Redes Sociales Jairo Marcel BEDOYA VALENCIA Vejez y Dignidad Elizabeth CAMARGO ALZATE Contaminaci\u00f3n Visual en Cali Laura CANAVAL FORERO Esteroides Juan Pablo CASTA\u00d1O VALENCIA D\u00cdAZ MENDOZA H\u00c9CTOR FABIO DUR\u00c1N QUIJANO LAURA LIZBETH La Ciudad de Oro Luis Felipe GARC\u00cdA DELGADO Violencia y Mujer Mar\u00eda Andrea GARC\u00cdA MART\u00cdNEZ Metal Sebasti\u00e1n GIRALDO AGUAYO Layla&hellip;","_links":{"self":[{"href":"https:\/\/www.icesi.edu.co\/blogs\/lenguajevirtual\/wp-json\/wp\/v2\/pages\/354"}],"collection":[{"href":"https:\/\/www.icesi.edu.co\/blogs\/lenguajevirtual\/wp-json\/wp\/v2\/pages"}],"about":[{"href":"https:\/\/www.icesi.edu.co\/blogs\/lenguajevirtual\/wp-json\/wp\/v2\/types\/page"}],"author":[{"embeddable":true,"href":"https:\/\/www.icesi.edu.co\/blogs\/lenguajevirtual\/wp-json\/wp\/v2\/users\/16"}],"replies":[{"embeddable":true,"href":"https:\/\/www.icesi.edu.co\/blogs\/lenguajevirtual\/wp-json\/wp\/v2\/comments?post=354"}],"version-history":[{"count":39,"href":"https:\/\/www.icesi.edu.co\/blogs\/lenguajevirtual\/wp-json\/wp\/v2\/pages\/354\/revisions"}],"predecessor-version":[{"id":411,"href":"https:\/\/www.icesi.edu.co\/blogs\/lenguajevirtual\/wp-json\/wp\/v2\/pages\/354\/revisions\/411"}],"wp:attachment":[{"href":"https:\/\/www.icesi.edu.co\/blogs\/lenguajevirtual\/wp-json\/wp\/v2\/media?parent=354"}],"curies":[{"name":"wp","href":"https:\/\/api.w.org\/{rel}","templated":true}]}}