{"id":576,"date":"2010-09-23T14:03:16","date_gmt":"2010-09-23T19:03:16","guid":{"rendered":"http:\/\/www.icesi.edu.co\/blogs\/lenguajevirtual\/?page_id=576"},"modified":"2010-10-07T14:39:51","modified_gmt":"2010-10-07T19:39:51","slug":"2010_02","status":"publish","type":"page","link":"https:\/\/www.icesi.edu.co\/blogs\/lenguajevirtual\/2010_02\/","title":{"rendered":"2010_02"},"content":{"rendered":"<p><strong>&#8212; GRUPO 9 &#8212;<\/strong><\/p>\n<p><a href=\"http:\/\/influenciapublicitaria.blogspot.com\/\"><strong><em>El Mundo Publicitario<\/em><\/strong> <\/a>&#8211; Estefan\u00eda ALEGR\u00cdA , Ana M. HURTADO<\/p>\n<p><em><strong><a href=\"http:\/\/disenoindustrialgustootendencia.blogspot.com\/\">Dise\u00f1o: \u00bfGusto o tendencia?<\/a><\/strong><\/em>\u00a0&#8211; Luis A. BUSTAMANTE<\/p>\n<p><a href=\"http:\/\/buenaventura-caramoneda.blogspot.com\/\"><strong><em>Buenaventura: La Otra Cara de la Moneda<\/em><\/strong><\/a> &#8211; Astrid CAICEDO<\/p>\n<p><strong><em><a href=\"http:\/\/crecimientodelrugbyencali.blogspot.com\/\">\u00bfA qu\u00e9 se debe el crecimiento de los practicantes del rugby en Cali?<\/a><\/em><\/strong> &#8211; Bladimir CASTELLANOS<\/p>\n<p><strong><em><a href=\"http:\/\/cadavezestamosmuymal.blogspot.com\/\">Cada Vez Estamos Peor<\/a><\/em><\/strong> &#8211; Andr\u00e9s M. CASTILLO B.<\/p>\n<p><strong><em><a href=\"http:\/\/humanosocomputadoras.blogspot.com\/\">\u00bfHumanos o Computadoras?<\/a><\/em><\/strong>\u00a0&#8211; Daniel DOM\u00cdNGUEZ<\/p>\n<p><strong><em><a href=\"http:\/\/luchandoporacabarconeltrabajoinfantil.blogspot.com\/\">Luchando por Acabar con el Trabajo Infantil <\/a><\/em><\/strong>&#8211; Diana K. GARC\u00cdA H.<\/p>\n<p><strong><em><a href=\"http:\/\/inglenelcole.blogspot.com\/\">Ingl\u00e9s en las Escuelas P\u00fablicas<\/a><\/em><\/strong> &#8211; \u00c1ngel A. JARR\u00cdN R.<\/p>\n<p><a href=\"http:\/\/deficienciadeltransportepublico.blogspot.com\/\"><strong><em>Deficiencia del Transporte en Cali<\/em><\/strong> <\/a>&#8211; Juan D. JIM\u00c9NEZ<\/p>\n<p><strong><em><a href=\"http:\/\/pokercoe.blogspot.com\/\">P\u00f3ker<\/a><\/em><\/strong> &#8211;\u00a0C\u00e9sar MART\u00cdNEZ y Juan S. VALDERRAMA<\/p>\n<p><strong><em><a href=\"http:\/\/culturasypersonalidades-sucurcielo.blogspot.com\/\">Culturas y Personalidades, \u00bfSon Aceptadas en Cali? <\/a><\/em><\/strong>&#8211; Jos\u00e9 S. NAVAS<\/p>\n<p><a href=\"http:\/\/rugbycal.blogspot.com\/\"><strong><em>Deporte de\u00a0Gamines Jugado por Caballeros<\/em><\/strong> <\/a>&#8211; Lady QUENGU\u00c1N<\/p>\n<p>Daniel TELLO<\/p>\n<p><strong><em><a href=\"http:\/\/natalia-occidentaloriental.blogspot.com\/\">Cultura Occidental, Cultura Oriental<\/a><\/em><\/strong>\u00a0&#8211; Natalia PARRA<\/p>\n<p><strong><em><a href=\"http:\/\/www.4lifecoe2.blogspot.com\/\">4Life: \u00bfMedicina Alternativa<\/a><\/em><\/strong> &#8211; Ana RU\u00cdZ<\/p>\n<p><a href=\"http:\/\/estebanvillegaslastra.blogspot.com\/\"><strong><em>El MIO a Jamund\u00ed<\/em><\/strong> <\/a>&#8211; Jonathan RU\u00cdZ y Esteban VILLEGAS L.<\/p>\n<p><strong><em><a href=\"http:\/\/proyectocoeii-vas.blogspot.com\/\">Fen\u00f3meno OTAKU<\/a><\/em><\/strong> &#8211; Viviana S\u00c1NCHEZ<\/p>\n<p><a href=\"http:\/\/lainfluenciamusicalencali.blogspot.com\/\"><strong><em>La Influencia Musical en Cali<\/em><\/strong> <\/a>&#8211; Luis F. ZAFRA<\/p>\n<p><strong>&#8212; GRUPO 13 &#8212;<\/strong><\/p>\n<p><strong><em><a href=\"http:\/\/www.volleyballenelicesi.blogspot.com\/\">Voleib\u00f3l en la Icesi<\/a><\/em><\/strong>\u00a0&#8211; Catalina CADENA G.<\/p>\n<p><strong><em><a href=\"http:\/\/sunoscalenos1.blogspot.com\/\">\u00a1C\u00f3mo\u00a0So\u00f1amos a Cali!<\/a><\/em><\/strong>\u00a0&#8211; Luis F. CALDER\u00d3N A. y Juan P. CAMPUZANO G.<\/p>\n<p><strong><em><a href=\"http:\/\/www.gastrogranada.blogspot.com\/\">Granada: Coraz\u00f3n Gastron\u00f3mico de Cali<\/a><\/em><\/strong>\u00a0&#8211; Juan D. CHAVARRIAGA S.<\/p>\n<p><a href=\"http:\/\/www.footballsegunlasmujeres.blogspot.com\/\"><strong><em>F\u00fatbol Seg\u00fan las Mujeres<\/em><\/strong>\u00a0<\/a>&#8211; Manuel F. ECHEVERRY R.<\/p>\n<p><strong><em><a href=\"http:\/\/comislamcali.blogspot.com\/\">Comunidad Isl\u00e1mica en Cali<\/a><\/em><\/strong>\u00a0&#8211; Carolina GONZ\u00c1LEZ G. y Cristian PE\u00d1ARANDA H.<\/p>\n<p><strong><em><a href=\"http:\/\/icesi-tenis.blogspot.com\/\">Tenis en Icesi<\/a><\/em><\/strong> &#8211; Sa\u00fal F. HENAO D.<\/p>\n<p><strong><a href=\"http:\/\/maltratodeanimalescali.blogspot.com\/\">Maltrato de Animales en Cali<\/a><\/strong>\u00a0&#8211; Diana HERN\u00c1NDEZ V.<\/p>\n<p><strong><em><a href=\"http:\/\/transportemio.blogspot.com\/\">MIO: \u00bfProblema o Soluci\u00f3n?<\/a><\/em><\/strong>\u00a0&#8211; Juli\u00e1n E. HERRERA P.<\/p>\n<p><strong><em><a href=\"http:\/\/catolicismoencali.blogspot.com\/\">Iglesia y Religi\u00f3n Cat\u00f3lica en Cali<\/a><\/em><\/strong>\u00a0&#8211; Sebasti\u00e1n MORALES V.<\/p>\n<p><strong><em><a href=\"http:\/\/laimportanciadeunpensum.blogspot.com\/\">La Importancia de un P\u00e9nsum<\/a><\/em><\/strong>\u00a0&#8211; Vanessa PRIETO H.<\/p>\n<p><strong><em><a href=\"http:\/\/proyectocigarrillo.blogspot.com\/\">Respirando Humo<\/a><\/em><\/strong>\u00a0&#8211; Juan S. REY L. y \u00c9dgar D. V\u00cdRGEN S.<\/p>\n<p><a href=\"http:\/\/www.telefoniamovilbbm.blogspot.com\/\"><strong><em>Telefon\u00eda M\u00f3vil<\/em><\/strong> <\/a>&#8211; Daniel ROJAS G.<\/p>\n<p><strong><em><a href=\"http:\/\/www.fanatismocristiano1.blogspot.com\/\">Iglesias Cristianas<\/a><\/em><\/strong>\u00a0&#8211; Diana M. SOL\u00cdS M.<\/p>\n<p><a href=\"http:\/\/www.cqdv.blogspot.com\/\"><strong><em>M\u00e1s All\u00e1 del Ac\u00e1<\/em><\/strong><\/a>\u00a0&#8211; Sebasti\u00e1n UNZUETA B.<\/p>\n<p><strong><em><a href=\"http:\/\/www.elsemaforodelacalle13.blogspot.com\/\">El Sem\u00e1foro\u00a0de la Calle 13<\/a><\/em><\/strong>\u00a0&#8211; \u00c9dgar A. YANDY D.<\/p>\n","protected":false},"excerpt":{"rendered":"<p>&#8212; GRUPO 9 &#8212; El Mundo Publicitario &#8211; Estefan\u00eda ALEGR\u00cdA , Ana M. HURTADO Dise\u00f1o: \u00bfGusto o tendencia?\u00a0&#8211; Luis A. BUSTAMANTE Buenaventura: La Otra Cara de la Moneda &#8211; Astrid CAICEDO \u00bfA qu\u00e9 se debe el crecimiento de los practicantes del rugby en Cali? &#8211; Bladimir CASTELLANOS Cada Vez Estamos Peor &#8211; Andr\u00e9s M. CASTILLO &hellip; <a href=\"https:\/\/www.icesi.edu.co\/blogs\/lenguajevirtual\/2010_02\/\" class=\"more-link\">Seguir leyendo <span class=\"screen-reader-text\">2010_02<\/span> <span class=\"meta-nav\">&rarr;<\/span><\/a><\/p>\n","protected":false},"author":16,"featured_media":0,"parent":0,"menu_order":0,"comment_status":"open","ping_status":"open","template":"","meta":{"footnotes":""},"class_list":["post-576","page","type-page","status-publish","hentry"],"aioseo_notices":[],"rttpg_featured_image_url":null,"rttpg_author":{"display_name":"Andrea Rodriguez Mancera","author_link":"https:\/\/www.icesi.edu.co\/blogs\/lenguajevirtual\/author\/66984904\/"},"rttpg_comment":0,"rttpg_category":null,"rttpg_excerpt":"&#8212; GRUPO 9 &#8212; El Mundo Publicitario &#8211; Estefan\u00eda ALEGR\u00cdA , Ana M. HURTADO Dise\u00f1o: \u00bfGusto o tendencia?\u00a0&#8211; Luis A. BUSTAMANTE Buenaventura: La Otra Cara de la Moneda &#8211; Astrid CAICEDO \u00bfA qu\u00e9 se debe el crecimiento de los practicantes del rugby en Cali? &#8211; Bladimir CASTELLANOS Cada Vez Estamos Peor &#8211; Andr\u00e9s M. CASTILLO&hellip;","_links":{"self":[{"href":"https:\/\/www.icesi.edu.co\/blogs\/lenguajevirtual\/wp-json\/wp\/v2\/pages\/576"}],"collection":[{"href":"https:\/\/www.icesi.edu.co\/blogs\/lenguajevirtual\/wp-json\/wp\/v2\/pages"}],"about":[{"href":"https:\/\/www.icesi.edu.co\/blogs\/lenguajevirtual\/wp-json\/wp\/v2\/types\/page"}],"author":[{"embeddable":true,"href":"https:\/\/www.icesi.edu.co\/blogs\/lenguajevirtual\/wp-json\/wp\/v2\/users\/16"}],"replies":[{"embeddable":true,"href":"https:\/\/www.icesi.edu.co\/blogs\/lenguajevirtual\/wp-json\/wp\/v2\/comments?post=576"}],"version-history":[{"count":10,"href":"https:\/\/www.icesi.edu.co\/blogs\/lenguajevirtual\/wp-json\/wp\/v2\/pages\/576\/revisions"}],"predecessor-version":[{"id":578,"href":"https:\/\/www.icesi.edu.co\/blogs\/lenguajevirtual\/wp-json\/wp\/v2\/pages\/576\/revisions\/578"}],"wp:attachment":[{"href":"https:\/\/www.icesi.edu.co\/blogs\/lenguajevirtual\/wp-json\/wp\/v2\/media?parent=576"}],"curies":[{"name":"wp","href":"https:\/\/api.w.org\/{rel}","templated":true}]}}