{"id":619,"date":"2011-01-18T19:20:56","date_gmt":"2011-01-19T00:20:56","guid":{"rendered":"http:\/\/www.icesi.edu.co\/blogs\/lenguajevirtual\/"},"modified":"2011-04-12T13:03:17","modified_gmt":"2011-04-12T18:03:17","slug":"2011-01","status":"publish","type":"page","link":"https:\/\/www.icesi.edu.co\/blogs\/lenguajevirtual\/2011-01\/","title":{"rendered":"2011-01"},"content":{"rendered":"<p><strong>Grupo 25<\/strong>\u00a0<\/p>\n<p><a href=\"http:\/\/multisalud-alexa.blogspot.com\/\">Multiafiiaci\u00f3n al Sistema de Salud<\/a> &#8211; Alexandra CH\u00c1VEZ ZAPATA\u00a0<\/p>\n<p><a href=\"http:\/\/ayudaalosninosconcancer.blogspot.com\/\">Ni\u00f1os con C\u00e1ncer, \u00bfQui\u00e9n los Ayuda?<\/a>\u00a0&#8211; Mar\u00eda A. DELGADO HINCAPI\u00c9\u00a0<\/p>\n<p><a href=\"http:\/\/dylanjuegos.blogspot.com\/\">Estudios-Videojuegos<\/a>\u00a0&#8211; Dylan F. D\u00cdAZ LUNA\u00a0<\/p>\n<p><a href=\"http:\/\/eldanoqueocasionamos.blogspot.com\/\">El Da\u00f1o que Ocasionamos al\u00a0Medio Ambiente<\/a>\u00a0&#8211; Laura M. GARC\u00c9S PALACIO, Aura L. TORO ESCOBAR\u00a0<\/p>\n<p><a href=\"http:\/\/gonzalezuribe93.blogspot.com\/\">Discriminaci\u00f3n hacia la\u00a0Comunidad\u00a0LGTB\u00a0<\/a>&#8211; Luisa F. GONZ\u00c1LEZ TAPIERO, Elvira C. URIBE ZORRILLA\u00a0<\/p>\n<p><a href=\"http:\/\/dementesencali.blogspot.com\/\">Dementes en Cali<\/a>\u00a0\u00a0&#8211; Mar\u00eda C. GRAJALES G\u00d3MEZ\u00a0<\/p>\n<p>proyecto &#8211; Juan A. LIBREROS ESPINEL\u00a0<\/p>\n<p><a href=\"http:\/\/revolucionyresistenciamusical.blogspot.com\/\">Revoluci\u00f3n y Resistencia desde la Cali Musical<\/a>\u00a0&#8211; Ana L. M\u00c9NDEZ NIETO\u00a0<\/p>\n<p><a href=\"http:\/\/tratamientospsiquiatricos.blogspot.com\/\">La Salud\u00a0Mental como Actividad Humana<\/a>\u00a0&#8211; Karen F. ORTEGA MART\u00cdNEZ\u00a0<\/p>\n<p>proyecto &#8211; Kevin ORT\u00cdZ BUITRAGO\u00a0<\/p>\n<p><a href=\"http:\/\/distritoblanco.blogspot.com\/\">Distrito Blanco\u00a0<\/a>&#8211; Lu\u00eds A.PIEDRAHITA WAGNER\u00a0<\/p>\n<p>proyecto &#8211; Juli\u00e1n A. RODR\u00cdGUEZ Z\u00da\u00d1IGA\u00a0<\/p>\n<p><a href=\"http:\/\/eldesarollodelosmedios.blogspot.com\/\">El Desarrollo de los Medios<\/a>\u00a0&#8211; Carlos A. SANABRIA VALERO\u00a0<\/p>\n<p><a href=\"http:\/\/atencionmedicaparavihsidaencolombia.blogspot.com\">Situaci\u00f3n Epidemiol\u00f3gica de VIH-Sida en Cali<\/a>\u00a0&#8211; Juan M. S\u00c1NCHEZ CASTRO\u00a0<\/p>\n<p><strong>\u00a0<\/strong><\/p>\n<p><strong>Grupo 27<\/strong>\u00a0<\/p>\n<p><span><a href=\"http:\/\/japon-victima.blogspot.com\/\">Miedo a la Solidaridad<\/a>\u00a0&#8211; <\/span><span>Sujail M. ABDALLAH MENDOZA, Andr\u00e9s F. <span>ZAMBRANO RAMOS <\/span><\/span>\u00a0<\/p>\n<p><span style=\"font-size: small\"><a href=\"http:\/\/animalmaltratador.blogspot.com\">El Hombre\u00a0es el \u00danico Animal que Maltrata por Placer<\/a> &#8211; Juliana <span>ALARC\u00d3N JARAMILLO <\/span><\/span>\u00a0<\/p>\n<p><span style=\"font-size: small\"><a href=\"http:\/\/atracciondelapublicidad.blogspot.com\">Crea <span style=\"font-size: small\">La Publicidad <\/span>y Cambia\u00a0Cultura\u00a0<\/a>&#8211; Santiago <span>ARIAS CORT\u00c9S<\/span><\/span>\u00a0<\/p>\n<p><span style=\"font-size: small\"><a href=\"http:\/\/sindromedelagotamiento.blogspot.com\/\">S\u00edndrome de Burnout<\/a>\u00a0&#8211; Andr\u00e9s M. <span>ARIAS OCAMPO, Stefany <span>VELASCO ZAMORA<\/span><\/span><\/span>\u00a0<\/p>\n<p><span style=\"font-size: small\"><a href=\"http:\/\/santiagocaicedou.blogspot.com\/\">Barras Bravas<\/a>\u00a0&#8211; Santiago <span>CAICEDO URICOECHEA<\/span><\/span>\u00a0<\/p>\n<p><span style=\"font-size: small\"><a href=\"http:\/\/www.escuelagaitan1.blogspot.com\/\">Proyecto Escuela Gait\u00e1n<\/a>\u00a0&#8211; Alejandra <span>CAMPO CASTRO, Ximena GUZM\u00c1N CABRALES, Juan S. DUR\u00c1N C\u00c1RDENAS<\/span><\/span>\u00a0<\/p>\n<p><span style=\"font-size: small\"><a href=\"http:\/\/discapacidadprocer.blogspot.com\/\">M\u00e1s que una Ayuda<\/a>\u00a0&#8211; Paola A. <span>D\u00cdAZ CARABALI<\/span><\/span>\u00a0<\/p>\n<p><span style=\"font-size: small\"><a href=\"http:\/\/elaborto-isabela.blogspot.com\">El Aborto\u00a0<\/a>&#8211; Isabela <span>ECHEVERRI P\u00c9REZ<\/span><\/span>\u00a0<\/p>\n<p><span style=\"font-size: small\"><a href=\"http:\/\/viascali.blogspot.com\">Las Destrozadas V\u00edas de Cali<\/a>\u00a0&#8211; \u00c1ngela M. <span>G\u00d3MEZ MU\u00d1ET\u00d3N, Camilo J. <span>ZAMORA MERA<\/span><\/span><\/span>\u00a0<\/p>\n<p><span style=\"font-size: small\"><span style=\"font-size: small\">Efecto Socioambiental de la\u00a0Quema de Ca\u00f1a de Az\u00facar\u00a0&#8211; Andr\u00e9s F. HORRILLO SABOGAL, Andr\u00e9s F. PALACIO LINCE <\/span><\/span>\u00a0<\/p>\n<p><span style=\"font-size: small\"><span style=\"font-size: small\"><a href=\"www.farrago8.blogspot.com\">BPM<\/a><\/span><\/span><span style=\"font-size: small\"><span style=\"font-size: small\">\u00a0&#8211; Iv\u00e1n <span>KERTZNUS RIVERA<\/span><\/span><\/span>\u00a0<\/p>\n<p><span style=\"font-size: small\"><a href=\"http:\/\/pirateriadesoftwarecoe2.blogspot.com\">Pirater\u00eda\u00a0de software en PYMES\u00a0<\/a>&#8211; Juan F. L\u00d3PEZ ONATRA, Andr\u00e9s F. ORT\u00cdZ CASTA\u00d1O<\/span><\/p>\n<p><span style=\"font-size: small\"><a href=\"http:\/\/fracasodeunproyecto.blogspot.com\">Un Programa que Fracasa<\/a>\u00a0&#8211; Andrea <span>MOYA MART\u00cdNEZ, <\/span><\/span><\/p>\n<p><span style=\"font-size: small\"><span><a href=\"http:\/\/educacion1inclusiva.blogspot.com\/\">Educaci\u00f3n Inclusiva<\/a>&#8211; Herney <span>RAIGOZA \u00c1LVAREZ<\/span><\/span><\/span>\u00a0<\/p>\n<p><span style=\"font-size: small\"><a href=\"http:\/\/modelodeestadocorrupcioneimpunidad.blogspot.com\/\">Modelo de Estado y Problemas Pol\u00edticos<\/a>\u00a0&#8211; Mar\u00eda J. <span>MU\u00d1OZ GUZM\u00c1N, Jorge L. HIGUITA L\u00d3PEZ<\/span><\/span>\u00a0<\/p>\n<p><span style=\"font-size: small\"><a href=\"http:\/\/placerestoxicos.blogspot.com\">Placeres T\u00f3xicos<\/a>\u00a0&#8211; Lina F. <span>TORRES REVELO <\/span><\/span><\/p>\n","protected":false},"excerpt":{"rendered":"<p>Grupo 25\u00a0 Multiafiiaci\u00f3n al Sistema de Salud &#8211; Alexandra CH\u00c1VEZ ZAPATA\u00a0 Ni\u00f1os con C\u00e1ncer, \u00bfQui\u00e9n los Ayuda?\u00a0&#8211; Mar\u00eda A. DELGADO HINCAPI\u00c9\u00a0 Estudios-Videojuegos\u00a0&#8211; Dylan F. D\u00cdAZ LUNA\u00a0 El Da\u00f1o que Ocasionamos al\u00a0Medio Ambiente\u00a0&#8211; Laura M. GARC\u00c9S PALACIO, Aura L. TORO ESCOBAR\u00a0 Discriminaci\u00f3n hacia la\u00a0Comunidad\u00a0LGTB\u00a0&#8211; Luisa F. GONZ\u00c1LEZ TAPIERO, Elvira C. URIBE ZORRILLA\u00a0 Dementes en Cali\u00a0\u00a0&#8211; Mar\u00eda &hellip; <a href=\"https:\/\/www.icesi.edu.co\/blogs\/lenguajevirtual\/2011-01\/\" class=\"more-link\">Seguir leyendo <span class=\"screen-reader-text\">2011-01<\/span> <span class=\"meta-nav\">&rarr;<\/span><\/a><\/p>\n","protected":false},"author":16,"featured_media":0,"parent":0,"menu_order":0,"comment_status":"open","ping_status":"open","template":"","meta":{"footnotes":""},"class_list":["post-619","page","type-page","status-publish","hentry"],"aioseo_notices":[],"rttpg_featured_image_url":null,"rttpg_author":{"display_name":"Andrea Rodriguez Mancera","author_link":"https:\/\/www.icesi.edu.co\/blogs\/lenguajevirtual\/author\/66984904\/"},"rttpg_comment":0,"rttpg_category":null,"rttpg_excerpt":"Grupo 25\u00a0 Multiafiiaci\u00f3n al Sistema de Salud &#8211; Alexandra CH\u00c1VEZ ZAPATA\u00a0 Ni\u00f1os con C\u00e1ncer, \u00bfQui\u00e9n los Ayuda?\u00a0&#8211; Mar\u00eda A. DELGADO HINCAPI\u00c9\u00a0 Estudios-Videojuegos\u00a0&#8211; Dylan F. D\u00cdAZ LUNA\u00a0 El Da\u00f1o que Ocasionamos al\u00a0Medio Ambiente\u00a0&#8211; Laura M. GARC\u00c9S PALACIO, Aura L. TORO ESCOBAR\u00a0 Discriminaci\u00f3n hacia la\u00a0Comunidad\u00a0LGTB\u00a0&#8211; Luisa F. GONZ\u00c1LEZ TAPIERO, Elvira C. URIBE ZORRILLA\u00a0 Dementes en Cali\u00a0\u00a0&#8211; Mar\u00eda&hellip;","_links":{"self":[{"href":"https:\/\/www.icesi.edu.co\/blogs\/lenguajevirtual\/wp-json\/wp\/v2\/pages\/619"}],"collection":[{"href":"https:\/\/www.icesi.edu.co\/blogs\/lenguajevirtual\/wp-json\/wp\/v2\/pages"}],"about":[{"href":"https:\/\/www.icesi.edu.co\/blogs\/lenguajevirtual\/wp-json\/wp\/v2\/types\/page"}],"author":[{"embeddable":true,"href":"https:\/\/www.icesi.edu.co\/blogs\/lenguajevirtual\/wp-json\/wp\/v2\/users\/16"}],"replies":[{"embeddable":true,"href":"https:\/\/www.icesi.edu.co\/blogs\/lenguajevirtual\/wp-json\/wp\/v2\/comments?post=619"}],"version-history":[{"count":23,"href":"https:\/\/www.icesi.edu.co\/blogs\/lenguajevirtual\/wp-json\/wp\/v2\/pages\/619\/revisions"}],"predecessor-version":[{"id":625,"href":"https:\/\/www.icesi.edu.co\/blogs\/lenguajevirtual\/wp-json\/wp\/v2\/pages\/619\/revisions\/625"}],"wp:attachment":[{"href":"https:\/\/www.icesi.edu.co\/blogs\/lenguajevirtual\/wp-json\/wp\/v2\/media?parent=619"}],"curies":[{"name":"wp","href":"https:\/\/api.w.org\/{rel}","templated":true}]}}