{"id":661,"date":"2011-09-14T07:29:19","date_gmt":"2011-09-14T12:29:19","guid":{"rendered":"http:\/\/www.icesi.edu.co\/blogs\/lenguajevirtual\/?page_id=661"},"modified":"2011-10-24T10:56:09","modified_gmt":"2011-10-24T15:56:09","slug":"2011-02","status":"publish","type":"page","link":"https:\/\/www.icesi.edu.co\/blogs\/lenguajevirtual\/2011-02\/","title":{"rendered":"2011-02"},"content":{"rendered":"<p><strong>Grupo 19<\/strong><\/p>\n<p><a href=\"http:\/\/tetrahidrocannabinolproyecto.blogspot.com\/\"><em>Los Efectos de la Cannabis<\/em><br \/>\n<\/a>Juan S. BRAND T.<\/p>\n<p><em><a href=\"http:\/\/ventasambulantesicesi.blogspot.com\/\">Ventas Ambulantes en la Icesi<\/a><br \/>\n<\/em>David A. D\u00cdAZ R. &#8211; Mark T. L\u00d3PEZ C.<\/p>\n<p><em><a href=\"http:\/\/icesicentral.blogspot.com\/\">\u00bfPor qu\u00e9 la Central?<\/a><\/em><br \/>\nKaren J. GONZ\u00c1LEZ F.<\/p>\n<p><a href=\"http:\/\/alejandra-cirugiaestetica.blogspot.com\/\"><em>Cirug\u00eda Est\u00e9tica<\/em><br \/>\n<\/a>Mary A. MART\u00cdNEZ G.<\/p>\n<p><a href=\"http:\/\/fanyanifutbol.blogspot.com\/\"><em>Academia de F\u00fatbol Fundaci\u00f3n Bernal S\u00e1nchez<\/em><br \/>\n<\/a>Yuri F. PASUY V.<\/p>\n<p><a href=\"http:\/\/experienciainglaterra.blogspot.com\/\"><em>Experiencia Internacional<\/em><br \/>\n<\/a>\u00c1ngela M. PE\u00d1A C.<\/p>\n<p><em><a href=\"http:\/\/leyantitabacoicesi.blogspot.com\">Ley Antitabaco en Icesi<\/a><\/em><br \/>\nDaniela RAM\u00cdREZ M.<\/p>\n<p><em><a href=\"http:\/\/fisicoculturismocali.blogspot.com\/\">Salud y F\u00edsicocultutismo<\/a><\/em><br \/>\nXiomara X. TORRES S.<\/p>\n<p><strong>Grupo 25<\/strong><\/p>\n<p><em><a href=\"http:\/\/ekono.blogspot.com\/\">Econom\u00eda Pol\u00edtica Jovial<\/a><\/em><br \/>\nMateo DUQUE O.<\/p>\n<p><em><a href=\"http:\/\/publicidadencalilujoonecesidad.blogspot.com\">Publicidad en Cali, \u00bfLujo o Necesidad?<br \/>\n<\/a><\/em>Natalia GARC\u00cdA H.<\/p>\n<p><em><a href=\"http:\/\/problematicarsocial.blogspot.com\">Redes Sociales: Una Problem\u00e1tica Actual<\/a><\/em><br \/>\nJessica GARC\u00cdA T. &#8211; Alejandro HOYOS S.<\/p>\n<p><em><a href=\"http:\/\/infodrugsprevents.blogspot.com\">Sustancias Psicoactivas en el Cerebro\u00a0\u00a0<\/a><\/em><br \/>\nDaniel GIRALDO A. &#8211; Sebasti\u00e1n PERDOMO H.<\/p>\n<p><em><a href=\"http:\/\/icesideportiva.blogspot.com\">&#8220;Icesi Deportiva&#8221;\u00a0<\/a><\/em><br \/>\nLuis F.GIRALDO S. &#8211; Christian C. PINEDA RINC\u00d3N<\/p>\n<p><em><a href=\"http:\/\/corridasdetoroscali.blogspot.com\">Tauromaqu\u00eda, \u00bfArte y Cultura?<\/a><\/em><br \/>\nMelissa GONZ\u00c1LEZ M.<\/p>\n<p><em><a href=\"http:\/\/leucemiacali.blogspot.com\">Leucemia\u00a0<\/a><\/em><br \/>\nJuan S. HERRERA S.<\/p>\n<p><em><a href=\"http:\/\/investigacinmercadoscali-daniela.blogspot.com\">Investigaci\u00f3n de Mercados<\/a><br \/>\n<\/em>Daniela HINCAPI\u00c9 M.<\/p>\n<p><em><a href=\"http:\/\/paraisosinoportunidades123.blogspot.com\">Para\u00edso sin Oportunidades<\/a><\/em><br \/>\nJessica MONTERO M. &#8211;\u00a0Joan S. OSORIO H.<\/p>\n<p><em><a href=\"http:\/\/smartttec.blogspot.com\">Tecnolog\u00eda Smartphone<\/a><\/em><br \/>\nAndr\u00e9s F.P\u00c9REZ C.<\/p>\n<p><em><a href=\"http:\/\/taekwondoencali.blogspot.com\">Taekwondo en Cali<\/a><\/em><br \/>\nAlejandro REBOLLEDO S.<\/p>\n<p><em><a href=\"http:\/\/saludmentaluniversitaria.blogspot.com\">Salud Mental Universitaria<\/a><\/em><br \/>\nAlejandra RENGIFO H.\u00a0 &#8211; Zoe RESTREPO G.<\/p>\n<p><em><a href=\"http:\/\/distribuciondeingreso.blogspot.com\">Distribuci\u00f3n de Ingresos<\/a><\/em><br \/>\nNathalia S. TORO C.<\/p>\n<p><em><a href=\"http:\/\/traumacraneoencefalico1.blogspot.com\">Trauma Craneoencef\u00e1lico 1<\/a><\/em><br \/>\nPaola A. VIDAL L.<\/p>\n<p><strong>Grupo 27<\/strong><\/p>\n<p><a href=\"http:\/\/krreramaspopular.blogspot.com\/\"><em>La Carrera m\u00e1s Popular<\/em><br \/>\n<\/a>Leonardo AGUIAR V.<\/p>\n<p><em><a href=\"http:\/\/anonymousdetrasdelaverdad.blogspot.com\">Anonymous detr\u00e1s de la\u00a0 Verdad<\/a><\/em><br \/>\nEdwin M. \u00c1LVAREZ QUINTERO &#8211; Luisa F. LINERO M.<\/p>\n<p><em><a href=\"http:\/\/elultimorio.blogspot.com\/\">Conservando el R\u00edo Pance<\/a><\/em><br \/>\n\u00c1ngela M. AYALA T.<\/p>\n<p><a href=\"http:\/\/estrategiasmotivacion.blogspot.com\"><em>Estrategias de Motivaci\u00f3n<\/em><br \/>\n<\/a>Maribel BONILLA P. &#8211; \u00c1. Santiago ORTEG\u00d3N B.<\/p>\n<p><em><a href=\"http:\/\/dmi-carga.blogspot.com\">DMI vs. Otras Carreras<\/a><\/em><br \/>\nLuis F. CEDIEL T. &#8211; Mar\u00eda C. DAZA L.<\/p>\n<p><em><a href=\"http:\/\/gusanilloazul.blogspot.com\">Gusanillo Azul<\/a><\/em><br \/>\nJos\u00e9 L. FRANKY V.<\/p>\n<p><em><a href=\"http:\/\/ntmiedo.blogspot.com\">Miedos Irracionales<\/a><\/em><br \/>\nPaola A. GUERRERO M.<\/p>\n<p><em><a href=\"http:\/\/elcancerpediatrico.blogspot.com\">El C\u00e1ncer en Ni\u00f1os<\/a><\/em><br \/>\nAlexandra S. IB\u00c1\u00d1EZ Q.<\/p>\n<p><a href=\"http:\/\/differentsightw.blogspot.com\/\"><em>La Pena de Muerte<\/em><\/a><br \/>\nAndrea JARAMILLO G.<\/p>\n<p><em><a href=\"http:\/\/acueductossantander.blogspot.com\">Acueductos en Santader<\/a> <\/em><br \/>\nSergio L. LASSO G.<\/p>\n<p><a href=\"http:\/\/ancianatosencali.blogspot.com\"><em>Cottolengo<\/em><br \/>\n<\/a>Ver\u00f3nica L\u00d3PEZ L.<\/p>\n<p><em><a href=\"http:\/\/bloodhongo.blogspot.com\">La Casa Azul<\/a><\/em><br \/>\nJavier A. PATI\u00d1O Z.<\/p>\n<p><em><a href=\"http:\/\/shinanimesencali.blogspot.com\/\">Shinanimes en Cali<\/a><\/em><br \/>\nKarina L. RODR\u00cdGUEZ V.<\/p>\n<p><a href=\"http:\/\/graffitisjs.blogspot.com\/\"><em>Ideas como Arte: el Graffiti<\/em><br \/>\n<\/a>Jorge L. S\u00c1NCHEZ O.<\/p>\n<p><em><a href=\"http:\/\/trabajo-nocturno.blogspot.com\">Trabajo Nocturno<\/a><\/em><br \/>\nMiguel \u00c1. TEZNA B.<\/p>\n","protected":false},"excerpt":{"rendered":"<p>Grupo 19 Los Efectos de la Cannabis Juan S. BRAND T. Ventas Ambulantes en la Icesi David A. D\u00cdAZ R. &#8211; Mark T. L\u00d3PEZ C. \u00bfPor qu\u00e9 la Central? Karen J. GONZ\u00c1LEZ F. Cirug\u00eda Est\u00e9tica Mary A. MART\u00cdNEZ G. Academia de F\u00fatbol Fundaci\u00f3n Bernal S\u00e1nchez Yuri F. PASUY V. Experiencia Internacional \u00c1ngela M. PE\u00d1A C. &hellip; <a href=\"https:\/\/www.icesi.edu.co\/blogs\/lenguajevirtual\/2011-02\/\" class=\"more-link\">Seguir leyendo <span class=\"screen-reader-text\">2011-02<\/span> <span class=\"meta-nav\">&rarr;<\/span><\/a><\/p>\n","protected":false},"author":16,"featured_media":0,"parent":0,"menu_order":0,"comment_status":"open","ping_status":"open","template":"","meta":{"footnotes":""},"class_list":["post-661","page","type-page","status-publish","hentry"],"aioseo_notices":[],"rttpg_featured_image_url":null,"rttpg_author":{"display_name":"Andrea Rodriguez Mancera","author_link":"https:\/\/www.icesi.edu.co\/blogs\/lenguajevirtual\/author\/66984904\/"},"rttpg_comment":0,"rttpg_category":null,"rttpg_excerpt":"Grupo 19 Los Efectos de la Cannabis Juan S. BRAND T. Ventas Ambulantes en la Icesi David A. D\u00cdAZ R. &#8211; Mark T. L\u00d3PEZ C. \u00bfPor qu\u00e9 la Central? Karen J. GONZ\u00c1LEZ F. Cirug\u00eda Est\u00e9tica Mary A. MART\u00cdNEZ G. Academia de F\u00fatbol Fundaci\u00f3n Bernal S\u00e1nchez Yuri F. PASUY V. Experiencia Internacional \u00c1ngela M. PE\u00d1A C.&hellip;","_links":{"self":[{"href":"https:\/\/www.icesi.edu.co\/blogs\/lenguajevirtual\/wp-json\/wp\/v2\/pages\/661"}],"collection":[{"href":"https:\/\/www.icesi.edu.co\/blogs\/lenguajevirtual\/wp-json\/wp\/v2\/pages"}],"about":[{"href":"https:\/\/www.icesi.edu.co\/blogs\/lenguajevirtual\/wp-json\/wp\/v2\/types\/page"}],"author":[{"embeddable":true,"href":"https:\/\/www.icesi.edu.co\/blogs\/lenguajevirtual\/wp-json\/wp\/v2\/users\/16"}],"replies":[{"embeddable":true,"href":"https:\/\/www.icesi.edu.co\/blogs\/lenguajevirtual\/wp-json\/wp\/v2\/comments?post=661"}],"version-history":[{"count":44,"href":"https:\/\/www.icesi.edu.co\/blogs\/lenguajevirtual\/wp-json\/wp\/v2\/pages\/661\/revisions"}],"predecessor-version":[{"id":663,"href":"https:\/\/www.icesi.edu.co\/blogs\/lenguajevirtual\/wp-json\/wp\/v2\/pages\/661\/revisions\/663"}],"wp:attachment":[{"href":"https:\/\/www.icesi.edu.co\/blogs\/lenguajevirtual\/wp-json\/wp\/v2\/media?parent=661"}],"curies":[{"name":"wp","href":"https:\/\/api.w.org\/{rel}","templated":true}]}}