{"id":707,"date":"2012-03-20T16:35:38","date_gmt":"2012-03-20T21:35:38","guid":{"rendered":"http:\/\/www.icesi.edu.co\/blogs\/lenguajevirtual\/?page_id=707"},"modified":"2012-04-13T10:43:01","modified_gmt":"2012-04-13T15:43:01","slug":"2012-01","status":"publish","type":"page","link":"https:\/\/www.icesi.edu.co\/blogs\/lenguajevirtual\/2012-01\/","title":{"rendered":"2012-01"},"content":{"rendered":"<p><strong>GRUPO 47<\/strong><\/p>\n<p><a href=\"http:\/\/www.donaciondesangreenicesi.blogspot.com\/\">Donaci\u00f3n de Sangre en Icesi<br \/>\n<\/a>Iv\u00e1n D. Cruz \u00c1.<\/p>\n<p><a href=\"http:\/\/www.medicinaincesi.blogspot.com\/\">Medicina In-cesi<\/a><br \/>\nNathalia Esmeral<\/p>\n<p><a href=\"http:\/\/www.piensalobienn.blogspot.com\/\">Pi\u00e9nsalo Bien Antes de dar el Primer Paso<br \/>\n<\/a>Stephanie Giraldo<\/p>\n<p><a href=\"http:\/\/www.luis-historiadelaicesi.blogspot.com\/\">Intercambio Estudiantil en Icesi<\/a><a href=\"http:\/\/www.luis-intercambioestudiantilenicesi.blogspot.com\/\"><br \/>\n<\/a>Luis F. Lora D.<\/p>\n<p><a href=\"http:\/\/www.lifewarrior1992.blogspot.com\/\">Palabras al Aire<br \/>\n<\/a>Luis F. Manrique M.<\/p>\n<p><a href=\"http:\/\/www.drogadiccioncamiloterreros.blogspot.com\/\">Drogadicci\u00f3n en el Colegio Camilo Terrero<br \/>\n<\/a>Diego F. Molina R.<\/p>\n<p><a href=\"http:\/\/www.natalia-decisiones-erroneas.blogspot.com\/\">Drogadicci\u00f3n: Prevenciones<br \/>\n<\/a>Natalia Mondrag\u00f3n M.<\/p>\n<p><a href=\"http:\/\/www.ensayobarrasbravas.blogspot.com\/\">Barras &#8220;Bravas&#8221; en la Ciudad de Cali<br \/>\n<\/a>Daniel A. Mottoa D.<\/p>\n<p><a href=\"http:\/\/www.rengifo-rincon.blogspot.com\/\">Tauromaquia<br \/>\n<\/a>Emmanuel Rengifo S.<br \/>\nCamilo E.\u00a0Rinc\u00f3n J.<\/p>\n<p><a href=\"http:\/\/www.clockere.blogspot.com\/\">Con el Locker en la Espalda<br \/>\n<\/a>Mar\u00eda A. S\u00e1nchez G.<\/p>\n<p><a href=\"http:\/\/www.vihcali.blogspot.com\/\">VIH Ni\u00f1os en Cali<\/a><br \/>\nIvette Toro Z.<\/p>\n<p><a href=\"http:\/\/www.elcuadroquemotivaenicesi.blogspot.com\/\">Libre de Estr\u00e9s: un Cliente Motivado<br \/>\n<\/a>Santiago Vel\u00e1squez A.<\/p>\n<p><a href=\"http:\/\/www.aprendizajeactivoenicesi.blogspot.com\/\">Aprendizaje Activo en Icesi<br \/>\n<\/a>Juan P. Viteri C.<\/p>\n<p><strong>GRUPO\u00a0 25<\/strong><\/p>\n<p><a href=\"http:\/\/www.cerebrosuenoyaprendizaje.blogspot.com\/\">Cerebro, Sue\u00f1o y Aprendizaje<br \/>\n<\/a>Margarita M. Alzate B.<\/p>\n<p><a href=\"http:\/\/www.eldiscursoreligioso.blogspot.com\/\">El Discurso Religioso<br \/>\n<\/a>Ver\u00f3nica Arbel\u00e1ez F.<\/p>\n<p><a href=\"http:\/\/www.psicosismaniaco.blogspot.com\/\">Trastorno Bipolar: Tratable, no Curable<br \/>\n<\/a>Natalia Barberena B.<\/p>\n<p><a href=\"http:\/\/www.megaobrasencali.blogspot.com\/\">Impacto de las Megaobras en Cali<br \/>\n<\/a>Carlos J. Bello G.<\/p>\n<p><a href=\"http:\/\/www.usodesmartphones.blogspot.com\/\">Smartphones<br \/>\n<\/a>Viviana Benavides P.<\/p>\n<p><a href=\"http:\/\/www.lupusataqueali.blogspot.com\/\">Lupus: el Ataque de un Aliado<br \/>\n<\/a>Juan S. Borrero M.<\/p>\n<p><a href=\"http:\/\/www.dfcaicedomarin.blogspot.com\/\">Internet y Videojuegos: Fuente de Ingresos<br \/>\n<\/a>Daniel F.Caicedo M.<\/p>\n<p><a href=\"http:\/\/www.vision-jota.blogspot.com\/\">Una Nueva Visi\u00f3n de la Publicidad<br \/>\n<\/a>\u00c1ngela J. Calle A.<\/p>\n<p><a href=\"http:\/\/www.tecnoquimicaspionero.blogspot.com\/\">Tecnoqu\u00edmicas, Laboratorio Farmac\u00e9utico Pionero en Ventas<br \/>\n<\/a>N\u00e9stor D. D\u00edaz D.<\/p>\n<p><a href=\"http:\/\/www.caracol-africano.blogspot.com\/\">El Caracol Africano en Nuestra Ciudad<\/a><br \/>\nNicole D\u00edaz M.<\/p>\n<p><a href=\"http:\/\/www.avemariamicomic.blogspot.com\/\">El Comic en Cali<br \/>\n<\/a>David E. Erazo A.]<br \/>\nJohan S. Ram\u00edrez\u00a0 L.<\/p>\n<p><a href=\"http:\/\/www.indigenciainf.blogspot.com\/\">Indigencia Infantil<\/a><br \/>\nPaula A. Ledesma C.<br \/>\nStephany A. Sol\u00f3rzano C.<\/p>\n<p><a href=\"http:\/\/www.juegos-rts.blogspot.com\/\">Adicci\u00f3n a Videojuegos<br \/>\n<\/a>Juan S. Molina C.<\/p>\n<p><a href=\"http:\/\/saltosatletismo.blogspot.com\/2012\/03\/introduccion-podemos-definir-el-deporte.html\">El Deporte, \u00bfun Bien o un Riesgo para la Salud?<br \/>\n<\/a>Jorge A. Mun\u00e9var R.<\/p>\n<p><a href=\"http:\/\/www.drogasenlasuniversidadesd.blogspot.com\/\">La Drogadicci\u00f3n en las Universidades de Cali<br \/>\n<\/a>Mar\u00eda del Mar Orrego P.<\/p>\n<p><a href=\"http:\/\/www.trabajoyalimentacion.blogspot.com\/\">Ciudad, Trabajo y Pr\u00e1cticas Alimenticias<\/a><br \/>\nDaniela Ortiz D.<\/p>\n<p><a href=\"http:\/\/www.dinandosaludjp.blogspot.com\/\">Dise\u00f1ando Salud<br \/>\n<\/a>Julia T. Prado J.<\/p>\n<p><a href=\"http:\/\/www.influencia-de-la-musica.blogspot.com\/\">La Influencia de la M\u00fasica<br \/>\n<\/a>Mat\u00edas I. Ramos F.<\/p>\n<p><a href=\"http:\/\/www.rivierenergia.blogspot.com\/\">El Uso Adecuado de la Energ\u00eda<br \/>\n<\/a>Carlos A. Riviere C.<\/p>\n<p><a href=\"http:\/\/www.elpapeldelcanalla-miguello.blogspot.com\/\">Arte en Auge<br \/>\n<\/a>Miguel \u00c1. Rojas C.<\/p>\n<p><a href=\"http:\/\/www.accionesantropogenicasriocali.blogspot.com\/\">Acciones Antropog\u00e9nicas en el R\u00edo Cali<\/a><br \/>\nAnamar\u00eda Rubio R.<\/p>\n<p><a href=\"http:\/\/www.disenotuderecha.blogspot.com\/\">Dise\u00f1o tu Derecha<\/a><br \/>\nMar\u00eda P. Tello R.<\/p>\n<p><a href=\"http:\/\/www.inseguridad-en-cali.blogspot.com\/\">Inseguridad en el Territorio Cale\u00f1o<br \/>\n<\/a>Juan C. V\u00e1squez N.<\/p>\n<p><strong>Grupo 25<\/strong><\/p>\n<p><a href=\"http:\/\/www.semioticadelosartefactos.blogspot.com\/\">Semi\u00f3tica de los Artefactos<br \/>\n<\/a>Mar\u00eda M. Aristiz\u00e1bal B.<br \/>\nDiana I. Palomino V.<\/p>\n<p><a href=\"http:\/\/factoressocialesydecisionesjudiciales.blogspot.com\/\">Factores Sociales y Decisiones Jur\u00eddicas<\/a><br \/>\nLaura V. Bustos P.<br \/>\nAna M.Delgado P.<\/p>\n<p><a href=\"http:\/\/www.huellasymemorias.blogspot.com\/\">Huellas de una Ciudad sin Memoria<br \/>\n<\/a>Carmen E. Cabezas H.<br \/>\nDaniela A. G\u00f3mez V.<\/p>\n<p><a href=\"http:\/\/www.elmejorcinecomercialencali.blogspot.com\/\">El Mejor Cine Comercial\u00a0en Cali<br \/>\n<\/a>Estefano Castillo B.<\/p>\n<p><a href=\"http:\/\/www.automedicacionsociedad.blogspot.com\/\">Automedicaci\u00f3n y Sociedad<\/a><br \/>\nDaniel A. Chamorro M.<\/p>\n<p><a href=\"http:\/\/www.sentimiento-escarlata.blogspot.com\/\">El Renacimiento del Am\u00e9rica de Cali<br \/>\n<\/a>Nicol\u00e1s D\u00edaz D.<br \/>\nJuan S. Gordillo G.<br \/>\nSebasti\u00e1n L\u00f3pez \u00a0A.<\/p>\n<p><a href=\"http:\/\/www.reciclajeencali.blogspot.com\/\">Reciclaje en Cali, \u00bfFunciona?<br \/>\n<\/a>Juan P. G\u00f3mez J.<\/p>\n<p><a href=\"http:\/\/www.violencialosvideojuegos.blogspot.com\/\">Violencia en los Videojuegos<\/a><br \/>\nJuan S. Idrobo V.<\/p>\n<p><a href=\"http:\/\/www.nataliatascon.blogspot.com\/\">C\u00e1ncer de Cervis en Cali<br \/>\n<\/a>Natalia A. Leal T.<\/p>\n<p><a href=\"http:\/\/www.crackberry-diseases.blogspot.com\/\">Blackberry&#8217;s Diseases<br \/>\n<\/a>Andr\u00e9s F. Lenis B.<br \/>\nCarlos A. Mej\u00eda V.<\/p>\n<p><a href=\"http:\/\/www.adultmusic1.blogspot.com\/\">M\u00fasica Electr\u00f3nica desde la Perspectiva Kubic Room<br \/>\n<\/a>Samuel D. Medina V.<\/p>\n<p><a href=\"http:\/\/www.sociabilidadserhumano.blogspot.com\/\">\u00bfPor qu\u00e9 el Hombre Tiene la Necesidad de Socializar?<br \/>\n<\/a>Mar\u00eda J. Ocampo C.<br \/>\nLaura A. Vanin M.<\/p>\n<p><a href=\"http:\/\/www.angie-oquendo.blogspot.com\/\">Beneficios de una Buena Alimentaci\u00f3n<\/a><br \/>\nAngie L. Oquendo C.<\/p>\n<p><a href=\"http:\/\/salsaencaliporjdp.blogspot.com\/\">Historia de la Salsa en Cali<\/a><a href=\"http:\/\/elmioencaliporjdpz.blogspot.com\/\"><br \/>\n<\/a>Juan D. Paz Z.<\/p>\n<p><a href=\"http:\/\/consecuenciasdelegalizarlasdrogas.blogspot.com\/\">Las Consecuencias de Legalizar las Drogas<\/a><br \/>\n\u00c1lvaro J. S\u00e1nchez M.<\/p>\n<p><a href=\"http:\/\/calnetamientoglobal-paula.blogspot.com\/\">El Calentamiento Global y los Estudiantes<\/a><br \/>\nPaula A. Vacaflor T.<\/p>\n<p><a href=\"http:\/\/juancvallejo.blogspot.com\/\">Astronom\u00eda (Explosiones Solares)<\/a><br \/>\nJuan C. Vallejo A.<\/p>\n<p><a href=\"http:\/\/www.gestionresiduos-keling.blogspot.com\/\">Desarrollo de la Gesti\u00f3n Integral de Residuos S\u00f3lidos y Ordinarios en Icesi<br \/>\n<\/a>Keling Witting R.<\/p>\n","protected":false},"excerpt":{"rendered":"<p>GRUPO 47 Donaci\u00f3n de Sangre en Icesi Iv\u00e1n D. Cruz \u00c1. Medicina In-cesi Nathalia Esmeral Pi\u00e9nsalo Bien Antes de dar el Primer Paso Stephanie Giraldo Intercambio Estudiantil en Icesi Luis F. Lora D. Palabras al Aire Luis F. Manrique M. Drogadicci\u00f3n en el Colegio Camilo Terrero Diego F. Molina R. Drogadicci\u00f3n: Prevenciones Natalia Mondrag\u00f3n M. &hellip; <a href=\"https:\/\/www.icesi.edu.co\/blogs\/lenguajevirtual\/2012-01\/\" class=\"more-link\">Seguir leyendo <span class=\"screen-reader-text\">2012-01<\/span> <span class=\"meta-nav\">&rarr;<\/span><\/a><\/p>\n","protected":false},"author":16,"featured_media":0,"parent":0,"menu_order":0,"comment_status":"open","ping_status":"open","template":"","meta":{"footnotes":""},"class_list":["post-707","page","type-page","status-publish","hentry"],"aioseo_notices":[],"rttpg_featured_image_url":null,"rttpg_author":{"display_name":"Andrea Rodriguez Mancera","author_link":"https:\/\/www.icesi.edu.co\/blogs\/lenguajevirtual\/author\/66984904\/"},"rttpg_comment":0,"rttpg_category":null,"rttpg_excerpt":"GRUPO 47 Donaci\u00f3n de Sangre en Icesi Iv\u00e1n D. Cruz \u00c1. Medicina In-cesi Nathalia Esmeral Pi\u00e9nsalo Bien Antes de dar el Primer Paso Stephanie Giraldo Intercambio Estudiantil en Icesi Luis F. Lora D. Palabras al Aire Luis F. Manrique M. Drogadicci\u00f3n en el Colegio Camilo Terrero Diego F. Molina R. Drogadicci\u00f3n: Prevenciones Natalia Mondrag\u00f3n M.&hellip;","_links":{"self":[{"href":"https:\/\/www.icesi.edu.co\/blogs\/lenguajevirtual\/wp-json\/wp\/v2\/pages\/707"}],"collection":[{"href":"https:\/\/www.icesi.edu.co\/blogs\/lenguajevirtual\/wp-json\/wp\/v2\/pages"}],"about":[{"href":"https:\/\/www.icesi.edu.co\/blogs\/lenguajevirtual\/wp-json\/wp\/v2\/types\/page"}],"author":[{"embeddable":true,"href":"https:\/\/www.icesi.edu.co\/blogs\/lenguajevirtual\/wp-json\/wp\/v2\/users\/16"}],"replies":[{"embeddable":true,"href":"https:\/\/www.icesi.edu.co\/blogs\/lenguajevirtual\/wp-json\/wp\/v2\/comments?post=707"}],"version-history":[{"count":21,"href":"https:\/\/www.icesi.edu.co\/blogs\/lenguajevirtual\/wp-json\/wp\/v2\/pages\/707\/revisions"}],"predecessor-version":[{"id":709,"href":"https:\/\/www.icesi.edu.co\/blogs\/lenguajevirtual\/wp-json\/wp\/v2\/pages\/707\/revisions\/709"}],"wp:attachment":[{"href":"https:\/\/www.icesi.edu.co\/blogs\/lenguajevirtual\/wp-json\/wp\/v2\/media?parent=707"}],"curies":[{"name":"wp","href":"https:\/\/api.w.org\/{rel}","templated":true}]}}