{"id":8,"date":"2008-04-02T00:31:27","date_gmt":"2008-04-02T05:31:27","guid":{"rendered":"http:\/\/www.icesi.edu.co\/blogs\/lenguajevirtual\/01-2007\/"},"modified":"2008-04-07T20:42:53","modified_gmt":"2008-04-08T01:42:53","slug":"01-2007","status":"publish","type":"page","link":"https:\/\/www.icesi.edu.co\/blogs\/lenguajevirtual\/01-2007\/","title":{"rendered":"01-2007"},"content":{"rendered":"<p>Experiencia 1\u2026<\/p>\n<p><a href=\"http:\/\/proyectopublicidad.blogspot.com\">http:\/\/proyectopublicidad.blogspot.com<\/a><br \/>\n<em>Publicidad\u2026 un poder de convencimiento<\/em><br \/>\nAutora: Isabella \u00c1LVAREZ J.<\/p>\n<p><a href=\"http:\/\/introduccionadiccioncigarrillo.blogspot.com\">URL : http:\/\/introduccionadiccioncigarrillo.blogspot.com<\/a><br \/>\n<em>Cigarrillo<\/em><br \/>\nAutor : Ricardo A. ARCILA T.<\/p>\n<p><a href=\"http:\/\/lavidasegunbetto.blogspot.com\">http:\/\/lavidasegunbetto.blogspot.com<\/a><br \/>\n<em>La Injusticia Social<\/em><br \/>\nAutor: Carlos Alberto ARENAS O.<\/p>\n<p><a href=\"http:\/\/diana.nireblog.com\">http:\/\/diana.nireblog.com<\/a><br \/>\n<em>Futuro Infantil<\/em><br \/>\nAutoras: Diana Marcela ARIAS C. &#8211; Ana Karenina GUZM\u00c1N M.<\/p>\n<p><a href=\"http:\/\/iepipecardona.blogspot.com\">http:\/\/iepipecardona.blogspot.com<\/a><br \/>\n<em>Inteligencia Emocional<\/em><br \/>\nAutor: Lu\u00eds Felipe CARDONA O.<\/p>\n<p><a href=\"http:\/\/sebdelga.blogspot.com\">http:\/\/sebdelga.blogspot.com<\/a><br \/>\n<em>La contaminaci\u00f3n del transporte p\u00fablico en Santiago de Cali<\/em><br \/>\nAutor: Sebasti\u00e1n DELGADO G.<\/p>\n<p><a href=\"http:\/\/violenciatura.blogspot.com\">http:\/\/violenciatura.blogspot.com<\/a><br \/>\n<em>Violencia en Buenaventura<\/em><br \/>\nAutor: Erick Daniel ESTRADA G.<\/p>\n<p><a href=\"http:\/\/hkari.blogspot.com\">http:\/\/hkari.blogspot.com<\/a><br \/>\n<em>Desplazados en Cali<\/em><br \/>\nAutora: Karina FRANCO A.<\/p>\n<p><a href=\"http:\/\/topofmindelmercado.blogspot.com\">http:\/\/topofmindelmercado.blogspot.com<\/a><br \/>\n<em>Top of mind del mercado<\/em><br \/>\nAutoras: Sandra Milena GARC\u00cdA M. &#8211; Jennifer MOLINA V.<\/p>\n<p><a href=\"http:\/\/giorgiogiraldo.blogspot.com\">http:\/\/giorgiogiraldo.blogspot.com<\/a><br \/>\n<em>El blog del Rock<\/em><br \/>\nAutor: Jorge Enrique GIRALDO S.<\/p>\n<p><a href=\"http:\/\/nataproyecto.blogspot.com\">http:\/\/nataproyecto.blogspot.com<\/a><br \/>\n<em>La Indigencia en Cali<\/em><br \/>\nAutora: Nataly L\u00d3PEZ G.<\/p>\n<p><a href=\"http:\/\/diego-proyecto.blogspot.com\">http:\/\/diego-proyecto.blogspot.com<\/a><br \/>\n<em>Comercio Andino vs. Estados Unidos<\/em><br \/>\nAutor: Diego Fernando NAVARRO R.<\/p>\n<p><a href=\"http:\/\/principaeconomiainformal.blogspot.com\">http:\/\/principaeconomiainformal.blogspot.com<\/a><br \/>\n<em>Econom\u00eda Informal<\/em><br \/>\nAutor: Rodrigo OSORIO L.<\/p>\n<p><a href=\"http:\/\/project-juank.blogspot.com\">http:\/\/project-juank.blogspot.com<\/a><br \/>\n<em>Adicci\u00f3n al Cigarrillo<\/em><br \/>\nAutor: Juan Carlos PORTILLA G.<\/p>\n<p><a href=\"http:\/\/aneiap.blogspot.com\">http:\/\/aneiap.blogspot.com<\/a><br \/>\n<em>ANEIAP<\/em><br \/>\nAutor: Leonardo QUINTERO V.<\/p>\n<p><a href=\"http:\/\/losjovenessomosasi.blogspot.com\">http:\/\/losjovenessomosasi.blogspot.com<\/a><br \/>\n<em>La sociedad como ente modelador y diferenciador primario de los j\u00f3venes<\/em><br \/>\nAutor: Hernando RESTREPO M.<\/p>\n<p><a href=\"http:\/\/colombiafutura.blogspot.com\">http:\/\/colombiafutura.blogspot.com<\/a><br \/>\n<em>Colombia Futura<\/em><br \/>\nAutora: Laura SALDARRIAGA S.<\/p>\n<p><a href=\"http:\/\/ds6191.blogspot.com\">http:\/\/ds6191.blogspot.com<\/a><br \/>\n<em>La Cali Comercial<\/em><br \/>\nAutora: Diana SARDI B.<\/p>\n<p><a href=\"http:\/\/universidadicesi.blogspot.com\">http:\/\/universidadicesi.blogspot.com<\/a><br \/>\n<em>\u00bfPor qu\u00e9 elegir a ICESI?<\/em><br \/>\nAutor: Johan Mauricio SILVA \u00c1.<\/p>\n<p><a href=\"http:\/\/andresuribe.blogspot.com\">http:\/\/andresuribe.blogspot.com<\/a><br \/>\n<em>El rock de este pueblo<\/em><br \/>\nAutor: Andr\u00e9s URIBE N.<\/p>\n<p><a href=\"http:\/\/diana-dianamarvictoria.blogspot.com\">http:\/\/diana-dianamarvictoria.blogspot.com<\/a><br \/>\n<em>Vendedores Ambulantes: la reventa de minutos de celular<\/em><br \/>\nAutora: Diana Marcela VICTORIA B.<\/p>\n<p><a href=\"http:\/\/cabalylosterremotos.blogspot.com\">http:\/\/cabalylosterremotos.blogspot.com<\/a><br \/>\n<em>Riesgo S\u00edsmico<\/em><br \/>\nAutor: Sebasti\u00e1n CABAL C.<\/p>\n<p><a href=\"http:\/\/lacoctelera.com\/proyecto\">http:\/\/lacoctelera.com\/proyecto<\/a><br \/>\n<em>El desempleo en Palmira<\/em><br \/>\nAutoras: Katherine CH\u00c1VEZ M. &#8211; Michelle MORALES R.<\/p>\n<p><a href=\"http:\/\/tatuajesalvarojosecordobapaz.blogspot.com\">http:\/\/tatuajesalvarojosecordobapaz.blogspot.com<\/a><br \/>\n<em>Tatuajes: una mirada del pasado y el presente<\/em><br \/>\nAutor: \u00c1lvaro Jos\u00e9 C\u00d3RDOBA P.<\/p>\n<p><a href=\"http:\/\/diariodecampo1.blogspot.com\">http:\/\/diariodecampo1.blogspot.com<\/a><br \/>\n<em>Calentamiento Global<\/em><br \/>\nAutores: Jonathan GALVIS V. &#8211; Diana MONTOYA L. &#8211; Daniela OSPINA C.<\/p>\n<p><a href=\"http:\/\/andreshernandes.wordpress.com\">http:\/\/andreshernandes.wordpress.com<\/a><br \/>\n<em>Cali y sus basuras<\/em><br \/>\nAutor: Andr\u00e9s L. HERN\u00c1NDEZ C.<\/p>\n<p><a href=\"http:\/\/jovenespensando.blogspot.com\">http:\/\/jovenespensando.blogspot.com<\/a><br \/>\n<em> Ley de la Juventud<\/em><br \/>\nAutor: Juan Gabriel HURTADO B.<\/p>\n<p><a href=\"http:\/\/bitacoracirugias.blogspot.com\">http:\/\/bitacoracirugias.blogspot.com<\/a><br \/>\n<em>Cirug\u00eda pl\u00e1stica est\u00e9tica<\/em><br \/>\nAutoras: Laura Isabel LINARES E. &#8211; Lizeth RIZO S.<\/p>\n<p><a href=\"http:\/\/juluna.wordpress.com\">http:\/\/juluna.wordpress.com<\/a><br \/>\n<em>Econom\u00eda Informal en Cali<\/em><br \/>\nAutora: Mar\u00eda Juliana LUNA T.<\/p>\n<p><a href=\"http:\/\/porsererrante.blogspot.com\">http:\/\/porsererrante.blogspot.com<\/a><br \/>\n<em>Sus rostros maquillados por el polvo de la ciudad<\/em><br \/>\nAutora : Olga Luc\u00eda MART\u00c1N T.<\/p>\n<p><a href=\"http:\/\/alimtrans.blogspot.com\">http:\/\/alimtrans.blogspot.com<\/a><br \/>\n<em>Alimentos Transg\u00e9nicos<\/em><br \/>\nAutor: Sebasti\u00e1n MEZA C.<\/p>\n<p><a href=\"http:\/\/jovenesytequila.blogspot.com\">http:\/\/jovenesytequila.blogspot.com<\/a><br \/>\n<em>El consumo del alcohol en los j\u00f3venes<\/em><br \/>\nAutores : Andr\u00e9s M. RAM\u00cdREZ A. &#8211; E. Stephany VARONA R.<\/p>\n<p><a href=\"http:\/\/bandproject.wordpress.com\">http:\/\/bandproject.wordpress.com<\/a><br \/>\n<em>Bandas en Cali (tres bandas)<\/em><br \/>\nAutor: Mauricio SUAZA U.<\/p>\n<p><a href=\"http:\/\/juandv23.blogspot.com\">http:\/\/juandv23.blogspot.com<\/a><br \/>\n<em>La influencia de la publicidad<\/em><br \/>\nAutor: Juan David VALCARCEL Q.<\/p>\n<p><a href=\"http:\/\/modasacla.blogspot.com\">http:\/\/modasacla.blogspot.com<\/a><br \/>\n<em>El aborto<\/em><br \/>\nAutores : Mar\u00eda M\u00f3nica APONTE<\/p>\n<p><a href=\"http:\/\/pobrezaeindigencia.blogspot.com\">http:\/\/pobrezaeindigencia.blogspot.com<\/a><br \/>\n<em>Pobreza e Indigencia en Cali<\/em><br \/>\nAutores: Francisco J. \u00c1VILA CIFUENTES &#8211; Lu\u00eds Enrique MACHADO M.<\/p>\n<p><a href=\"http:\/\/semacali.blogspot.com\">http:\/\/semacali.blogspot.com<\/a><br \/>\n<em>Sem\u00e1foros<\/em><br \/>\nAutora : Diana Luc\u00eda BUSTAMANTE R.<\/p>\n<p><a href=\"http:\/\/lauracajamarca.blogspot.com\">http:\/\/lauracajamarca.blogspot.com<\/a><br \/>\n<em>Reality Shows<\/em><br \/>\nAutora: Laura CAJAMARCA N.<\/p>\n<p><a href=\"http:\/\/influmedia.blogspot.com\">http:\/\/influmedia.blogspot.com<\/a><br \/>\n<em>La influencia de los medios en los j\u00f3venes ICESI<\/em><br \/>\nAutores : Carlos A. D\u00cdAZ P. &#8211; Juan Felipe MORALES C.<\/p>\n<p><a href=\"http:\/\/artealaluzdelsemaforo.blogspot.com\">http:\/\/artealaluzdelsemaforo.blogspot.com<\/a><br \/>\n<em>El arte a la luz del sem\u00e1foro: econom\u00eda informal<\/em><br \/>\nAutoras : Ana Mar\u00eda FERN\u00c1NDEZ P. &#8211; Bibiana M. SERNA S.<\/p>\n<p><a href=\"http:\/\/anacamilaherrera.blogspot.com\">http:\/\/anacamilaherrera.blogspot.com<\/a><br \/>\n<em>Conociendo el Reggaeton a trav\u00e9s de Daddy Yankee<\/em><br \/>\nAutora : Ana Camila HERRERA V.<\/p>\n<p><a href=\"http:\/\/marinlyenlapuntadelaescritura.blogspot.com\">http:\/\/marinlyenlapuntadelaescritura.blogspot.com<\/a><br \/>\n<em>Basuras y Reciclaje (EMSIRVA \u2013 Navarro)<\/em><br \/>\nAutora : Marinly HOYOS B.<\/p>\n<p><a href=\"http:\/\/calilimpiaybonita.blogspot.com\">http:\/\/calilimpiaybonita.blogspot.com<\/a><br \/>\n<em>Basura nuestra de cada d\u00eda<\/em><br \/>\nAutor : Ciro D. IBARRA E.<\/p>\n<p><a href=\"http:\/\/ayeryhoy-sesaviles.blogspot.com\">http:\/\/ayeryhoy-sesaviles.blogspot.com<\/a><br \/>\n<em>La Iglesia: ayer y hoy<\/em><br \/>\nAutores : V\u00edctor Hugo ILLES H. &#8211; Juan Sebasti\u00e1n SANDOVAL C.<\/p>\n<p><a href=\"http:\/\/nuevarevolucionbolivarianacahvista.blogspot.com\">http:\/\/nuevarevolucionbolivarianacahvista.blogspot.com<\/a><br \/>\n<em>\u201cNueva Revoluci\u00f3n Bolivariana Chavista<\/em><br \/>\nAutor: Roberto LONDO\u00d1O A.<\/p>\n<p><a href=\"http:\/\/lgtbsencali.blogspot.com\">http:\/\/lgtbsencali.blogspot.com<\/a><br \/>\n<em>LGTB en Cali<\/em><br \/>\nAutoras : Daniela ROSERO G. &#8211; Juliana VARGAS N.<\/p>\n<p><a href=\"http:\/\/esequetulees.blogspot.com\">http:\/\/esequetulees.blogspot.com<\/a><br \/>\n<em>Cali: la visi\u00f3n de la calidad de vida<\/em><br \/>\nAutor: Jorge Andr\u00e9s SOLER L.<\/p>\n<p><a href=\"http:\/\/lauritavargas87.blogspot.com\">http:\/\/lauritavargas87.blogspot.com<\/a><br \/>\n<em>Anorexia y Bulimia<\/em><br \/>\nAutora: Laura M. VARGAS DE LA ROSA<\/p>\n","protected":false},"excerpt":{"rendered":"<p>Experiencia 1\u2026 http:\/\/proyectopublicidad.blogspot.com Publicidad\u2026 un poder de convencimiento Autora: Isabella \u00c1LVAREZ J. URL : http:\/\/introduccionadiccioncigarrillo.blogspot.com Cigarrillo Autor : Ricardo A. ARCILA T. http:\/\/lavidasegunbetto.blogspot.com La Injusticia Social Autor: Carlos Alberto ARENAS O. http:\/\/diana.nireblog.com Futuro Infantil Autoras: Diana Marcela ARIAS C. &#8211; Ana Karenina GUZM\u00c1N M. http:\/\/iepipecardona.blogspot.com Inteligencia Emocional Autor: Lu\u00eds Felipe CARDONA O. http:\/\/sebdelga.blogspot.com La contaminaci\u00f3n &hellip; <a href=\"https:\/\/www.icesi.edu.co\/blogs\/lenguajevirtual\/01-2007\/\" class=\"more-link\">Seguir leyendo <span class=\"screen-reader-text\">01-2007<\/span> <span class=\"meta-nav\">&rarr;<\/span><\/a><\/p>\n","protected":false},"author":16,"featured_media":0,"parent":0,"menu_order":0,"comment_status":"open","ping_status":"open","template":"","meta":{"footnotes":""},"class_list":["post-8","page","type-page","status-publish","hentry"],"aioseo_notices":[],"rttpg_featured_image_url":null,"rttpg_author":{"display_name":"Andrea Rodriguez Mancera","author_link":"https:\/\/www.icesi.edu.co\/blogs\/lenguajevirtual\/author\/66984904\/"},"rttpg_comment":0,"rttpg_category":null,"rttpg_excerpt":"Experiencia 1\u2026 http:\/\/proyectopublicidad.blogspot.com Publicidad\u2026 un poder de convencimiento Autora: Isabella \u00c1LVAREZ J. URL : http:\/\/introduccionadiccioncigarrillo.blogspot.com Cigarrillo Autor : Ricardo A. ARCILA T. http:\/\/lavidasegunbetto.blogspot.com La Injusticia Social Autor: Carlos Alberto ARENAS O. http:\/\/diana.nireblog.com Futuro Infantil Autoras: Diana Marcela ARIAS C. &#8211; Ana Karenina GUZM\u00c1N M. http:\/\/iepipecardona.blogspot.com Inteligencia Emocional Autor: Lu\u00eds Felipe CARDONA O. http:\/\/sebdelga.blogspot.com La contaminaci\u00f3n&hellip;","_links":{"self":[{"href":"https:\/\/www.icesi.edu.co\/blogs\/lenguajevirtual\/wp-json\/wp\/v2\/pages\/8"}],"collection":[{"href":"https:\/\/www.icesi.edu.co\/blogs\/lenguajevirtual\/wp-json\/wp\/v2\/pages"}],"about":[{"href":"https:\/\/www.icesi.edu.co\/blogs\/lenguajevirtual\/wp-json\/wp\/v2\/types\/page"}],"author":[{"embeddable":true,"href":"https:\/\/www.icesi.edu.co\/blogs\/lenguajevirtual\/wp-json\/wp\/v2\/users\/16"}],"replies":[{"embeddable":true,"href":"https:\/\/www.icesi.edu.co\/blogs\/lenguajevirtual\/wp-json\/wp\/v2\/comments?post=8"}],"version-history":[{"count":0,"href":"https:\/\/www.icesi.edu.co\/blogs\/lenguajevirtual\/wp-json\/wp\/v2\/pages\/8\/revisions"}],"wp:attachment":[{"href":"https:\/\/www.icesi.edu.co\/blogs\/lenguajevirtual\/wp-json\/wp\/v2\/media?parent=8"}],"curies":[{"name":"wp","href":"https:\/\/api.w.org\/{rel}","templated":true}]}}