{"id":9,"date":"2008-04-07T20:43:29","date_gmt":"2008-04-08T01:43:29","guid":{"rendered":"http:\/\/www.icesi.edu.co\/blogs\/lenguajevirtual\/"},"modified":"2008-11-18T11:59:08","modified_gmt":"2008-11-18T16:59:08","slug":"02-2007","status":"publish","type":"page","link":"https:\/\/www.icesi.edu.co\/blogs\/lenguajevirtual\/02-2007\/","title":{"rendered":"02-2008"},"content":{"rendered":"<p><strong>PROYECTOS DE INVESTIGACI\u00d3N COE II<\/strong><\/p>\n<p><strong>Grupo 21<\/strong><\/p>\n<p><a href=\"http:\/\/proyectbolsadevalores.blogspot.com\">http:\/\/proyectbolsadevalores.blogspot.com<\/a><br \/>\n<em>Bolsa de Valores. Universidad ICESI<\/em><br \/>\nAutoras: Vivian Johana CASAMACH\u00cdN C. &#8211; Andrea Mar\u00eda SOLARTE O.<\/p>\n<p><a href=\"http:\/\/spettrocentral.blogspot.com\">http:\/\/spettrocentral.blogspot.com<\/a><br \/>\n<em>La Mujer: \u00bfObjeto o Ser Humano?<\/em><br \/>\nAutor: \u00c1lvaro Jos\u00e9 DONOSO B.<\/p>\n<p><a href=\"http:\/\/alcoholismojoven.blogspot.com\/\">http:\/\/alcoholismojoven.blogspot.com<\/a><br \/>\n<em>Alcoholismo en las Personas m\u00e1s J\u00f3venes<\/em><br \/>\nAutora: Ana Mar\u00eda GARC\u00cdA E. <\/p>\n<p><a href=\"http:\/\/calimepertenececentral.blogspot.com\">http:\/\/calimepertenececentral.blogspot.com<\/a><br \/>\n<em>Una Ciudad sin Pertenencia<\/em><br \/>\nAutor: Luis Fernando GARC\u00cdA N.<\/p>\n<p><a href=\"http:\/\/elhombreylaciudad-proyectoluisa.blogspot.com\/\">http:\/\/elhombreylaciudad-proyectoluisa.blogspot.com<\/a><br \/>\n<em>El Hombre y la Ciudad (moment\u00e1neo)<\/em><br \/>\nAutora: Luisa Fernanda HERRERA G.<\/p>\n<p><a href=\"http:\/\/blogbrianlopez.blogspot.com\/\">http:\/\/blogbrianlopez.blogspot.com<\/a><br \/>\n<em>\u00bfCancelar o no Cancelar?<\/em><br \/>\nAutor: Bryan L\u00d3PEZ L.<\/p>\n<p><a href=\"http:\/\/comunicacion-rhadhy.blogspot.com\">http:\/\/comunicacion-rhadhy.blogspot.com<\/a><br \/>\n<em>Literatura Juvenil<\/em><br \/>\nAutor: Luis Felipe MOCTEZUMA R.<\/p>\n<p><a href=\"http:\/\/consumismopostmodernista.blogspot.com\/\">http:\/\/isaorebra.blogspot.com<\/a><br \/>\n<em>Consumismo Postmodernista<\/em><br \/>\nAutora: Mar\u00eda Isabel OREJUELA B.<\/p>\n<p><a href=\"http:\/\/cuminicacionmaonesk.blogspot.com\">http:\/\/cuminicacionmaonesk.blogspot.com<\/a><br \/>\n<em>Teorema Anim\u00e9 en ICESI<\/em><br \/>\nAutor: Juli\u00e1n Mauricio PIEDRAHITA M.<\/p>\n<p><a href=\"http:\/\/agresividadjuvenil.blogspot.com\">http:\/\/agresividadjuvenil.blogspot.com<\/a><br \/>\n<em>Agresividad Juvenil<\/em><br \/>\nAutora: Mar\u00eda Antonia ROA<\/p>\n<p><a href=\"http:\/\/verovallejopro.blogspot.com\/\">http:\/\/verovallejopro.blogspot.com<\/a><br \/>\n<em>La Marihuana: la mata que mata<\/em><br \/>\nAutora: Ver\u00f3nica VALLEJO R.<\/p>\n<p><a href=\"http:\/\/comunicacionsebas.blogspot.com\/\">http:\/\/comunicacionsebas.blogspot.com<\/a><br \/>\n<em>La Pobreza: una realidad que podemos atacar<\/em><br \/>\nAutor: Johan Sebasti\u00e1n VELASCO Z.<\/p>\n<p><strong>Grupo 3<\/strong><\/p>\n<p><a href=\"http:\/\/proyectoestado.blogspot.com\">http:\/\/proyectoestado.blogspot.com<\/a><br \/>\n<em>La Religi\u00f3n: Construyendo Ciudad<\/em><br \/>\nAutores: Andr\u00e9s Felipe OCAMPO Q. &#8211; David Alberto MOSQUERA A.<\/p>\n<p><a href=\"http:\/\/calidesdelastrescruces.blogspot.com\">http:\/\/calidesdelastrescruces.blogspot.com<\/a><br \/>\n<em>Cali desde las Tres Cruces<\/em><br \/>\nAutor: Juliana GIL E. <\/p>\n<p><a href=\"http:\/\/trevesiacali.blogspot.com\">http:\/\/trevesiacali.blogspot.com<\/a><br \/>\n<em>La Traves\u00eda de Recorrer Cali<\/em><br \/>\nAutor: Juan Camilo GONZ\u00c1LEZ G. <\/p>\n<p><a href=\"http:\/\/ej-cali.blogspot.com\">http:\/\/ej-cali.blogspot.com<\/a><br \/>\n<em>Cultura Art\u00edstica: Teatro en ICESI<\/em><br \/>\nAutores: Joshert Wilmer PARRA C. &#8211; Alejandra ROJAS A.<\/p>\n<p><a href=\"http:\/\/paoluchybc.blogspot.com\">http:\/\/paoluchybc.blogspot.com<\/a><br \/>\n<em>Efectos Socioculturales del Narcotr\u00e1fico en Cali<\/em><br \/>\nAutores: Paola BUSTAMANTE C. &#8211; Mateo SANTAMAR\u00cdA E.<\/p>\n<p><a href=\"http:\/\/proyectosobrecali.blogspot.com\">http:\/\/proyectosobrecali.blogspot.com<\/a><br \/>\n<em>Dise\u00f1o en Cali<\/em><br \/>\nAutora: Katalina SOTO R.<\/p>\n<p><a href=\"http:\/\/proyectoeducali.blogspot.com\">http:\/\/proyectoeducali.blogspot.com<\/a><br \/>\n<em>Calidad Educativa<\/em><br \/>\nAutoras: Valeria RODR\u00cdGUEZ O. &#8211; Mar\u00eda Camila ANDRADE C. &#8211; Alexandra OCAMPO<\/p>\n<p><a href=\"http:\/\/quetipodeterapiahacest.blogspot.com\">http:\/\/quetipodeterapiahacest.blogspot.com<\/a><br \/>\n<em>\u00bfQu\u00e9 Tipo de Terparia haces T\u00fa?<\/em><br \/>\nAutor: Ricardo LAME S.<\/p>\n<p><a href=\"http:\/\/proyectodeporteencali.blogspot.com\">http:\/\/proyectodeporteencali.blogspot.com<\/a><br \/>\n<em>El Presente de los Equipos de F\u00fatbol Profesionales de Cali<\/em><br \/>\nAutores: \u00c1lvaro Jos\u00e9 CORT\u00c9S R. &#8211; Gustavo OLAYA D.<\/p>\n<p><a href=\"http:\/\/gentecali-dosa.blogspot.com\">http:\/\/gentecali-dosa.blogspot.com<\/a><br \/>\n<em>Gente Cali-Dosa: Un punto aparte con la opci\u00f3n de volverse seguido<\/em><br \/>\nAutora: Ver\u00f3nica P\u00c9REZ<\/p>\n<p><a href=\"http:\/\/lapasiondeunpueblorojo.blogspot.com\">http:\/\/lapasiondeunpueblorojo.blogspot.com<\/a><br \/>\n<em>La pasi\u00f3n de un pueblo rojo<\/em><br \/>\nAutores: Juan David GONZALEZ &#8211; Miguel GARC\u00cdA CELIS<\/p>\n","protected":false},"excerpt":{"rendered":"<p>PROYECTOS DE INVESTIGACI\u00d3N COE II Grupo 21 http:\/\/proyectbolsadevalores.blogspot.com Bolsa de Valores. Universidad ICESI Autoras: Vivian Johana CASAMACH\u00cdN C. &#8211; Andrea Mar\u00eda SOLARTE O. http:\/\/spettrocentral.blogspot.com La Mujer: \u00bfObjeto o Ser Humano? Autor: \u00c1lvaro Jos\u00e9 DONOSO B. http:\/\/alcoholismojoven.blogspot.com Alcoholismo en las Personas m\u00e1s J\u00f3venes Autora: Ana Mar\u00eda GARC\u00cdA E. http:\/\/calimepertenececentral.blogspot.com Una Ciudad sin Pertenencia Autor: Luis Fernando &hellip; <a href=\"https:\/\/www.icesi.edu.co\/blogs\/lenguajevirtual\/02-2007\/\" class=\"more-link\">Seguir leyendo <span class=\"screen-reader-text\">02-2008<\/span> <span class=\"meta-nav\">&rarr;<\/span><\/a><\/p>\n","protected":false},"author":16,"featured_media":0,"parent":0,"menu_order":0,"comment_status":"open","ping_status":"open","template":"","meta":{"footnotes":""},"class_list":["post-9","page","type-page","status-publish","hentry"],"aioseo_notices":[],"rttpg_featured_image_url":null,"rttpg_author":{"display_name":"Andrea Rodriguez Mancera","author_link":"https:\/\/www.icesi.edu.co\/blogs\/lenguajevirtual\/author\/66984904\/"},"rttpg_comment":0,"rttpg_category":null,"rttpg_excerpt":"PROYECTOS DE INVESTIGACI\u00d3N COE II Grupo 21 http:\/\/proyectbolsadevalores.blogspot.com Bolsa de Valores. Universidad ICESI Autoras: Vivian Johana CASAMACH\u00cdN C. &#8211; Andrea Mar\u00eda SOLARTE O. http:\/\/spettrocentral.blogspot.com La Mujer: \u00bfObjeto o Ser Humano? Autor: \u00c1lvaro Jos\u00e9 DONOSO B. http:\/\/alcoholismojoven.blogspot.com Alcoholismo en las Personas m\u00e1s J\u00f3venes Autora: Ana Mar\u00eda GARC\u00cdA E. http:\/\/calimepertenececentral.blogspot.com Una Ciudad sin Pertenencia Autor: Luis Fernando&hellip;","_links":{"self":[{"href":"https:\/\/www.icesi.edu.co\/blogs\/lenguajevirtual\/wp-json\/wp\/v2\/pages\/9"}],"collection":[{"href":"https:\/\/www.icesi.edu.co\/blogs\/lenguajevirtual\/wp-json\/wp\/v2\/pages"}],"about":[{"href":"https:\/\/www.icesi.edu.co\/blogs\/lenguajevirtual\/wp-json\/wp\/v2\/types\/page"}],"author":[{"embeddable":true,"href":"https:\/\/www.icesi.edu.co\/blogs\/lenguajevirtual\/wp-json\/wp\/v2\/users\/16"}],"replies":[{"embeddable":true,"href":"https:\/\/www.icesi.edu.co\/blogs\/lenguajevirtual\/wp-json\/wp\/v2\/comments?post=9"}],"version-history":[{"count":0,"href":"https:\/\/www.icesi.edu.co\/blogs\/lenguajevirtual\/wp-json\/wp\/v2\/pages\/9\/revisions"}],"wp:attachment":[{"href":"https:\/\/www.icesi.edu.co\/blogs\/lenguajevirtual\/wp-json\/wp\/v2\/media?parent=9"}],"curies":[{"name":"wp","href":"https:\/\/api.w.org\/{rel}","templated":true}]}}