{"id":107,"date":"2019-02-17T16:45:53","date_gmt":"2019-02-17T21:45:53","guid":{"rendered":"https:\/\/www.icesi.edu.co\/blogs\/lpc191\/?page_id=107"},"modified":"2019-02-17T22:05:43","modified_gmt":"2019-02-18T03:05:43","slug":"acerca-de","status":"publish","type":"page","link":"https:\/\/www.icesi.edu.co\/blogs\/lpc191\/acerca-de\/","title":{"rendered":"Acerca de"},"content":{"rendered":"<h2>La profesora<\/h2>\n<p>Soy Maritza Monta\u00f1o Gonz\u00e1lez, Profesional en Filosof\u00eda y Mag\u00edster en Literatura Colombiana y Latinoamericana de la Universidad del Valle, Cali, y Master of Arts in Hispanic Studies de The University of British Columbia, Vancouver.<\/p>\n<p>Trabajo desde 2015 en el Departamento de Lenguaje como profesora de los cursos COE. Coordino el Seminario de Oralidad, que re\u00fane a los profesores de COE II para estudiar y discutir temas relacionados con la argumentaci\u00f3n y la oralidad. Tambi\u00e9n hago parte del Departamento de Humanidades, desde el cual ofrezco este curso Literatura, Pol\u00edtica y Ciudad, para los estudiantes de la Licenciatura en Literatura y Lengua Castellana. Adem\u00e1s, soy miembro del Seminario de Literatura.<\/p>\n<p>Mi tema de inter\u00e9s m\u00e1s amplio es la novela latinoamericana, me ocupo de novelas sobre coyunturas pol\u00edticas y las escritas por autoras. Te\u00f3ricamente me inclino hacia el giro decolonial. Por eso en este curso hacemos \u00e9nfasis en observar los lugares de enunciaci\u00f3n de los escritores y de los narradores.<\/p>\n<p><a href=\"https:\/\/ubc.academia.edu\/MaritzaMontano\" target=\"_blank\" rel=\"noopener\">Sitio en Academia<\/a><br \/>\n<a href=\"https:\/\/www.icesi.edu.co\/blogs\/191coe2\/\" target=\"_blank\" rel=\"noopener\">Blog de COE II<\/a><\/p>\n<p>&nbsp;<\/p>\n<p>&nbsp;<\/p>\n<p>&nbsp;<\/p>\n","protected":false},"excerpt":{"rendered":"<p>La profesora Soy Maritza Monta\u00f1o Gonz\u00e1lez, Profesional en Filosof\u00eda y Mag\u00edster en Literatura Colombiana y Latinoamericana de la Universidad del Valle, Cali, y Master of Arts in Hispanic Studies de The University of British Columbia, Vancouver. Trabajo desde 2015 en el Departamento de Lenguaje como profesora de los cursos COE. Coordino el Seminario de Oralidad, [&hellip;]<\/p>\n","protected":false},"author":42165724,"featured_media":0,"parent":0,"menu_order":0,"comment_status":"closed","ping_status":"closed","template":"onecolumn-page.php","meta":{"footnotes":""},"class_list":["post-107","page","type-page","status-publish","hentry"],"aioseo_notices":[],"rttpg_featured_image_url":null,"rttpg_author":{"display_name":"Maritza Montano Gonzalez","author_link":"https:\/\/www.icesi.edu.co\/blogs\/lpc191\/author\/66928422\/"},"rttpg_comment":0,"rttpg_category":null,"rttpg_excerpt":"La profesora Soy Maritza Monta\u00f1o Gonz\u00e1lez, Profesional en Filosof\u00eda y Mag\u00edster en Literatura Colombiana y Latinoamericana de la Universidad del Valle, Cali, y Master of Arts in Hispanic Studies de The University of British Columbia, Vancouver. Trabajo desde 2015 en el Departamento de Lenguaje como profesora de los cursos COE. Coordino el Seminario de Oralidad,&hellip;","_links":{"self":[{"href":"https:\/\/www.icesi.edu.co\/blogs\/lpc191\/wp-json\/wp\/v2\/pages\/107"}],"collection":[{"href":"https:\/\/www.icesi.edu.co\/blogs\/lpc191\/wp-json\/wp\/v2\/pages"}],"about":[{"href":"https:\/\/www.icesi.edu.co\/blogs\/lpc191\/wp-json\/wp\/v2\/types\/page"}],"author":[{"embeddable":true,"href":"https:\/\/www.icesi.edu.co\/blogs\/lpc191\/wp-json\/wp\/v2\/users\/42165724"}],"replies":[{"embeddable":true,"href":"https:\/\/www.icesi.edu.co\/blogs\/lpc191\/wp-json\/wp\/v2\/comments?post=107"}],"version-history":[{"count":6,"href":"https:\/\/www.icesi.edu.co\/blogs\/lpc191\/wp-json\/wp\/v2\/pages\/107\/revisions"}],"predecessor-version":[{"id":113,"href":"https:\/\/www.icesi.edu.co\/blogs\/lpc191\/wp-json\/wp\/v2\/pages\/107\/revisions\/113"}],"wp:attachment":[{"href":"https:\/\/www.icesi.edu.co\/blogs\/lpc191\/wp-json\/wp\/v2\/media?parent=107"}],"curies":[{"name":"wp","href":"https:\/\/api.w.org\/{rel}","templated":true}]}}