{"id":115,"date":"2023-09-22T16:32:34","date_gmt":"2023-09-22T16:32:34","guid":{"rendered":"http:\/\/www.icesi.edu.co\/blogs\/madurandotradiciones\/?page_id=115"},"modified":"2023-10-12T18:15:21","modified_gmt":"2023-10-12T18:15:21","slug":"nuestro-equipo","status":"publish","type":"page","link":"https:\/\/www.icesi.edu.co\/blogs\/madurandotradiciones\/nuestro-equipo\/","title":{"rendered":"Nuestro equipo"},"content":{"rendered":"<p>&nbsp;<\/p>\n<p><span style=\"color: #003300\">En el proyecto &#8220;Madurando Tradiciones: Innovaci\u00f3n y Sabor en Productos L\u00e1cteos&#8221;, contamos con un equipo diverso y apasionado de colaboradores. Nuestra misi\u00f3n de fortalecer la cadena l\u00e1ctea y preservar las tradiciones culturales no ser\u00eda posible sin el compromiso y la dedicaci\u00f3n de los siguientes participantes:<\/span><\/p>\n<h3><span style=\"color: #ff9900\"><img fetchpriority=\"high\" decoding=\"async\" class=\"alignnone wp-image-122\" src=\"http:\/\/www.icesi.edu.co\/blogs\/madurandotradiciones\/files\/2023\/09\/Captura-de-pantalla-2023-09-22-a-las-11.38.10-a.m.-300x28.png\" alt=\"\" width=\"1179\" height=\"110\" \/><\/span><\/h3>\n<h3><a href=\"https:\/\/www.umariana.edu.co\"><span style=\"color: #ff9900\">Universidad Mariana<\/span><\/a><\/h3>\n<p><span style=\"color: #003300\">La Universidad Mariana del departamento de Nari\u00f1o aporta su experiencia acad\u00e9mica y su compromiso con el desarrollo sostenible a nuestro proyecto. Trabajando en estrecha colaboraci\u00f3n con la comunidad, estamos impulsando la innovaci\u00f3n en la producci\u00f3n l\u00e1ctea.<\/span><\/p>\n<h3><a href=\"https:\/\/www.icesi.edu.co\/es\/\"><span style=\"color: #ff9900\">Universidad Icesi<\/span><\/a><\/h3>\n<p><span style=\"color: #003300\">La Universidad Icesi con sede en Cali, Colombia, es una aliada estrat\u00e9gica en nuestra iniciativa de investigaci\u00f3n y desarrollo. Su experiencia en \u00e1reas acad\u00e9micas clave nos permite abordar los desaf\u00edos del proyecto de manera multidisciplinaria.<\/span><\/p>\n<h3><a href=\"https:\/\/corpominga.wordpress.com\/\u00bfquines-somos\/\"><span style=\"color: #ff9900\">Corpominga<\/span><\/a><\/h3>\n<p><span style=\"color: #003300\">Corpominga es un aliado esencial en la articulaci\u00f3n de actores y recursos. Su apoyo log\u00edstico y estrat\u00e9gico es fundamental para llevar a cabo nuestras actividades en el resguardo ind\u00edgena &#8220;El Gran Cumbal&#8221;.<\/span><\/p>\n<h3><span style=\"color: #ff9900\">El Cumbal<\/span><\/h3>\n<p><span style=\"color: #003300\">La comunidad del resguardo ind\u00edgena &#8220;El Gran Cumbal&#8221; es el coraz\u00f3n de nuestro proyecto. Su compromiso con la producci\u00f3n l\u00e1ctea y la preservaci\u00f3n de las tradiciones culturales es inspirador y gu\u00eda cada paso que damos.<\/span><\/p>\n<h3><a href=\"https:\/\/portal.gestiondelriesgo.gov.co\"><span style=\"color: #ff9900\">Gesti\u00f3n del Riesgo<\/span><\/a><\/h3>\n<p><span style=\"color: #003300\">La Unidad Nacional para la Gesti\u00f3n del Riesgo de Desastres ha proporcionado financiamiento esencial para nuestro proyecto. Esto nos permite abordar desaf\u00edos espec\u00edficos y trabajar en pro del bienestar de la comunidad.<\/span><\/p>\n<h3><a href=\"https:\/\/minciencias.gov.co\"><span style=\"color: #ff9900\">Ministerio de Ciencia<\/span><\/a><\/h3>\n<p><span style=\"color: #003300\">El Ministerio de Ciencia, Tecnolog\u00eda e Innovaci\u00f3n respalda nuestro enfoque en la innovaci\u00f3n y el desarrollo tecnol\u00f3gico en la producci\u00f3n l\u00e1ctea. Su apoyo es fundamental para lograr nuestros objetivos.<\/span><\/p>\n","protected":false},"excerpt":{"rendered":"<p>&nbsp; En el proyecto &#8220;Madurando Tradiciones: Innovaci\u00f3n y Sabor en Productos L\u00e1cteos&#8221;, contamos con un equipo diverso y apasionado de [&hellip;]<\/p>\n","protected":false},"author":42166035,"featured_media":0,"parent":0,"menu_order":0,"comment_status":"closed","ping_status":"closed","template":"","meta":{"site-sidebar-layout":"default","site-content-layout":"","ast-site-content-layout":"","site-content-style":"default","site-sidebar-style":"default","ast-global-header-display":"","ast-banner-title-visibility":"","ast-main-header-display":"","ast-hfb-above-header-display":"","ast-hfb-below-header-display":"","ast-hfb-mobile-header-display":"","site-post-title":"","ast-breadcrumbs-content":"","ast-featured-img":"","footer-sml-layout":"","theme-transparent-header-meta":"","adv-header-id-meta":"","stick-header-meta":"","header-above-stick-meta":"","header-main-stick-meta":"","header-below-stick-meta":"","astra-migrate-meta-layouts":"default","ast-page-background-enabled":"default","ast-page-background-meta":{"desktop":{"background-color":"var(--ast-global-color-4)","background-image":"","background-repeat":"repeat","background-position":"center center","background-size":"auto","background-attachment":"scroll","background-type":"","background-media":"","overlay-type":"","overlay-color":"","overlay-opacity":"","overlay-gradient":""},"tablet":{"background-color":"","background-image":"","background-repeat":"repeat","background-position":"center center","background-size":"auto","background-attachment":"scroll","background-type":"","background-media":"","overlay-type":"","overlay-color":"","overlay-opacity":"","overlay-gradient":""},"mobile":{"background-color":"","background-image":"","background-repeat":"repeat","background-position":"center center","background-size":"auto","background-attachment":"scroll","background-type":"","background-media":"","overlay-type":"","overlay-color":"","overlay-opacity":"","overlay-gradient":""}},"ast-content-background-meta":{"desktop":{"background-color":"var(--ast-global-color-5)","background-image":"","background-repeat":"repeat","background-position":"center center","background-size":"auto","background-attachment":"scroll","background-type":"","background-media":"","overlay-type":"","overlay-color":"","overlay-opacity":"","overlay-gradient":""},"tablet":{"background-color":"var(--ast-global-color-5)","background-image":"","background-repeat":"repeat","background-position":"center center","background-size":"auto","background-attachment":"scroll","background-type":"","background-media":"","overlay-type":"","overlay-color":"","overlay-opacity":"","overlay-gradient":""},"mobile":{"background-color":"var(--ast-global-color-5)","background-image":"","background-repeat":"repeat","background-position":"center center","background-size":"auto","background-attachment":"scroll","background-type":"","background-media":"","overlay-type":"","overlay-color":"","overlay-opacity":"","overlay-gradient":""}},"footnotes":""},"class_list":["post-115","page","type-page","status-publish","hentry"],"aioseo_notices":[],"rttpg_featured_image_url":null,"rttpg_author":{"display_name":"Katherine Alejandra Reyes Tombe","author_link":"https:\/\/www.icesi.edu.co\/blogs\/madurandotradiciones\/author\/1109184118\/"},"rttpg_comment":0,"rttpg_category":null,"rttpg_excerpt":"&nbsp; En el proyecto &#8220;Madurando Tradiciones: Innovaci\u00f3n y Sabor en Productos L\u00e1cteos&#8221;, contamos con un equipo diverso y apasionado de [&hellip;]","_links":{"self":[{"href":"https:\/\/www.icesi.edu.co\/blogs\/madurandotradiciones\/wp-json\/wp\/v2\/pages\/115"}],"collection":[{"href":"https:\/\/www.icesi.edu.co\/blogs\/madurandotradiciones\/wp-json\/wp\/v2\/pages"}],"about":[{"href":"https:\/\/www.icesi.edu.co\/blogs\/madurandotradiciones\/wp-json\/wp\/v2\/types\/page"}],"author":[{"embeddable":true,"href":"https:\/\/www.icesi.edu.co\/blogs\/madurandotradiciones\/wp-json\/wp\/v2\/users\/42166035"}],"replies":[{"embeddable":true,"href":"https:\/\/www.icesi.edu.co\/blogs\/madurandotradiciones\/wp-json\/wp\/v2\/comments?post=115"}],"version-history":[{"count":5,"href":"https:\/\/www.icesi.edu.co\/blogs\/madurandotradiciones\/wp-json\/wp\/v2\/pages\/115\/revisions"}],"predecessor-version":[{"id":218,"href":"https:\/\/www.icesi.edu.co\/blogs\/madurandotradiciones\/wp-json\/wp\/v2\/pages\/115\/revisions\/218"}],"wp:attachment":[{"href":"https:\/\/www.icesi.edu.co\/blogs\/madurandotradiciones\/wp-json\/wp\/v2\/media?parent=115"}],"curies":[{"name":"wp","href":"https:\/\/api.w.org\/{rel}","templated":true}]}}