{"id":12,"date":"2009-02-23T14:01:43","date_gmt":"2009-02-23T19:01:43","guid":{"rendered":"http:\/\/www.icesi.edu.co\/blogs\/niffxbrl\/"},"modified":"2019-04-11T22:28:48","modified_gmt":"2019-04-12T03:28:48","slug":"xbrl","status":"publish","type":"page","link":"https:\/\/www.icesi.edu.co\/blogs\/niffxbrl\/xbrl\/","title":{"rendered":"XBRL"},"content":{"rendered":"<div><\/div>\n<div><\/div>\n<p>&nbsp;<\/p>\n<h2 class=\"MsoNormal\" style=\"margin: 0cm 0cm 0pt;text-align: center\"><strong>xbrl<\/strong><\/h2>\n<h2 class=\"MsoNormal\" style=\"margin: 0cm 0cm 0pt;text-align: center\"><strong>Estandar-para-la-Precentacion-de-Informacion-Financiera<\/strong><\/h2>\n<p>&nbsp;<\/p>\n<p class=\"MsoNormal\" style=\"margin: 0cm 0cm 0pt\"><strong><span style=\"color: #0000ff\">\u00bfQu\u00e9 es una taxonom\u00eda XBRL?<\/span><\/strong><\/p>\n<p align=\"left\"><span style=\"color: #000000\">E<\/span><span style=\"color: #000000\"><span style=\"color: #000000\">s el<\/span> diccionario o el vocabulario com\u00fan y sus reglas de uso en XBRL. Espec\u00edficamente son esquemas o mecanismos de clasificaci\u00f3n que definen nombres o etiquetas espec\u00edficas para cada elemento de informaci\u00f3n (por ejemplo: &#8220;Utilidad Neta&#8221;).<\/span><\/p>\n<p align=\"left\"><strong><span style=\"color: #0000ff\">\u00bfUna persona del sector financiero, un preparador de informes o analista, debe saber de XBRL para elaborar sus informes?<\/span><\/strong><\/p>\n<p align=\"left\"><strong>\u00a0<\/strong><span style=\"color: #000000\"><strong>N<\/strong>o necesariamente. XBRL es transparente para los usuarios de la informaci\u00f3n quienes se ven beneficiados a trav\u00e9s del uso de programas computacionales que facilitan su aplicaci\u00f3n. Sin embargo, para todos los que implementen estas tecnolog\u00edas s\u00ed es<\/span> <span style=\"color: #000000\">necesario conocer del tema<strong>.<\/strong><\/span><\/p>\n<p align=\"left\"><strong><span style=\"color: #0000ff\">\u00bfEl uso de XBRL implica un cambio en los est\u00e1ndares contables?<\/span><\/strong><\/p>\n<p align=\"left\"><span style=\"color: #000000\">No. Aunque XBRL propone una forma de describir los datos financieros, no supone un cambio en los procedimientos o principios contables actualmente utilizados. Tiene la propiedad de ser flexible y se adapta con facilidad a los est\u00e1ndares contables espec\u00edficos para cada pa\u00eds, como GAAP en los Estados Unidos, AP<\/span><span style=\"color: #000000\"> en Alemania o IFRS a escala internacional. Tampoco supone cambios en los est\u00e1ndares de intercambio de datos entre sistemas de informaci\u00f3n, como por ejemplo EDI.<\/span><\/p>\n<p align=\"left\"><strong><span style=\"color: #0000ff\">\u00bfC\u00f3mo se puede ver beneficiada Colombia con el uso del XBRL?<\/span><\/strong><\/p>\n<p align=\"left\"><span style=\"color: #000000\">Colombia tiene varios acuerdos comerciales con diferentes pa\u00edses y est\u00e1 en proceso de negociaciones con relaci\u00f3n al TLC con Estados Unidos, en este sentido, las empresas del pa\u00eds requieren hacerse m\u00e1s competitivas y demostrar mediante sus estados financieros y contables su rentabilidad, la cual es comparable mediante el uso de XBRL.<\/span><\/p>\n<p align=\"left\"><span style=\"color: #000000\">De igual forma, es necesario que las entidades de gobierno propendan por la unificaci\u00f3n de sus reportes de car\u00e1cter financiero, presupuestal y de negocios que permita aumentar la transparencia de la informaci\u00f3n, la minimizaci\u00f3n de errores y el ahorro en tiempo y dinero de la emisi\u00f3n de informes.<\/span><\/p>\n<p align=\"left\"><span style=\"color: #000000\">As\u00ed como a nivel internacional las diferentes jurisdicciones o asociaciones XBRL han permitido generar espacios de discusi\u00f3n entre profesionales de diferentes \u00e1reas de conocimiento, como contadur\u00eda, sistemas, econom\u00eda, finanzas, etc., en Colombia, se pueden generar estos mismos espacios de discusi\u00f3n para proponer mejoras en la normatividad Colombiana contable y financiera, que permita reducir tr\u00e1mites y as\u00ed facilitar los procesos de reporte y consolidaci\u00f3n de informaci\u00f3n.\u00a0<\/span><\/p>\n<p align=\"left\"><span style=\"color: #0000ff\">\u00bf<strong>Qu\u00e9 avances presenta XBRL en Colombia?<\/strong><\/span><\/p>\n<p><span style=\"color: #000000\"><strong>X<\/strong>BRL en Colombia se empez\u00f3 a introducir en el a\u00f1o 2003 con proyectos de investigaci\u00f3n universitarios impulsados por el apoyo tecnol\u00f3gico que \u00e9ste ofrec\u00eda al uso masivo de est\u00e1ndares internacionales de contabilidad. Para el a\u00f1o 2006 se retoma el tema con inter\u00e9s nacional por parte del Ministerio de Hacienda y Cr\u00e9dito P\u00fablico y se gestaron proyectos piloto para esta instituci\u00f3n en el \u00e1mbito presupuestal. Durante este mismo a\u00f1o se presentaron resultados de investigaciones lideradas por la academia y se obtuvo el premio &#8220;XBRL Honorable Mention&#8221; en la categor\u00eda de Taxonomy Development por parte de la Universidad Aut\u00f3noma de Bucaramanga.<\/span><\/p>\n<p><span style=\"color: #000000\">En este a\u00f1o se realizaron m\u00faltiples estudios sobre posibles aplicaciones de XBRL en el pa\u00eds, y es as\u00ed como hoy se cuenta con un grupo de entidades de gobierno, academia e industria que est\u00e1n listas para formar la asociaci\u00f3n sin \u00e1nimo de lucro XBRL Colombia que se encargar\u00e1 de orientar el desarrollo y las aplicaciones de XBRL en nuestro pa\u00eds.<\/span><\/p>\n<p><span style=\"color: #000000\"><strong>E<\/strong>n torno a la denominada &#8220;iniciativa de jurisdicci\u00f3n XBRL Colombia&#8221; se viene trabajando desde el a\u00f1o 2006 y su consolidaci\u00f3n ha sido posible durante todo el 2007. Como muestra de ello se pudo ver que en conjunto, todas las entidades participantes de la iniciativa, patrocinamos y coordinamos la<\/span> <span style=\"color: #000000\">realizaci\u00f3n del evento &#8220;Colombia XBRL 2007&#8221; realizado el pasado 22 de noviembre de 2007 en el auditorio Felix Restrepo de la Universidad Javeriana. A este evento asistieron m\u00e1s de 250 personas, y se cont\u00f3 con la presencia de conferencistas nacionales e internacionales, pero sobretodo con grandes representantes del sector financiero como el Dr. Cesar Prado, superintendente financiero de Colombia; el Dr. Hernando Ruiz, superintendente de sociedades; el Dr. Jairo Alberto Cano, contador general de la naci\u00f3n; y por supuesto con el Ministerio de Hacienda y Cr\u00e9dito P\u00fablico a trav\u00e9s de Alejandro Cruz, director de tecnolog\u00eda.<\/span><\/p>\n<p align=\"left\"><span style=\"color: #0000ff\">\u00bf<strong>Qu\u00e9 entidades del gobierno colombiano piensan usar XBRL?<\/strong><\/span><\/p>\n<p align=\"left\"><span style=\"color: #000000\"><strong>A<\/strong>parte del Ministerio de Hacienda, han manifestado inter\u00e9s y se encuentran en estudio las aplicaciones a futuro por parte de la Superintendencia Financiera de Colombia, la Contadur\u00eda General de la Naci\u00f3n y la Superintendencia de Sociedades. La mayor\u00eda de estas organizaciones est\u00e1n buscando realizar un piloto que les permita una mejor toma de decisiones sobre proyectos macro, con el \u00fanico fin de mejorar y facilitar las tareas de reporte de informaci\u00f3n, aumentar la transparencia y apoyar el intercambio de informaci\u00f3n basado en est\u00e1ndares internacionales.\u00a0\u00a0<\/span><\/p>\n<p align=\"left\">P<strong>ara mayor informaci\u00f3n<\/strong><\/p>\n<p align=\"left\"><strong><span style=\"color: #ff0000\">La informaci\u00f3n de XBRL en Colombia se difunde en el portal del ministerio de hacienda www.minhacienda.gov.co <\/span><\/strong><\/p>\n<p align=\"left\"><strong><span style=\"color: #008000\">L<\/span><span style=\"color: #008000\">a informaci\u00f3n a nivel mundial <\/span><span style=\"color: #008000\">en<\/span> <span style=\"color: #0000ff\">www.xbrl.org.<\/span><\/strong><\/p>\n<p align=\"left\"><strong>\u00a0<\/strong><strong><span style=\"color: #0000ff\">Que significa XBRL?<\/span><\/strong><\/p>\n<p align=\"left\"><span style=\"color: #888888\"><strong>X<\/strong>BRL\u00a0es una sigla que en ingl\u00e9s\u00a0significa &#8220;extensible Business Reporting Language&#8221; o Lenguaje Extensible de Reportes de Negocios.<\/span><\/p>\n<p align=\"left\"><strong><span style=\"color: #0000ff\">Que es el \u00a0XBRL?<\/span><\/strong><\/p>\n<p align=\"left\"><span style=\"color: #888888\"><strong>\u00a0<\/strong>Es un lenguaje inform\u00e1tico basado en un metalenguaje llamado XML.<\/span><\/p>\n<p align=\"left\"><strong>\u00a0<\/strong><span style=\"color: #888888\"><strong>X<\/strong>BRL ha sido espec\u00edficamente desarrollado para la comunicaci\u00f3n electr\u00f3nica est\u00e1ndar de datos financieros, presupuestales y de negocios en general.<\/span><\/p>\n<p align=\"left\"><strong><span style=\"color: #0000ff\">\u00a0Para que sirve el XBRL<\/span>?<\/strong><\/p>\n<p align=\"left\"><span style=\"color: #888888\"><strong>\u00a0<\/strong>El XBRL simplifica el proceso de suministro de informaci\u00f3n financiera, buscando ser m\u00e1s eficiente en los sistemas de informaci\u00f3n gerencial.<\/span><\/p>\n<p align=\"left\"><strong>\u00a0<span style=\"color: #0000ff\">C<\/span><span style=\"color: #0000ff\"><span style=\"color: #0000ff\">u\u00e1l<\/span>es son las principales ventajas de XBRL?<\/span><\/strong><\/p>\n<p align=\"left\"><span style=\"color: #888888\"><strong>D<\/strong>e la aplicaci\u00f3n de XBRL en m\u00faltiples proyectos a nivel mundial, este est\u00e1ndar ha permitido:<\/span><\/p>\n<ul>\n<li><span style=\"color: #888888\">Mejorar los reportes financieros en t\u00e9rminos de claridad, transparencia, an\u00e1lisis y control.<\/span><\/li>\n<li><span style=\"color: #888888\">Mantener un \u00fanico origen de datos para muchos informes con diferentes destinatarios o interesados.<\/span><\/li>\n<li><span style=\"color: #888888\">Reducir los tiempos de rendici\u00f3n de cuentas, consolidaci\u00f3n y divulgaci\u00f3n de datos.<\/span><\/li>\n<li><span style=\"color: #888888\">Minimizar los errores humanos debido a la automatizaci\u00f3n.<\/span><\/li>\n<\/ul>\n<p align=\"left\"><span style=\"color: #888888\"><strong>A<\/strong>utomatizar procesos que involucran la preparaci\u00f3n, creaci\u00f3n, transmisi\u00f3n, validaci\u00f3n, an\u00e1lisis y almacenamiento<\/span><\/p>\n","protected":false},"excerpt":{"rendered":"<p>&nbsp; xbrl Estandar-para-la-Precentacion-de-Informacion-Financiera &nbsp; \u00bfQu\u00e9 es una taxonom\u00eda XBRL? Es el diccionario o el vocabulario com\u00fan y sus reglas de uso en XBRL. Espec\u00edficamente son esquemas o mecanismos de clasificaci\u00f3n que definen nombres o etiquetas espec\u00edficas para cada elemento de informaci\u00f3n (por ejemplo: &#8220;Utilidad Neta&#8221;). \u00bfUna persona del sector financiero, un preparador de informes o &hellip; <a href=\"https:\/\/www.icesi.edu.co\/blogs\/niffxbrl\/xbrl\/\" class=\"more-link\">Seguir leyendo <span class=\"screen-reader-text\">XBRL<\/span> <span class=\"meta-nav\">&rarr;<\/span><\/a><\/p>\n","protected":false},"author":20,"featured_media":0,"parent":0,"menu_order":0,"comment_status":"open","ping_status":"open","template":"","meta":{"footnotes":""},"class_list":["post-12","page","type-page","status-publish","hentry"],"aioseo_notices":[],"rttpg_featured_image_url":null,"rttpg_author":{"display_name":"Cesar Omar Lopez Avila","author_link":"https:\/\/www.icesi.edu.co\/blogs\/niffxbrl\/author\/19173494\/"},"rttpg_comment":0,"rttpg_category":null,"rttpg_excerpt":"&nbsp; xbrl Estandar-para-la-Precentacion-de-Informacion-Financiera &nbsp; \u00bfQu\u00e9 es una taxonom\u00eda XBRL? Es el diccionario o el vocabulario com\u00fan y sus reglas de uso en XBRL. Espec\u00edficamente son esquemas o mecanismos de clasificaci\u00f3n que definen nombres o etiquetas espec\u00edficas para cada elemento de informaci\u00f3n (por ejemplo: &#8220;Utilidad Neta&#8221;). \u00bfUna persona del sector financiero, un preparador de informes o&hellip;","_links":{"self":[{"href":"https:\/\/www.icesi.edu.co\/blogs\/niffxbrl\/wp-json\/wp\/v2\/pages\/12"}],"collection":[{"href":"https:\/\/www.icesi.edu.co\/blogs\/niffxbrl\/wp-json\/wp\/v2\/pages"}],"about":[{"href":"https:\/\/www.icesi.edu.co\/blogs\/niffxbrl\/wp-json\/wp\/v2\/types\/page"}],"author":[{"embeddable":true,"href":"https:\/\/www.icesi.edu.co\/blogs\/niffxbrl\/wp-json\/wp\/v2\/users\/20"}],"replies":[{"embeddable":true,"href":"https:\/\/www.icesi.edu.co\/blogs\/niffxbrl\/wp-json\/wp\/v2\/comments?post=12"}],"version-history":[{"count":13,"href":"https:\/\/www.icesi.edu.co\/blogs\/niffxbrl\/wp-json\/wp\/v2\/pages\/12\/revisions"}],"predecessor-version":[{"id":150,"href":"https:\/\/www.icesi.edu.co\/blogs\/niffxbrl\/wp-json\/wp\/v2\/pages\/12\/revisions\/150"}],"wp:attachment":[{"href":"https:\/\/www.icesi.edu.co\/blogs\/niffxbrl\/wp-json\/wp\/v2\/media?parent=12"}],"curies":[{"name":"wp","href":"https:\/\/api.w.org\/{rel}","templated":true}]}}