{"id":83,"date":"2011-01-14T18:56:08","date_gmt":"2011-01-14T23:56:08","guid":{"rendered":"http:\/\/www.icesi.edu.co\/blogs\/niffxbrl\/"},"modified":"2019-04-11T22:21:29","modified_gmt":"2019-04-12T03:21:29","slug":"niif-para-pymes","status":"publish","type":"page","link":"https:\/\/www.icesi.edu.co\/blogs\/niffxbrl\/niif-para-pymes\/","title":{"rendered":"NIIF para PYMES"},"content":{"rendered":"<h2 style=\"text-align: center\"><span style=\"color: #0000ff\"><strong>Norma Internacional de Informaci\u00f3n Financiera para Peque\u00f1as y Medianas Entidades <\/strong><\/span><\/h2>\n<h2 style=\"text-align: center\"><span style=\"color: #0000ff\"><strong>(NIIF para las PYMES)<\/strong><\/span><\/h2>\n<p>&nbsp;<\/p>\n<p><strong>\u00a0<\/strong><span style=\"color: #ff0000\">Este pronunciamiento oficial incorpora las <em>Modificaciones de 2015 a la Norma NIIF para las PYMES <\/em>(vigentes a partir del 1 de enero de 2017, con aplicaci\u00f3n anticipada permitida).<\/span><\/p>\n<p><span style=\"color: #ff00ff\">\u00cdNDICE<\/span><\/p>\n<p style=\"text-align: center\"><span style=\"color: #800000\"><strong><em>NORMA INTERNACIONAL DE INFORMACI\u00d3N FINANCIERA PARA PEQUE\u00d1AS Y MEDIANAS ENTIDADES (NIIF PARA LAS PYMES)<\/em><\/strong><\/span><\/p>\n<p><strong>PR\u00d3LOGO <\/strong><\/p>\n<p><strong>\u00a0<\/strong><strong>Secci\u00f3n<\/strong><strong>\u00a0<\/strong><\/p>\n<p><strong>1 <em>PEQUE\u00d1AS Y MEDIANAS ENTIDADES<\/em><\/strong><\/p>\n<p><strong>2 <em>CONCEPTOS Y PRINCIPIOS FUNDAMENTALES<\/em><\/strong><\/p>\n<p><strong>3 <em>PRESENTACI\u00d3N DE ESTADOS FINANCIEROS<\/em><\/strong><\/p>\n<p><strong>4 <em>ESTADO DE SITUACI\u00d3N FINANCIERA<\/em><\/strong><\/p>\n<p><strong>5 <em>ESTADO DE RESULTADO INTEGRAL Y ESTADO DE RESULTADOS<\/em><\/strong><\/p>\n<p><strong>6 <em>ESTADO DE CAMBIOS EN EL PATRIMONIO Y ESTADO DE RESULTADOS Y<\/em><\/strong><\/p>\n<p><strong><em>GANANCIAS ACUMULADAS<\/em><\/strong><\/p>\n<p><strong>7 <em>ESTADO DE FLUJOS DE EFECTIVO<\/em><\/strong><\/p>\n<p><strong>8 <em>NOTAS A LOS ESTADOS FINANCIEROS<\/em><\/strong><\/p>\n<p><strong>9 <em>ESTADOS FINANCIEROS CONSOLIDADOS Y SEPARADOS<\/em><\/strong><\/p>\n<p><strong>10 <em>POL\u00cdTICAS, ESTIMACIONES Y ERRORES CONTABLES<\/em><\/strong><\/p>\n<p><strong>11 <em>INSTRUMENTOS FINANCIEROS B\u00c1SICOS<\/em><\/strong><\/p>\n<p><strong>12 <em>OTROS TEMAS RELACIONADOS CON LOS INSTRUMENTOS FINANCIEROS<\/em><\/strong><\/p>\n<p><strong>13 <em>INVENTARIOS<\/em><\/strong><\/p>\n<p><strong>14 <em>INVERSIONES EN ASOCIADAS<\/em><\/strong><\/p>\n<p><strong>15 <em>INVERSIONES EN NEGOCIOS CONJUNTOS<\/em><\/strong><\/p>\n<p><strong>16 <em>PROPIEDADES DE INVERSI\u00d3N<\/em><\/strong><\/p>\n<p><strong>17 <em>PROPIEDADES, PLANTA Y EQUIPO<\/em><\/strong><\/p>\n<p><strong>18 <em>ACTIVOS INTANGIBLES DISTINTOS DE LA PLUSVAL\u00cdA<\/em><\/strong><\/p>\n<p><strong>19 <em>COMBINACIONES DE NEGOCIOS Y PLUSVAL\u00cdA<\/em><\/strong><\/p>\n<p><strong>20 <em>ARRENDAMIENTOS<\/em><\/strong><\/p>\n<p><strong>21 <em>PROVISIONES Y CONTINGENCIAS<\/em><\/strong><\/p>\n<p><strong>Ap\u00e9ndice\u2014Gu\u00eda para el reconocimiento y la medici\u00f3n de provisiones<\/strong><\/p>\n<p><strong>22 <em>PASIVOS Y PATRIMONIO<\/em><\/strong><\/p>\n<p><strong>Ap\u00e9ndice\u2014Ejemplo de la contabilizaci\u00f3n de deuda convertible por parte del emisor<\/strong><\/p>\n<p><strong>23 <em>INGRESOS DE ACTIVIDADES ORDINARIAS<\/em><\/strong><\/p>\n<p><strong>Ap\u00e9ndice\u2014Ejemplos de reconocimiento de ingresos de actividades ordinarias seg\u00fan los principios de la Secci\u00f3n 23<\/strong><\/p>\n<p><strong>24 <em>SUBVENCIONES DEL GOBIERNO<\/em><\/strong><\/p>\n<p><strong>25 <em>COSTOS POR PR\u00c9STAMOS<\/em><\/strong><\/p>\n<p><strong>26 <em>PAGOS BASADOS EN ACCIONES<\/em><\/strong><\/p>\n<p><strong>27 <em>DETERIORO DEL VALOR DE LOS ACTIVOS <\/em><\/strong><\/p>\n<p><strong>28 <em>BENEFICIOS A LOS EMPLEADOS<\/em><\/strong><\/p>\n<p><strong>29 <em>IMPUESTOS A LAS GANANCIAS<\/em><\/strong><\/p>\n<p><strong>30 <em>CONVERSI\u00d3N DE MONEDA EXTRANJERA<\/em><\/strong><\/p>\n<p><strong>31 <em>HIPERINFLACI\u00d3N<\/em><\/strong><\/p>\n<p><strong>32 <em>HECHOS OCURRIDOS DESPU\u00c9S DEL PERIODO SOBRE EL QUE SE INFORMA<\/em><\/strong><\/p>\n<p><strong>33 <em>INFORMACI\u00d3N A REVELAR SOBRE PARTES RELACIONADAS<\/em><\/strong><\/p>\n<p><strong>34 <em>ACTIVIDADES ESPECIALIZADAS<\/em><\/strong><\/p>\n<p><strong>35 <em>TRANSICI\u00d3N A LA <\/em>NIIF PARA LAS PYMES<\/strong><\/p>\n<p><strong>AP\u00c9NDICE A: FECHA DE VIGENCIA Y TRANSICI\u00d3N<\/strong><\/p>\n<p><strong>AP\u00c9NDICE B: GLOSARIO DE T\u00c9RMINOS<\/strong><\/p>\n<p><strong>TABLA DE FUENTES<\/strong><\/p>\n<p><strong>APROBACI\u00d3N POR EL CONSEJO DE LA <em>NIIF PARA LAS PYMES <\/em>EMITIDA EN JULIO DE 2009<\/strong><\/p>\n<p><strong>APROBACI\u00d3N POR EL CONSEJO DE LAS <em>MODIFICACIONES DE 2015 A LA NIIF PARA LAS PYMES <\/em>EMITIDAS EN MAYO DE 2015 244 SOBRE LOS <\/strong><strong>DOCUMENTOS COMPLEMENTARIOS ENUMERADOS A CONTINUACI\u00d3N, V\u00c9ASE LA PARTE B DE ESTA EDICI\u00d3N FUNDAMENTOS DE LAS CONCLUSIONES<\/strong><\/p>\n<p><strong>ESTADOS FINANCIEROS ILUSTRATIVOS<\/strong><\/p>\n<p>&nbsp;<\/p>\n<h2 style=\"text-align: center\"><span style=\"color: #008000\"><strong>Pr\u00f3logo a la <em>NIIF para las PYMES <\/em>El IASB<\/strong><\/span><\/h2>\n<p>&nbsp;<\/p>\n<p><strong><span style=\"color: #ff0000\">P1 El Consejo de Normas Internacionales de Contabilidad (IASB) se estableci\u00f3 en 2001 como parte de la Fundaci\u00f3n del Comit\u00e9 de Normas Internacionales de Contabilidad (Fundaci\u00f3n IASC). En 2010 la Fundaci\u00f3n IASC pas\u00f3 a denominarse Fundaci\u00f3n IFRS.<\/span><\/strong><\/p>\n<p><strong><span style=\"color: #0000ff\">P2 El gobierno de la Fundaci\u00f3n IFRS es ejercido por 22 Fideicomisarios. Entre las responsabilidades de estos Fideicomisarios se encuentran el nombramiento de los miembros del IASB y de los consejos y comit\u00e9s asociados al mismo, as\u00ed como la consecuci\u00f3n de fondos para financiar la organizaci\u00f3n.<\/span><\/strong><\/p>\n<p>&nbsp;<\/p>\n<p><strong><span style=\"color: #993300\">P3 Los objetivos del IASB son:<\/span><\/strong><\/p>\n<p><strong><span style=\"color: #993300\">(a) Desarrollar, en el inter\u00e9s p\u00fablico, un conjunto \u00fanico de Normas de informaci\u00f3n financiera legalmente exigibles, y globalmente aceptadas, comprensibles y de alta calidad basadas en principios claramente articulados. Estas Normas deber\u00edan requerir informaci\u00f3n comparable, transparente y de alta calidad en los estados financieros y otra informaci\u00f3n financiera que ayude a los inversores, a otros part\u00edcipes en varios mercados de capitales de todo el mundo y a otros usuarios de la informaci\u00f3n financiera a tomar decisiones econ\u00f3micas.<\/span><\/strong><\/p>\n<p>&nbsp;<\/p>\n<p><strong><span style=\"color: #993300\">(b) promover el uso y la aplicaci\u00f3n rigurosa de esas Normas.<\/span><\/strong><\/p>\n<p>&nbsp;<\/p>\n<p><strong><span style=\"color: #993300\">(c) Considerar en el cumplimiento de los objetivos asociados con (a) y (b), cuando sea adecuado, las necesidades de un rango de tama\u00f1os y tipos de entidades en escenarios econ\u00f3micos diferentes.<\/span><\/strong><\/p>\n<p>&nbsp;<\/p>\n<p><strong><span style=\"color: #993300\">(d) promover el uso y la aplicaci\u00f3n rigurosa de esas Normas.<\/span><\/strong><\/p>\n<p>&nbsp;<\/p>\n<p><strong><span style=\"color: #993300\">P4 La aprobaci\u00f3n de las Normas y documentos relacionados, tales como Proyectos de Norma y otros documentos de discusi\u00f3n, es la responsabilidad del IASB.<\/span><\/strong><\/p>\n<p>&nbsp;<\/p>\n<p><strong>Normas Internacionales de Informaci\u00f3n Financiera completas (NIIF completas)<\/strong><\/p>\n<p><strong>\u00a0<\/strong><\/p>\n<p><strong>P5 El IASB consigue sus objetivos fundamentalmente a trav\u00e9s del desarrollo y publicaci\u00f3n de las Normas, as\u00ed como promoviendo su uso en los estados financieros con prop\u00f3sito de informaci\u00f3n general y en otra informaci\u00f3n financiera. Otra informaci\u00f3n financiera comprende la informaci\u00f3n, suministrada fuera de los estados financieros, que ayuda en la interpretaci\u00f3n de un conjunto completo de estados financieros o mejora la capacidad de los usuarios para tomar decisiones econ\u00f3micas eficientes. El t\u00e9rmino \u201cinformaci\u00f3n financiera\u201d abarca los estados financieros con prop\u00f3sito de informaci\u00f3n general y la otra informaci\u00f3n financiera.<\/strong><\/p>\n<p>&nbsp;<\/p>\n<p><strong>P6 Las NIIF completas establecen los requerimientos de reconocimiento, medici\u00f3n, presentaci\u00f3n e informaci\u00f3n a revelar que se refieren a las transacciones y los sucesos que son importantes en los estados financieros con prop\u00f3sito de informaci\u00f3n general. Tambi\u00e9n pueden establecer estos requerimientos para transacciones, sucesos y condiciones que surgen principalmente en sectores industriales espec\u00edficos. Las NIIF se basan en el <em>Marco Conceptual<\/em>, que se refiere a los conceptos subyacentes en la informaci\u00f3n presentada dentro de los estados financieros con prop\u00f3sito de informaci\u00f3n general. El objetivo del <em>Marco Conceptual <\/em>es facilitar la formulaci\u00f3n uniforme y l\u00f3gica de las NIIF completas.<\/strong><\/p>\n<p><strong>Tambi\u00e9n suministra una base para el uso del juicio para resolver cuestiones contables.<\/strong><\/p>\n<p><strong>\u00a0<\/strong><\/p>\n<h3 style=\"text-align: center\"><strong>Estados financieros con prop\u00f3sito de informaci\u00f3n general<\/strong><\/h3>\n<p>&nbsp;<\/p>\n<p><strong>P7 Las Normas del IASB est\u00e1n dise\u00f1adas para ser aplicadas en los estados financieros con prop\u00f3sito de informaci\u00f3n general, as\u00ed como en otra informaci\u00f3n financiera, de todas las entidades con \u00e1nimo de lucro. Los estados financieros con prop\u00f3sito de informaci\u00f3n general se dirigen a la satisfacci\u00f3n de las necesidades comunes de informaci\u00f3n de un amplio espectro de usuarios, por ejemplo accionistas, acreedores, empleados y p\u00fablico en general. El objetivo de los estados financieros es suministrar informaci\u00f3n sobre la situaci\u00f3n financiera, el rendimiento y los flujos de efectivo de una entidad, que sea \u00fatil para esos usuarios al tomar decisiones econ\u00f3micas.<\/strong><\/p>\n<p>&nbsp;<\/p>\n<p><strong>P8 Los estados financieros con prop\u00f3sito de informaci\u00f3n general son los que pretenden atender las necesidades generales de informaci\u00f3n financiera de un amplio espectro de usuarios que no est\u00e1n en condiciones de exigir informes a la medida de sus necesidades espec\u00edficas de informaci\u00f3n. Los estados financieros con prop\u00f3sito de informaci\u00f3n general comprenden los que se presentan de forma separada o dentro de otro documento de car\u00e1cter p\u00fablico, como un informe anual o un prospecto de informaci\u00f3n burs\u00e1til.<\/strong><\/p>\n<p>&nbsp;<\/p>\n<p><strong>P9 El IASB desarrolla y emite una Norma separada que pretende que se aplique a los estados financieros con prop\u00f3sito de informaci\u00f3n general y otros tipos de informaci\u00f3n financiera de entidades que en muchos pa\u00edses son conocidas por diferentes nombres como peque\u00f1as y medianas entidades (PYMES), entidades privadas y entidades sin obligaci\u00f3n p\u00fablica de rendir cuentas. Esa Norma es la <em>Norma Internacional de Informaci\u00f3n Financiera para Peque\u00f1as y Medianas Entidades (NIIF para las PYMES)<\/em>. La <em>NIIF para las PYMES <\/em>se basa en las NIIF completas con modificaciones para reflejar las necesidades de los usuarios de los estados financieros de las PYMES y consideraciones costo-beneficio.<\/strong><\/p>\n<p>&nbsp;<\/p>\n<p><strong>P10 El t\u00e9rmino peque\u00f1as y medianas entidades, tal y como lo usa el IASB, se define y explica en la Secci\u00f3n 1 <em>Peque\u00f1as y Medianas Entidades<\/em>. Muchas jurisdicciones en todas partes del mundo han desarrollado sus propias definiciones de PYMES para un amplio rango de prop\u00f3sitos, incluyendo el establecimiento de obligaciones de informaci\u00f3n financiera. A menudo esas definiciones nacionales o regionales incluyen criterios cuantificados basados en los ingresos de actividades ordinarias, los activos, los empleados u otros factores. Frecuentemente, el t\u00e9rmino PYMES se usa para indicar o incluir entidades muy peque\u00f1as sin considerar si publican estados financieros con prop\u00f3sito de informaci\u00f3n general para usuarios externos.<\/strong><\/p>\n<p>&nbsp;<\/p>\n<p><strong>P11 A menudo, las PYMES producen estados financieros para el uso exclusivo de los propietarios-gerentes, o para las autoridades fiscales u otros organismos gubernamentales. Los estados financieros producidos \u00fanicamente para los citados prop\u00f3sitos no son necesariamente estados financieros con prop\u00f3sito de informaci\u00f3n general.<\/strong><\/p>\n<p>&nbsp;<\/p>\n<p><strong>P12 Las leyes fiscales son espec\u00edficas de cada jurisdicci\u00f3n, y los objetivos de la informaci\u00f3n financiera con prop\u00f3sito de informaci\u00f3n general difieren de los objetivos de informaci\u00f3n sobre ganancias fiscales. As\u00ed, es improbable que los estados financieros preparados en conformidad con la <em>NIIF para las PYMES <\/em>cumplan completamente con todas las mediciones requeridas por las leyes fiscales y regulaciones de una jurisdicci\u00f3n. Una jurisdicci\u00f3n puede ser capaz de reducir la \u201cdoble carga de informaci\u00f3n\u201d para las PYMES mediante la estructuraci\u00f3n de los informes fiscales como conciliaciones con los resultados determinados seg\u00fan la <em>NIIF para las PYMES <\/em>y por otros medios.<\/strong><\/p>\n<p>&nbsp;<\/p>\n<h3 style=\"text-align: center\"><strong>Autoridad de la <em>NIIF para las PYMES<\/em><\/strong><\/h3>\n<p><strong><em>\u00a0<\/em><\/strong><\/p>\n<p><strong>P13 Las decisiones sobre a qu\u00e9 entidades se les requiere o permite utilizar las Normas del IASB recaen en las autoridades legislativas y reguladoras y en los emisores de normas en cada jurisdicci\u00f3n. Esto se cumple para las NIIF completas y para la <em>NIIF para las PYMES<\/em>. Sin embargo, una clara definici\u00f3n de la clase de entidades a las que se dirige la <em>NIIF para las PYMES <\/em>\u2014como se establece en la Secci\u00f3n 1 de la Norma\u2014es esencial, de forma que<\/strong>:<\/p>\n<p>&nbsp;<\/p>\n<p><strong>(a) el IASB pueda decidir sobre los requerimientos de contabilizaci\u00f3n e informaci\u00f3n a revelar que sean apropiados para esa clase de entidades, y (b) las autoridades reguladoras y legislativas, los organismos emisores de normas y las entidades que informan y sus auditores est\u00e9n informados del alcance pretendido para la aplicaci\u00f3n de la <em>NIIF para las PYMES<\/em>.<\/strong><\/p>\n<p>&nbsp;<\/p>\n<p><strong>Una definici\u00f3n clara es tambi\u00e9n esencial para que las entidades que no son peque\u00f1as y medianas entidades, y, por tanto, no cumplen los requisitos para utilizar la <em>NIIF para las PYMES<\/em>, no afirmen que est\u00e1n cumpliendo con ella (v\u00e9ase el p\u00e1rrafo 1.5).<\/strong><\/p>\n<p>&nbsp;<\/p>\n<p style=\"text-align: center\"><strong>Organizaci\u00f3n de la <em>NIIF para las PYMES<\/em><\/strong><\/p>\n<p><em>\u00a0<\/em><\/p>\n<p><strong>P14 La <em>NIIF para las PYMES <\/em>se organiza por temas, present\u00e1ndose cada tema en una Secci\u00f3n numerada por separado. Las referencias a p\u00e1rrafos se identifican por el n\u00famero de secci\u00f3n seguido por el n\u00famero de p\u00e1rrafo. Los n\u00fameros de p\u00e1rrafo tienen el formato xx.yy, donde xx es el n\u00famero de secci\u00f3n e yy es el n\u00famero de p\u00e1rrafo secuencial dentro de dicha secci\u00f3n. En los ejemplos que incluyen importes monetarios, la unidad de medida es la Unidad Monetaria (cuya abreviatura es u.m.).<\/strong><\/p>\n<p>&nbsp;<\/p>\n<p><strong>P15 Todos los p\u00e1rrafos de la <em>NIIF para las PYMES <\/em>tienen la misma autoridad. Algunas secciones incluyen ap\u00e9ndices de gu\u00eda de implementaci\u00f3n que no forman parte de la Norma y son, m\u00e1s bien, gu\u00edas para su aplicaci\u00f3n.<\/strong><\/p>\n<p>&nbsp;<\/p>\n<h3 style=\"text-align: center\"><strong>Mantenimiento de la <em>NIIF para las PYMES<\/em><\/strong><\/h3>\n<p><strong>P16 El IASB espera proponer modificaciones a la <em>NIIF para las PYMES <\/em>publicando un Proyecto de Norma recopilatorio peri\u00f3dicamente, pero con una frecuencia no superior a una vez cada tres a\u00f1os aproximadamente. En el desarrollo de esos Proyectos de Norma, el Consejo espera considerar las nuevas Normas NIIF completas y las modificaciones, as\u00ed como temas espec\u00edficos que hayan llamado su atenci\u00f3n con relaci\u00f3n a la aplicaci\u00f3n de la <em>NIIF para las PYMES<\/em>. En ocasiones el IASB puede identificar un tema urgente para el que puede ser necesario considerar una modificaci\u00f3n de la <em>NIIF para las PYMES <\/em>al margen del proceso de revisi\u00f3n peri\u00f3dica. Sin embargo, estas ocasiones se espera que sean excepcionales.<\/strong><\/p>\n<p>&nbsp;<\/p>\n<p><strong>P17 Hasta que se modifique la <em>NIIF para las PYMES<\/em>, cualquier cambio que el IASB pueda realizar o proponer con respecto a las NIIF completas no se aplicar\u00e1 a las <em>NIIF para las PYMES<\/em>. La <em>NIIF para las PYMES <\/em>es un documento independiente. Las PYMES no anticipar\u00e1n o aplicar\u00e1n cambios realizados en la NIIF completas antes de que dichos cambios se incorporen a la <em>NIIF para las PYMES <\/em>a menos que, en ausencia de gu\u00edas espec\u00edficas en la <em>NIIF para las PYMES<\/em>, una PYME opte por aplicar gu\u00edas de las NIIF completas y esos principios no est\u00e9n en conflicto con requerimientos de la jerarqu\u00eda de los p\u00e1rrafos 10.4 y 10.5.<\/strong><\/p>\n<p>&nbsp;<\/p>\n<p><strong>P18 El IASB espera que transcurra un periodo de un a\u00f1o como m\u00ednimo entre la emisi\u00f3n de las modificaciones a la <em>NIIF para las PYMES <\/em>y la fecha de vigencia de dichas modificaciones.<\/strong><\/p>\n<p>&nbsp;<\/p>\n<h3 style=\"text-align: center\"><strong><em>Norma Internacional de Informaci\u00f3n Financiera (NIIF) para Peque\u00f1as y Medianas Entidades<\/em><\/strong><\/h3>\n<p><strong><em>\u00a0<\/em><\/strong><\/p>\n<p>&nbsp;<\/p>\n","protected":false},"excerpt":{"rendered":"<p>Norma Internacional de Informaci\u00f3n Financiera para Peque\u00f1as y Medianas Entidades (NIIF para las PYMES) &nbsp; \u00a0Este pronunciamiento oficial incorpora las Modificaciones de 2015 a la Norma NIIF para las PYMES (vigentes a partir del 1 de enero de 2017, con aplicaci\u00f3n anticipada permitida). \u00cdNDICE NORMA INTERNACIONAL DE INFORMACI\u00d3N FINANCIERA PARA PEQUE\u00d1AS Y MEDIANAS ENTIDADES (NIIF &hellip; <a href=\"https:\/\/www.icesi.edu.co\/blogs\/niffxbrl\/niif-para-pymes\/\" class=\"more-link\">Seguir leyendo <span class=\"screen-reader-text\">NIIF para PYMES<\/span> <span class=\"meta-nav\">&rarr;<\/span><\/a><\/p>\n","protected":false},"author":20,"featured_media":0,"parent":0,"menu_order":0,"comment_status":"open","ping_status":"open","template":"","meta":{"footnotes":""},"class_list":["post-83","page","type-page","status-publish","hentry"],"aioseo_notices":[],"rttpg_featured_image_url":null,"rttpg_author":{"display_name":"Cesar Omar Lopez Avila","author_link":"https:\/\/www.icesi.edu.co\/blogs\/niffxbrl\/author\/19173494\/"},"rttpg_comment":0,"rttpg_category":null,"rttpg_excerpt":"Norma Internacional de Informaci\u00f3n Financiera para Peque\u00f1as y Medianas Entidades (NIIF para las PYMES) &nbsp; \u00a0Este pronunciamiento oficial incorpora las Modificaciones de 2015 a la Norma NIIF para las PYMES (vigentes a partir del 1 de enero de 2017, con aplicaci\u00f3n anticipada permitida). \u00cdNDICE NORMA INTERNACIONAL DE INFORMACI\u00d3N FINANCIERA PARA PEQUE\u00d1AS Y MEDIANAS ENTIDADES (NIIF&hellip;","_links":{"self":[{"href":"https:\/\/www.icesi.edu.co\/blogs\/niffxbrl\/wp-json\/wp\/v2\/pages\/83"}],"collection":[{"href":"https:\/\/www.icesi.edu.co\/blogs\/niffxbrl\/wp-json\/wp\/v2\/pages"}],"about":[{"href":"https:\/\/www.icesi.edu.co\/blogs\/niffxbrl\/wp-json\/wp\/v2\/types\/page"}],"author":[{"embeddable":true,"href":"https:\/\/www.icesi.edu.co\/blogs\/niffxbrl\/wp-json\/wp\/v2\/users\/20"}],"replies":[{"embeddable":true,"href":"https:\/\/www.icesi.edu.co\/blogs\/niffxbrl\/wp-json\/wp\/v2\/comments?post=83"}],"version-history":[{"count":17,"href":"https:\/\/www.icesi.edu.co\/blogs\/niffxbrl\/wp-json\/wp\/v2\/pages\/83\/revisions"}],"predecessor-version":[{"id":148,"href":"https:\/\/www.icesi.edu.co\/blogs\/niffxbrl\/wp-json\/wp\/v2\/pages\/83\/revisions\/148"}],"wp:attachment":[{"href":"https:\/\/www.icesi.edu.co\/blogs\/niffxbrl\/wp-json\/wp\/v2\/media?parent=83"}],"curies":[{"name":"wp","href":"https:\/\/api.w.org\/{rel}","templated":true}]}}