{"id":1049,"date":"2022-11-20T19:51:26","date_gmt":"2022-11-20T19:51:26","guid":{"rendered":"http:\/\/www.icesi.edu.co\/blogs\/point\/?page_id=1049"},"modified":"2023-06-20T16:15:53","modified_gmt":"2023-06-20T16:15:53","slug":"study-tour-bogota-2022-2","status":"publish","type":"page","link":"https:\/\/www.icesi.edu.co\/blogs\/point\/study-tour-bogota-2022-2\/","title":{"rendered":"Study Tour Bogot\u00e1 2022-2"},"content":{"rendered":"<p><img decoding=\"async\" src=\"https:\/\/scontent.fclo2-2.fna.fbcdn.net\/v\/t39.30808-6\/311089941_564219975577620_1494867838027517717_n.jpg?_nc_cat=110&amp;ccb=1-7&amp;_nc_sid=730e14&amp;_nc_ohc=7RvDBq7QswkAX9gWD4T&amp;_nc_ht=scontent.fclo2-2.fna&amp;oh=00_AfCZiLpN92n5AteMtFoMyWY5mCFicWNlQJMdtcTO2IJYtA&amp;oe=64975CC4\" alt=\"No hay ninguna descripci\u00f3n de la foto disponible.\" \/><\/p>\n<p>&nbsp;<\/p>\n<p>Entre 10\u00a0<span lang=\"es\">y 12 de octubre, el PoInt llev\u00f3 a cabo el\u00a0<span class=\"markaq68d3rep\">Study<\/span>\u00a0<span class=\"markkcivecefa\">Tour<\/span>\u00a0nacional a la ciudad de Bogot\u00e1.\u00a0<\/span><span lang=\"es\">Los y las estudiantes del programa de Ciencia Pol\u00edtica con \u00c9nfasis en Relaciones Internacionales visitaron la Casa de Nari\u00f1o y el Congreso de la Rep\u00fablica, adicionalmente acudieron a la Agencia de Cooperaci\u00f3n Internacional USAID, los centros de pensamiento Konrad Adenauer y el Instituto de Ciencia Pol\u00edtica, museos y sitios del inter\u00e9s hist\u00f3rico-pol\u00edtico. Por \u00faltimo, pero no menos importante se realiz\u00f3 una reuni\u00f3n con los y las egresados\/as del CIP que trabajan en Bogot\u00e1. De acuerdo a uno de los participantes,\u00a0<\/span>\u201cme goc\u00e9 mucho el\u00a0<span class=\"markaq68d3rep\">Study<\/span>\u00a0<span class=\"markkcivecefa\">Tour<\/span>\u00a0y aprend\u00ed mucho m\u00e1s de lo esperado.\u201d El a\u00f1o que viene, se organizar\u00e1 un nuevo S<span class=\"markaq68d3rep\">tudy<\/span>\u00a0T<span class=\"markkcivecefa\">our<\/span>\u00a0nacional, esta vez, a la ciudad de Medell\u00edn.<\/p>\n<p>Reflexiones de estudiantes:<\/p>\n<ul>\n<li><a href=\"https:\/\/www.icesi.edu.co\/blogs\/point\/2023\/06\/20\/galvis-s-2022-experiencias-en-el-study-tour-bogota-2022\/\">Galvis, S. (2022). Experiencias en el Study Tour Bogot\u00e1\u00a0<\/a><\/li>\n<li><a href=\"https:\/\/www.icesi.edu.co\/blogs\/point\/2023\/06\/20\/rodriguez-e-2022-mi-experiencia-en-el-study-tour-bogota-2022\/\">Rodriguez, E. (2022). Mi experiencia en el Study Tour Bogot\u00e1 2022<\/a><\/li>\n<\/ul>\n<p>&nbsp;<\/p>\n","protected":false},"excerpt":{"rendered":"<p>&nbsp; Entre 10\u00a0y 12 de octubre, el PoInt llev\u00f3 a cabo el\u00a0Study\u00a0Tour\u00a0nacional a la ciudad de Bogot\u00e1.\u00a0Los y las estudiantes [&hellip;]<\/p>\n","protected":false},"author":42165942,"featured_media":0,"parent":0,"menu_order":0,"comment_status":"closed","ping_status":"closed","template":"","meta":{"site-sidebar-layout":"default","site-content-layout":"","ast-site-content-layout":"","site-content-style":"default","site-sidebar-style":"default","ast-global-header-display":"","ast-banner-title-visibility":"","ast-main-header-display":"","ast-hfb-above-header-display":"","ast-hfb-below-header-display":"","ast-hfb-mobile-header-display":"","site-post-title":"","ast-breadcrumbs-content":"","ast-featured-img":"","footer-sml-layout":"","theme-transparent-header-meta":"","adv-header-id-meta":"","stick-header-meta":"","header-above-stick-meta":"","header-main-stick-meta":"","header-below-stick-meta":"","astra-migrate-meta-layouts":"default","ast-page-background-enabled":"default","ast-page-background-meta":{"desktop":{"background-color":"var(--ast-global-color-4)","background-image":"","background-repeat":"repeat","background-position":"center center","background-size":"auto","background-attachment":"scroll","background-type":"","background-media":"","overlay-type":"","overlay-color":"","overlay-opacity":"","overlay-gradient":""},"tablet":{"background-color":"","background-image":"","background-repeat":"repeat","background-position":"center center","background-size":"auto","background-attachment":"scroll","background-type":"","background-media":"","overlay-type":"","overlay-color":"","overlay-opacity":"","overlay-gradient":""},"mobile":{"background-color":"","background-image":"","background-repeat":"repeat","background-position":"center center","background-size":"auto","background-attachment":"scroll","background-type":"","background-media":"","overlay-type":"","overlay-color":"","overlay-opacity":"","overlay-gradient":""}},"ast-content-background-meta":{"desktop":{"background-color":"var(--ast-global-color-5)","background-image":"","background-repeat":"repeat","background-position":"center center","background-size":"auto","background-attachment":"scroll","background-type":"","background-media":"","overlay-type":"","overlay-color":"","overlay-opacity":"","overlay-gradient":""},"tablet":{"background-color":"var(--ast-global-color-5)","background-image":"","background-repeat":"repeat","background-position":"center center","background-size":"auto","background-attachment":"scroll","background-type":"","background-media":"","overlay-type":"","overlay-color":"","overlay-opacity":"","overlay-gradient":""},"mobile":{"background-color":"var(--ast-global-color-5)","background-image":"","background-repeat":"repeat","background-position":"center center","background-size":"auto","background-attachment":"scroll","background-type":"","background-media":"","overlay-type":"","overlay-color":"","overlay-opacity":"","overlay-gradient":""}},"footnotes":""},"class_list":["post-1049","page","type-page","status-publish","hentry"],"aioseo_notices":[],"rttpg_featured_image_url":null,"rttpg_author":{"display_name":"Monica Alexandra Ramirez Guevara","author_link":"https:\/\/www.icesi.edu.co\/blogs\/point\/author\/1144100584\/"},"rttpg_comment":0,"rttpg_category":null,"rttpg_excerpt":"&nbsp; Entre 10\u00a0y 12 de octubre, el PoInt llev\u00f3 a cabo el\u00a0Study\u00a0Tour\u00a0nacional a la ciudad de Bogot\u00e1.\u00a0Los y las estudiantes [&hellip;]","_links":{"self":[{"href":"https:\/\/www.icesi.edu.co\/blogs\/point\/wp-json\/wp\/v2\/pages\/1049"}],"collection":[{"href":"https:\/\/www.icesi.edu.co\/blogs\/point\/wp-json\/wp\/v2\/pages"}],"about":[{"href":"https:\/\/www.icesi.edu.co\/blogs\/point\/wp-json\/wp\/v2\/types\/page"}],"author":[{"embeddable":true,"href":"https:\/\/www.icesi.edu.co\/blogs\/point\/wp-json\/wp\/v2\/users\/42165942"}],"replies":[{"embeddable":true,"href":"https:\/\/www.icesi.edu.co\/blogs\/point\/wp-json\/wp\/v2\/comments?post=1049"}],"version-history":[{"count":6,"href":"https:\/\/www.icesi.edu.co\/blogs\/point\/wp-json\/wp\/v2\/pages\/1049\/revisions"}],"predecessor-version":[{"id":1312,"href":"https:\/\/www.icesi.edu.co\/blogs\/point\/wp-json\/wp\/v2\/pages\/1049\/revisions\/1312"}],"wp:attachment":[{"href":"https:\/\/www.icesi.edu.co\/blogs\/point\/wp-json\/wp\/v2\/media?parent=1049"}],"curies":[{"name":"wp","href":"https:\/\/api.w.org\/{rel}","templated":true}]}}