{"id":212,"date":"2019-02-15T15:53:51","date_gmt":"2019-02-15T15:53:51","guid":{"rendered":"http:\/\/www.icesi.edu.co\/blogs\/point\/?page_id=212"},"modified":"2023-05-15T22:52:01","modified_gmt":"2023-05-15T22:52:01","slug":"quince-trece-boletin-de-ciencia-politica","status":"publish","type":"page","link":"https:\/\/www.icesi.edu.co\/blogs\/point\/quince-trece-boletin-de-ciencia-politica\/","title":{"rendered":"Quince Trece. Bolet\u00edn de Ciencia Pol\u00edtica"},"content":{"rendered":"<p><img fetchpriority=\"high\" decoding=\"async\" class=\"size-full wp-image-368 aligncenter\" src=\"http:\/\/www.icesi.edu.co\/blogs\/point\/files\/2020\/06\/BoletinCip.png\" alt=\"\" width=\"884\" height=\"302\" \/><\/p>\n<ul>\n<li><a href=\"https:\/\/www.icesi.edu.co\/blogs\/point\/edicion-1-febrero-15-de-2019\/\">Edici\u00f3n No.1<\/a><\/li>\n<li>Edici\u00f3n No.2 (En formato mail)<\/li>\n<li><a href=\"https:\/\/www.icesi.edu.co\/blogs\/point\/quince-trece-boletin-de-ciencia-politica\/edicion-3-julio-de-2020\/\">Edici\u00f3n No.3<\/a><\/li>\n<li><a href=\"https:\/\/www.icesi.edu.co\/blogs\/point\/edicion-4-septiembre-de-2020\/\">Edici\u00f3n No.4<\/a><\/li>\n<li><a href=\"https:\/\/www.icesi.edu.co\/blogs\/point\/edicion-5-octubre-de-2020\/\">Edici\u00f3n No. 5<\/a><\/li>\n<li><a href=\"https:\/\/www.icesi.edu.co\/blogs\/point\/edicion-6-noviembre-de-2020\/\">Edici\u00f3n No. 6<\/a><\/li>\n<li><a href=\"https:\/\/www.icesi.edu.co\/blogs\/point\/edicion-7-diciembre-de-2020\/\">Edici\u00f3n No. 7\u00a0<\/a><\/li>\n<li><a href=\"https:\/\/www.icesi.edu.co\/blogs\/point\/quince-trece-boletin-de-ciencia-politica\/edicion-n-8-2022-1\/\">Edici\u00f3n No.8<\/a><\/li>\n<li><a href=\"https:\/\/www.icesi.edu.co\/blogs\/point\/edicion-n-9-2022-2\/\">Edici\u00f3n No.9\u00a0<\/a><\/li>\n<li><a href=\"https:\/\/www.icesi.edu.co\/blogs\/point\/2023\/05\/07\/edicion-n-10-2023-1\/\">Edici\u00f3n No.10<\/a><\/li>\n<\/ul>\n","protected":false},"excerpt":{"rendered":"<p>Edici\u00f3n No.1 Edici\u00f3n No.2 (En formato mail) Edici\u00f3n No.3 Edici\u00f3n No.4 Edici\u00f3n No. 5 Edici\u00f3n No. 6 Edici\u00f3n No. 7\u00a0 [&hellip;]<\/p>\n","protected":false},"author":42165648,"featured_media":0,"parent":0,"menu_order":0,"comment_status":"closed","ping_status":"closed","template":"","meta":{"site-sidebar-layout":"default","site-content-layout":"","ast-site-content-layout":"","site-content-style":"default","site-sidebar-style":"default","ast-global-header-display":"","ast-banner-title-visibility":"","ast-main-header-display":"","ast-hfb-above-header-display":"","ast-hfb-below-header-display":"","ast-hfb-mobile-header-display":"","site-post-title":"","ast-breadcrumbs-content":"","ast-featured-img":"","footer-sml-layout":"","theme-transparent-header-meta":"","adv-header-id-meta":"","stick-header-meta":"","header-above-stick-meta":"","header-main-stick-meta":"","header-below-stick-meta":"","astra-migrate-meta-layouts":"default","ast-page-background-enabled":"default","ast-page-background-meta":{"desktop":{"background-color":"var(--ast-global-color-4)","background-image":"","background-repeat":"repeat","background-position":"center center","background-size":"auto","background-attachment":"scroll","background-type":"","background-media":"","overlay-type":"","overlay-color":"","overlay-opacity":"","overlay-gradient":""},"tablet":{"background-color":"","background-image":"","background-repeat":"repeat","background-position":"center center","background-size":"auto","background-attachment":"scroll","background-type":"","background-media":"","overlay-type":"","overlay-color":"","overlay-opacity":"","overlay-gradient":""},"mobile":{"background-color":"","background-image":"","background-repeat":"repeat","background-position":"center center","background-size":"auto","background-attachment":"scroll","background-type":"","background-media":"","overlay-type":"","overlay-color":"","overlay-opacity":"","overlay-gradient":""}},"ast-content-background-meta":{"desktop":{"background-color":"var(--ast-global-color-5)","background-image":"","background-repeat":"repeat","background-position":"center center","background-size":"auto","background-attachment":"scroll","background-type":"","background-media":"","overlay-type":"","overlay-color":"","overlay-opacity":"","overlay-gradient":""},"tablet":{"background-color":"var(--ast-global-color-5)","background-image":"","background-repeat":"repeat","background-position":"center center","background-size":"auto","background-attachment":"scroll","background-type":"","background-media":"","overlay-type":"","overlay-color":"","overlay-opacity":"","overlay-gradient":""},"mobile":{"background-color":"var(--ast-global-color-5)","background-image":"","background-repeat":"repeat","background-position":"center center","background-size":"auto","background-attachment":"scroll","background-type":"","background-media":"","overlay-type":"","overlay-color":"","overlay-opacity":"","overlay-gradient":""}},"footnotes":""},"class_list":["post-212","page","type-page","status-publish","hentry"],"aioseo_notices":[],"rttpg_featured_image_url":null,"rttpg_author":{"display_name":"Angela Pinzon Silva","author_link":"https:\/\/www.icesi.edu.co\/blogs\/point\/author\/1075267578\/"},"rttpg_comment":0,"rttpg_category":null,"rttpg_excerpt":"Edici\u00f3n No.1 Edici\u00f3n No.2 (En formato mail) Edici\u00f3n No.3 Edici\u00f3n No.4 Edici\u00f3n No. 5 Edici\u00f3n No. 6 Edici\u00f3n No. 7\u00a0 [&hellip;]","_links":{"self":[{"href":"https:\/\/www.icesi.edu.co\/blogs\/point\/wp-json\/wp\/v2\/pages\/212"}],"collection":[{"href":"https:\/\/www.icesi.edu.co\/blogs\/point\/wp-json\/wp\/v2\/pages"}],"about":[{"href":"https:\/\/www.icesi.edu.co\/blogs\/point\/wp-json\/wp\/v2\/types\/page"}],"author":[{"embeddable":true,"href":"https:\/\/www.icesi.edu.co\/blogs\/point\/wp-json\/wp\/v2\/users\/42165648"}],"replies":[{"embeddable":true,"href":"https:\/\/www.icesi.edu.co\/blogs\/point\/wp-json\/wp\/v2\/comments?post=212"}],"version-history":[{"count":13,"href":"https:\/\/www.icesi.edu.co\/blogs\/point\/wp-json\/wp\/v2\/pages\/212\/revisions"}],"predecessor-version":[{"id":1263,"href":"https:\/\/www.icesi.edu.co\/blogs\/point\/wp-json\/wp\/v2\/pages\/212\/revisions\/1263"}],"wp:attachment":[{"href":"https:\/\/www.icesi.edu.co\/blogs\/point\/wp-json\/wp\/v2\/media?parent=212"}],"curies":[{"name":"wp","href":"https:\/\/api.w.org\/{rel}","templated":true}]}}