{"id":85,"date":"2018-12-10T17:15:10","date_gmt":"2018-12-10T17:15:10","guid":{"rendered":"http:\/\/www.icesi.edu.co\/blogs\/point\/?page_id=85"},"modified":"2024-07-29T15:08:25","modified_gmt":"2024-07-29T15:08:25","slug":"acerca-del-point","status":"publish","type":"page","link":"https:\/\/www.icesi.edu.co\/blogs\/point\/","title":{"rendered":"Acerca del PoInt"},"content":{"rendered":"<p style=\"text-align: left\"><img decoding=\"async\" class=\"size-medium wp-image-774 aligncenter\" src=\"http:\/\/www.icesi.edu.co\/blogs\/point\/files\/2022\/05\/Logo-Point-300x159.png\" alt=\"\" width=\"300\" height=\"159\" \/>El Laboratorio de Pol\u00edtica y Relaciones Internacionales (PoInt) pertenece al Programa de Ciencia Pol\u00edtica de la Universidad Icesi. Por medio de \u00e9l se gestan estrategias innovadoras que sirven para la construcci\u00f3n de las competencias de los estudiantes aspirantes a polit\u00f3logos. Hacemos un especial \u00e9nfasis en la sensibilidad pol\u00edtica y en las capacidades cr\u00edticas y metodol\u00f3gicas.<\/p>\n<p style=\"text-align: left\">Para ocuparse de lo primero, el Laboratorio dise\u00f1a e implementa los\u00a0<em>Study Tours\u00a0<\/em>locales, nacionales e internacionales. Durante estos viajes educativos los estudiantes de Ciencia Pol\u00edtica tienen la oportunidad de complementar su formaci\u00f3n dentro del aula reuni\u00e9ndose con tomadores de decisi\u00f3n, visitando oficinas de gobierno, ONGs, museos y sitios emblem\u00e1ticos. Durante estas visitas tambi\u00e9n entran en conversaciones y debates con investigadores, profesores y estudiantes de distintas universidades, no s\u00f3lo en Colombia, sino tambi\u00e9n en pa\u00edses extranjeros. En cuanto a lo segundo, el PoInt se encarga de plantear y poner en marcha actividades de distinta \u00edndole, entre los que cabe mencionar la asistencia y participaci\u00f3n de nuestros polit\u00f3logos en los modelos de la ONU y la OEA, convocatorias para congresos, seminarios y varios cursos cortos en Colombia y el exterior.<\/p>\n<p style=\"text-align: left\">Finalmente, el presente blog nace con la intenci\u00f3n de hacer visibles todas aquellas vivencias acad\u00e9micas que tienen nuestros estudiantes al participar en las diferentes actividades que desde el PoInt se plantean. En ese sentido, lo que el visitante ver\u00e1 cuando decida adentrarse dentro de esta p\u00e1gina es una serie de rese\u00f1as, ensayos y reflexiones cr\u00edticas que han hecho los estudiantes de Ciencia Pol\u00edtica de la Universidad Icesi.<\/p>\n<p>&nbsp;<\/p>\n<blockquote>\n<p style=\"text-align: center\">Informaci\u00f3n y contacto:<\/p>\n<p style=\"text-align: center\">Vladimir Rouvinski (vrouvinski@icesi.edu.co)<\/p>\n<p style=\"text-align: center\"><em>Director del PoInt<\/em><\/p>\n<p style=\"text-align: center\">Luisa Mar\u00eda Casta\u00f1o Saldarriaga (luisa.castano1@icesi.edu.co)<\/p>\n<p style=\"text-align: center\"><em>Coordinadora del PoInt<\/em><\/p>\n<\/blockquote>\n<p><strong>Nuestras redes sociales:<\/strong><\/p>\n<div>\n<p style=\"text-align: center\"><a href=\"https:\/\/www.instagram.com\/pointicesi\/\"><img decoding=\"async\" class=\"wp-image-776 aligncenter\" src=\"http:\/\/www.icesi.edu.co\/blogs\/point\/files\/2022\/05\/Logo-Insta.jpg\" alt=\"\" width=\"21\" height=\"21\" \/><\/a>@pointicesi<\/p>\n<p style=\"text-align: center\"><span class=\"JsGRdQ\"><a href=\"https:\/\/www.facebook.com\/point.Icesi\/\"><img decoding=\"async\" class=\"wp-image-777 aligncenter\" src=\"http:\/\/www.icesi.edu.co\/blogs\/point\/files\/2022\/05\/facebook-logo-jpg-facebook-logo-1.jpg\" alt=\"\" width=\"27\" height=\"27\" \/><\/a><\/span><span class=\"JsGRdQ\">POINT &#8211; Laboratorio de Pol\u00edtica y\u00a0<\/span><span class=\"JsGRdQ\">Relaciones Internacionales<\/span><\/p>\n<\/div>\n","protected":false},"excerpt":{"rendered":"<p>El Laboratorio de Pol\u00edtica y Relaciones Internacionales (PoInt) pertenece al Programa de Ciencia Pol\u00edtica de la Universidad Icesi. Por medio [&hellip;]<\/p>\n","protected":false},"author":42165648,"featured_media":0,"parent":0,"menu_order":0,"comment_status":"closed","ping_status":"closed","template":"","meta":{"site-sidebar-layout":"default","site-content-layout":"","ast-site-content-layout":"","site-content-style":"default","site-sidebar-style":"default","ast-global-header-display":"","ast-banner-title-visibility":"","ast-main-header-display":"","ast-hfb-above-header-display":"","ast-hfb-below-header-display":"","ast-hfb-mobile-header-display":"","site-post-title":"","ast-breadcrumbs-content":"","ast-featured-img":"","footer-sml-layout":"","theme-transparent-header-meta":"","adv-header-id-meta":"","stick-header-meta":"","header-above-stick-meta":"","header-main-stick-meta":"","header-below-stick-meta":"","astra-migrate-meta-layouts":"default","ast-page-background-enabled":"default","ast-page-background-meta":{"desktop":{"background-color":"var(--ast-global-color-4)","background-image":"","background-repeat":"repeat","background-position":"center center","background-size":"auto","background-attachment":"scroll","background-type":"","background-media":"","overlay-type":"","overlay-color":"","overlay-opacity":"","overlay-gradient":""},"tablet":{"background-color":"","background-image":"","background-repeat":"repeat","background-position":"center center","background-size":"auto","background-attachment":"scroll","background-type":"","background-media":"","overlay-type":"","overlay-color":"","overlay-opacity":"","overlay-gradient":""},"mobile":{"background-color":"","background-image":"","background-repeat":"repeat","background-position":"center center","background-size":"auto","background-attachment":"scroll","background-type":"","background-media":"","overlay-type":"","overlay-color":"","overlay-opacity":"","overlay-gradient":""}},"ast-content-background-meta":{"desktop":{"background-color":"var(--ast-global-color-5)","background-image":"","background-repeat":"repeat","background-position":"center center","background-size":"auto","background-attachment":"scroll","background-type":"","background-media":"","overlay-type":"","overlay-color":"","overlay-opacity":"","overlay-gradient":""},"tablet":{"background-color":"var(--ast-global-color-5)","background-image":"","background-repeat":"repeat","background-position":"center center","background-size":"auto","background-attachment":"scroll","background-type":"","background-media":"","overlay-type":"","overlay-color":"","overlay-opacity":"","overlay-gradient":""},"mobile":{"background-color":"var(--ast-global-color-5)","background-image":"","background-repeat":"repeat","background-position":"center center","background-size":"auto","background-attachment":"scroll","background-type":"","background-media":"","overlay-type":"","overlay-color":"","overlay-opacity":"","overlay-gradient":""}},"footnotes":""},"class_list":["post-85","page","type-page","status-publish","hentry"],"aioseo_notices":[],"rttpg_featured_image_url":null,"rttpg_author":{"display_name":"Angela Pinzon Silva","author_link":"https:\/\/www.icesi.edu.co\/blogs\/point\/author\/1075267578\/"},"rttpg_comment":0,"rttpg_category":null,"rttpg_excerpt":"El Laboratorio de Pol\u00edtica y Relaciones Internacionales (PoInt) pertenece al Programa de Ciencia Pol\u00edtica de la Universidad Icesi. Por medio [&hellip;]","_links":{"self":[{"href":"https:\/\/www.icesi.edu.co\/blogs\/point\/wp-json\/wp\/v2\/pages\/85"}],"collection":[{"href":"https:\/\/www.icesi.edu.co\/blogs\/point\/wp-json\/wp\/v2\/pages"}],"about":[{"href":"https:\/\/www.icesi.edu.co\/blogs\/point\/wp-json\/wp\/v2\/types\/page"}],"author":[{"embeddable":true,"href":"https:\/\/www.icesi.edu.co\/blogs\/point\/wp-json\/wp\/v2\/users\/42165648"}],"replies":[{"embeddable":true,"href":"https:\/\/www.icesi.edu.co\/blogs\/point\/wp-json\/wp\/v2\/comments?post=85"}],"version-history":[{"count":11,"href":"https:\/\/www.icesi.edu.co\/blogs\/point\/wp-json\/wp\/v2\/pages\/85\/revisions"}],"predecessor-version":[{"id":1480,"href":"https:\/\/www.icesi.edu.co\/blogs\/point\/wp-json\/wp\/v2\/pages\/85\/revisions\/1480"}],"wp:attachment":[{"href":"https:\/\/www.icesi.edu.co\/blogs\/point\/wp-json\/wp\/v2\/media?parent=85"}],"curies":[{"name":"wp","href":"https:\/\/api.w.org\/{rel}","templated":true}]}}