{"id":2,"date":"2011-09-02T21:50:05","date_gmt":"2011-09-02T21:50:05","guid":{"rendered":"http:\/\/www.icesi.edu.co\/blogs\/semillerodiseno\/?page_id=2"},"modified":"2011-09-05T01:19:59","modified_gmt":"2011-09-05T06:19:59","slug":"pagina-ejemplo","status":"publish","type":"page","link":"https:\/\/www.icesi.edu.co\/blogs\/semillerodiseno\/pagina-ejemplo\/","title":{"rendered":"Bienvenidos"},"content":{"rendered":"<p>Este es el Blog informativo del Semillero de Investigaci\u00f3n en Dise\u00f1o de las carreras de Dise\u00f1o de Medios Interactivos y Dise\u00f1o Industrial de la universidad Icesi. Este semillero es un espacio de aprendizaje y creaci\u00f3n en el cual se fomenta la cultura investigativa a traves del aprender haciendo.<\/p>\n<p>A continuaci\u00f3n te presentaremos informaci\u00f3n general sobre los semilleros de investigaci\u00f3n:<\/p>\n<p><strong>\u00bfQue es un semillero de investigaci\u00f3n?<\/strong><\/p>\n<p>Los Semilleros de Investigaci\u00f3n son una estrategia pedag\u00f3gica extracurricular en las que se crean comunidades de aprendizaje, integradas por estudiantes y profesores, con el prop\u00f3sito de fomentar la cultura investigativa en estudiantes de pregrado que se agrupan para desarrollar actividades que busquen la formaci\u00f3n investigativa y el trabajo en red en Pro del desarrollo de la instituci\u00f3n, la ciudad, la regi\u00f3n y el pa\u00eds.<\/p>\n<p><strong>\u00bfPor qu\u00e9 es importante un semillero de investigaci\u00f3n?<\/strong><\/p>\n<p style=\"text-align: left\">El conocimiento y la educaci\u00f3n deben concebirse desde la integralidad, pues de esta forma la persona recibe bases para la formaci\u00f3n del pensamiento y el desarrollo de la sensibilidad que le permitir\u00e1n actuar ante las diversas situaciones que se le presenten. Pero en Colombia no es as\u00ed, lo cual genera un bajo nivel de productividad y competitividad en la generaci\u00f3n de nuevo conocimiento lo cual conlleva a que el pa\u00eds ande rezagado en procesos de innovaci\u00f3n y producci\u00f3n de investigaci\u00f3n.\u00a0Es por esta raz\u00f3n que los semilleros de investigaci\u00f3n son se suma importancia en el desarrollo de la educaci\u00f3n en nuestro pa\u00eds, ya que con su formaci\u00f3n,\u00a0las capacidades investigativas de los estudiantes se fortalecen a trav\u00e9s del aprender-haciendo, en un ambiente de trabajo colectivo para la b\u00fasqueda de alternativas, donde prime la\u00a0interdisciplinariedad, la colaboraci\u00f3n y la armon\u00eda de trabajo en equipo.<\/p>\n<p style=\"text-align: left\"><strong>\u00bfPara que es un semillero de investigaci\u00f3n?<\/strong><\/p>\n<p style=\"text-align: left\">Principalmente un semillero de investigaci\u00f3n permite que los investigadores en iniciaci\u00f3n se ejerciten en el arte de coordinar peque\u00f1os proyectos y grupos de investigaci\u00f3n, con el fin de desarrollar competencias para la investigaci\u00f3n y obtener as\u00ed una formaci\u00f3n a\u00fan m\u00e1s integral.<\/p>\n<p style=\"text-align: left\">Entre las m\u00faltiples ventajas est\u00e1n:<\/p>\n<ul>\n<li>Recibir la formaci\u00f3n necesaria para la identificaci\u00f3n de temas de inter\u00e9s y la posterior formulaci\u00f3n de posibles propuestas de investigaci\u00f3n.<\/li>\n<li>Tomar parte en la formulaci\u00f3n y ejecuci\u00f3n de proyectos en aras de la construcci\u00f3n de conocimientos.<\/li>\n<li>Familiarizar al estudiante con m\u00e9todos y t\u00e9cnicas investigativas.<\/li>\n<li>Participar en eventos locales y nacionales.<\/li>\n<\/ul>\n<p><span class=\"Apple-style-span\" style=\"font-family: 'Helvetica Neue', Helvetica, Arial, sans-serif\"><strong>Actividades que se realizan<\/strong><\/span><\/p>\n<div style=\"text-align: left\">Entre las actividades que se realizan en el semillero se encuentran:<\/div>\n<div style=\"text-align: left\">\n<ul>\n<li>Presentaci\u00f3n de proyectos.<\/li>\n<li>Manejo conceptual y metodol\u00f3gico de la din\u00e1mica de proyectos y de investigaci\u00f3n.<\/li>\n<li>Acompa\u00f1amiento (iniciaci\u00f3n, desarrollo, an\u00e1lisis y socializaci\u00f3n de resultados).<\/li>\n<li>Realizaci\u00f3n de encuentros y jornadas de investigaci\u00f3n.<\/li>\n<li>La socializaci\u00f3n de los resultados de los procesos investigativos a trav\u00e9s de la presentaci\u00f3n en eventos locales, regionales y nacionales de corte disciplinar e investigativo.<\/li>\n<li>Realizaci\u00f3n de proyectos interdisciplinarios.<\/li>\n<li>Intercambio de experiencias con pares investigativos, fomentando la realizaci\u00f3n de proyectos conjuntos y pasant\u00edas.<\/li>\n<li>Retroalimentaci\u00f3n para la construcci\u00f3n permanente del proceso.<\/li>\n<\/ul>\n<\/div>\n<p><strong>Grupo Leonardo<\/strong><\/p>\n<div style=\"text-align: left\">El grupo Leonardo es el grupo de investigaci\u00f3n del departamento de Dise\u00f1o de la universidad Icesi, conformado por estudiantes, egresados y profesores de la universidad. El cual cuenta con 4 l\u00edneas de investigaci\u00f3n en las cuales enmarca sus proyectos vigentes, estas l\u00edneas de investigaci\u00f3n son:<\/div>\n<div style=\"text-align: left\">\n<ul>\n<li>Dise\u00f1o Social a cargo de Doris James.<\/li>\n<li>Imagen en Movimiento a cargo de Daniel G\u00f3mez.<\/li>\n<li>Tecnolog\u00eda e interacci\u00f3n a cargo de Daniel G\u00f3mez.<\/li>\n<li>Sostenibilidad a cargo de Maria Clara Betancourt.<\/li>\n<\/ul>\n<\/div>\n<div style=\"text-align: left\"><strong>Proyecci\u00f3n del semillero al grupo de investigaci\u00f3n<\/strong><\/p>\n<div>Es muy importancia para el grupo de investigaci\u00f3n que las capacidades investigativas de los estudiantes se fortalezcan a trav\u00e9s del aprender-haciendo. Por esto es de vital importancia que los estudiantes propongan constantemente temas de investigaci\u00f3n que en un futuro pueden llegar a desarrollarse en totalidad por alguna de las l\u00edneas de investigaci\u00f3n de grupo Leonardo.<\/div>\n<\/div>\n","protected":false},"excerpt":{"rendered":"<p>Este es el Blog informativo del Semillero de Investigaci\u00f3n en Dise\u00f1o de las carreras de Dise\u00f1o de Medios Interactivos y Dise\u00f1o Industrial de la universidad Icesi. Este semillero es un espacio de aprendizaje y creaci\u00f3n en el cual se fomenta &hellip; <a href=\"https:\/\/www.icesi.edu.co\/blogs\/semillerodiseno\/pagina-ejemplo\/\">Sigue leyendo <span class=\"meta-nav\">&rarr;<\/span><\/a><\/p>\n","protected":false},"author":1332,"featured_media":0,"parent":0,"menu_order":0,"comment_status":"open","ping_status":"open","template":"","meta":{"footnotes":""},"class_list":["post-2","page","type-page","status-publish","hentry"],"aioseo_notices":[],"rttpg_featured_image_url":null,"rttpg_author":{"display_name":"Juan Carlos Perez Rodriguez","author_link":"https:\/\/www.icesi.edu.co\/blogs\/semillerodiseno\/author\/1144028871\/"},"rttpg_comment":0,"rttpg_category":null,"rttpg_excerpt":"Este es el Blog informativo del Semillero de Investigaci\u00f3n en Dise\u00f1o de las carreras de Dise\u00f1o de Medios Interactivos y Dise\u00f1o Industrial de la universidad Icesi. Este semillero es un espacio de aprendizaje y creaci\u00f3n en el cual se fomenta &hellip; Sigue leyendo &rarr;","_links":{"self":[{"href":"https:\/\/www.icesi.edu.co\/blogs\/semillerodiseno\/wp-json\/wp\/v2\/pages\/2"}],"collection":[{"href":"https:\/\/www.icesi.edu.co\/blogs\/semillerodiseno\/wp-json\/wp\/v2\/pages"}],"about":[{"href":"https:\/\/www.icesi.edu.co\/blogs\/semillerodiseno\/wp-json\/wp\/v2\/types\/page"}],"author":[{"embeddable":true,"href":"https:\/\/www.icesi.edu.co\/blogs\/semillerodiseno\/wp-json\/wp\/v2\/users\/1332"}],"replies":[{"embeddable":true,"href":"https:\/\/www.icesi.edu.co\/blogs\/semillerodiseno\/wp-json\/wp\/v2\/comments?post=2"}],"version-history":[{"count":7,"href":"https:\/\/www.icesi.edu.co\/blogs\/semillerodiseno\/wp-json\/wp\/v2\/pages\/2\/revisions"}],"predecessor-version":[{"id":29,"href":"https:\/\/www.icesi.edu.co\/blogs\/semillerodiseno\/wp-json\/wp\/v2\/pages\/2\/revisions\/29"}],"wp:attachment":[{"href":"https:\/\/www.icesi.edu.co\/blogs\/semillerodiseno\/wp-json\/wp\/v2\/media?parent=2"}],"curies":[{"name":"wp","href":"https:\/\/api.w.org\/{rel}","templated":true}]}}