{"id":482,"date":"2024-10-02T13:10:13","date_gmt":"2024-10-02T13:10:13","guid":{"rendered":"https:\/\/www.icesi.edu.co\/blogs\/sirindangodiario\/?page_id=482"},"modified":"2024-11-21T21:05:49","modified_gmt":"2024-11-21T21:05:49","slug":"semillas-de-paz-en-las-redes","status":"publish","type":"page","link":"https:\/\/www.icesi.edu.co\/blogs\/sirindangodiario\/semillas-de-paz-en-las-redes\/","title":{"rendered":"Semillas de Paz en las redes"},"content":{"rendered":"\n<p><a href=\"https:\/\/www.instagram.com\/p\/C8aa4n9PpcV\/?igsh=M2ZoeDVmbWg2NDJh\">https:\/\/www.instagram.com\/p\/C8aa4n9PpcV\/?igsh=M2ZoeDVmbWg2NDJh<\/a><\/p>\n\n\n\n<p><a href=\"https:\/\/www.instagram.com\/reel\/C9U7ZlByU4s\/?igsh=bGxkZHgzOTdnc3Nt\">https:\/\/www.instagram.com\/reel\/C9U7ZlByU4s\/?igsh=bGxkZHgzOTdnc3Nt<\/a><\/p>\n\n\n\n<p><a href=\"https:\/\/www.instagram.com\/p\/DBhCCh7pItu\/?img_index=7\">https:\/\/www.instagram.com\/p\/DBhCCh7pItu\/?img_index=7<\/a><\/p>\n\n\n\n<p><a href=\"https:\/\/www.instagram.com\/p\/C8aa4n9PpcV\/?utm_source=ig_web_copy_link&amp;igsh=MzRlODBiNWFlZA==\">https:\/\/www.instagram.com\/p\/C8aa4n9PpcV\/?utm_source=ig_web_copy_link&amp;igsh=MzRlODBiNWFlZA==<\/a><\/p>\n\n\n\n<p><a href=\"https:\/\/www.facebook.com\/story.php?story_fbid=1054117676721248&amp;id=100063690752803\">https:\/\/www.facebook.com\/story.php?story_fbid=1054117676721248&amp;id=100063690752803<\/a><\/p>\n\n\n\n<p><a href=\"https:\/\/twitter.com\/icesi\/status\/1806680031302709401\">https:\/\/twitter.com\/icesi\/status\/1806680031302709401<\/a><\/p>\n\n\n\n<p><a href=\"https:\/\/www.facebook.com\/universidadicesi\/videos\/mar%C3%ADa-aleidy-chindoy-nos-comparte-su-valiosa-experiencia-como-joven-investigador\/285204714635330\">https:\/\/www.facebook.com\/universidadicesi\/videos\/mar%C3%ADa-aleidy-chindoy-nos-comparte-su-valiosa-experiencia-como-joven-investigador\/285204714635330<\/a><\/p>\n\n\n\n<p><a href=\"https:\/\/www.facebook.com\/universidadicesi\/videos\/mar%C3%ADa-aleidy-chindoy-nos-comparte-su-valiosa-experiencia-como-joven-investigador\/285204714635330\">https:\/\/www.facebook.com\/universidadicesi\/videos\/mar%C3%ADa-aleidy-chindoy-nos-comparte-su-valiosa-experiencia-como-joven-investigador\/285204714635330<\/a><\/p>\n\n\n\n<figure class=\"wp-block-embed\"><div class=\"wp-block-embed__wrapper\">\nhttps:\/\/www.facebook.com\/universidadicesi\/videos\/mar%C3%ADa-aleidy-chindoy-nos-comparte-su-valiosa-experiencia-como-joven-investigador\/285204714635330\n<\/div><\/figure>\n\n\n\n<figure class=\"wp-block-embed is-type-rich is-provider-twitter wp-block-embed-twitter\"><div class=\"wp-block-embed__wrapper\">\n<blockquote class=\"twitter-tweet\" data-width=\"550\" data-dnt=\"true\"><p lang=\"es\" dir=\"ltr\">Ellas son mujeres orqu\u00eddeas y t\u00fa tambi\u00e9n puedes serlo. Hasta el 12 de abril post\u00falate a la convocatoria del <a href=\"https:\/\/twitter.com\/hashtag\/ProgramaOrqu%C3%ADdeas?src=hash&amp;ref_src=twsrc%5Etfw\">#ProgramaOrqu\u00eddeas<\/a> 2024.<a href=\"https:\/\/twitter.com\/hashtag\/MinCiencias?src=hash&amp;ref_src=twsrc%5Etfw\">#MinCiencias<\/a> busca el crecimiento y la consolidaci\u00f3n de comunidades cient\u00edficas lideradas por mujeres en el territorio nacional.<br>\u00a1Conoce m\u00e1s! <a href=\"https:\/\/t.co\/5WpgJZewMM\">pic.twitter.com\/5WpgJZewMM<\/a><\/p>&mdash; MinCiencias Colombia (@MincienciasCo) <a href=\"https:\/\/twitter.com\/MincienciasCo\/status\/1769016364797165900?ref_src=twsrc%5Etfw\">March 16, 2024<\/a><\/blockquote><script async src=\"https:\/\/platform.twitter.com\/widgets.js\" charset=\"utf-8\"><\/script>\n<\/div><\/figure>\n","protected":false},"excerpt":{"rendered":"<p>https:\/\/www.instagram.com\/p\/C8aa4n9PpcV\/?igsh=M2ZoeDVmbWg2NDJh https:\/\/www.instagram.com\/reel\/C9U7ZlByU4s\/?igsh=bGxkZHgzOTdnc3Nt https:\/\/www.instagram.com\/p\/DBhCCh7pItu\/?img_index=7 https:\/\/www.instagram.com\/p\/C8aa4n9PpcV\/?utm_source=ig_web_copy_link&amp;igsh=MzRlODBiNWFlZA== https:\/\/www.facebook.com\/story.php?story_fbid=1054117676721248&amp;id=100063690752803 https:\/\/twitter.com\/icesi\/status\/1806680031302709401 https:\/\/www.facebook.com\/universidadicesi\/videos\/mar%C3%ADa-aleidy-chindoy-nos-comparte-su-valiosa-experiencia-como-joven-investigador\/285204714635330 https:\/\/www.facebook.com\/universidadicesi\/videos\/mar%C3%ADa-aleidy-chindoy-nos-comparte-su-valiosa-experiencia-como-joven-investigador\/285204714635330<\/p>\n","protected":false},"author":42166063,"featured_media":0,"parent":0,"menu_order":0,"comment_status":"closed","ping_status":"closed","template":"","meta":{"footnotes":""},"class_list":["post-482","page","type-page","status-publish","hentry"],"aioseo_notices":[],"rttpg_featured_image_url":null,"rttpg_author":{"display_name":"SERGIO ANDR\u00c9S PASCUAZA L\u00d3PEZ","author_link":"https:\/\/www.icesi.edu.co\/blogs\/sirindangodiario\/author\/1109540373\/"},"rttpg_comment":0,"rttpg_category":null,"rttpg_excerpt":"https:\/\/www.instagram.com\/p\/C8aa4n9PpcV\/?igsh=M2ZoeDVmbWg2NDJh https:\/\/www.instagram.com\/reel\/C9U7ZlByU4s\/?igsh=bGxkZHgzOTdnc3Nt https:\/\/www.instagram.com\/p\/DBhCCh7pItu\/?img_index=7 https:\/\/www.instagram.com\/p\/C8aa4n9PpcV\/?utm_source=ig_web_copy_link&amp;igsh=MzRlODBiNWFlZA== https:\/\/www.facebook.com\/story.php?story_fbid=1054117676721248&amp;id=100063690752803 https:\/\/twitter.com\/icesi\/status\/1806680031302709401 https:\/\/www.facebook.com\/universidadicesi\/videos\/mar%C3%ADa-aleidy-chindoy-nos-comparte-su-valiosa-experiencia-como-joven-investigador\/285204714635330 https:\/\/www.facebook.com\/universidadicesi\/videos\/mar%C3%ADa-aleidy-chindoy-nos-comparte-su-valiosa-experiencia-como-joven-investigador\/285204714635330","_links":{"self":[{"href":"https:\/\/www.icesi.edu.co\/blogs\/sirindangodiario\/wp-json\/wp\/v2\/pages\/482"}],"collection":[{"href":"https:\/\/www.icesi.edu.co\/blogs\/sirindangodiario\/wp-json\/wp\/v2\/pages"}],"about":[{"href":"https:\/\/www.icesi.edu.co\/blogs\/sirindangodiario\/wp-json\/wp\/v2\/types\/page"}],"author":[{"embeddable":true,"href":"https:\/\/www.icesi.edu.co\/blogs\/sirindangodiario\/wp-json\/wp\/v2\/users\/42166063"}],"replies":[{"embeddable":true,"href":"https:\/\/www.icesi.edu.co\/blogs\/sirindangodiario\/wp-json\/wp\/v2\/comments?post=482"}],"version-history":[{"count":4,"href":"https:\/\/www.icesi.edu.co\/blogs\/sirindangodiario\/wp-json\/wp\/v2\/pages\/482\/revisions"}],"predecessor-version":[{"id":608,"href":"https:\/\/www.icesi.edu.co\/blogs\/sirindangodiario\/wp-json\/wp\/v2\/pages\/482\/revisions\/608"}],"wp:attachment":[{"href":"https:\/\/www.icesi.edu.co\/blogs\/sirindangodiario\/wp-json\/wp\/v2\/media?parent=482"}],"curies":[{"name":"wp","href":"https:\/\/api.w.org\/{rel}","templated":true}]}}