{"id":2,"date":"2008-04-01T15:57:11","date_gmt":"2008-04-01T20:57:11","guid":{"rendered":""},"modified":"2008-10-08T18:55:38","modified_gmt":"2008-10-08T23:55:38","slug":"acerca_de","status":"publish","type":"page","link":"https:\/\/www.icesi.edu.co\/blogs\/tecnotips\/acerca_de\/","title":{"rendered":"Acerca de"},"content":{"rendered":"<p>Bienvenidos, este es el Blog personal de Gonzalo Ulloa.<br \/>\nEn este espacio tocar\u00e9 algunos los aspectos relacionados con las Tecnolog\u00edas de Informaci\u00f3n y Comunicaciones y algunos otros aspectos relacionados como es la pol\u00edtica y la econom\u00eda alrededor de la tecnolog\u00eda.<\/p>\n","protected":false},"excerpt":{"rendered":"<p>Bienvenidos, este es el Blog personal de Gonzalo Ulloa. En este espacio tocar\u00e9 algunos los aspectos relacionados con las Tecnolog\u00edas de Informaci\u00f3n y Comunicaciones y algunos otros aspectos relacionados como es la pol\u00edtica y la econom\u00eda alrededor de la tecnolog\u00eda.<\/p>\n","protected":false},"author":19,"featured_media":0,"parent":0,"menu_order":0,"comment_status":"open","ping_status":"open","template":"","meta":{"footnotes":""},"class_list":["post-2","page","type-page","status-publish","hentry"],"aioseo_notices":[],"rttpg_featured_image_url":null,"rttpg_author":{"display_name":"Gonzalo Ulloa","author_link":"https:\/\/www.icesi.edu.co\/blogs\/tecnotips\/author\/16820482\/"},"rttpg_comment":0,"rttpg_category":null,"rttpg_excerpt":"Bienvenidos, este es el Blog personal de Gonzalo Ulloa. En este espacio tocar\u00e9 algunos los aspectos relacionados con las Tecnolog\u00edas de Informaci\u00f3n y Comunicaciones y algunos otros aspectos relacionados como es la pol\u00edtica y la econom\u00eda alrededor de la tecnolog\u00eda.","_links":{"self":[{"href":"https:\/\/www.icesi.edu.co\/blogs\/tecnotips\/wp-json\/wp\/v2\/pages\/2"}],"collection":[{"href":"https:\/\/www.icesi.edu.co\/blogs\/tecnotips\/wp-json\/wp\/v2\/pages"}],"about":[{"href":"https:\/\/www.icesi.edu.co\/blogs\/tecnotips\/wp-json\/wp\/v2\/types\/page"}],"author":[{"embeddable":true,"href":"https:\/\/www.icesi.edu.co\/blogs\/tecnotips\/wp-json\/wp\/v2\/users\/19"}],"replies":[{"embeddable":true,"href":"https:\/\/www.icesi.edu.co\/blogs\/tecnotips\/wp-json\/wp\/v2\/comments?post=2"}],"version-history":[{"count":0,"href":"https:\/\/www.icesi.edu.co\/blogs\/tecnotips\/wp-json\/wp\/v2\/pages\/2\/revisions"}],"wp:attachment":[{"href":"https:\/\/www.icesi.edu.co\/blogs\/tecnotips\/wp-json\/wp\/v2\/media?parent=2"}],"curies":[{"name":"wp","href":"https:\/\/api.w.org\/{rel}","templated":true}]}}