{"id":2,"date":"2008-04-09T09:11:08","date_gmt":"2008-04-09T14:11:08","guid":{"rendered":""},"modified":"2008-04-10T20:57:35","modified_gmt":"2008-04-11T01:57:35","slug":"acerca_de","status":"publish","type":"page","link":"https:\/\/www.icesi.edu.co\/blogs\/temasdeciudad\/acerca_de\/","title":{"rendered":"Los animales, los gatos y la rabia."},"content":{"rendered":"<p><strong>LA OPINI\u00d3N.<\/strong>\u00a0<\/p>\n<p><em>(Esta opini\u00f3n es totalmente personal. Solo hago referencia a esa peque\u00f1a\u00a0parte de la poblacion que sobresale por su ignorancia, ya que no desconozco la labor de muchas otras personas que estan en contra de practicas mal\u00e9volas)<\/em><\/p>\n<p><font size=\"3\" face=\"Times-Roman\"><\/p>\n<p align=\"center\"><em><strong>\u201c Un pa\u00eds , una civilizaci\u00f3n se puede juzgar<\/strong><\/em><\/p>\n<p align=\"center\"><em><strong>por la forma en que trata a sus animales \u201c .<\/strong><\/em><\/p>\n<p align=\"center\"><em><strong>( Mahatma Gandhi )<\/strong><\/em><\/p>\n<p align=\"center\"><strong><\/strong><\/p>\n<p><\/font>Cuando hablo de animales me refiero a esos seres despiadados que visten su ignorancia de justicia y creen que matando a sus mascotas pueden arreglar o eliminar el problema: la rabia.<\/p>\n<p>Es increible el ver\u00a0c\u00f3mo la ignorancia toma vida y se convierte en\u00a0un ente de dos patas que se enga\u00f1a a s\u00ed mismo pensando que la soluci\u00f3n a los problemas es la elecci\u00f3n de la opci\u00f3n m\u00e1s f\u00e1cil (botar o matar a los gatos).\u00a0Y es precisamente por esa elecci\u00f3n de la\u00a0opci\u00f3n mas f\u00e1cil\u00a0que las personas se han acostumbrado a tomar decisiones a la ligera sin analizar previamente la situaci\u00f3n.\u00a0<\/p>\n<p>Es de verdad triplemente increible que la &#8220;gente&#8221;\u00a0tape la realidad con su ignorancia y se enga\u00f1en a si mismos. Esto lo digo porque para los que no sabian, todo empezo\u00a0cuando esos &#8220;angelitos&#8221; estaban molestando al gato e\u00a0incluso una ni\u00f1a del colegio donde se presentaron los hechos\u00a0asegur\u00f3 que entre todos le mataron las cr\u00eda al gato&#8230;<\/p>\n<p>\u00bfAcaso el gato tiene la culpa? Amigo lector, pongamos en practica su empatia&#8230; &#8230; &#8230;<\/p>\n<p>Usted es mascota de un gato, usted padece la rabia. Un d\u00eda como hoy usted se encuentra con sus hijos y de repente un gatico empieza a molestarlo a usted y a atentar contra la vida de sus hijos. \u00bfUsted que haria? A caso&#8230; \u00bf\u00bf\u00bfno adoptaria el mismo comportamiento que adopto el gato con rabia al ver en peligro la vida de su cr\u00eda???, es decir, atacar.<\/p>\n<p>Despues, imagine que por su caso particular, todos los gatos de la ciudad empiezan a masacrar gente como usted, que aunque esten sanos, el paradigma de la ignorancia no lo v\u00e9 asi. \u00bfUsted cree que por un caso particular deben pagar todos? Pues NO.<\/p>\n<p>Asi la respuesta sea obvia muchas veces la ignorancia vestida de justicia lo dice y lo afirma. pero a la hora de actuar, creame que no es as\u00ed.<\/p>\n<p align=\"right\">Jhon A. Moreno<\/p>\n","protected":false},"excerpt":{"rendered":"<p>LA OPINI\u00d3N.\u00a0 (Esta opini\u00f3n es totalmente personal. Solo hago referencia a esa peque\u00f1a\u00a0parte de la poblacion que sobresale por su ignorancia, ya que no desconozco la labor de muchas otras personas que estan en contra de practicas mal\u00e9volas) \u201c Un pa\u00eds , una civilizaci\u00f3n se puede juzgar por la forma en que trata a sus &hellip; <a href=\"https:\/\/www.icesi.edu.co\/blogs\/temasdeciudad\/acerca_de\/\" class=\"more-link\">Seguir leyendo <span class=\"screen-reader-text\">Los animales, los gatos y la rabia.<\/span> <span class=\"meta-nav\">&rarr;<\/span><\/a><\/p>\n","protected":false},"author":28,"featured_media":0,"parent":0,"menu_order":0,"comment_status":"open","ping_status":"open","template":"","meta":{"footnotes":""},"class_list":["post-2","page","type-page","status-publish","hentry"],"aioseo_notices":[],"rttpg_featured_image_url":null,"rttpg_author":{"display_name":"Jhon Alexander MORENO BARRAGAN","author_link":"https:\/\/www.icesi.edu.co\/blogs\/temasdeciudad\/author\/90052652960\/"},"rttpg_comment":0,"rttpg_category":null,"rttpg_excerpt":"LA OPINI\u00d3N.\u00a0 (Esta opini\u00f3n es totalmente personal. Solo hago referencia a esa peque\u00f1a\u00a0parte de la poblacion que sobresale por su ignorancia, ya que no desconozco la labor de muchas otras personas que estan en contra de practicas mal\u00e9volas) \u201c Un pa\u00eds , una civilizaci\u00f3n se puede juzgar por la forma en que trata a sus&hellip;","_links":{"self":[{"href":"https:\/\/www.icesi.edu.co\/blogs\/temasdeciudad\/wp-json\/wp\/v2\/pages\/2"}],"collection":[{"href":"https:\/\/www.icesi.edu.co\/blogs\/temasdeciudad\/wp-json\/wp\/v2\/pages"}],"about":[{"href":"https:\/\/www.icesi.edu.co\/blogs\/temasdeciudad\/wp-json\/wp\/v2\/types\/page"}],"author":[{"embeddable":true,"href":"https:\/\/www.icesi.edu.co\/blogs\/temasdeciudad\/wp-json\/wp\/v2\/users\/28"}],"replies":[{"embeddable":true,"href":"https:\/\/www.icesi.edu.co\/blogs\/temasdeciudad\/wp-json\/wp\/v2\/comments?post=2"}],"version-history":[{"count":0,"href":"https:\/\/www.icesi.edu.co\/blogs\/temasdeciudad\/wp-json\/wp\/v2\/pages\/2\/revisions"}],"wp:attachment":[{"href":"https:\/\/www.icesi.edu.co\/blogs\/temasdeciudad\/wp-json\/wp\/v2\/media?parent=2"}],"curies":[{"name":"wp","href":"https:\/\/api.w.org\/{rel}","templated":true}]}}