{"id":4,"date":"2008-04-10T21:02:59","date_gmt":"2008-04-11T02:02:59","guid":{"rendered":"http:\/\/www.icesi.edu.co\/blogs\/temasdeciudad\/"},"modified":"2008-04-10T21:40:55","modified_gmt":"2008-04-11T02:40:55","slug":"citas-y-proverbios-que-posiblemente-cambiaran-tu-vida","status":"publish","type":"page","link":"https:\/\/www.icesi.edu.co\/blogs\/temasdeciudad\/citas-y-proverbios-que-posiblemente-cambiaran-tu-vida\/","title":{"rendered":"Citas y proverbios&#8230; Que posiblemente cambiaran tu vida"},"content":{"rendered":"<p>Hoy estaba navegando en una pagina buscando algunas de esas frases que cuando lees te dejan pensando. Aqu\u00ed les comparto algunas de esas frases:<\/p>\n<p><strong>\u201cSe necesitan m\u00e1s de cuarenta animales para obtener un abrigo de piel , pero solo uno para llevarlo \u201d . <\/strong><em><strong>(Bryon Jones )<\/strong><\/em><strong> <\/strong><\/p>\n<p><strong>\u201cProduce una inmensa tristeza pensar que la naturaleza habla mientras el g\u00e9nero humano no escucha\u201d. <\/strong><em><strong>(V\u00edctor Hugo)<\/strong><\/em><\/p>\n<p>Algo que quiero agregar a esta frase es lo siguiente: los gases t\u00f3xicos y la contaminaci\u00f3n\u00a0que cada persona aporta al medio ambiente cuando bota un peque\u00f1o papel en la calle, es una de las tantas causas que en la actualidad se presencien tantas muertes por fen\u00f3menos naturales&#8230; Sab\u00edan que\u00a0la raz\u00f3n de ser de los tsunamis\u00a0es que cuando el hielo de los glaciares se esta derritiendo, este a su ves inunda el mar y por eso la naturaleza nos grita manifest\u00e1ndose con ese fen\u00f3meno.\u00a0\u00a0\u00a0\u00a0\u00a0\u00a0\u00a0\u00a0\u00a0\u00a0\u00a0\u00a0\u00a0\u00a0 Por otro lado las inundaciones que se presentan a cada rato suceden por el calentamiento del planeta que a su vez hace que se evapore mayor cantidad de agua y por ello las lluvias son tan abundantes.\u00a0\u00a0\u00a0\u00a0\u00a0\u00a0\u00a0\u00a0\u00a0\u00a0\u00a0\u00a0\u00a0\u00a0\u00a0\u00a0\u00a0\u00a0\u00a0\u00a0\u00a0\u00a0\u00a0\u00a0\u00a0\u00a0\u00a0\u00a0\u00a0\u00a0\u00a0\u00a0\u00a0\u00a0\u00a0\u00a0\u00a0\u00a0\u00a0\u00a0\u00a0\u00a0\u00a0\u00a0\u00a0\u00a0\u00a0\u00a0\u00a0\u00a0\u00a0\u00a0\u00a0\u00a0\u00a0\u00a0\u00a0\u00a0\u00a0\u00a0\u00a0\u00a0\u00a0\u00a0\u00a0\u00a0\u00a0\u00a0\u00a0\u00a0\u00a0\u00a0\u00a0\u00a0\u00a0\u00a0 Analizando el caso de los huracanes&#8230; cuando un hurac\u00e1n se forma es por la cantidad excesiva de lluvia y calor, y se fortalece cuando entra en contacto con aguas c\u00e1lidas destrozando as\u00ed miles de poblaciones.\u00a0\u00a0\u00a0\u00a0\u00a0\u00a0\u00a0\u00a0\u00a0\u00a0\u00a0\u00a0\u00a0\u00a0\u00a0\u00a0\u00a0\u00a0\u00a0\u00a0\u00a0\u00a0\u00a0\u00a0\u00a0\u00a0\u00a0\u00a0\u00a0\u00a0\u00a0\u00a0\u00a0\u00a0\u00a0\u00a0\u00a0\u00a0\u00a0\u00a0\u00a0\u00a0\u00a0\u00a0\u00a0\u00a0\u00a0\u00a0 COMO VEMOS LA NATURALEZA NOS GRITA!!! Nos esta tratando de decir que somos como un virus. Ella act\u00faa de esa forma desastrosa porque esas son las consecuencias que le produce el virus (la humanidad), y esta tratando de aliviarse a si misma acabando con la enfermedad.<\/p>\n<p><strong>\u201c La Tierra no es una herencia de nuestros padres, sino un pr\u00e9stamo de nuestros hijos&#8221;. &#8220;S\u00f3lo cuando el \u00faltimo \u00e1rbol haya sido cortado, s\u00f3lo cuando el \u00faltimo r\u00edo haya sido secado, s\u00f3lo cuando el \u00faltimo animal haya sido cazado, s\u00f3lo cuando el \u00faltimo monte haya sido destrozado, nos daremos cuenta de que el dinero no se puede comer&#8221;. <\/strong><em><strong>(Proverbio indio)<\/strong><\/em><\/p>\n<p>El profesor Francisco Vel\u00e1squez nos comparti\u00f3 esa cita en clase. Es un proverbio indio\u00a0ubicado en el Museo Antropol\u00f3gico de M\u00e9xico,\u00a0y de verdad es una frase de esas pocas que te deja pensado.<\/p>\n<p><strong>\u201cDale un pescado a un hombre y comer\u00e1 un d\u00eda, ens\u00e9\u00f1ale a pescar y comer\u00e1 todos los d\u00edas \u201c. <\/strong><em><strong>(An\u00f3nimo)<\/strong><\/em><\/p>\n<p>Es una cita que si todos la aplic\u00e1ramos, posiblemente no\u00a0ser\u00edamos causantes\u00a0ni autores de la ignorancia de mucha gente.\u00a0<\/p>\n<p><strong>\u201cNo hables mal del puente hasta haber cruzado el r\u00edo\u201c. <\/strong><em><strong>(Rabindranath Tagore)<\/strong><\/em>La verdad a veces es tan<\/p>\n<p>imposible cruzar el rio y despu\u00e9s hablar del puente&#8230; !Malditos prejuicios y estereotipos!<\/p>\n","protected":false},"excerpt":{"rendered":"<p>Hoy estaba navegando en una pagina buscando algunas de esas frases que cuando lees te dejan pensando. Aqu\u00ed les comparto algunas de esas frases: \u201cSe necesitan m\u00e1s de cuarenta animales para obtener un abrigo de piel , pero solo uno para llevarlo \u201d . (Bryon Jones ) \u201cProduce una inmensa tristeza pensar que la naturaleza &hellip; <a href=\"https:\/\/www.icesi.edu.co\/blogs\/temasdeciudad\/citas-y-proverbios-que-posiblemente-cambiaran-tu-vida\/\" class=\"more-link\">Seguir leyendo <span class=\"screen-reader-text\">Citas y proverbios&#8230; Que posiblemente cambiaran tu vida<\/span> <span class=\"meta-nav\">&rarr;<\/span><\/a><\/p>\n","protected":false},"author":28,"featured_media":0,"parent":0,"menu_order":0,"comment_status":"open","ping_status":"open","template":"","meta":{"footnotes":""},"class_list":["post-4","page","type-page","status-publish","hentry"],"aioseo_notices":[],"rttpg_featured_image_url":null,"rttpg_author":{"display_name":"Jhon Alexander MORENO BARRAGAN","author_link":"https:\/\/www.icesi.edu.co\/blogs\/temasdeciudad\/author\/90052652960\/"},"rttpg_comment":0,"rttpg_category":null,"rttpg_excerpt":"Hoy estaba navegando en una pagina buscando algunas de esas frases que cuando lees te dejan pensando. Aqu\u00ed les comparto algunas de esas frases: \u201cSe necesitan m\u00e1s de cuarenta animales para obtener un abrigo de piel , pero solo uno para llevarlo \u201d . (Bryon Jones ) \u201cProduce una inmensa tristeza pensar que la naturaleza&hellip;","_links":{"self":[{"href":"https:\/\/www.icesi.edu.co\/blogs\/temasdeciudad\/wp-json\/wp\/v2\/pages\/4"}],"collection":[{"href":"https:\/\/www.icesi.edu.co\/blogs\/temasdeciudad\/wp-json\/wp\/v2\/pages"}],"about":[{"href":"https:\/\/www.icesi.edu.co\/blogs\/temasdeciudad\/wp-json\/wp\/v2\/types\/page"}],"author":[{"embeddable":true,"href":"https:\/\/www.icesi.edu.co\/blogs\/temasdeciudad\/wp-json\/wp\/v2\/users\/28"}],"replies":[{"embeddable":true,"href":"https:\/\/www.icesi.edu.co\/blogs\/temasdeciudad\/wp-json\/wp\/v2\/comments?post=4"}],"version-history":[{"count":0,"href":"https:\/\/www.icesi.edu.co\/blogs\/temasdeciudad\/wp-json\/wp\/v2\/pages\/4\/revisions"}],"wp:attachment":[{"href":"https:\/\/www.icesi.edu.co\/blogs\/temasdeciudad\/wp-json\/wp\/v2\/media?parent=4"}],"curies":[{"name":"wp","href":"https:\/\/api.w.org\/{rel}","templated":true}]}}