{"id":4,"date":"2007-07-31T21:33:07","date_gmt":"2007-07-31T21:33:07","guid":{"rendered":"http:\/\/www.icesi.edu.co\/blogs\/teorema\/about-2\/"},"modified":"2008-08-12T13:51:15","modified_gmt":"2008-08-12T18:51:15","slug":"about-2","status":"publish","type":"page","link":"https:\/\/www.icesi.edu.co\/blogs\/teorema\/about-2\/","title":{"rendered":"Sobre Teorema"},"content":{"rendered":"<p>Teorema surge de la necesidad de crear espacios de promoci\u00f3n y difusi\u00f3n de un cine \u201calterno\u201d al que nos ofrecen las salas de cine comerciales en Cali. Nace tambi\u00e9n de la necesidad de crear espacios para la reflexi\u00f3n del arte, en este caso el cine y los medios audiovisuales, y su capacidad de abordar temas sociales, pol\u00edticos y otros contenidos que ata\u00f1en a los intereses acad\u00e9micos de la Facultad de Derecho y Ciencias Sociales.<\/p>\n<p>Su prop\u00f3sito, adem\u00e1s de promover y difundir el cine, es el de crear espacios interdisciplinarios en donde se aborden estos temas desde diferentes miradas. En esta medida Teorema pretende generar puntos de encuentro, reflexi\u00f3n y exploraci\u00f3n que nutran y enriquezcan la vida universitaria.<\/p>\n<p>*********<\/p>\n<p>Sugerencias, preguntas&#8230;.<\/p>\n<p>escr\u00edbanos a:  mlcuellar [arroba] icesi [punto] edu [punto] co<\/p>\n","protected":false},"excerpt":{"rendered":"<p>Teorema surge de la necesidad de crear espacios de promoci\u00f3n y difusi\u00f3n de un cine \u201calterno\u201d al que nos ofrecen&hellip;<\/p>\n","protected":false},"author":7,"featured_media":0,"parent":0,"menu_order":0,"comment_status":"open","ping_status":"open","template":"","meta":{"footnotes":""},"class_list":["post-4","page","type-page","status-publish","hentry"],"aioseo_notices":[],"rttpg_featured_image_url":null,"rttpg_author":{"display_name":"margarita","author_link":"https:\/\/www.icesi.edu.co\/blogs\/teorema\/author\/66923096\/"},"rttpg_comment":0,"rttpg_category":null,"rttpg_excerpt":"Teorema surge de la necesidad de crear espacios de promoci\u00f3n y difusi\u00f3n de un cine \u201calterno\u201d al que nos ofrecen&hellip;","_links":{"self":[{"href":"https:\/\/www.icesi.edu.co\/blogs\/teorema\/wp-json\/wp\/v2\/pages\/4"}],"collection":[{"href":"https:\/\/www.icesi.edu.co\/blogs\/teorema\/wp-json\/wp\/v2\/pages"}],"about":[{"href":"https:\/\/www.icesi.edu.co\/blogs\/teorema\/wp-json\/wp\/v2\/types\/page"}],"author":[{"embeddable":true,"href":"https:\/\/www.icesi.edu.co\/blogs\/teorema\/wp-json\/wp\/v2\/users\/7"}],"replies":[{"embeddable":true,"href":"https:\/\/www.icesi.edu.co\/blogs\/teorema\/wp-json\/wp\/v2\/comments?post=4"}],"version-history":[{"count":0,"href":"https:\/\/www.icesi.edu.co\/blogs\/teorema\/wp-json\/wp\/v2\/pages\/4\/revisions"}],"wp:attachment":[{"href":"https:\/\/www.icesi.edu.co\/blogs\/teorema\/wp-json\/wp\/v2\/media?parent=4"}],"curies":[{"name":"wp","href":"https:\/\/api.w.org\/{rel}","templated":true}]}}