{"id":207,"date":"2014-11-25T18:04:37","date_gmt":"2014-11-25T23:04:37","guid":{"rendered":"http:\/\/demo.mekshq.com\/voice\/?page_id=207"},"modified":"2025-06-07T10:15:09","modified_gmt":"2025-06-07T15:15:09","slug":"editorial-universidad-icesi-2-2-2","status":"publish","type":"page","link":"https:\/\/www.icesi.edu.co\/editorial\/","title":{"rendered":"Editorial Universidad Icesi"},"content":{"rendered":"<p><img loading=\"lazy\" decoding=\"async\" class=\"alignnone size-medium wp-image-2290\" src=\"http:\/\/www.icesi.edu.co\/editorial\/wp-content\/uploads\/2017\/12\/Logo-Editorial_Universidad_Icesi_x2-300x132.png\" alt=\"Logo-Editorial_Universidad_Icesi\" width=\"300\" height=\"132\" srcset=\"https:\/\/www.icesi.edu.co\/editorial\/wp-content\/uploads\/2017\/12\/Logo-Editorial_Universidad_Icesi_x2-300x132.png 300w, https:\/\/www.icesi.edu.co\/editorial\/wp-content\/uploads\/2017\/12\/Logo-Editorial_Universidad_Icesi_x2.png 573w\" sizes=\"auto, (max-width: 300px) 100vw, 300px\" \/><\/p>\n<h1>Publicaciones<\/h1>\n<p align=\"justify\">La Editorial Universidad Icesi cumple con la misi\u00f3n de visibilizar y posicionar la producci\u00f3n intelectual de la Universidad Icesi (Cali, Colombia) con la edici\u00f3n y publicaci\u00f3n de libros en diversas tem\u00e1ticas, revistas cient\u00edficas y otras publicaciones acad\u00e9micas. &#8211;<a href=\"http:\/\/www.icesi.edu.co\/editorial\/nosotros\/\">Nosotros<\/a>&#8211;<\/p>\n<p>&nbsp;<\/p>\n","protected":false},"excerpt":{"rendered":"<p>Publicaciones La Editorial Universidad Icesi cumple con la misi\u00f3n de visibilizar y posicionar la producci\u00f3n intelectual de la Universidad Icesi (Cali, Colombia) con la edici\u00f3n y publicaci\u00f3n de libros en diversas tem\u00e1ticas, revistas cient\u00edficas y otras publicaciones acad\u00e9micas. &#8211;Nosotros&#8211; &nbsp;<\/p>\n","protected":false},"author":1,"featured_media":0,"parent":0,"menu_order":0,"comment_status":"closed","ping_status":"closed","template":"template-modules.php","meta":{"footnotes":""},"class_list":["post-207","page","type-page","status-publish","hentry"],"_links":{"self":[{"href":"https:\/\/www.icesi.edu.co\/editorial\/wp-json\/wp\/v2\/pages\/207","targetHints":{"allow":["GET"]}}],"collection":[{"href":"https:\/\/www.icesi.edu.co\/editorial\/wp-json\/wp\/v2\/pages"}],"about":[{"href":"https:\/\/www.icesi.edu.co\/editorial\/wp-json\/wp\/v2\/types\/page"}],"author":[{"embeddable":true,"href":"https:\/\/www.icesi.edu.co\/editorial\/wp-json\/wp\/v2\/users\/1"}],"replies":[{"embeddable":true,"href":"https:\/\/www.icesi.edu.co\/editorial\/wp-json\/wp\/v2\/comments?post=207"}],"version-history":[{"count":10,"href":"https:\/\/www.icesi.edu.co\/editorial\/wp-json\/wp\/v2\/pages\/207\/revisions"}],"predecessor-version":[{"id":9032,"href":"https:\/\/www.icesi.edu.co\/editorial\/wp-json\/wp\/v2\/pages\/207\/revisions\/9032"}],"wp:attachment":[{"href":"https:\/\/www.icesi.edu.co\/editorial\/wp-json\/wp\/v2\/media?parent=207"}],"curies":[{"name":"wp","href":"https:\/\/api.w.org\/{rel}","templated":true}]}}