{"id":3240,"date":"2018-04-12T12:10:05","date_gmt":"2018-04-12T17:10:05","guid":{"rendered":"http:\/\/www.icesi.edu.co\/editorial\/?page_id=3240"},"modified":"2023-06-02T16:19:48","modified_gmt":"2023-06-02T21:19:48","slug":"nuestro-equipo","status":"publish","type":"page","link":"https:\/\/www.icesi.edu.co\/editorial\/nuestro-equipo\/","title":{"rendered":"Nuestro equipo"},"content":{"rendered":"<p><strong>Adolfo A. Abad\u00eda<\/strong>, <em>Coordinador editorial<\/em> <a href=\"mailto:aaabadia@icesi.edu.co\"><img loading=\"lazy\" decoding=\"async\" src=\"http:\/\/www.icesi.edu.co\/editorial\/wp-content\/uploads\/2018\/01\/Email.png\" alt=\"Email de contacto\" width=\"25\" height=\"25\"><\/a><\/p>\n<h5>Publicaciones peri\u00f3dicas<\/h5>\n<p><strong>Luis Felipe Giraldo G\u00f3mez<\/strong>, <em>Editor<\/em> <a href=\"http:\/\/www.icesi.edu.co\/revistas\/index.php\/precedente\" target=\"_blank\" rel=\"noopener noreferrer\">Revista Precedente<\/a> <a href=\"mailto:precedente@icesi.edu.co\"><img loading=\"lazy\" decoding=\"async\" src=\"http:\/\/www.icesi.edu.co\/editorial\/wp-content\/uploads\/2018\/01\/Email.png\" alt=\"Email de contacto\" width=\"25\" height=\"25\"><\/a><br \/>\n<strong>Felipe Van Der Huck<\/strong>, <em>Editor<\/em> <a href=\"http:\/\/www.icesi.edu.co\/revistas\/index.php\/revista_cs\" target=\"_blank\" rel=\"noopener noreferrer\">Revista CS<\/a> <a href=\"mailto:cs@icesi.edu.co\"><img loading=\"lazy\" decoding=\"async\" src=\"http:\/\/www.icesi.edu.co\/editorial\/wp-content\/uploads\/2018\/01\/Email.png\" alt=\"Email de contacto\" width=\"25\" height=\"25\"><\/a><br \/>\n<strong>Laura Daniela Millares Guti\u00e9rrez<\/strong>, <em>Asistente editorial<\/em> revistas CS y Precedente<br \/>\n<strong>Juan Felipe Henao<\/strong>, <em>Editor<\/em> <a href=\"http:\/\/www.icesi.edu.co\/revistas\/index.php\/estudios_gerenciales\" target=\"_blank\" rel=\"noopener noreferrer\">Estudios Gerenciales<\/a> <a href=\"mailto:estgerencial@icesi.edu.co\"><img loading=\"lazy\" decoding=\"async\" src=\"http:\/\/www.icesi.edu.co\/editorial\/wp-content\/uploads\/2018\/01\/Email.png\" alt=\"Email de contacto\" width=\"25\" height=\"25\"><\/a><br \/>\n<strong>Juan Pablo Viteri<\/strong>, <em>Coordinador editorial<\/em> <a href=\"http:\/\/www.icesi.edu.co\/revistas\/index.php\/estudios_gerenciales\" target=\"_blank\" rel=\"noopener noreferrer\">Estudios Gerenciales<\/a> <a href=\"mailto:estgerencial@icesi.edu.co\"><img loading=\"lazy\" decoding=\"async\" src=\"http:\/\/www.icesi.edu.co\/editorial\/wp-content\/uploads\/2018\/01\/Email.png\" alt=\"Email de contacto\" width=\"25\" height=\"25\"><\/a><br \/>\n<strong>Margarita Cuellar B.<\/strong>, <em>Editora<\/em> <a href=\"http:\/\/www.icesi.edu.co\/papeldecolgadura\/\" target=\"_blank\" rel=\"noopener noreferrer\">Revista PdC<\/a> <a href=\"mailto:papeldecolgadura@icesi.edu.co\"><img loading=\"lazy\" decoding=\"async\" src=\"http:\/\/www.icesi.edu.co\/editorial\/wp-content\/uploads\/2018\/01\/Email.png\" alt=\"Email de contacto\" width=\"25\" height=\"25\"><\/a><br \/>\n<strong>Juan David Dom\u00ednguez Shek<\/strong>, <em>Editor<\/em> <a href=\"http:\/\/www.icesi.edu.co\/revistas\/index.php\/trans-pasando_fronteras\" target=\"_blank\" rel=\"noopener noreferrer\">Trans-pasando Fronteras<\/a> <a href=\"mailto:revista@icesi.edu.co\"><img loading=\"lazy\" decoding=\"async\" src=\"http:\/\/www.icesi.edu.co\/editorial\/wp-content\/uploads\/2018\/01\/Email.png\" alt=\"Email de contacto\" width=\"25\" height=\"25\"><\/a><\/p>\n<h5>Dise\u00f1o editorial<\/h5>\n<p>Natalia Ayala P., Sandra Marcela Moreno, Luis Fernando Herrera, Ang\u00e9lica Cruz, LaDeLasVioletas y Claros Editores.<\/p>\n<h5>Correcci\u00f3n de estilo<\/h5>\n<p>Laura Bastidas, Sarah \u00c1ngela Nieto M\u00e9ndez, Juan Manuel Eslava, Luis Jaime Ariza Tello, Fabio Acevedo, Eduardo Franco M., Jaime Alex\u00e1ndrovick, Jasm\u00edn Elena Bedoya Gonz\u00e1lez y Paola Vargas Heredia.<\/p>\n<h5>Apoyos<\/h5>\n<p><strong>Luisa Fernanda Prado<\/strong>, <em>Direcci\u00f3n<\/em> &#8211; Oficina de Investigaciones<br \/>\n<strong>Santiago Londo\u00f1o<\/strong>, <em>Direcci\u00f3n<\/em> &#8211; Biblioteca Universidad Icesi<br \/>\n<strong>Carolina Rodr\u00edguez O.<\/strong>, <em>Gesti\u00f3n<\/em> &#8211; Propiedad Intelectural Universidad Icesi<br \/>\n<strong>Sandra Jaramillo<\/strong>, <em>Canjes<\/em> &#8211; Biblioteca Universidad Icesi<br \/>\n<strong>Zoraida Izquierdo O.<\/strong>, <em>Gesti\u00f3n de informaci\u00f3n<\/em> &#8211; Biblioteca Universidad Icesi<br \/>\n<strong>Fabian Felipe Ceballos Rodr\u00edguez <\/strong>, <em>Analista y programador<\/em> &#8211; SYRI Universidad Icesi<br \/>\n<strong>Claudia Murcia<\/strong>, <em>Secretaria<\/em> &#8211; Direcci\u00f3n de Investigaciones<br \/>\n&nbsp;<br \/>\n<span id=\"post-ratings-3240\" class=\"post-ratings\" data-nonce=\"1071b90905\"><img decoding=\"async\" id=\"rating_3240_1\" src=\"https:\/\/www.icesi.edu.co\/editorial\/wp-content\/plugins\/wp-postratings\/images\/stars_crystal\/rating_on.gif\" alt=\"1 estrella\" title=\"1 estrella\" onmouseover=\"current_rating(3240, 1, '1 estrella');\" onmouseout=\"ratings_off(4, 0, 0);\" onclick=\"rate_post();\" onkeypress=\"rate_post();\" style=\"cursor: pointer; border: 0px;\" \/><img decoding=\"async\" id=\"rating_3240_2\" src=\"https:\/\/www.icesi.edu.co\/editorial\/wp-content\/plugins\/wp-postratings\/images\/stars_crystal\/rating_on.gif\" alt=\"2 estrellas\" title=\"2 estrellas\" onmouseover=\"current_rating(3240, 2, '2 estrellas');\" onmouseout=\"ratings_off(4, 0, 0);\" onclick=\"rate_post();\" onkeypress=\"rate_post();\" style=\"cursor: pointer; border: 0px;\" \/><img decoding=\"async\" id=\"rating_3240_3\" src=\"https:\/\/www.icesi.edu.co\/editorial\/wp-content\/plugins\/wp-postratings\/images\/stars_crystal\/rating_on.gif\" alt=\"3 estrellas\" title=\"3 estrellas\" onmouseover=\"current_rating(3240, 3, '3 estrellas');\" onmouseout=\"ratings_off(4, 0, 0);\" onclick=\"rate_post();\" onkeypress=\"rate_post();\" style=\"cursor: pointer; border: 0px;\" \/><img decoding=\"async\" id=\"rating_3240_4\" src=\"https:\/\/www.icesi.edu.co\/editorial\/wp-content\/plugins\/wp-postratings\/images\/stars_crystal\/rating_on.gif\" alt=\"4 estrellas\" title=\"4 estrellas\" onmouseover=\"current_rating(3240, 4, '4 estrellas');\" onmouseout=\"ratings_off(4, 0, 0);\" onclick=\"rate_post();\" onkeypress=\"rate_post();\" style=\"cursor: pointer; border: 0px;\" \/><img decoding=\"async\" id=\"rating_3240_5\" src=\"https:\/\/www.icesi.edu.co\/editorial\/wp-content\/plugins\/wp-postratings\/images\/stars_crystal\/rating_off.gif\" alt=\"5 estrellas\" title=\"5 estrellas\" onmouseover=\"current_rating(3240, 5, '5 estrellas');\" onmouseout=\"ratings_off(4, 0, 0);\" onclick=\"rate_post();\" onkeypress=\"rate_post();\" style=\"cursor: pointer; border: 0px;\" \/> (<strong>7<\/strong> votos, promedio: <strong>4,00<\/strong> sobre 5)<br \/><span class=\"post-ratings-text\" id=\"ratings_3240_text\"><\/span><\/span><span id=\"post-ratings-3240-loading\" class=\"post-ratings-loading\"><img loading=\"lazy\" decoding=\"async\" src=\"https:\/\/www.icesi.edu.co\/editorial\/wp-content\/plugins\/wp-postratings\/images\/loading.gif\" width=\"16\" height=\"16\" class=\"post-ratings-image\" \/>Loading...<\/span>\n","protected":false},"excerpt":{"rendered":"<p>Adolfo A. Abad\u00eda, Coordinador editorial Publicaciones peri\u00f3dicas Luis Felipe Giraldo G\u00f3mez, Editor Revista Precedente Felipe Van Der Huck, Editor Revista CS Laura Daniela Millares Guti\u00e9rrez, Asistente editorial revistas CS y Precedente Juan Felipe Henao, Editor Estudios Gerenciales Juan Pablo Viteri, Coordinador editorial Estudios Gerenciales Margarita Cuellar B., Editora Revista PdC Juan David Dom\u00ednguez Shek, Editor [&hellip;]<\/p>\n","protected":false},"author":3,"featured_media":0,"parent":0,"menu_order":0,"comment_status":"closed","ping_status":"closed","template":"","meta":{"footnotes":""},"class_list":["post-3240","page","type-page","status-publish","hentry"],"_links":{"self":[{"href":"https:\/\/www.icesi.edu.co\/editorial\/wp-json\/wp\/v2\/pages\/3240","targetHints":{"allow":["GET"]}}],"collection":[{"href":"https:\/\/www.icesi.edu.co\/editorial\/wp-json\/wp\/v2\/pages"}],"about":[{"href":"https:\/\/www.icesi.edu.co\/editorial\/wp-json\/wp\/v2\/types\/page"}],"author":[{"embeddable":true,"href":"https:\/\/www.icesi.edu.co\/editorial\/wp-json\/wp\/v2\/users\/3"}],"replies":[{"embeddable":true,"href":"https:\/\/www.icesi.edu.co\/editorial\/wp-json\/wp\/v2\/comments?post=3240"}],"version-history":[{"count":9,"href":"https:\/\/www.icesi.edu.co\/editorial\/wp-json\/wp\/v2\/pages\/3240\/revisions"}],"predecessor-version":[{"id":7295,"href":"https:\/\/www.icesi.edu.co\/editorial\/wp-json\/wp\/v2\/pages\/3240\/revisions\/7295"}],"wp:attachment":[{"href":"https:\/\/www.icesi.edu.co\/editorial\/wp-json\/wp\/v2\/media?parent=3240"}],"curies":[{"name":"wp","href":"https:\/\/api.w.org\/{rel}","templated":true}]}}