{"id":3250,"date":"2018-04-12T12:13:41","date_gmt":"2018-04-12T17:13:41","guid":{"rendered":"http:\/\/www.icesi.edu.co\/editorial\/?page_id=3250"},"modified":"2026-02-16T15:40:50","modified_gmt":"2026-02-16T20:40:50","slug":"aliados","status":"publish","type":"page","link":"https:\/\/www.icesi.edu.co\/editorial\/aliados\/","title":{"rendered":"Aliados"},"content":{"rendered":"<h5>Grupo de Editoriales Universitarias del Pac\u00edfico, GEUP Colombia<\/h5>\n<p><a title=\"Grupo de Editoriales Universitarias del Pac\u00edfico (GEUP Colombia)\" href=\"https:\/\/t.co\/JHyPdNng3f\" target=\"_blank\" rel=\"noopener noreferrer\"><img loading=\"lazy\" decoding=\"async\" class=\"alignnone wp-image-3742\" src=\"http:\/\/www.icesi.edu.co\/editorial\/wp-content\/uploads\/2018\/09\/LOGO-GEUP-300x160.png\" alt=\"Logo - Grupo de Editoriales Universitarias del Pac\u00edfico (GEUP Colombia) | Editorial Universidad Icesi\" width=\"250\" height=\"134\" srcset=\"https:\/\/www.icesi.edu.co\/editorial\/wp-content\/uploads\/2018\/09\/LOGO-GEUP-300x160.png 300w, https:\/\/www.icesi.edu.co\/editorial\/wp-content\/uploads\/2018\/09\/LOGO-GEUP.png 425w\" sizes=\"auto, (max-width: 250px) 100vw, 250px\" \/><\/a><\/p>\n<h5>Ferias y fiestas del libro<\/h5>\n<p><a title=\"Editorial Universidad Icesi en la Feria Internacional del Libro de Cali\" href=\"https:\/\/filcali.com\/\" target=\"_blank\" rel=\"noopener noreferrer\"><img loading=\"lazy\" decoding=\"async\" class=\"alignnone wp-image-2342\" src=\"http:\/\/www.icesi.edu.co\/editorial\/wp-content\/uploads\/2018\/09\/logo-FeriaCali.png\" alt=\"Editorial Universidad Icesi en la Feria Internacional del Libro de Cali\" width=\"105\" height=\"50\"><\/a>\u2003\u2003<a title=\"Editorial Universidad Icesi en el Sal\u00f3n Iberoamericano del Libro Universitario (SILU)\" href=\"http:\/\/salonlibrouniversitario.org\/\" target=\"_blank\" rel=\"noopener noreferrer\"><img loading=\"lazy\" decoding=\"async\" class=\"alignnone wp-image-2342\" src=\"http:\/\/www.icesi.edu.co\/editorial\/wp-content\/uploads\/2018\/09\/logo-silu.png\" alt=\"Editorial Universidad Icesi en el Sal\u00f3n Iberoamericano del Libro Universitario (SILU)\" width=\"105\" height=\"50\"><\/a>\u2003\u2003<a title=\"Editorial Universidad Icesi en la Feria Virtual del Libro Acad\u00e9mico (FVLA)\" href=\"https:\/\/www.youtube.com\/playlist?list=PLVxn3VekMIedCAwspH6ZwzeNINqm8g4l1\" target=\"_blank\" rel=\"noopener noreferrer\"><img loading=\"lazy\" decoding=\"async\" class=\"alignnone wp-image-2342\" src=\"http:\/\/www.icesi.edu.co\/editorial\/wp-content\/uploads\/2021\/01\/Logo-FVLA.png\" alt=\"Editorial Universidad Icesi en la Feria Virtual del Libro Acad\u00e9mico (FVLA)\" width=\"135\" height=\"135\"><\/a><\/p>\n<h5>Cat\u00e1logo en l\u00ednea<\/h5>\n<p><a title=\"Publicaciones de la Editorial Universidad Icesi en Open Library\" href=\"https:\/\/openlibrary.org\/publishers\/Universidad_Icesi\" target=\"_blank\" rel=\"noopener noreferrer\"><img loading=\"lazy\" decoding=\"async\" class=\"alignnone wp-image-2342\" src=\"http:\/\/www.icesi.edu.co\/editorial\/wp-content\/uploads\/2018\/04\/openlibrary-logo.png\" alt=\"Editorial Universidad Icesi en Open Library\" width=\"189\" height=\"90\"><\/a><\/p>\n<h5>Lectura en l\u00ednea<\/h5>\n<p><a title=\"Publicaciones de la Editorial Universidad Icesi en Issuu\" href=\"https:\/\/issuu.com\/editorial_icesi\" target=\"_blank\" rel=\"noopener noreferrer\"><img loading=\"lazy\" decoding=\"async\" class=\"alignnone wp-image-2342\" src=\"http:\/\/www.icesi.edu.co\/editorial\/wp-content\/uploads\/2017\/12\/LOGO-ISSUU.png\" alt=\"Editorial Universidad Icesi en Issuu\" width=\"189\" height=\"90\" srcset=\"https:\/\/www.icesi.edu.co\/editorial\/wp-content\/uploads\/2017\/12\/LOGO-ISSUU.png 315w, https:\/\/www.icesi.edu.co\/editorial\/wp-content\/uploads\/2017\/12\/LOGO-ISSUU-300x143.png 300w\" sizes=\"auto, (max-width: 189px) 100vw, 189px\" \/><\/a>&nbsp;&nbsp;<a title=\"Publicaciones de la Editorial Universidad Icesi en eLibro\" href=\"https:\/\/e-libro.net\/libros\/?ideditorial=1952\" target=\"_blank\" rel=\"noopener noreferrer\"><img decoding=\"async\" class=\"alignnone wp-image-2341\" src=\"http:\/\/www.icesi.edu.co\/editorial\/wp-content\/uploads\/2019\/10\/eLibro.png\" alt=\"Editorial Universidad Icesi en eLibro\" width=\"145\"><\/a>&nbsp;&nbsp;&nbsp;<a title=\"Publicaciones de la Editorial Universidad Icesi en Digitalia\" href=\"https:\/\/www.digitaliapublishing.com\/s\/e\/624\" target=\"_blank\" rel=\"noopener noreferrer\"><img decoding=\"async\" class=\"alignnone wp-image-2341\" src=\"http:\/\/www.icesi.edu.co\/editorial\/wp-content\/uploads\/2021\/09\/Digitalia.png\" alt=\"Editorial Universidad Icesi en Digitalia\" width=\"145\"><\/a>&nbsp;&nbsp;&nbsp;<a title=\"Publicaciones de la Editorial Universidad Icesi en JSTOR\" href=\"https:\/\/www.jstor.org\/publisher\/eduicesi\" target=\"_blank\" rel=\"noopener noreferrer\"><img decoding=\"async\" class=\"alignnone wp-image-2341\" src=\"https:\/\/www.icesi.edu.co\/editorial\/wp-content\/uploads\/2025\/07\/JSTOR_logo.png\" alt=\"Editorial Universidad Icesi en JSTOR\" width=\"75\"><\/a><\/p>\n<h5>Comercializaci\u00f3n<sup>(*)<\/sup><\/h5>\n<p><i>Aqu\u00ed una muestra:<\/i><br \/>\n<div class=\"osc-res-tab tabbable   osc-tabs-left\"><div style=\"clear:both;width: 100%;\"><ul class=\"nav osc-res-nav nav-pills osc-tabs-left-ul\" id=\"oscitas-restabs-1-aliados-59172\"><li class=\"active\"><a href=\"#ert_pane1-0\" data-toggle=\"tab\">Tiendas y librer\u00edas<\/a><\/li><li class=\"\"><a href=\"#ert_pane1-1\" data-toggle=\"tab\">Libros digitales<\/a><\/li><li class=\"\"><a href=\"#ert_pane1-2\" data-toggle=\"tab\">Impresi\u00f3n bajo demanda<\/a><\/li><\/ul><\/div><div style=\"clear:both;width: 100%;\"><ul class=\"tab-content\" id=\"oscitas-restabcontent-1-aliados-59172\"><li class=\"tab-pane active\" id=\"ert_pane1-0\"><table>\n<tbody>\n<tr>\n<td><a title=\"Publicaciones de la Editorial Universidad Icesi en Oromo\" href=\"https:\/\/oromolibreriaeditorial.com\/search\/?q=icesi\" target=\"_blank\" rel=\"noopener noreferrer\"><img decoding=\"async\" class=\"alignnone wp-image-2343\" src=\"https:\/\/www.icesi.edu.co\/editorial\/wp-content\/uploads\/2025\/07\/Oromo_logo.jpg\" alt=\"Editorial Universidad Icesi en Oromo\" height=\"50\"><\/a><br \/>\n&nbsp;<br \/>\n<a title=\"Publicaciones de la Editorial Universidad Icesi en RedBooks\" href=\"https:\/\/www.redbooks.com.co\/product-category\/editoriales\/universidad_icesi\" target=\"_blank\" rel=\"noopener noreferrer\"><img decoding=\"async\" class=\"alignnone wp-image-2345\" src=\"http:\/\/www.icesi.edu.co\/editorial\/wp-content\/uploads\/2019\/05\/RedBooks.png\" alt=\"Editorial Universidad Icesi en RedBooks\" height=\"70\"><\/a><\/td>\n<td><a title=\"Publicaciones de la Editorial Universidad Icesi en la Librer\u00eda de la U\" href=\"https:\/\/www.libreriadelau.com\/u--icesi\" target=\"_blank\" rel=\"noopener noreferrer\"><img loading=\"lazy\" decoding=\"async\" class=\"alignnone wp-image-2343\" src=\"http:\/\/www.icesi.edu.co\/editorial\/wp-content\/uploads\/2017\/12\/LOGO-LibreriaDeLaU.png\" alt=\"Editorial Universidad Icesi en la Librer\u00eda de la U\" width=\"188\" height=\"90\" srcset=\"https:\/\/www.icesi.edu.co\/editorial\/wp-content\/uploads\/2017\/12\/LOGO-LibreriaDeLaU.png 315w, https:\/\/www.icesi.edu.co\/editorial\/wp-content\/uploads\/2017\/12\/LOGO-LibreriaDeLaU-300x143.png 300w\" sizes=\"auto, (max-width: 188px) 100vw, 188px\" \/><\/a><br \/>\n<a title=\"Publicaciones de la Editorial Universidad Icesi en la Librer\u00eda Nacional\" href=\"https:\/\/librerianacional.com\/categoria\/libros\/busqueda\/editoriales\/ICESI\" target=\"_blank\" rel=\"noopener noreferrer\"><img loading=\"lazy\" decoding=\"async\" class=\"alignnone wp-image-2344\" src=\"http:\/\/www.icesi.edu.co\/editorial\/wp-content\/uploads\/2017\/12\/LOGO-LibreriaNacional.png\" alt=\"Editorial Universidad Icesi en la Librer\u00eda Nacional\" width=\"225\" height=\"75\" srcset=\"https:\/\/www.icesi.edu.co\/editorial\/wp-content\/uploads\/2017\/12\/LOGO-LibreriaNacional.png 450w, https:\/\/www.icesi.edu.co\/editorial\/wp-content\/uploads\/2017\/12\/LOGO-LibreriaNacional-300x100.png 300w\" sizes=\"auto, (max-width: 225px) 100vw, 225px\" \/><\/a><\/td>\n<td><a title=\"Publicaciones de la Editorial Universidad Icesi en Tienda Icesi\" href=\"https:\/\/www.facebook.com\/pg\/tiendaicesi\" target=\"_blank\" rel=\"noopener noreferrer\"><img loading=\"lazy\" decoding=\"async\" class=\"alignnone wp-image-2345\" src=\"http:\/\/www.icesi.edu.co\/editorial\/wp-content\/uploads\/2017\/12\/LOGO-TiendaIcesi.png\" alt=\"Editorial Universidad Icesi en Tienda Icesi\" width=\"90\" height=\"90\"><\/a><\/td>\n<\/tr>\n<\/tbody>\n<\/table><\/li><li class=\"tab-pane \" id=\"ert_pane1-1\"><table>\n<tbody>\n<tr>\n<td width=\"190\"><a title=\"Publicaciones de la Editorial Universidad Icesi en convenio con Hiptertexto: Distribuci\u00f3n multicanal\" href=\"http:\/\/www.hipertexto.com.co\/distribucion-digital-multicanal\/\" target=\"_blank\" rel=\"noopener noreferrer\"><img loading=\"lazy\" decoding=\"async\" class=\"alignnone wp-image-2343\" src=\"http:\/\/www.icesi.edu.co\/editorial\/wp-content\/uploads\/2019\/05\/Hipertexto.jpg\" alt=\"Editorial Universidad Icesi en convenio con Hiptertexto: Distribuci\u00f3n multicanal\" width=\"188\" height=\"90\"><\/a><\/td>\n<td>\n<ul>\n<li><a href=\"https:\/\/www.amazon.com\/s?k=editorial+universidad+icesi\" target=\"_blank\" rel=\"noopener noreferrer\">Amazon<\/a><\/li>\n<li><a href=\"https:\/\/www.casadellibro.com\/?q=editorial+universidad+icesi\" target=\"_blank\" rel=\"noopener noreferrer\">Casa del libro<\/a><\/li>\n<li><a href=\"https:\/\/www.peruebooks.com\/editorial\/19567\/editorial-universidad-icesi\" target=\"_blank\" rel=\"noopener noreferrer\">PerueBooks<\/a><\/li>\n<li><a href=\"https:\/\/www.barnesandnoble.com\/s\/%22Editorial+Universidad+Icesi%22;jsessionid=E19DC1D9AC62B13C647F31F46AAD5760.prodny_store02-atgap06?Ntk=Publisher&amp;Ns=P_Sales_Rank&amp;Ntx=mode+matchall\" target=\"_blank\" rel=\"noopener noreferrer\">Barnes &amp; Noble<\/a><\/li>\n<\/ul>\n<\/td>\n<td>\n<ul>\n<li><a href=\"https:\/\/www.google.com\/search?tbm=bks&amp;q=editorial+universidad+icesi\" target=\"_blank\" rel=\"noopener noreferrer\">Google Books<\/a><\/li>\n<li><a href=\"https:\/\/www.scribd.com\/user\/446670166\/Editorial-Universidad-Icesi\" target=\"_blank\" rel=\"noopener noreferrer\">Scribd<\/a><\/li>\n<li><a href=\"https:\/\/www.storytel.com\/es\/es\/publishers\/6706-Editorial-Universidad-Icesi\" target=\"_blank\" rel=\"noopener noreferrer\">Storytel<\/a><\/li>\n<\/ul>\n<\/td>\n<td><\/td>\n<\/tr>\n<\/tbody>\n<\/table><\/li><li class=\"tab-pane \" id=\"ert_pane1-2\"><table>\n<tbody>\n<tr>\n<td width=\"190\"><a title=\"Editorial Universidad Icesi en convenio con Xpress en impresi\u00f3n bajo demanda\" href=\"https:\/\/www.xpress.com.co\/bibliomanager\" target=\"_blank\" rel=\"noopener noreferrer\"><img loading=\"lazy\" decoding=\"async\" class=\"alignnone wp-image-2343\" src=\"http:\/\/www.icesi.edu.co\/editorial\/wp-content\/uploads\/2021\/01\/Xpress.jpg\" alt=\"Editorial Universidad Icesi en convenio con Xpress en impresi\u00f3n bajo demanda\" width=\"126\" height=\"60\"><\/a><\/td>\n<td>\n<ul>\n<li><a href=\"https:\/\/libreriasiglo.com\/194718-ensayos-sobre-la-pandemia\" target=\"_blank\" rel=\"noopener noreferrer\">Librer\u00eda Siglo<\/a><\/li>\n<li><a href=\"https:\/\/www.libreriadelau.com\/universidad-icesi\" target=\"_blank\" rel=\"noopener noreferrer\">Librer\u00eda de la U<\/a><\/li>\n<li><a href=\"https:\/\/www.buscalibre.com.co\/libros\/editorial\/editorial-universidad-icesi\" target=\"_target\" rel=\"noopener noreferrer\">Buscalibre<\/a><\/li>\n<\/ul>\n<\/td>\n<td>\n<ul>\n<li><a href=\"https:\/\/www.abebooks.com\/servlet\/SearchResults?bi=0&amp;bx=off&amp;cm_sp=SearchF-_-Advtab1-_-Results&amp;ds=30&amp;pn=Icesi&amp;recentlyadded=all&amp;sortby=17&amp;sts=t\" target=\"_blank\" rel=\"noopener noreferrer\">AbeBooks<\/a><\/li>\n<li><a href=\"https:\/\/co.biblioseller.com\/es\/editorial\/editorial-universidad-icesi\/309\/\" target=\"_blank\" rel=\"noopener noreferrer\">Biblioseller<\/a><\/li>\n<\/ul>\n<\/td>\n<\/tr>\n<\/tbody>\n<\/table><\/li><\/ul><\/div><\/div>\n<p style=\"text-align: justify;\"><sup>(*)<\/sup> Con la comercializaci\u00f3n de los productos editoriales a un precio asequible, la <b>Editorial Universidad Icesi<\/b> busca acceder a los canales tradicionales de difusi\u00f3n del libro acad\u00e9mico en su diferentes formatos (impreso, ePub, PDF, entre otros). De esta forma se busca contribuir al objetivo de incrementar la visibilidad y posicionar la producci\u00f3n intelectual derivada del trabajo acad\u00e9mico realizado por investigadores y profesores de la Universidad Icesi; de igual manera se espera generar un retorno a la inversi\u00f3n de la Universidad que pueda ser reintegrado como aporte a la producci\u00f3n de nuevos contenidos.<\/p>\n","protected":false},"excerpt":{"rendered":"<p>Grupo de Editoriales Universitarias del Pac\u00edfico, GEUP Colombia Ferias y fiestas del libro \u2003\u2003\u2003\u2003 Cat\u00e1logo en l\u00ednea Lectura en l\u00ednea &nbsp;&nbsp;&nbsp;&nbsp;&nbsp;&nbsp;&nbsp;&nbsp; Comercializaci\u00f3n(*) Aqu\u00ed una muestra: (*) Con la comercializaci\u00f3n de los productos editoriales a un precio asequible, la Editorial Universidad Icesi busca acceder a los canales tradicionales de difusi\u00f3n del libro acad\u00e9mico en su diferentes [&hellip;]<\/p>\n","protected":false},"author":3,"featured_media":0,"parent":0,"menu_order":0,"comment_status":"closed","ping_status":"closed","template":"","meta":{"footnotes":""},"class_list":["post-3250","page","type-page","status-publish","hentry"],"_links":{"self":[{"href":"https:\/\/www.icesi.edu.co\/editorial\/wp-json\/wp\/v2\/pages\/3250","targetHints":{"allow":["GET"]}}],"collection":[{"href":"https:\/\/www.icesi.edu.co\/editorial\/wp-json\/wp\/v2\/pages"}],"about":[{"href":"https:\/\/www.icesi.edu.co\/editorial\/wp-json\/wp\/v2\/types\/page"}],"author":[{"embeddable":true,"href":"https:\/\/www.icesi.edu.co\/editorial\/wp-json\/wp\/v2\/users\/3"}],"replies":[{"embeddable":true,"href":"https:\/\/www.icesi.edu.co\/editorial\/wp-json\/wp\/v2\/comments?post=3250"}],"version-history":[{"count":10,"href":"https:\/\/www.icesi.edu.co\/editorial\/wp-json\/wp\/v2\/pages\/3250\/revisions"}],"predecessor-version":[{"id":9055,"href":"https:\/\/www.icesi.edu.co\/editorial\/wp-json\/wp\/v2\/pages\/3250\/revisions\/9055"}],"wp:attachment":[{"href":"https:\/\/www.icesi.edu.co\/editorial\/wp-json\/wp\/v2\/media?parent=3250"}],"curies":[{"name":"wp","href":"https:\/\/api.w.org\/{rel}","templated":true}]}}