{"id":3254,"date":"2018-04-12T12:18:21","date_gmt":"2018-04-12T17:18:21","guid":{"rendered":"http:\/\/www.icesi.edu.co\/editorial\/?page_id=3254"},"modified":"2021-02-08T12:17:32","modified_gmt":"2021-02-08T17:17:32","slug":"politicas-reglamentos-y-formatos","status":"publish","type":"page","link":"https:\/\/www.icesi.edu.co\/editorial\/politicas-reglamentos-y-formatos\/","title":{"rendered":"Pol\u00edticas, reglamentos y formatos"},"content":{"rendered":"<h5>Pol\u00edticas y reglamentos<\/h5>\n<ul>\n<li>Pol\u00edtica editorial.<\/li>\n<li>Pol\u00edtica de acceso abierto.<\/li>\n<li>Reglamento de Propiedad intelectural de la Universidad Icesi (<a href=\"https:\/\/www.icesi.edu.co\/investigaciones_publicaciones\/images\/pdf\/Reglamento_Propiedad_Intelectual.pdf\" target=\"_blank\" rel=\"noopener noreferrer\">Consultar<\/a>).<\/li>\n<li>Tratamiento de datos personales de la Universidad Icesi (<a href=\"http:\/\/www.icesi.edu.co\/politica-de-tratamiento-de-datos-personales\" target=\":blank\" rel=\"noopener noreferrer\">Consultar<\/a>).<\/li>\n<li>Proceso editorial (<a href=\"https:\/\/www.icesi.edu.co\/editorial\/proceso-editorial\/\">Consultar<\/a>).<\/li>\n<li>Proceso de evaluaci\u00f3n de originales (<a href=\"https:\/\/www.icesi.edu.co\/editorial\/evaluacion\/\">Consultar<\/a>).<\/li>\n<li>Instrucciones para autores (<a href=\"http:\/\/www.icesi.edu.co\/editorial\/instrucciones-para-autores\/\">Consultar<\/a>).<\/li>\n<\/ul>\n<h5>Formatos<\/h5>\n<ul>\n<li>Presentaci\u00f3n de proyectos editoriales (<a href=\"http:\/\/www.icesi.edu.co\/editorial\/wp-content\/uploads\/2019\/01\/01-LIBROS_PresentacionPropuestaDeLibro.docx\">Descargar<\/a>).<\/li>\n<li>Evaluaci\u00f3n de libros (<a href=\"http:\/\/www.icesi.edu.co\/editorial\/wp-content\/uploads\/2018\/09\/Formato-EvaluacionLibros_Icesi.docx\">Descargar<\/a>).<\/li>\n<li>Cesi\u00f3n de derecho a favor de la Universidad.<\/li>\n<li>Autorizaci\u00f3n para la publicaci\u00f3n de contenidos en el repositorio institucional digital de la Universidad Icesi (<a href=\"http:\/\/www.icesi.edu.co\/editorial\/wp-content\/uploads\/2016\/12\/02_Autorizacion_publicaciones_BibliotecaDigitalIcesi.doc\">Descargar<\/a>).<\/li>\n<li>Glosario de la Editorial Universidad Icesi (<a href=\"http:\/\/www.icesi.edu.co\/editorial\/glosario\/\">Consultar<\/a>).<\/li>\n<\/ul>\n<p style=\"text-align: justify;\">La <strong>Editorial Universidad Icesi<\/strong> no tiene \u00e1nimo de lucro ni cobra por publicar, <!--se adhiere a la <a href=\"http:\/\/www.accesoabiertoalyc.org\/declaracion-mexico\/\" target=\"_blank\" rel=\"noopener noreferrer\">Declaraci\u00f3n de M\u00e9xico (2017)<\/a>. Por tal raz\u00f3n, -->propende publicar sus contenidos bajo la <a href=\"http:\/\/creativecommons.org\/licenses\/by-nc-sa\/4.0\/\" rel=\"license noopener\" target=\"_blank\">licencia de Creative Commons (CC) BY NC SA<\/a> de Reconocimiento-NoComercial-CompartirIgual 4.0 Internacional &#8211; <a href=\"http:\/\/creativecommons.org\/licenses\/by-nc-sa\/4.0\/\" target=\"_blank\" rel=\"license noopener noreferrer\"><img decoding=\"async\" style=\"border-width: 0;\" src=\"https:\/\/i.creativecommons.org\/l\/by-nc-sa\/4.0\/80x15.png\" alt=\"Licencia de Creative Commons\"><\/a>, para garantizar la protecci\u00f3n de la producci\u00f3n acad\u00e9mica y cient\u00edfica en acceso abierto no comercial. Por otra parte, utiliza un software para la detecci\u00f3n de contenidos no-originales en los manuscritos de libro.<\/p>\n","protected":false},"excerpt":{"rendered":"<p>Pol\u00edticas y reglamentos Pol\u00edtica editorial. Pol\u00edtica de acceso abierto. Reglamento de Propiedad intelectural de la Universidad Icesi (Consultar). Tratamiento de datos personales de la Universidad Icesi (Consultar). Proceso editorial (Consultar). Proceso de evaluaci\u00f3n de originales (Consultar). Instrucciones para autores (Consultar). Formatos Presentaci\u00f3n de proyectos editoriales (Descargar). Evaluaci\u00f3n de libros (Descargar). Cesi\u00f3n de derecho a favor [&hellip;]<\/p>\n","protected":false},"author":3,"featured_media":0,"parent":0,"menu_order":0,"comment_status":"closed","ping_status":"closed","template":"","meta":{"footnotes":""},"class_list":["post-3254","page","type-page","status-publish","hentry"],"_links":{"self":[{"href":"https:\/\/www.icesi.edu.co\/editorial\/wp-json\/wp\/v2\/pages\/3254","targetHints":{"allow":["GET"]}}],"collection":[{"href":"https:\/\/www.icesi.edu.co\/editorial\/wp-json\/wp\/v2\/pages"}],"about":[{"href":"https:\/\/www.icesi.edu.co\/editorial\/wp-json\/wp\/v2\/types\/page"}],"author":[{"embeddable":true,"href":"https:\/\/www.icesi.edu.co\/editorial\/wp-json\/wp\/v2\/users\/3"}],"replies":[{"embeddable":true,"href":"https:\/\/www.icesi.edu.co\/editorial\/wp-json\/wp\/v2\/comments?post=3254"}],"version-history":[{"count":10,"href":"https:\/\/www.icesi.edu.co\/editorial\/wp-json\/wp\/v2\/pages\/3254\/revisions"}],"predecessor-version":[{"id":5878,"href":"https:\/\/www.icesi.edu.co\/editorial\/wp-json\/wp\/v2\/pages\/3254\/revisions\/5878"}],"wp:attachment":[{"href":"https:\/\/www.icesi.edu.co\/editorial\/wp-json\/wp\/v2\/media?parent=3254"}],"curies":[{"name":"wp","href":"https:\/\/api.w.org\/{rel}","templated":true}]}}