{"id":533,"date":"2016-02-04T08:45:49","date_gmt":"2016-02-04T13:45:49","guid":{"rendered":"http:\/\/192.168.220.28\/pub\/?page_id=533"},"modified":"2020-03-26T10:59:46","modified_gmt":"2020-03-26T15:59:46","slug":"revistas","status":"publish","type":"page","link":"https:\/\/www.icesi.edu.co\/editorial\/revistas\/","title":{"rendered":"Revistas acad\u00e9micas"},"content":{"rendered":"<p>Para conocer las revistas acad\u00e9micas de la Universidad Icesi, visite nuestro portal de gesti\u00f3n editorial <a href=\"http:\/\/www.icesi.edu.co\/revistas\/index.php\" target=\"_blank\" rel=\"noopener noreferrer\">Open Journal Systems (OJS)<\/a>.<\/p>\n<table border=\"0\">\n<tbody>\n<tr border=\"0\">\n<td width=\"150\" style=\"vertical-align:top\"><img decoding=\"async\" src=\"https:\/\/www.icesi.edu.co\/revistas\/public\/journals\/1\/journalThumbnail_es_ES.svg\" alt=\"Logo - Revista Estudios Gerenciales\" width=\"140\"><\/td>\n<td style=\"vertical-align:top\">\n<p align=\"justify\">La revista <a href=\"https:\/\/www.icesi.edu.co\/revistas\/index.php\/estudios_gerenciales\">Estudios Gerenciales<\/a> (ISSN 0123-5923 \/\/ 2665-6744 en l\u00ednea) es la revista Iberoamericana de administraci\u00f3n y econom\u00eda. Publica trimestralmente art\u00edculos in\u00e9ditos, relevantes, de alta calidad cient\u00edfica y arbitrados an\u00f3nimamente, en \u00e1reas tem\u00e1ticas como gesti\u00f3n organizacional, emprendimiento, innovaci\u00f3n, mercadeo, contabilidad, finanzas, administraci\u00f3n p\u00fablica, m\u00e9todos cuantitativos, desarrollo econ\u00f3mico, organizaci\u00f3n industrial, comercio internacional, pol\u00edtica econ\u00f3mica y econom\u00eda regional. Su principal objetivo es la difusi\u00f3n de trabajos de investigaci\u00f3n que generen herramientas de estudio de la comunidad Iberoamericana y su actual contexto econ\u00f3mico y administrativo. La revista est\u00e1 dirigida a investigadores, estudiantes, acad\u00e9micos, profesionales interesados en conocer las m\u00e1s recientes investigaciones en administraci\u00f3n y econom\u00eda en la regi\u00f3n Iberoamericana.<\/p>\n<p align=\"right\"><a href=\"https:\/\/www.icesi.edu.co\/revistas\/index.php\/estudios_gerenciales\">Ver revista<\/a> | <a href=\"https:\/\/www.icesi.edu.co\/revistas\/index.php\/estudios_gerenciales\/issue\/current\">N\u00famero actual<\/a><\/p>\n<\/td>\n<\/tr>\n<tr border=\"0\">\n<td width=\"150\" style=\"vertical-align:top\"><img decoding=\"async\" src=\"https:\/\/www.icesi.edu.co\/revistas\/public\/journals\/2\/journalThumbnail_es_ES.svg\" alt=\"Logo - Revista CS\" width=\"145\"><\/td>\n<td style=\"vertical-align:top\">\n<p align=\"justify\">La <a href=\"https:\/\/www.icesi.edu.co\/revistas\/index.php\/revista_cs\">Revista CS<\/a> (ISSN 2011-0324 \/\/ 2665-4814 en l\u00ednea) es una publicaci\u00f3n acad\u00e9mica <strong>arbitrada<\/strong> por pares ciegos y &gt;<strong>periodicidad<\/strong> <strong>cuatrimestral<\/strong>. Su <strong>objetivo principal<\/strong> es estimular la discusi\u00f3n y la investigaci\u00f3n interdisciplinar sobre problem\u00e1ticas latinoamericanas, sin perder de vista las relaciones entre lo local, lo nacional y lo global. En la revista apostamos por abrir las ciencias sociales a un di\u00e1logo de saberes que se reconoce en la diversidad y la tensi\u00f3n, pero tambi\u00e9n en la especificidad de disciplinas como la antropolog\u00eda, la sociolog\u00eda, la ciencia pol\u00edtica, la psicolog\u00eda y la historia, y en campos de estudio como la comunicaci\u00f3n y la cultura.<\/p>\n<p align=\"right\"><a href=\"https:\/\/www.icesi.edu.co\/revistas\/index.php\/revista_cs\">Ver revista<\/a> | <a href=\"https:\/\/www.icesi.edu.co\/revistas\/index.php\/revista_cs\/issue\/current\">N\u00famero actual<\/a><\/p>\n<\/td>\n<\/tr>\n<tr border=\"0\">\n<td width=\"150\" style=\"vertical-align:top\"><img decoding=\"async\" src=\"https:\/\/www.icesi.edu.co\/revistas\/public\/journals\/4\/journalThumbnail_es_ES.jpg\" alt=\"Logo - Revista Sistemas y Telem\u00e1tica\" width=\"145\"><\/td>\n<td style=\"vertical-align:top\">\n<p align=\"justify\">La revista <a href=\"https:\/\/www.icesi.edu.co\/revistas\/index.php\/sistemas_telematica\">Sistemas y Telem\u00e1tica<\/a> (ISSN 1692-5238) es una publicaci\u00f3n cient\u00edfica editada trimestralmente por la Facultad de Ingenier\u00eda de la Universidad Icesi. Publica el texto completo de sus art\u00edculos en ingl\u00e9s y espa\u00f1ol. Su misi\u00f3n es aportar a la difusi\u00f3n de la innovaci\u00f3n y el conocimiento mediante la publicaci\u00f3n de art\u00edculos in\u00e9ditos, de alta calidad, que resultan de la investigaci\u00f3n en sistemas \u2013en su concepci\u00f3n m\u00e1s amplia\u2013 inform\u00e1tica, telem\u00e1tica, computaci\u00f3n y similares. Su p\u00fablico objetivo lo conforman ingenieros \u2013actuales y futuros\u2013 dedicados a la investigaci\u00f3n, la academia o al sector \u201creal\u201d. SyT forma parte de la <em>Open Access Initiative<\/em> [OAI], su contenido se puede utilizar bajo licencia CC BY.<\/p>\n<p align=\"right\"><a href=\"https:\/\/www.icesi.edu.co\/revistas\/index.php\/sistemas_telematica\">Ver revista<\/a> | <a href=\"https:\/\/www.icesi.edu.co\/revistas\/index.php\/sistemas_telematica\/issue\/current\">N\u00famero actual<\/a><\/p>\n<\/td>\n<\/tr>\n<tr border=\"0\">\n<td width=\"150\" style=\"vertical-align:top\"><img decoding=\"async\" src=\"https:\/\/www.icesi.edu.co\/revistas\/public\/journals\/7\/pageHeaderLogoImage_es_ES.svg\" alt=\"Logo - Revista Precedente\" width=\"145\"><\/td>\n<td style=\"vertical-align:top\">\n<p align=\"justify\"><a href=\"https:\/\/www.icesi.edu.co\/revistas\/index.php\/precedente\">Precedente. Revista Jur\u00eddica<\/a> (ISSN 1657-6535) es una publicaci\u00f3n semestral de la Facultad de Derecho y Ciencias Sociales de la Universidad Icesi (Cali, Colombia). Publica trabajos in\u00e9ditos de acad\u00e9micos nacionales y extranjeros en temas generales de la teor\u00eda jur\u00eddica, Derecho Comparado e Historia del Derecho. Su objetivo fundamental es la divulgaci\u00f3n de la producci\u00f3n intelectual de car\u00e1cter reflexivo, cr\u00edtico y constructivo de los art\u00edculos, recensiones y rese\u00f1as que la componen. El proceso editorial incluye una revisi\u00f3n por pares expertos, bajo el sistema doble ciego, que garantiza contenidos de alta calidad que responden a las necesidades y expectativas de la comunidad acad\u00e9mica.<\/p>\n<p align=\"right\"><a href=\"https:\/\/www.icesi.edu.co\/revistas\/index.php\/precedente\">Ver revista<\/a> | <a href=\"https:\/\/www.icesi.edu.co\/revistas\/index.php\/precedente\/issue\/current\">N\u00famero actual<\/a><\/p>\n<\/td>\n<\/tr>\n<tr border=\"0\">\n<td width=\"150\" style=\"vertical-align:top\"><img decoding=\"async\" src=\"https:\/\/www.icesi.edu.co\/revistas\/public\/journals\/6\/journalThumbnail_es_ES.svg\" alt=\"Logo - Revista Trans-pasando Fronteras\" width=\"145\"><\/td>\n<td style=\"vertical-align:top\">\n<p align=\"justify\">La revista <a href=\"https:\/\/www.icesi.edu.co\/revistas\/index.php\/trans-pasando_fronteras\">Trans-pasando Fronteras<\/a> (ISSN 2248-7212 \/\/ ISSN 2322-9152 (en l\u00ednea)) es una revista estudiantil semestral que publica art\u00edculos in\u00e9ditos, relevantes y arbitrados doble ciego. Su objetivo principal es generar un espacio de reflexi\u00f3n, an\u00e1lisis, discusi\u00f3n e informaci\u00f3n sobre fen\u00f3menos sociales coyunturales desde una perspectiva transdisciplinar; por tanto, sus convocatorias buscan que sean abordadas por distintas disciplinas asociadas a las ciencias sociales. Adem\u00e1s, busca fomentar el desarrollo redes de intercambio de conocimientos y experiencias del orden nacional e internacional. La revista est\u00e1 dirigida a estudiantes, investigadores y profesionales interesados en contribuir al an\u00e1lisis de la complejidad social desde una mirada transdisciplinar.<\/p>\n<p align=\"right\"><a href=\"https:\/\/www.icesi.edu.co\/revistas\/index.php\/trans-pasando_fronteras\">Ver revista<\/a> | <a href=\"https:\/\/www.icesi.edu.co\/revistas\/index.php\/trans-pasando_fronteras\/issue\/current\">N\u00famero actual<\/a><\/p>\n<\/td>\n<\/tr>\n<\/tbody>\n<\/table>\n<p><center><a href=\"https:\/\/www.icesi.edu.co\/revistas\/index.php\" target=\"_blank\" rel=\"noopener noreferrer\"><img loading=\"lazy\" decoding=\"async\" src=\"http:\/\/www.icesi.edu.co\/editorial\/wp-content\/uploads\/2016\/02\/Logo_EditorialRevistas-300x179.png\" alt=\"\" width=\"300\" height=\"179\" class=\"alignnone size-medium wp-image-3601\" srcset=\"https:\/\/www.icesi.edu.co\/editorial\/wp-content\/uploads\/2016\/02\/Logo_EditorialRevistas-300x179.png 300w, https:\/\/www.icesi.edu.co\/editorial\/wp-content\/uploads\/2016\/02\/Logo_EditorialRevistas-768x457.png 768w, https:\/\/www.icesi.edu.co\/editorial\/wp-content\/uploads\/2016\/02\/Logo_EditorialRevistas-810x482.png 810w, https:\/\/www.icesi.edu.co\/editorial\/wp-content\/uploads\/2016\/02\/Logo_EditorialRevistas.png 983w\" sizes=\"auto, (max-width: 300px) 100vw, 300px\" \/><\/a><\/center><\/p>\n","protected":false},"excerpt":{"rendered":"<p>Para conocer las revistas acad\u00e9micas de la Universidad Icesi, visite nuestro portal de gesti\u00f3n editorial Open Journal Systems (OJS). La revista Estudios Gerenciales (ISSN 0123-5923 \/\/ 2665-6744 en l\u00ednea) es la revista Iberoamericana de administraci\u00f3n y econom\u00eda. Publica trimestralmente art\u00edculos in\u00e9ditos, relevantes, de alta calidad cient\u00edfica y arbitrados an\u00f3nimamente, en \u00e1reas tem\u00e1ticas como gesti\u00f3n organizacional, [&hellip;]<\/p>\n","protected":false},"author":1,"featured_media":0,"parent":0,"menu_order":0,"comment_status":"closed","ping_status":"closed","template":"","meta":{"footnotes":""},"class_list":["post-533","page","type-page","status-publish","hentry"],"_links":{"self":[{"href":"https:\/\/www.icesi.edu.co\/editorial\/wp-json\/wp\/v2\/pages\/533","targetHints":{"allow":["GET"]}}],"collection":[{"href":"https:\/\/www.icesi.edu.co\/editorial\/wp-json\/wp\/v2\/pages"}],"about":[{"href":"https:\/\/www.icesi.edu.co\/editorial\/wp-json\/wp\/v2\/types\/page"}],"author":[{"embeddable":true,"href":"https:\/\/www.icesi.edu.co\/editorial\/wp-json\/wp\/v2\/users\/1"}],"replies":[{"embeddable":true,"href":"https:\/\/www.icesi.edu.co\/editorial\/wp-json\/wp\/v2\/comments?post=533"}],"version-history":[{"count":6,"href":"https:\/\/www.icesi.edu.co\/editorial\/wp-json\/wp\/v2\/pages\/533\/revisions"}],"predecessor-version":[{"id":4850,"href":"https:\/\/www.icesi.edu.co\/editorial\/wp-json\/wp\/v2\/pages\/533\/revisions\/4850"}],"wp:attachment":[{"href":"https:\/\/www.icesi.edu.co\/editorial\/wp-json\/wp\/v2\/media?parent=533"}],"curies":[{"name":"wp","href":"https:\/\/api.w.org\/{rel}","templated":true}]}}