{"id":5918,"date":"2021-03-03T01:00:53","date_gmt":"2021-03-03T06:00:53","guid":{"rendered":"http:\/\/www.icesi.edu.co\/editorial\/?page_id=5918"},"modified":"2021-03-03T01:14:23","modified_gmt":"2021-03-03T06:14:23","slug":"nosotros","status":"publish","type":"page","link":"https:\/\/www.icesi.edu.co\/editorial\/nosotros\/","title":{"rendered":"Sobre nosotros"},"content":{"rendered":"<p align=\"justify\">El origen de la actividad editorial en la Universidad Icesi puede situarse a mediados 1988, a\u00f1o del primer registro de ISBN a nombre de la Universidad Icesi. Posteriormente, en el a\u00f1o 1998 nace la <em>Oficina de publicaciones<\/em> en la Facultad de Derecho y Ciencias Sociales con el objetivo de participar decididamente en el debate acad\u00e9mico y cient\u00edfico a nivel local, nacional e internacional.<\/p>\n<p align=\"justify\">En esta producci\u00f3n editorial se condensan, principalmente, investigaciones y trabajos acad\u00e9micos resultado de la labor de profesores e investigadores nacionales e internacionales, la cual se ofrece a un p\u00fablico amplio comprendido por estudiantes universitarios, profesores e investigadores, hasta tomadores de decisiones, profesionales y sociedad civil en general.<\/p>\n<p align=\"justify\">En el 2017 se crea la <b>Editorial Universidad Icesi<\/b>, una unidad acad\u00e9mica descentralizada para cumplir con la misi\u00f3n de visibilizar y posicionar la producci\u00f3n intelectual derivada del trabajo acad\u00e9mico realizado por los investigadores y profesores de la Universidad. A partir de ese momento se compromete a liderar y coordinar proyectos editoriales, as\u00ed como apoyar a la gesti\u00f3n editorial de las revistas cient\u00edficas, entre otras publicaciones acad\u00e9mica de la Universidad. Adicionalmente, desarrollar an\u00e1lisis cienciom\u00e9tricos de la producci\u00f3n cient\u00edfica de la instituci\u00f3n, orientar a los investigadores y profesores en la identificaci\u00f3n de los mejores destinos de publicaci\u00f3n, y gestionar las solicitudes de correcci\u00f3n de estilo a publicaciones de nuevo conocimiento en ingl\u00e9s publicables en revistas de alto impacto.<\/p>\n<p align=\"justify\">En octubre de 2019, mediante la resoluci\u00f3n No. 53039 de 2019 y el certificado No. 629727 de la Direcci\u00f3n de signos distintivos de delegatura para la propiedad industrial de la Superintendencia de Industria y Comercio, se concedi\u00f3 la marca mixta: <a href=\"https:\/\/www.icesi.edu.co\/unicesi\/todas-las-noticias\/5578-nuestra-nueva-marca-editorial-universidad-icesi\" target=\"_blank\" rel=\"noopener noreferrer\">Editorial Universidad Icesi<\/a>, a nombre de la Universidad Icesi.<\/p>\n<span id=\"post-ratings-5918\" class=\"post-ratings\" data-nonce=\"27c63abc1e\"><img decoding=\"async\" id=\"rating_5918_1\" src=\"https:\/\/www.icesi.edu.co\/editorial\/wp-content\/plugins\/wp-postratings\/images\/stars_crystal\/rating_on.gif\" alt=\"1 estrella\" title=\"1 estrella\" onmouseover=\"current_rating(5918, 1, '1 estrella');\" onmouseout=\"ratings_off(4.2, 0, 0);\" onclick=\"rate_post();\" onkeypress=\"rate_post();\" style=\"cursor: pointer; border: 0px;\" \/><img decoding=\"async\" id=\"rating_5918_2\" src=\"https:\/\/www.icesi.edu.co\/editorial\/wp-content\/plugins\/wp-postratings\/images\/stars_crystal\/rating_on.gif\" alt=\"2 estrellas\" title=\"2 estrellas\" onmouseover=\"current_rating(5918, 2, '2 estrellas');\" onmouseout=\"ratings_off(4.2, 0, 0);\" onclick=\"rate_post();\" onkeypress=\"rate_post();\" style=\"cursor: pointer; border: 0px;\" \/><img decoding=\"async\" id=\"rating_5918_3\" src=\"https:\/\/www.icesi.edu.co\/editorial\/wp-content\/plugins\/wp-postratings\/images\/stars_crystal\/rating_on.gif\" alt=\"3 estrellas\" title=\"3 estrellas\" onmouseover=\"current_rating(5918, 3, '3 estrellas');\" onmouseout=\"ratings_off(4.2, 0, 0);\" onclick=\"rate_post();\" onkeypress=\"rate_post();\" style=\"cursor: pointer; border: 0px;\" \/><img decoding=\"async\" id=\"rating_5918_4\" src=\"https:\/\/www.icesi.edu.co\/editorial\/wp-content\/plugins\/wp-postratings\/images\/stars_crystal\/rating_on.gif\" alt=\"4 estrellas\" title=\"4 estrellas\" onmouseover=\"current_rating(5918, 4, '4 estrellas');\" onmouseout=\"ratings_off(4.2, 0, 0);\" onclick=\"rate_post();\" onkeypress=\"rate_post();\" style=\"cursor: pointer; border: 0px;\" \/><img decoding=\"async\" id=\"rating_5918_5\" src=\"https:\/\/www.icesi.edu.co\/editorial\/wp-content\/plugins\/wp-postratings\/images\/stars_crystal\/rating_off.gif\" alt=\"5 estrellas\" title=\"5 estrellas\" onmouseover=\"current_rating(5918, 5, '5 estrellas');\" onmouseout=\"ratings_off(4.2, 0, 0);\" onclick=\"rate_post();\" onkeypress=\"rate_post();\" style=\"cursor: pointer; border: 0px;\" \/> (<strong>6<\/strong> votos, promedio: <strong>4,17<\/strong> sobre 5)<br \/><span class=\"post-ratings-text\" id=\"ratings_5918_text\"><\/span><\/span><span id=\"post-ratings-5918-loading\" class=\"post-ratings-loading\"><img loading=\"lazy\" decoding=\"async\" src=\"https:\/\/www.icesi.edu.co\/editorial\/wp-content\/plugins\/wp-postratings\/images\/loading.gif\" width=\"16\" height=\"16\" class=\"post-ratings-image\" \/>Loading...<\/span>\n","protected":false},"excerpt":{"rendered":"<p>El origen de la actividad editorial en la Universidad Icesi puede situarse a mediados 1988, a\u00f1o del primer registro de ISBN a nombre de la Universidad Icesi. Posteriormente, en el a\u00f1o 1998 nace la Oficina de publicaciones en la Facultad de Derecho y Ciencias Sociales con el objetivo de participar decididamente en el debate acad\u00e9mico [&hellip;]<\/p>\n","protected":false},"author":3,"featured_media":0,"parent":0,"menu_order":0,"comment_status":"closed","ping_status":"closed","template":"","meta":{"footnotes":""},"class_list":["post-5918","page","type-page","status-publish","hentry"],"_links":{"self":[{"href":"https:\/\/www.icesi.edu.co\/editorial\/wp-json\/wp\/v2\/pages\/5918","targetHints":{"allow":["GET"]}}],"collection":[{"href":"https:\/\/www.icesi.edu.co\/editorial\/wp-json\/wp\/v2\/pages"}],"about":[{"href":"https:\/\/www.icesi.edu.co\/editorial\/wp-json\/wp\/v2\/types\/page"}],"author":[{"embeddable":true,"href":"https:\/\/www.icesi.edu.co\/editorial\/wp-json\/wp\/v2\/users\/3"}],"replies":[{"embeddable":true,"href":"https:\/\/www.icesi.edu.co\/editorial\/wp-json\/wp\/v2\/comments?post=5918"}],"version-history":[{"count":2,"href":"https:\/\/www.icesi.edu.co\/editorial\/wp-json\/wp\/v2\/pages\/5918\/revisions"}],"predecessor-version":[{"id":5925,"href":"https:\/\/www.icesi.edu.co\/editorial\/wp-json\/wp\/v2\/pages\/5918\/revisions\/5925"}],"wp:attachment":[{"href":"https:\/\/www.icesi.edu.co\/editorial\/wp-json\/wp\/v2\/media?parent=5918"}],"curies":[{"name":"wp","href":"https:\/\/api.w.org\/{rel}","templated":true}]}}