{"id":2490,"date":"2016-05-31T14:43:08","date_gmt":"2016-05-31T21:43:08","guid":{"rendered":"http:\/\/192.168.220.28\/marketingzone\/?page_id=2490"},"modified":"2019-06-20T17:35:25","modified_gmt":"2019-06-20T22:35:25","slug":"contacto","status":"publish","type":"page","link":"https:\/\/www.icesi.edu.co\/marketingzone\/contacto\/","title":{"rendered":"Contacto"},"content":{"rendered":"<h3>Por favor cont\u00e1ctenos utilizando este formulario para:<\/h3>\n<ol>\n<li>Indagar\u00a0sobre\u00a0futuros eventos y actividades programados en nuestra agenda<\/li>\n<li>Solicitar alguno de nuestros servicios<\/li>\n<li>Contribuir con art\u00edculos y opiniones sobre nuestro contenido<\/li>\n<li>Suscribirse a nuestras novedades<\/li>\n<\/ol>\n<noscript class=\"ninja-forms-noscript-message\">\n\tAviso: Se requiere JavaScript para este contenido.<\/noscript>\n<div id=\"nf-form-2-cont\" class=\"nf-form-cont\" aria-live=\"polite\" aria-labelledby=\"nf-form-title-2\" aria-describedby=\"nf-form-errors-2\" role=\"form\">\n\n    <div class=\"nf-loading-spinner\"><\/div>\n\n<\/div>\n        <!-- That data is being printed as a workaround to page builders reordering the order of the scripts loaded-->\n        <script>var formDisplay=1;var nfForms=nfForms||[];var form=[];form.id='2';form.settings={\"objectType\":\"Form Setting\",\"editActive\":true,\"title\":\"Contactenos\",\"show_title\":1,\"allow_public_link\":0,\"public_link\":\"http:\\\/\\\/www.icesi.edu.co\\\/marketingzone\\\/ninja-forms\\\/283fw\",\"embed_form\":\"\",\"clear_complete\":1,\"hide_complete\":1,\"default_label_pos\":\"above\",\"wrapper_class\":\"\",\"element_class\":\"\",\"key\":\"\",\"add_submit\":0,\"changeEmailErrorMsg\":\"Introduce una direcci\\u00f3n de correo electr\\u00f3nico v\\u00e1lida.\",\"changeDateErrorMsg\":\"\\u00a1Introduce una fecha v\\u00e1lida!\",\"confirmFieldErrorMsg\":\"Estos campos deben coincidir.\",\"fieldNumberNumMinError\":\"Error de n\\u00famero m\\u00ednimo\",\"fieldNumberNumMaxError\":\"Error de n\\u00famero m\\u00e1ximo\",\"fieldNumberIncrementBy\":\"Increm\\u00e9ntalo por \",\"formErrorsCorrectErrors\":\"Corrige los errores antes de enviar este formulario.\",\"validateRequiredField\":\"Esto es un campo obligatorio.\",\"honeypotHoneypotError\":\"Error de Honeypot\",\"fieldsMarkedRequired\":\"Los campos marcados con <span class=\\\"ninja-forms-req-symbol\\\">*<\\\/span> son obligatorios\",\"currency\":\"\",\"unique_field_error\":\"Ya se ha enviado un formulario con este valor.\",\"logged_in\":false,\"not_logged_in_msg\":\"\",\"sub_limit_msg\":\"Has alcanzado el l\\u00edmite de env\\u00edos en el formulario.\",\"calculations\":[],\"formContentData\":[\"nombre_y_apellido_1561068834404\",\"organizacion_empresa_1561068809502\",\"phone_1561068782436\",\"email_1561068746781\",\"por_que_nos_contacta_1561069847799\",\"detalles_de_su_solicitud_1561070004671\",\"acepto_la_politica_de_tratamiento_de_datos_1561068928201\",\"enviar_1561069812377\"],\"public_link_key\":\"283fw\",\"drawerDisabled\":false,\"ninjaForms\":\"Ninja Forms\",\"fieldTextareaRTEInsertLink\":\"Insertar enlace\",\"fieldTextareaRTEInsertMedia\":\"Insertar medios\",\"fieldTextareaRTESelectAFile\":\"Seleccione un archivo\",\"formHoneypot\":\"Si eres un ser humano y est\\u00e1s viendo este campo, por favor d\\u00e9jalo vac\\u00edo.\",\"fileUploadOldCodeFileUploadInProgress\":\"Subida de archivo en curso.\",\"fileUploadOldCodeFileUpload\":\"SUBIDA DE ARCHIVO\",\"currencySymbol\":\"$\",\"thousands_sep\":\".\",\"decimal_point\":\",\",\"siteLocale\":\"es_ES\",\"dateFormat\":\"d\\\/m\\\/Y\",\"startOfWeek\":\"1\",\"of\":\"de\",\"previousMonth\":\"Mes anterior\",\"nextMonth\":\"Pr\\u00f3ximo mes\",\"months\":[\"Enero\",\"Febrero\",\"Marzo\",\"Abril\",\"Mayo\",\"Junio\",\"Julio\",\"Agosto\",\"Septiembre\",\"Octubre\",\"Noviembre\",\"Diciembre\"],\"monthsShort\":[\"Ene\",\"Feb\",\"Mar\",\"Abr\",\"Mayo\",\"Jun\",\"Jul\",\"Ago\",\"Sep\",\"Oct\",\"Nov\",\"Dic\"],\"weekdays\":[\"Domingo\",\"Lunes\",\"Martes\",\"Mi\\u00e9rcoles\",\"Jueves\",\"Viernes\",\"S\\u00e1bado\"],\"weekdaysShort\":[\"Dom\",\"Lun\",\"Mar\",\"Mi\\u00e9\",\"Jue\",\"Vie\",\"S\\u00e1b\"],\"weekdaysMin\":[\"Do\",\"Lu\",\"Ma\",\"Mi\",\"Ju\",\"Vi\",\"S\\u00e1\"],\"recaptchaConsentMissing\":\"reCaptcha validation couldn&#039;t load.\",\"recaptchaMissingCookie\":\"reCaptcha v3 validation couldn&#039;t load the cookie needed to submit the form.\",\"recaptchaConsentEvent\":\"Accept reCaptcha cookies before sending the form.\",\"currency_symbol\":\"\",\"beforeForm\":\"\",\"beforeFields\":\"\",\"afterFields\":\"\",\"afterForm\":\"\"};form.fields=[{\"objectType\":\"Field\",\"objectDomain\":\"fields\",\"editActive\":false,\"order\":1,\"type\":\"firstname\",\"label\":\"Nombre y Apellido\",\"key\":\"nombre_y_apellido_1561068834404\",\"label_pos\":\"above\",\"required\":1,\"default\":\"\",\"placeholder\":\"\",\"container_class\":\"\",\"element_class\":\"\",\"admin_label\":\"\",\"help_text\":\"\",\"custom_name_attribute\":\"fname\",\"personally_identifiable\":1,\"value\":\"\",\"drawerDisabled\":false,\"id\":5,\"beforeField\":\"\",\"afterField\":\"\",\"parentType\":\"firstname\",\"element_templates\":[\"firstname\",\"input\"],\"old_classname\":\"\",\"wrap_template\":\"wrap\"},{\"objectType\":\"Field\",\"objectDomain\":\"fields\",\"editActive\":false,\"order\":2,\"type\":\"textbox\",\"label\":\"Organizaci\\u00f3n\\\/ Empresa\",\"key\":\"organizacion_empresa_1561068809502\",\"label_pos\":\"above\",\"required\":1,\"default\":\"\",\"placeholder\":\"\",\"container_class\":\"\",\"element_class\":\"\",\"input_limit\":\"\",\"input_limit_type\":\"characters\",\"input_limit_msg\":\"Caracteres restantes\",\"manual_key\":false,\"admin_label\":\"\",\"help_text\":\"\",\"mask\":\"\",\"custom_mask\":\"\",\"custom_name_attribute\":\"\",\"personally_identifiable\":\"\",\"value\":\"\",\"id\":6,\"beforeField\":\"\",\"afterField\":\"\",\"parentType\":\"textbox\",\"element_templates\":[\"textbox\",\"input\"],\"old_classname\":\"\",\"wrap_template\":\"wrap\"},{\"objectType\":\"Field\",\"objectDomain\":\"fields\",\"editActive\":false,\"order\":3,\"type\":\"phone\",\"label\":\"Tel\\u00e9fono\",\"key\":\"phone_1561068782436\",\"label_pos\":\"above\",\"required\":false,\"default\":\"\",\"placeholder\":\"\",\"container_class\":\"\",\"element_class\":\"\",\"input_limit\":\"\",\"input_limit_type\":\"characters\",\"input_limit_msg\":\"Caracteres restantes\",\"manual_key\":false,\"admin_label\":\"\",\"help_text\":\"\",\"mask\":\"\",\"custom_mask\":\"\",\"custom_name_attribute\":\"phone\",\"personally_identifiable\":1,\"value\":\"\",\"id\":7,\"beforeField\":\"\",\"afterField\":\"\",\"parentType\":\"textbox\",\"element_templates\":[\"tel\",\"textbox\",\"input\"],\"old_classname\":\"\",\"wrap_template\":\"wrap\"},{\"objectType\":\"Field\",\"objectDomain\":\"fields\",\"editActive\":false,\"order\":4,\"type\":\"email\",\"label\":\"Correo electr\\u00f3nico\",\"key\":\"email_1561068746781\",\"label_pos\":\"above\",\"required\":1,\"default\":\"\",\"placeholder\":\"\",\"container_class\":\"\",\"element_class\":\"\",\"admin_label\":\"\",\"help_text\":\"\",\"custom_name_attribute\":\"email\",\"personally_identifiable\":1,\"value\":\"\",\"drawerDisabled\":false,\"id\":8,\"beforeField\":\"\",\"afterField\":\"\",\"parentType\":\"email\",\"element_templates\":[\"email\",\"input\"],\"old_classname\":\"\",\"wrap_template\":\"wrap\"},{\"objectType\":\"Field\",\"objectDomain\":\"fields\",\"editActive\":false,\"order\":5,\"type\":\"listselect\",\"label\":\"Por qu\\u00e9 nos contacta?\",\"key\":\"por_que_nos_contacta_1561069847799\",\"label_pos\":\"above\",\"required\":1,\"options\":[{\"errors\":[],\"max_options\":0,\"label\":\"Quiero recibir informaci\\u00f3n sobre los pr\\u00f3ximos eventos\",\"value\":\"quiero-recibir-informacion-sobre-los-proximos-eventos\",\"calc\":\"\",\"selected\":0,\"order\":1,\"settingModel\":{\"settings\":false,\"hide_merge_tags\":false,\"error\":false,\"name\":\"options\",\"type\":\"option-repeater\",\"label\":\"Opciones <a href=\\\"#\\\" class=\\\"nf-add-new\\\">A\\u00f1adir nuevo<\\\/a> <a href=\\\"#\\\" class=\\\"extra nf-open-import-tooltip\\\"><i class=\\\"fa fa-sign-in\\\" aria-hidden=\\\"true\\\"><\\\/i> Importar<\\\/a>\",\"width\":\"full\",\"group\":\"\",\"value\":[{\"label\":\"Uno\",\"value\":\"uno\",\"calc\":\"\",\"selected\":0,\"order\":0},{\"label\":\"Dos\",\"value\":\"dos\",\"calc\":\"\",\"selected\":0,\"order\":1},{\"label\":\"Tres\",\"value\":\"tres\",\"calc\":\"\",\"selected\":0,\"order\":2}],\"columns\":{\"label\":{\"header\":\"Etiqueta\",\"default\":\"\"},\"value\":{\"header\":\"Valor\",\"default\":\"\"},\"calc\":{\"header\":\"Valor calc\",\"default\":\"\"},\"selected\":{\"header\":\"<span class=\\\"dashicons dashicons-yes\\\"><\\\/span>\",\"default\":0}}}},{\"errors\":[],\"max_options\":0,\"label\":\"Tengo art\\u00edculos, informaci\\u00f3n y\\\/o una ponencia de inter\\u00e9s para compartir\",\"value\":\"tengo-articulos-informacion-y-o-una-ponencia-de-interes-para-compartir\",\"calc\":\"\",\"selected\":0,\"order\":2,\"settingModel\":{\"settings\":false,\"hide_merge_tags\":false,\"error\":false,\"name\":\"options\",\"type\":\"option-repeater\",\"label\":\"Opciones <a href=\\\"#\\\" class=\\\"nf-add-new\\\">A\\u00f1adir nuevo<\\\/a> <a href=\\\"#\\\" class=\\\"extra nf-open-import-tooltip\\\"><i class=\\\"fa fa-sign-in\\\" aria-hidden=\\\"true\\\"><\\\/i> Importar<\\\/a>\",\"width\":\"full\",\"group\":\"\",\"value\":[{\"label\":\"Uno\",\"value\":\"uno\",\"calc\":\"\",\"selected\":0,\"order\":0},{\"label\":\"Dos\",\"value\":\"dos\",\"calc\":\"\",\"selected\":0,\"order\":1},{\"label\":\"Tres\",\"value\":\"tres\",\"calc\":\"\",\"selected\":0,\"order\":2}],\"columns\":{\"label\":{\"header\":\"Etiqueta\",\"default\":\"\"},\"value\":{\"header\":\"Valor\",\"default\":\"\"},\"calc\":{\"header\":\"Valor calc\",\"default\":\"\"},\"selected\":{\"header\":\"<span class=\\\"dashicons dashicons-yes\\\"><\\\/span>\",\"default\":0}}}}],\"container_class\":\"\",\"element_class\":\"\",\"admin_label\":\"\",\"help_text\":\"\",\"drawerDisabled\":false,\"id\":21,\"beforeField\":\"\",\"afterField\":\"\",\"value\":\"\",\"parentType\":\"list\",\"element_templates\":[\"listselect\",\"input\"],\"old_classname\":\"list-select\",\"wrap_template\":\"wrap\"},{\"objectType\":\"Field\",\"objectDomain\":\"fields\",\"editActive\":false,\"order\":6,\"label\":\"Detalles de su solicitud\",\"type\":\"textarea\",\"key\":\"detalles_de_su_solicitud_1561070004671\",\"label_pos\":\"above\",\"required\":false,\"default\":\"\",\"placeholder\":\"\",\"container_class\":\"\",\"element_class\":\"\",\"input_limit\":\"\",\"input_limit_type\":\"characters\",\"input_limit_msg\":\"Caracteres restantes\",\"manual_key\":false,\"admin_label\":\"\",\"help_text\":\"\",\"textarea_rte\":\"\",\"disable_rte_mobile\":\"\",\"textarea_media\":\"\",\"value\":\"\",\"id\":22,\"beforeField\":\"\",\"afterField\":\"\",\"parentType\":\"textarea\",\"element_templates\":[\"textarea\",\"input\"],\"old_classname\":\"\",\"wrap_template\":\"wrap\"},{\"objectType\":\"Field\",\"objectDomain\":\"fields\",\"editActive\":false,\"order\":7,\"type\":\"checkbox\",\"label\":\"Acepto la pol\\u00edtica de tratamiento de datos\",\"key\":\"acepto_la_politica_de_tratamiento_de_datos_1561068928201\",\"label_pos\":\"right\",\"required\":1,\"container_class\":\"\",\"element_class\":\"\",\"manual_key\":false,\"admin_label\":\"\",\"help_text\":\"\",\"desc_text\":\"<p><a href=\\\"http:\\\/\\\/www.icesi.edu.co\\\/politica-de-tratamiento-de-datos-personales\\\">http:\\\/\\\/www.icesi.edu.co\\\/politica-de-tratamiento-de-datos-personales<\\\/a><br><\\\/p>\",\"default_value\":\"unchecked\",\"checked_value\":\"Marcado\",\"unchecked_value\":\"Desmarcado\",\"checked_calc_value\":\"\",\"unchecked_calc_value\":\"\",\"id\":9,\"beforeField\":\"\",\"afterField\":\"\",\"value\":\"\",\"parentType\":\"checkbox\",\"element_templates\":[\"checkbox\",\"input\"],\"old_classname\":\"\",\"wrap_template\":\"wrap\"},{\"objectType\":\"Field\",\"objectDomain\":\"fields\",\"editActive\":false,\"order\":8,\"type\":\"submit\",\"label\":\"Enviar\",\"processing_label\":\"Procesando\",\"container_class\":\"\",\"element_class\":\"\",\"key\":\"enviar_1561069812377\",\"drawerDisabled\":false,\"id\":10,\"beforeField\":\"\",\"afterField\":\"\",\"value\":\"\",\"label_pos\":\"above\",\"parentType\":\"textbox\",\"element_templates\":[\"submit\",\"button\",\"input\"],\"old_classname\":\"\",\"wrap_template\":\"wrap-no-label\"}];nfForms.push(form);<\/script>\n        \n<h3>Contacto directo<\/h3>\n<p>Tambi\u00e9n puede\u00a0contactar directamente a:<\/p>\n<p style=\"padding-left: 40px;\">Orietha Eva Rodriguez<br \/>\nDirectora Marketing Zone<br \/>\noerodriguez@icesi.edu.co<br \/>\nTel: ++57 (2) 555 2334 ext. 8123<br \/>\nFacultad de Ciencias Administrativas y Econ\u00f3micas<\/p>\n<p style=\"padding-left: 40px;\">Vanessa Zuluaga<br \/>\nCoordinadora Marketing Zone<br \/>\nlvzuluaga@icesi.edu.co<br \/>\nTel: ++57 (2) 555 2334 ext. 8784<br \/>\nFacultad de Ciencias Administrativas y Econ\u00f3micas<\/p>\n<h2>Ubicaci\u00f3n<\/h2>\n<p>Calle 18 No. 122-135 Pance, Cali &#8211; Colombia<\/p>\n<p><iframe loading=\"lazy\" style=\"border: 0;\" src=\"https:\/\/www.google.com\/maps\/embed?pb=!1m18!1m12!1m3!1d3983.033785465055!2d-76.5330673857579!3d3.3418170528711766!2m3!1f0!2f0!3f0!3m2!1i1024!2i768!4f13.1!3m3!1m2!1s0x8e30a1eb8d09a3c1%3A0x766b9b441dfa8bbe!2sUniversidad+ICESI!5e0!3m2!1scs!2scz!4v1464814455202\" width=\"600\" height=\"300\" frameborder=\"0\" allowfullscreen=\"allowfullscreen\"><\/iframe><\/p>\n<h3>Informaci\u00f3n adicional<\/h3>\n<p>Las siguientes\u00a0p\u00e1ginas tambi\u00e9n le pueden ayudar\u00a0a responder sus inquietudes:<\/p>\n<ul>\n<li><a href=\"http:\/\/www.icesi.edu.co\/marketingzone\/servicios\/\">Servicios<\/a>: \u00a0Listado de todos los servicios ofrecidos por Marketing Zone.<\/li>\n<li><a href=\"http:\/\/www.icesi.edu.co\/marketingzone\/patrocinios-y-publicidad\/\">Patrocinios y publicidad<\/a>: \u00a0Informaci\u00f3n sobre c\u00f3mo pautar o patrocinar.<\/li>\n<li><a href=\"http:\/\/www.icesi.edu.co\/marketingzone\/agenda\/\">Agenda de Eventos y Actividades<\/a>: \u00a0Calendario con la programaci\u00f3n de eventos\u00a0y actividades.<\/li>\n<li><a href=\"http:\/\/www.icesi.edu.co\/marketingzone\/reserva-de-espacio\/\">Reserva de espacio<\/a>: Informaci\u00f3n sobre el procedimiento y formulario para solicitar el pr\u00e9stamo del espacio f\u00edsico.<\/li>\n<\/ul>\n","protected":false},"excerpt":{"rendered":"<p>Por favor cont\u00e1ctenos utilizando este formulario para: Indagar\u00a0sobre\u00a0futuros eventos y actividades programados en nuestra agenda Solicitar alguno de nuestros servicios Contribuir con art\u00edculos y opiniones sobre nuestro contenido Suscribirse a nuestras novedades Contacto directo Tambi\u00e9n puede\u00a0contactar directamente a: Orietha Eva Rodriguez Directora Marketing Zone oerodriguez@icesi.edu.co Tel: ++57 (2) 555 2334 ext. 8123 Facultad de Ciencias [&hellip;]<\/p>\n","protected":false},"author":48,"featured_media":0,"parent":0,"menu_order":0,"comment_status":"closed","ping_status":"closed","template":"","meta":{"_uag_custom_page_level_css":"","footnotes":""},"class_list":["post-2490","page","type-page","status-publish","hentry"],"yoast_head":"<!-- This site is optimized with the Yoast SEO plugin v26.8 - https:\/\/yoast.com\/product\/yoast-seo-wordpress\/ -->\n<title>Contacto | Marketing Zone Icesi<\/title>\n<meta name=\"robots\" content=\"index, follow, max-snippet:-1, max-image-preview:large, max-video-preview:-1\" \/>\n<link rel=\"canonical\" href=\"https:\/\/www.icesi.edu.co\/marketingzone\/contacto\/\" \/>\n<meta property=\"og:locale\" content=\"es_ES\" \/>\n<meta property=\"og:type\" content=\"article\" \/>\n<meta property=\"og:title\" content=\"Contacto | Marketing Zone Icesi\" \/>\n<meta property=\"og:description\" content=\"Por favor cont\u00e1ctenos utilizando este formulario para: Indagar\u00a0sobre\u00a0futuros eventos y actividades programados en nuestra agenda Solicitar alguno de nuestros servicios Contribuir con art\u00edculos y opiniones sobre nuestro contenido Suscribirse a nuestras novedades Contacto directo Tambi\u00e9n puede\u00a0contactar directamente a: Orietha Eva Rodriguez Directora Marketing Zone oerodriguez@icesi.edu.co Tel: ++57 (2) 555 2334 ext. 8123 Facultad de Ciencias [&hellip;]\" \/>\n<meta property=\"og:url\" content=\"https:\/\/www.icesi.edu.co\/marketingzone\/contacto\/\" \/>\n<meta property=\"og:site_name\" content=\"Marketing Zone Icesi\" \/>\n<meta property=\"article:publisher\" content=\"https:\/\/www.facebook.com\/Marketingzoneicesi\/\" \/>\n<meta property=\"article:modified_time\" content=\"2019-06-20T22:35:25+00:00\" \/>\n<meta name=\"twitter:card\" content=\"summary_large_image\" \/>\n<meta name=\"twitter:site\" content=\"@MarketingZIcesi\" \/>\n<meta name=\"twitter:label1\" content=\"Tiempo de lectura\" \/>\n\t<meta name=\"twitter:data1\" content=\"1 minuto\" \/>\n<script type=\"application\/ld+json\" class=\"yoast-schema-graph\">{\"@context\":\"https:\/\/schema.org\",\"@graph\":[{\"@type\":\"WebPage\",\"@id\":\"https:\/\/www.icesi.edu.co\/marketingzone\/contacto\/\",\"url\":\"https:\/\/www.icesi.edu.co\/marketingzone\/contacto\/\",\"name\":\"Contacto | Marketing Zone Icesi\",\"isPartOf\":{\"@id\":\"https:\/\/www.icesi.edu.co\/marketingzone\/#website\"},\"datePublished\":\"2016-05-31T21:43:08+00:00\",\"dateModified\":\"2019-06-20T22:35:25+00:00\",\"breadcrumb\":{\"@id\":\"https:\/\/www.icesi.edu.co\/marketingzone\/contacto\/#breadcrumb\"},\"inLanguage\":\"es\",\"potentialAction\":[{\"@type\":\"ReadAction\",\"target\":[\"https:\/\/www.icesi.edu.co\/marketingzone\/contacto\/\"]}]},{\"@type\":\"BreadcrumbList\",\"@id\":\"https:\/\/www.icesi.edu.co\/marketingzone\/contacto\/#breadcrumb\",\"itemListElement\":[{\"@type\":\"ListItem\",\"position\":1,\"name\":\"Portada\",\"item\":\"https:\/\/www.icesi.edu.co\/marketingzone\/\"},{\"@type\":\"ListItem\",\"position\":2,\"name\":\"Contacto\"}]},{\"@type\":\"WebSite\",\"@id\":\"https:\/\/www.icesi.edu.co\/marketingzone\/#website\",\"url\":\"https:\/\/www.icesi.edu.co\/marketingzone\/\",\"name\":\"Marketing Zone - Universidad Icesi\",\"description\":\"\",\"potentialAction\":[{\"@type\":\"SearchAction\",\"target\":{\"@type\":\"EntryPoint\",\"urlTemplate\":\"https:\/\/www.icesi.edu.co\/marketingzone\/?s={search_term_string}\"},\"query-input\":{\"@type\":\"PropertyValueSpecification\",\"valueRequired\":true,\"valueName\":\"search_term_string\"}}],\"inLanguage\":\"es\"}]}<\/script>\n<!-- \/ Yoast SEO plugin. -->","yoast_head_json":{"title":"Contacto | Marketing Zone Icesi","robots":{"index":"index","follow":"follow","max-snippet":"max-snippet:-1","max-image-preview":"max-image-preview:large","max-video-preview":"max-video-preview:-1"},"canonical":"https:\/\/www.icesi.edu.co\/marketingzone\/contacto\/","og_locale":"es_ES","og_type":"article","og_title":"Contacto | Marketing Zone Icesi","og_description":"Por favor cont\u00e1ctenos utilizando este formulario para: Indagar\u00a0sobre\u00a0futuros eventos y actividades programados en nuestra agenda Solicitar alguno de nuestros servicios Contribuir con art\u00edculos y opiniones sobre nuestro contenido Suscribirse a nuestras novedades Contacto directo Tambi\u00e9n puede\u00a0contactar directamente a: Orietha Eva Rodriguez Directora Marketing Zone oerodriguez@icesi.edu.co Tel: ++57 (2) 555 2334 ext. 8123 Facultad de Ciencias [&hellip;]","og_url":"https:\/\/www.icesi.edu.co\/marketingzone\/contacto\/","og_site_name":"Marketing Zone Icesi","article_publisher":"https:\/\/www.facebook.com\/Marketingzoneicesi\/","article_modified_time":"2019-06-20T22:35:25+00:00","twitter_card":"summary_large_image","twitter_site":"@MarketingZIcesi","twitter_misc":{"Tiempo de lectura":"1 minuto"},"schema":{"@context":"https:\/\/schema.org","@graph":[{"@type":"WebPage","@id":"https:\/\/www.icesi.edu.co\/marketingzone\/contacto\/","url":"https:\/\/www.icesi.edu.co\/marketingzone\/contacto\/","name":"Contacto | Marketing Zone Icesi","isPartOf":{"@id":"https:\/\/www.icesi.edu.co\/marketingzone\/#website"},"datePublished":"2016-05-31T21:43:08+00:00","dateModified":"2019-06-20T22:35:25+00:00","breadcrumb":{"@id":"https:\/\/www.icesi.edu.co\/marketingzone\/contacto\/#breadcrumb"},"inLanguage":"es","potentialAction":[{"@type":"ReadAction","target":["https:\/\/www.icesi.edu.co\/marketingzone\/contacto\/"]}]},{"@type":"BreadcrumbList","@id":"https:\/\/www.icesi.edu.co\/marketingzone\/contacto\/#breadcrumb","itemListElement":[{"@type":"ListItem","position":1,"name":"Portada","item":"https:\/\/www.icesi.edu.co\/marketingzone\/"},{"@type":"ListItem","position":2,"name":"Contacto"}]},{"@type":"WebSite","@id":"https:\/\/www.icesi.edu.co\/marketingzone\/#website","url":"https:\/\/www.icesi.edu.co\/marketingzone\/","name":"Marketing Zone - Universidad Icesi","description":"","potentialAction":[{"@type":"SearchAction","target":{"@type":"EntryPoint","urlTemplate":"https:\/\/www.icesi.edu.co\/marketingzone\/?s={search_term_string}"},"query-input":{"@type":"PropertyValueSpecification","valueRequired":true,"valueName":"search_term_string"}}],"inLanguage":"es"}]}},"uagb_featured_image_src":{"full":false,"thumbnail":false,"medium":false,"medium_large":false,"large":false,"1536x1536":false,"2048x2048":false},"uagb_author_info":{"display_name":"Marketing Zone","author_link":"https:\/\/www.icesi.edu.co\/marketingzone\/author\/1113635768\/"},"uagb_comment_info":0,"uagb_excerpt":"Por favor cont\u00e1ctenos utilizando este formulario para: Indagar\u00a0sobre\u00a0futuros eventos y actividades programados en nuestra agenda Solicitar alguno de nuestros servicios Contribuir con art\u00edculos y opiniones sobre nuestro contenido Suscribirse a nuestras novedades Contacto directo Tambi\u00e9n puede\u00a0contactar directamente a: Orietha Eva Rodriguez Directora Marketing Zone oerodriguez@icesi.edu.co Tel: ++57 (2) 555 2334 ext. 8123 Facultad de Ciencias&hellip;","_links":{"self":[{"href":"https:\/\/www.icesi.edu.co\/marketingzone\/wp-json\/wp\/v2\/pages\/2490","targetHints":{"allow":["GET"]}}],"collection":[{"href":"https:\/\/www.icesi.edu.co\/marketingzone\/wp-json\/wp\/v2\/pages"}],"about":[{"href":"https:\/\/www.icesi.edu.co\/marketingzone\/wp-json\/wp\/v2\/types\/page"}],"author":[{"embeddable":true,"href":"https:\/\/www.icesi.edu.co\/marketingzone\/wp-json\/wp\/v2\/users\/48"}],"replies":[{"embeddable":true,"href":"https:\/\/www.icesi.edu.co\/marketingzone\/wp-json\/wp\/v2\/comments?post=2490"}],"version-history":[{"count":8,"href":"https:\/\/www.icesi.edu.co\/marketingzone\/wp-json\/wp\/v2\/pages\/2490\/revisions"}],"predecessor-version":[{"id":4893,"href":"https:\/\/www.icesi.edu.co\/marketingzone\/wp-json\/wp\/v2\/pages\/2490\/revisions\/4893"}],"wp:attachment":[{"href":"https:\/\/www.icesi.edu.co\/marketingzone\/wp-json\/wp\/v2\/media?parent=2490"}],"curies":[{"name":"wp","href":"https:\/\/api.w.org\/{rel}","templated":true}]}}