{"id":3499,"date":"2016-09-02T10:59:46","date_gmt":"2016-09-02T15:59:46","guid":{"rendered":"http:\/\/192.168.220.28\/marketingzone\/?page_id=3499"},"modified":"2019-04-30T14:36:02","modified_gmt":"2019-04-30T19:36:02","slug":"conocenos","status":"publish","type":"page","link":"https:\/\/www.icesi.edu.co\/marketingzone\/conocenos\/","title":{"rendered":"Con\u00f3cenos"},"content":{"rendered":"<figure id=\"attachment_3482\" aria-describedby=\"caption-attachment-3482\" style=\"width: 300px\" class=\"wp-caption alignright\"><img loading=\"lazy\" decoding=\"async\" class=\"wp-image-3482 size-medium\" title=\"Foto directivos en inauguraci\u00f3n de Marketing Zone\" src=\"http:\/\/192.168.220.28\/marketingzone\/wp-content\/uploads\/2016\/05\/fund-mz-300x194.jpg\" alt=\"Foto directivos en inauguraci\u00f3n de Marketing Zone\" width=\"300\" height=\"194\" srcset=\"https:\/\/www.icesi.edu.co\/marketingzone\/wp-content\/uploads\/2016\/05\/fund-mz-300x194.jpg 300w, https:\/\/www.icesi.edu.co\/marketingzone\/wp-content\/uploads\/2016\/05\/fund-mz-85x54.jpg 85w, https:\/\/www.icesi.edu.co\/marketingzone\/wp-content\/uploads\/2016\/05\/fund-mz.jpg 620w\" sizes=\"auto, (max-width: 300px) 100vw, 300px\" \/><figcaption id=\"caption-attachment-3482\" class=\"wp-caption-text\">Jos\u00e9 Roberto Concha, Raquel Puente, Francisco Piedrahita<\/figcaption><\/figure>\n<p style=\"text-align: left;\">Marketing Zone es una iniciativa liderada por el Departamento de Mercadeo y Negocios Internacionales de la Universidad Icesi cuyo prop\u00f3sito es conectar a la academia y a las empresas de la regi\u00f3n entorno al mercadeo y la publicidad.<\/p>\n<p style=\"text-align: justify;\">Marketing Zone opera gracias a los aportes y colaboraci\u00f3n de: la<span style=\"color: #333399;\"> <a style=\"color: #333399;\" href=\"https:\/\/www.icesi.edu.co\/\" target=\"_blank\" rel=\"noopener noreferrer\">Universidad Icesi<\/a>, <\/span>quien ha dispuesto\u00a0el espacio f\u00edsico, las pantallas, el videoproyector y la infraestructura de comunicaciones; el Departamento de Mercadeo y\u00a0Negocios\u00a0Internacionales, con el aporte del recurso humano operativo y directivo;\u00a0<span style=\"color: #000080;\"><a style=\"color: #000080;\" href=\"http:\/\/www.raddar.net\/\" target=\"_blank\" rel=\"noopener noreferrer\">Raddar-Consumer Knowlegde Group<\/a><\/span>,\u00a0quienes han donado\u00a0la base de datos Gastometr\u00eda; <span style=\"color: #000080;\"><a style=\"color: #000080;\" href=\"http:\/\/www.dell.com.co\/\" target=\"_blank\" rel=\"noopener noreferrer\">Dell Colombia<\/a>,<\/span>\u00a0quienes han contribu\u00eddo con\u00a0los equipos de c\u00f3mputo; <span style=\"color: #000080;\"><a style=\"color: #000080;\" href=\"http:\/\/carvajalespacios.com\/\" target=\"_blank\" rel=\"noopener noreferrer\">Carvajal Espacios<\/a><\/span>,\u00a0con el mobiliario;<span style=\"color: #000080;\"> <a style=\"color: #000080;\" href=\"http:\/\/www.smurfitkappa.com\/vHome\/co\" target=\"_blank\" rel=\"noopener noreferrer\">Smurfit Kappa<\/a><\/span>,\u00a0con recursos en efectivo y<span style=\"color: #000080;\"> <a style=\"color: #000080;\" href=\"http:\/\/musicar.com\/\" target=\"_blank\" rel=\"noopener noreferrer\">Musicar<\/a><\/span>,\u00a0quienes han aportado\u00a0los\u00a0dise\u00f1os del odotipo, el sonotipo y la cartelera digital as\u00ed como los servicios de m\u00fasica y aroma ambiental.<\/p>\n<h4>Misi\u00f3n<\/h4>\n<p>Liderar con entusiasmo la confluencia entre academia,\u00a0 organizaciones y sociedad en general; para que nuestros grupos de inter\u00e9s obtengan\u00a0 el mejor desempe\u00f1o\u00a0 a trav\u00e9s de sus pr\u00e1cticas de mercadeo.<\/p>\n<h4 style=\"text-align: justify;\">Visi\u00f3n<\/h4>\n<p style=\"text-align: justify;\">Convertirnos en referentes\u00a0en mercadeo en Colombia, por\u00a0apoyar a las organizaciones y la sociedad en general.<\/p>\n<h3>\u00bfQu\u00e9 buscamos?<\/h3>\n<p>1.\u00a0Posicionar a la Universidad Icesi en el tema de mercadeo; que se nos reconozca como la Universidad \u201ca donde hay que ir a estudiar o actualizarse\u201d sobre temas de mercadeo, pues nos mantenemos en el estado del arte\u00a0del tema.<\/p>\n<p>2. Reunir a la academia y organizaciones para analizar temas relevantes de mercadeo y su impacto en el desempe\u00f1o de las mismas y los consumidores.\u00a0 \u201cEntrar al mundo real\u201d<\/p>\n<p>3. Generar nuevo conocimiento en mercadeo y difundirlo para contribuir a apoyar a las organizaciones a implementar mercadeo obteniendo el mayor impacto en sus resultados.<\/p>\n<p>4. Mantener actualizada a la comunidad Icesi, estudiantes, profesores y empresas aliadas, en las \u00faltimas tendencias y herramientas para construir valor en las organizaciones.<\/p>\n","protected":false},"excerpt":{"rendered":"<p>Marketing Zone es una iniciativa liderada por el Departamento de Mercadeo y Negocios Internacionales de la Universidad Icesi cuyo prop\u00f3sito es conectar a la academia y a las empresas de la regi\u00f3n entorno al mercadeo y la publicidad. Marketing Zone opera gracias a los aportes y colaboraci\u00f3n de: la Universidad Icesi, quien ha dispuesto\u00a0el espacio [&hellip;]<\/p>\n","protected":false},"author":48,"featured_media":0,"parent":0,"menu_order":0,"comment_status":"closed","ping_status":"closed","template":"","meta":{"_uag_custom_page_level_css":"","footnotes":""},"class_list":["post-3499","page","type-page","status-publish","hentry"],"yoast_head":"<!-- This site is optimized with the Yoast SEO plugin v26.8 - https:\/\/yoast.com\/product\/yoast-seo-wordpress\/ -->\n<title>Con\u00f3cenos | Marketing Zone Icesi<\/title>\n<meta name=\"description\" content=\"Espacio para compartir de mercadeo con la comunidad Icesi y con diferentes organizaciones. Nace con el apoyo de Raddar, Dell, Carvajal y Musicar\" \/>\n<meta name=\"robots\" content=\"index, follow, max-snippet:-1, max-image-preview:large, max-video-preview:-1\" \/>\n<link rel=\"canonical\" href=\"https:\/\/www.icesi.edu.co\/marketingzone\/conocenos\/\" \/>\n<meta property=\"og:locale\" content=\"es_ES\" \/>\n<meta property=\"og:type\" content=\"article\" \/>\n<meta property=\"og:title\" content=\"Con\u00f3cenos | Marketing Zone Icesi\" \/>\n<meta property=\"og:description\" content=\"Espacio para compartir de mercadeo con la comunidad Icesi y con diferentes organizaciones. Nace con el apoyo de Raddar, Dell, Carvajal y Musicar\" \/>\n<meta property=\"og:url\" content=\"https:\/\/www.icesi.edu.co\/marketingzone\/conocenos\/\" \/>\n<meta property=\"og:site_name\" content=\"Marketing Zone Icesi\" \/>\n<meta property=\"article:publisher\" content=\"https:\/\/www.facebook.com\/Marketingzoneicesi\/\" \/>\n<meta property=\"article:modified_time\" content=\"2019-04-30T19:36:02+00:00\" \/>\n<meta property=\"og:image\" content=\"http:\/\/192.168.220.28\/marketingzone\/wp-content\/uploads\/2016\/05\/fund-mz-300x194.jpg\" \/>\n<meta name=\"twitter:card\" content=\"summary_large_image\" \/>\n<meta name=\"twitter:site\" content=\"@MarketingZIcesi\" \/>\n<meta name=\"twitter:label1\" content=\"Tiempo de lectura\" \/>\n\t<meta name=\"twitter:data1\" content=\"2 minutos\" \/>\n<script type=\"application\/ld+json\" class=\"yoast-schema-graph\">{\"@context\":\"https:\/\/schema.org\",\"@graph\":[{\"@type\":\"WebPage\",\"@id\":\"https:\/\/www.icesi.edu.co\/marketingzone\/conocenos\/\",\"url\":\"https:\/\/www.icesi.edu.co\/marketingzone\/conocenos\/\",\"name\":\"Con\u00f3cenos | Marketing Zone Icesi\",\"isPartOf\":{\"@id\":\"https:\/\/www.icesi.edu.co\/marketingzone\/#website\"},\"primaryImageOfPage\":{\"@id\":\"https:\/\/www.icesi.edu.co\/marketingzone\/conocenos\/#primaryimage\"},\"image\":{\"@id\":\"https:\/\/www.icesi.edu.co\/marketingzone\/conocenos\/#primaryimage\"},\"thumbnailUrl\":\"http:\/\/192.168.220.28\/marketingzone\/wp-content\/uploads\/2016\/05\/fund-mz-300x194.jpg\",\"datePublished\":\"2016-09-02T15:59:46+00:00\",\"dateModified\":\"2019-04-30T19:36:02+00:00\",\"description\":\"Espacio para compartir de mercadeo con la comunidad Icesi y con diferentes organizaciones. Nace con el apoyo de Raddar, Dell, Carvajal y Musicar\",\"breadcrumb\":{\"@id\":\"https:\/\/www.icesi.edu.co\/marketingzone\/conocenos\/#breadcrumb\"},\"inLanguage\":\"es\",\"potentialAction\":[{\"@type\":\"ReadAction\",\"target\":[\"https:\/\/www.icesi.edu.co\/marketingzone\/conocenos\/\"]}]},{\"@type\":\"ImageObject\",\"inLanguage\":\"es\",\"@id\":\"https:\/\/www.icesi.edu.co\/marketingzone\/conocenos\/#primaryimage\",\"url\":\"http:\/\/192.168.220.28\/marketingzone\/wp-content\/uploads\/2016\/05\/fund-mz-300x194.jpg\",\"contentUrl\":\"http:\/\/192.168.220.28\/marketingzone\/wp-content\/uploads\/2016\/05\/fund-mz-300x194.jpg\"},{\"@type\":\"BreadcrumbList\",\"@id\":\"https:\/\/www.icesi.edu.co\/marketingzone\/conocenos\/#breadcrumb\",\"itemListElement\":[{\"@type\":\"ListItem\",\"position\":1,\"name\":\"Portada\",\"item\":\"https:\/\/www.icesi.edu.co\/marketingzone\/\"},{\"@type\":\"ListItem\",\"position\":2,\"name\":\"Con\u00f3cenos\"}]},{\"@type\":\"WebSite\",\"@id\":\"https:\/\/www.icesi.edu.co\/marketingzone\/#website\",\"url\":\"https:\/\/www.icesi.edu.co\/marketingzone\/\",\"name\":\"Marketing Zone - Universidad Icesi\",\"description\":\"\",\"potentialAction\":[{\"@type\":\"SearchAction\",\"target\":{\"@type\":\"EntryPoint\",\"urlTemplate\":\"https:\/\/www.icesi.edu.co\/marketingzone\/?s={search_term_string}\"},\"query-input\":{\"@type\":\"PropertyValueSpecification\",\"valueRequired\":true,\"valueName\":\"search_term_string\"}}],\"inLanguage\":\"es\"}]}<\/script>\n<!-- \/ Yoast SEO plugin. -->","yoast_head_json":{"title":"Con\u00f3cenos | Marketing Zone Icesi","description":"Espacio para compartir de mercadeo con la comunidad Icesi y con diferentes organizaciones. Nace con el apoyo de Raddar, Dell, Carvajal y Musicar","robots":{"index":"index","follow":"follow","max-snippet":"max-snippet:-1","max-image-preview":"max-image-preview:large","max-video-preview":"max-video-preview:-1"},"canonical":"https:\/\/www.icesi.edu.co\/marketingzone\/conocenos\/","og_locale":"es_ES","og_type":"article","og_title":"Con\u00f3cenos | Marketing Zone Icesi","og_description":"Espacio para compartir de mercadeo con la comunidad Icesi y con diferentes organizaciones. Nace con el apoyo de Raddar, Dell, Carvajal y Musicar","og_url":"https:\/\/www.icesi.edu.co\/marketingzone\/conocenos\/","og_site_name":"Marketing Zone Icesi","article_publisher":"https:\/\/www.facebook.com\/Marketingzoneicesi\/","article_modified_time":"2019-04-30T19:36:02+00:00","og_image":[{"url":"http:\/\/192.168.220.28\/marketingzone\/wp-content\/uploads\/2016\/05\/fund-mz-300x194.jpg","type":"","width":"","height":""}],"twitter_card":"summary_large_image","twitter_site":"@MarketingZIcesi","twitter_misc":{"Tiempo de lectura":"2 minutos"},"schema":{"@context":"https:\/\/schema.org","@graph":[{"@type":"WebPage","@id":"https:\/\/www.icesi.edu.co\/marketingzone\/conocenos\/","url":"https:\/\/www.icesi.edu.co\/marketingzone\/conocenos\/","name":"Con\u00f3cenos | Marketing Zone Icesi","isPartOf":{"@id":"https:\/\/www.icesi.edu.co\/marketingzone\/#website"},"primaryImageOfPage":{"@id":"https:\/\/www.icesi.edu.co\/marketingzone\/conocenos\/#primaryimage"},"image":{"@id":"https:\/\/www.icesi.edu.co\/marketingzone\/conocenos\/#primaryimage"},"thumbnailUrl":"http:\/\/192.168.220.28\/marketingzone\/wp-content\/uploads\/2016\/05\/fund-mz-300x194.jpg","datePublished":"2016-09-02T15:59:46+00:00","dateModified":"2019-04-30T19:36:02+00:00","description":"Espacio para compartir de mercadeo con la comunidad Icesi y con diferentes organizaciones. Nace con el apoyo de Raddar, Dell, Carvajal y Musicar","breadcrumb":{"@id":"https:\/\/www.icesi.edu.co\/marketingzone\/conocenos\/#breadcrumb"},"inLanguage":"es","potentialAction":[{"@type":"ReadAction","target":["https:\/\/www.icesi.edu.co\/marketingzone\/conocenos\/"]}]},{"@type":"ImageObject","inLanguage":"es","@id":"https:\/\/www.icesi.edu.co\/marketingzone\/conocenos\/#primaryimage","url":"http:\/\/192.168.220.28\/marketingzone\/wp-content\/uploads\/2016\/05\/fund-mz-300x194.jpg","contentUrl":"http:\/\/192.168.220.28\/marketingzone\/wp-content\/uploads\/2016\/05\/fund-mz-300x194.jpg"},{"@type":"BreadcrumbList","@id":"https:\/\/www.icesi.edu.co\/marketingzone\/conocenos\/#breadcrumb","itemListElement":[{"@type":"ListItem","position":1,"name":"Portada","item":"https:\/\/www.icesi.edu.co\/marketingzone\/"},{"@type":"ListItem","position":2,"name":"Con\u00f3cenos"}]},{"@type":"WebSite","@id":"https:\/\/www.icesi.edu.co\/marketingzone\/#website","url":"https:\/\/www.icesi.edu.co\/marketingzone\/","name":"Marketing Zone - Universidad Icesi","description":"","potentialAction":[{"@type":"SearchAction","target":{"@type":"EntryPoint","urlTemplate":"https:\/\/www.icesi.edu.co\/marketingzone\/?s={search_term_string}"},"query-input":{"@type":"PropertyValueSpecification","valueRequired":true,"valueName":"search_term_string"}}],"inLanguage":"es"}]}},"uagb_featured_image_src":{"full":false,"thumbnail":false,"medium":false,"medium_large":false,"large":false,"1536x1536":false,"2048x2048":false},"uagb_author_info":{"display_name":"Marketing Zone","author_link":"https:\/\/www.icesi.edu.co\/marketingzone\/author\/1113635768\/"},"uagb_comment_info":0,"uagb_excerpt":"Marketing Zone es una iniciativa liderada por el Departamento de Mercadeo y Negocios Internacionales de la Universidad Icesi cuyo prop\u00f3sito es conectar a la academia y a las empresas de la regi\u00f3n entorno al mercadeo y la publicidad. Marketing Zone opera gracias a los aportes y colaboraci\u00f3n de: la Universidad Icesi, quien ha dispuesto\u00a0el espacio&hellip;","_links":{"self":[{"href":"https:\/\/www.icesi.edu.co\/marketingzone\/wp-json\/wp\/v2\/pages\/3499","targetHints":{"allow":["GET"]}}],"collection":[{"href":"https:\/\/www.icesi.edu.co\/marketingzone\/wp-json\/wp\/v2\/pages"}],"about":[{"href":"https:\/\/www.icesi.edu.co\/marketingzone\/wp-json\/wp\/v2\/types\/page"}],"author":[{"embeddable":true,"href":"https:\/\/www.icesi.edu.co\/marketingzone\/wp-json\/wp\/v2\/users\/48"}],"replies":[{"embeddable":true,"href":"https:\/\/www.icesi.edu.co\/marketingzone\/wp-json\/wp\/v2\/comments?post=3499"}],"version-history":[{"count":4,"href":"https:\/\/www.icesi.edu.co\/marketingzone\/wp-json\/wp\/v2\/pages\/3499\/revisions"}],"predecessor-version":[{"id":4705,"href":"https:\/\/www.icesi.edu.co\/marketingzone\/wp-json\/wp\/v2\/pages\/3499\/revisions\/4705"}],"wp:attachment":[{"href":"https:\/\/www.icesi.edu.co\/marketingzone\/wp-json\/wp\/v2\/media?parent=3499"}],"curies":[{"name":"wp","href":"https:\/\/api.w.org\/{rel}","templated":true}]}}