{"id":3711,"date":"2016-10-11T00:20:28","date_gmt":"2016-10-11T05:20:28","guid":{"rendered":"http:\/\/192.168.220.28\/marketingzone\/?page_id=3711"},"modified":"2016-11-11T18:45:00","modified_gmt":"2016-11-11T23:45:00","slug":"aliados","status":"publish","type":"page","link":"https:\/\/www.icesi.edu.co\/marketingzone\/aliados\/","title":{"rendered":"Aliados"},"content":{"rendered":"<p>Marketing Zone es una iniciativa liderada por el Departamento de Mercadeo y Negocios Internacionales de la Universidad Icesi de Cali, con la ayuda de importantes empresas que tienen presencia en nuestra regi\u00f3n.<\/p>\n<p>A las siguientes organizaciones les debemos nuestro agradecimiento infinito por ser aliados en nuestra misi\u00f3n.<\/p>\n<p>&nbsp;<\/p>\n<p><a href=\"http:\/\/www.icesi.edu.co\/\"><img loading=\"lazy\" decoding=\"async\" class=\"alignnone size-full wp-image-3759\" src=\"http:\/\/www.icesi.edu.co\/marketingzone\/wp-content\/uploads\/2016\/10\/logo_icesi-50.png\" alt=\"logo_icesi-50\" width=\"159\" height=\"50\" \/><\/a><\/p>\n<p>A la <a href=\"https:\/\/www.icesi.edu.co\/\">Universidad Icesi<\/a>,\u00a0por contribuir con el espacio f\u00edsico, las pantallas, el videoproyector, la infraestructura de comunicaciones; y a su Departamento de Mercadeo y Negocios Internacionales, por\u00a0el recurso humano que ayuda a dirigir, gestionar y operar la misi\u00f3n de Marketing Zone.<\/p>\n<p>&nbsp;<\/p>\n<p><a href=\"http:\/\/www.raddar.net\/\" target=\"_blank\"><img loading=\"lazy\" decoding=\"async\" class=\"alignnone wp-image-3761\" src=\"http:\/\/www.icesi.edu.co\/marketingzone\/wp-content\/uploads\/2016\/10\/logo-raddar-50.png\" alt=\"logo-raddar-50\" width=\"181\" height=\"37\" srcset=\"https:\/\/www.icesi.edu.co\/marketingzone\/wp-content\/uploads\/2016\/10\/logo-raddar-50.png 245w, https:\/\/www.icesi.edu.co\/marketingzone\/wp-content\/uploads\/2016\/10\/logo-raddar-50-240x50.png 240w\" sizes=\"auto, (max-width: 181px) 100vw, 181px\" \/><\/a><\/p>\n<p>A la empresa\u00a0<a href=\"http:\/\/www.raddar.net\/\" target=\"_blank\">RADDAR Consumer Knowledge Group<\/a>, por aportar\u00a0el conocimiento fruto de sus investigaciones: la\u00a0base de datos Gastometr\u00eda. \u00a0Esta base de datos, que se actualiza cada trimestre, \u00a0proporciona informaci\u00f3n sobre\u00a0el gasto de los colombianos en 87 categor\u00edas.<\/p>\n<p>&nbsp;<\/p>\n<p><a href=\"http:\/\/www.dell.com.co\/\" target=\"_blank\"><img loading=\"lazy\" decoding=\"async\" class=\"alignnone size-full wp-image-3760\" src=\"http:\/\/www.icesi.edu.co\/marketingzone\/wp-content\/uploads\/2016\/10\/logo-dell-50.png\" alt=\"logo-dell-50\" width=\"50\" height=\"50\" \/><\/a><\/p>\n<p>A\u00a0<a href=\"http:\/\/www.dell.com.co\/\" target=\"_blank\">Dell Colombia<\/a>, por\u00a0\u00a0los equipos de computo que facilitan el acceso a la base de datos Gastometr\u00eda as\u00ed como a otros servicios de informaci\u00f3n que proporciona la universidad.<\/p>\n<p>&nbsp;<\/p>\n<p><a href=\"http:\/\/carvajalespacios.com\/\" target=\"_blank\"><img loading=\"lazy\" decoding=\"async\" class=\"alignnone size-full wp-image-3758\" src=\"http:\/\/www.icesi.edu.co\/marketingzone\/wp-content\/uploads\/2016\/10\/logo-carvajal-50.png\" alt=\"logo-carvajal-50\" width=\"140\" height=\"50\" \/><\/a><\/p>\n<p>A\u00a0<a href=\"http:\/\/carvajalespacios.com\/\" target=\"_blank\">Carvajal Espacios<\/a>, por poner\u00a0el mobiliario: mesones, escritorios, sillas y armarios.<\/p>\n<p>&nbsp;<\/p>\n<p><a href=\"http:\/\/www.smurfitkappa.com\/vHome\/co\" target=\"_blank\"><img loading=\"lazy\" decoding=\"async\" class=\"alignnone wp-image-3757\" src=\"http:\/\/www.icesi.edu.co\/marketingzone\/wp-content\/uploads\/2016\/10\/logo-Smurfit_Kappa-50.png\" alt=\"logo-smurfit_kappa-50\" width=\"253\" height=\"34\" \/><\/a><\/p>\n<p>A\u00a0<a href=\"http:\/\/www.smurfitkappa.com\/vHome\/co\" target=\"_blank\">Smurfit Kappa<\/a>, por darle liquidez a Marketing Zone con recursos en efectivo.<\/p>\n<p>&nbsp;<\/p>\n<p><a href=\"http:\/\/musicar.com\/\" target=\"_blank\"><img loading=\"lazy\" decoding=\"async\" class=\"alignnone wp-image-2824\" src=\"http:\/\/www.icesi.edu.co\/marketingzone\/wp-content\/uploads\/2016\/06\/logo-musicar.png\" alt=\"logo-musicar\" width=\"231\" height=\"39\" \/><\/a><\/p>\n<p>A\u00a0<a href=\"http:\/\/musicar.com\/\" target=\"_blank\">Musicar<\/a>, por los\u00a0dise\u00f1os del odotipo, el sonotipo y la cartelera digital as\u00ed como por los servicios de m\u00fasica y aroma ambiental.<\/p>\n","protected":false},"excerpt":{"rendered":"<p>Marketing Zone es una iniciativa liderada por el Departamento de Mercadeo y Negocios Internacionales de la Universidad Icesi de Cali, con la ayuda de importantes empresas que tienen presencia en nuestra regi\u00f3n. A las siguientes organizaciones les debemos nuestro agradecimiento infinito por ser aliados en nuestra misi\u00f3n. &nbsp; A la Universidad Icesi,\u00a0por contribuir con el [&hellip;]<\/p>\n","protected":false},"author":48,"featured_media":0,"parent":0,"menu_order":0,"comment_status":"closed","ping_status":"closed","template":"","meta":{"_uag_custom_page_level_css":"","footnotes":""},"class_list":["post-3711","page","type-page","status-publish","hentry"],"yoast_head":"<!-- This site is optimized with the Yoast SEO plugin v26.8 - https:\/\/yoast.com\/product\/yoast-seo-wordpress\/ -->\n<title>Aliados | Marketing Zone Icesi<\/title>\n<meta name=\"robots\" content=\"index, follow, max-snippet:-1, max-image-preview:large, max-video-preview:-1\" \/>\n<link rel=\"canonical\" href=\"https:\/\/www.icesi.edu.co\/marketingzone\/aliados\/\" \/>\n<meta property=\"og:locale\" content=\"es_ES\" \/>\n<meta property=\"og:type\" content=\"article\" \/>\n<meta property=\"og:title\" content=\"Aliados | Marketing Zone Icesi\" \/>\n<meta property=\"og:description\" content=\"Marketing Zone es una iniciativa liderada por el Departamento de Mercadeo y Negocios Internacionales de la Universidad Icesi de Cali, con la ayuda de importantes empresas que tienen presencia en nuestra regi\u00f3n. A las siguientes organizaciones les debemos nuestro agradecimiento infinito por ser aliados en nuestra misi\u00f3n. &nbsp; A la Universidad Icesi,\u00a0por contribuir con el [&hellip;]\" \/>\n<meta property=\"og:url\" content=\"https:\/\/www.icesi.edu.co\/marketingzone\/aliados\/\" \/>\n<meta property=\"og:site_name\" content=\"Marketing Zone Icesi\" \/>\n<meta property=\"article:publisher\" content=\"https:\/\/www.facebook.com\/Marketingzoneicesi\/\" \/>\n<meta property=\"article:modified_time\" content=\"2016-11-11T23:45:00+00:00\" \/>\n<meta property=\"og:image\" content=\"http:\/\/www.icesi.edu.co\/marketingzone\/wp-content\/uploads\/2016\/10\/logo_icesi-50.png\" \/>\n<meta name=\"twitter:card\" content=\"summary_large_image\" \/>\n<meta name=\"twitter:site\" content=\"@MarketingZIcesi\" \/>\n<meta name=\"twitter:label1\" content=\"Tiempo de lectura\" \/>\n\t<meta name=\"twitter:data1\" content=\"1 minuto\" \/>\n<script type=\"application\/ld+json\" class=\"yoast-schema-graph\">{\"@context\":\"https:\/\/schema.org\",\"@graph\":[{\"@type\":\"WebPage\",\"@id\":\"https:\/\/www.icesi.edu.co\/marketingzone\/aliados\/\",\"url\":\"https:\/\/www.icesi.edu.co\/marketingzone\/aliados\/\",\"name\":\"Aliados | Marketing Zone Icesi\",\"isPartOf\":{\"@id\":\"https:\/\/www.icesi.edu.co\/marketingzone\/#website\"},\"primaryImageOfPage\":{\"@id\":\"https:\/\/www.icesi.edu.co\/marketingzone\/aliados\/#primaryimage\"},\"image\":{\"@id\":\"https:\/\/www.icesi.edu.co\/marketingzone\/aliados\/#primaryimage\"},\"thumbnailUrl\":\"http:\/\/www.icesi.edu.co\/marketingzone\/wp-content\/uploads\/2016\/10\/logo_icesi-50.png\",\"datePublished\":\"2016-10-11T05:20:28+00:00\",\"dateModified\":\"2016-11-11T23:45:00+00:00\",\"breadcrumb\":{\"@id\":\"https:\/\/www.icesi.edu.co\/marketingzone\/aliados\/#breadcrumb\"},\"inLanguage\":\"es\",\"potentialAction\":[{\"@type\":\"ReadAction\",\"target\":[\"https:\/\/www.icesi.edu.co\/marketingzone\/aliados\/\"]}]},{\"@type\":\"ImageObject\",\"inLanguage\":\"es\",\"@id\":\"https:\/\/www.icesi.edu.co\/marketingzone\/aliados\/#primaryimage\",\"url\":\"https:\/\/www.icesi.edu.co\/marketingzone\/wp-content\/uploads\/2016\/10\/logo_icesi-50.png\",\"contentUrl\":\"https:\/\/www.icesi.edu.co\/marketingzone\/wp-content\/uploads\/2016\/10\/logo_icesi-50.png\",\"width\":159,\"height\":50},{\"@type\":\"BreadcrumbList\",\"@id\":\"https:\/\/www.icesi.edu.co\/marketingzone\/aliados\/#breadcrumb\",\"itemListElement\":[{\"@type\":\"ListItem\",\"position\":1,\"name\":\"Portada\",\"item\":\"https:\/\/www.icesi.edu.co\/marketingzone\/\"},{\"@type\":\"ListItem\",\"position\":2,\"name\":\"Aliados\"}]},{\"@type\":\"WebSite\",\"@id\":\"https:\/\/www.icesi.edu.co\/marketingzone\/#website\",\"url\":\"https:\/\/www.icesi.edu.co\/marketingzone\/\",\"name\":\"Marketing Zone - Universidad Icesi\",\"description\":\"\",\"potentialAction\":[{\"@type\":\"SearchAction\",\"target\":{\"@type\":\"EntryPoint\",\"urlTemplate\":\"https:\/\/www.icesi.edu.co\/marketingzone\/?s={search_term_string}\"},\"query-input\":{\"@type\":\"PropertyValueSpecification\",\"valueRequired\":true,\"valueName\":\"search_term_string\"}}],\"inLanguage\":\"es\"}]}<\/script>\n<!-- \/ Yoast SEO plugin. -->","yoast_head_json":{"title":"Aliados | Marketing Zone Icesi","robots":{"index":"index","follow":"follow","max-snippet":"max-snippet:-1","max-image-preview":"max-image-preview:large","max-video-preview":"max-video-preview:-1"},"canonical":"https:\/\/www.icesi.edu.co\/marketingzone\/aliados\/","og_locale":"es_ES","og_type":"article","og_title":"Aliados | Marketing Zone Icesi","og_description":"Marketing Zone es una iniciativa liderada por el Departamento de Mercadeo y Negocios Internacionales de la Universidad Icesi de Cali, con la ayuda de importantes empresas que tienen presencia en nuestra regi\u00f3n. A las siguientes organizaciones les debemos nuestro agradecimiento infinito por ser aliados en nuestra misi\u00f3n. &nbsp; A la Universidad Icesi,\u00a0por contribuir con el [&hellip;]","og_url":"https:\/\/www.icesi.edu.co\/marketingzone\/aliados\/","og_site_name":"Marketing Zone Icesi","article_publisher":"https:\/\/www.facebook.com\/Marketingzoneicesi\/","article_modified_time":"2016-11-11T23:45:00+00:00","og_image":[{"url":"http:\/\/www.icesi.edu.co\/marketingzone\/wp-content\/uploads\/2016\/10\/logo_icesi-50.png","type":"","width":"","height":""}],"twitter_card":"summary_large_image","twitter_site":"@MarketingZIcesi","twitter_misc":{"Tiempo de lectura":"1 minuto"},"schema":{"@context":"https:\/\/schema.org","@graph":[{"@type":"WebPage","@id":"https:\/\/www.icesi.edu.co\/marketingzone\/aliados\/","url":"https:\/\/www.icesi.edu.co\/marketingzone\/aliados\/","name":"Aliados | Marketing Zone Icesi","isPartOf":{"@id":"https:\/\/www.icesi.edu.co\/marketingzone\/#website"},"primaryImageOfPage":{"@id":"https:\/\/www.icesi.edu.co\/marketingzone\/aliados\/#primaryimage"},"image":{"@id":"https:\/\/www.icesi.edu.co\/marketingzone\/aliados\/#primaryimage"},"thumbnailUrl":"http:\/\/www.icesi.edu.co\/marketingzone\/wp-content\/uploads\/2016\/10\/logo_icesi-50.png","datePublished":"2016-10-11T05:20:28+00:00","dateModified":"2016-11-11T23:45:00+00:00","breadcrumb":{"@id":"https:\/\/www.icesi.edu.co\/marketingzone\/aliados\/#breadcrumb"},"inLanguage":"es","potentialAction":[{"@type":"ReadAction","target":["https:\/\/www.icesi.edu.co\/marketingzone\/aliados\/"]}]},{"@type":"ImageObject","inLanguage":"es","@id":"https:\/\/www.icesi.edu.co\/marketingzone\/aliados\/#primaryimage","url":"https:\/\/www.icesi.edu.co\/marketingzone\/wp-content\/uploads\/2016\/10\/logo_icesi-50.png","contentUrl":"https:\/\/www.icesi.edu.co\/marketingzone\/wp-content\/uploads\/2016\/10\/logo_icesi-50.png","width":159,"height":50},{"@type":"BreadcrumbList","@id":"https:\/\/www.icesi.edu.co\/marketingzone\/aliados\/#breadcrumb","itemListElement":[{"@type":"ListItem","position":1,"name":"Portada","item":"https:\/\/www.icesi.edu.co\/marketingzone\/"},{"@type":"ListItem","position":2,"name":"Aliados"}]},{"@type":"WebSite","@id":"https:\/\/www.icesi.edu.co\/marketingzone\/#website","url":"https:\/\/www.icesi.edu.co\/marketingzone\/","name":"Marketing Zone - Universidad Icesi","description":"","potentialAction":[{"@type":"SearchAction","target":{"@type":"EntryPoint","urlTemplate":"https:\/\/www.icesi.edu.co\/marketingzone\/?s={search_term_string}"},"query-input":{"@type":"PropertyValueSpecification","valueRequired":true,"valueName":"search_term_string"}}],"inLanguage":"es"}]}},"uagb_featured_image_src":{"full":false,"thumbnail":false,"medium":false,"medium_large":false,"large":false,"1536x1536":false,"2048x2048":false},"uagb_author_info":{"display_name":"Marketing Zone","author_link":"https:\/\/www.icesi.edu.co\/marketingzone\/author\/1113635768\/"},"uagb_comment_info":0,"uagb_excerpt":"Marketing Zone es una iniciativa liderada por el Departamento de Mercadeo y Negocios Internacionales de la Universidad Icesi de Cali, con la ayuda de importantes empresas que tienen presencia en nuestra regi\u00f3n. A las siguientes organizaciones les debemos nuestro agradecimiento infinito por ser aliados en nuestra misi\u00f3n. &nbsp; A la Universidad Icesi,\u00a0por contribuir con el&hellip;","_links":{"self":[{"href":"https:\/\/www.icesi.edu.co\/marketingzone\/wp-json\/wp\/v2\/pages\/3711","targetHints":{"allow":["GET"]}}],"collection":[{"href":"https:\/\/www.icesi.edu.co\/marketingzone\/wp-json\/wp\/v2\/pages"}],"about":[{"href":"https:\/\/www.icesi.edu.co\/marketingzone\/wp-json\/wp\/v2\/types\/page"}],"author":[{"embeddable":true,"href":"https:\/\/www.icesi.edu.co\/marketingzone\/wp-json\/wp\/v2\/users\/48"}],"replies":[{"embeddable":true,"href":"https:\/\/www.icesi.edu.co\/marketingzone\/wp-json\/wp\/v2\/comments?post=3711"}],"version-history":[{"count":3,"href":"https:\/\/www.icesi.edu.co\/marketingzone\/wp-json\/wp\/v2\/pages\/3711\/revisions"}],"predecessor-version":[{"id":3817,"href":"https:\/\/www.icesi.edu.co\/marketingzone\/wp-json\/wp\/v2\/pages\/3711\/revisions\/3817"}],"wp:attachment":[{"href":"https:\/\/www.icesi.edu.co\/marketingzone\/wp-json\/wp\/v2\/media?parent=3711"}],"curies":[{"name":"wp","href":"https:\/\/api.w.org\/{rel}","templated":true}]}}