{"id":113,"date":"2023-08-14T21:51:35","date_gmt":"2023-08-14T21:51:35","guid":{"rendered":"http:\/\/tiendaorganicayartesanal.com\/oem\/?page_id=113"},"modified":"2023-12-01T14:55:51","modified_gmt":"2023-12-01T14:55:51","slug":"encuesta-oem","status":"publish","type":"page","link":"https:\/\/www.icesi.edu.co\/oem\/encuesta-oem\/","title":{"rendered":"Encuesta OEM"},"content":{"rendered":"\n\n\t<section class=\"section dark\" id=\"section_578267595\">\n\t\t<div class=\"section-bg fill\" >\n\t\t\t<img loading=\"lazy\" decoding=\"async\" width=\"305\" height=\"206\" src=\"https:\/\/www.icesi.edu.co\/oem\/wp-content\/uploads\/2023\/06\/image-2-1.png\" class=\"bg attachment- size-\" alt=\"\" \/>\t\t\t\t\t\t<div class=\"section-bg-overlay absolute fill\"><\/div>\n\t\t\t\n\n\t\t<\/div>\n\n\t\t\n\n\t\t<div class=\"section-content relative\">\n\t\t\t\n\n<div class=\"container section-title-container\" ><h1 class=\"section-title section-title-center\"><b aria-hidden=\"true\"><\/b><span class=\"section-title-main\" style=\"font-size:231%;\">eNCUESTA OEM<\/span><b aria-hidden=\"true\"><\/b><\/h1><\/div>\n\n<div class=\"row row-collapse row-full-width\"  id=\"row-298121554\">\n\n\n\t<div id=\"col-1755076297\" class=\"col medium-3 large-3\"  >\n\t\t\t\t<div class=\"col-inner\"  >\n\t\t\t\n\t\t\t\n\n\n\t\t<\/div>\n\t\t\t\t\t<\/div>\n\n\t\n\n\t<div id=\"col-600501926\" class=\"col medium-7 large-7\"  >\n\t\t\t\t<div class=\"col-inner\"  >\n\t\t\t\n\t\t\t\n\n\t<div id=\"text-3429844611\" class=\"text\">\n\t\t\n\n<p class=\"fusion-responsive-typography-calculated\" style=\"text-align: center;\" data-fontsize=\"34\" data-lineheight=\"51px\">Encuentre los resultados de nuestras mediciones anuales<\/p>\n\t\t\n<style>\n#text-3429844611 {\n  font-size: 0.9rem;\n  text-align: center;\n}\n<\/style>\n\t<\/div>\n\t\n\n\t\t<\/div>\n\t\t\t\t\t<\/div>\n\n\t\n\n\t<div id=\"col-1008658197\" class=\"col medium-2 large-2\"  >\n\t\t\t\t<div class=\"col-inner\"  >\n\t\t\t\n\t\t\t\n\n\n\t\t<\/div>\n\t\t\t\t\t<\/div>\n\n\t\n\n<\/div>\n\n\t\t<\/div>\n\n\t\t\n<style>\n#section_578267595 {\n  padding-top: 30px;\n  padding-bottom: 30px;\n  background-color: rgba(17, 24, 74, 0.599);\n}\n#section_578267595 .section-bg-overlay {\n  background-color: rgba(34, 61, 86, 0.808);\n}\n<\/style>\n\t<\/section>\n\t\n<div class=\"row\"  id=\"row-1162493777\">\n\n\n\t<div id=\"col-1097213071\" class=\"col medium-6 small-12 large-6\"  >\n\t\t\t\t<div class=\"col-inner text-center\"  >\n\t\t\t\n\t\t\t\n\n\n\t<a class=\"plain\" href=\"https:\/\/www.icesi.edu.co\/oem\/datos-oem-2020\/\" >\t<div class=\"icon-box featured-box icon-box-center text-center\"  >\n\t\t\t\t\t<div class=\"icon-box-img\" style=\"width: 191px\">\n\t\t\t\t<div class=\"icon\">\n\t\t\t\t\t<div class=\"icon-inner\" >\n\t\t\t\t\t\t<img loading=\"lazy\" decoding=\"async\" width=\"221\" height=\"219\" src=\"https:\/\/www.icesi.edu.co\/oem\/wp-content\/uploads\/2023\/08\/icono-valores.png\" class=\"attachment-medium size-medium\" alt=\"\" srcset=\"https:\/\/www.icesi.edu.co\/oem\/wp-content\/uploads\/2023\/08\/icono-valores.png 221w, https:\/\/www.icesi.edu.co\/oem\/wp-content\/uploads\/2023\/08\/icono-valores-150x150.png 150w\" sizes=\"auto, (max-width: 221px) 100vw, 221px\" \/>\t\t\t\t\t<\/div>\n\t\t\t\t<\/div>\n\t\t\t<\/div>\n\t\t\t\t<div class=\"icon-box-text last-reset\">\n\t\t\t\t\t\t\t\t\t\n\n\t<div id=\"text-2903034049\" class=\"text\">\n\t\t\n\n<h1><strong>Datos OEM 2020<\/strong><\/h1>\n\t\t\n<style>\n#text-2903034049 {\n  text-align: center;\n}\n<\/style>\n\t<\/div>\n\t\n\n\t\t<\/div>\n\t<\/div>\n\t<\/a>\n\t\n\n\t\t<\/div>\n\t\t\t\t\t<\/div>\n\n\t\n\n\t<div id=\"col-920660618\" class=\"col medium-6 small-12 large-6\"  >\n\t\t\t\t<div class=\"col-inner text-center\"  >\n\t\t\t\n\t\t\t\n\n<div class=\"row row-full-width align-center\"  id=\"row-429816046\">\n\n\n\t<div id=\"col-234227179\" class=\"col small-12 large-12\"  >\n\t\t\t\t<div class=\"col-inner text-center\"  >\n\t\t\t\n\t\t\t\n\n\n\t<a class=\"plain\" href=\"https:\/\/www.icesi.edu.co\/oem\/datos-oem-2022\/\" >\t<div class=\"icon-box featured-box icon-box-center text-center\"  >\n\t\t\t\t\t<div class=\"icon-box-img\" style=\"width: 191px\">\n\t\t\t\t<div class=\"icon\">\n\t\t\t\t\t<div class=\"icon-inner\" >\n\t\t\t\t\t\t<img loading=\"lazy\" decoding=\"async\" width=\"221\" height=\"219\" src=\"https:\/\/www.icesi.edu.co\/oem\/wp-content\/uploads\/2023\/08\/icono-valores.png\" class=\"attachment-medium size-medium\" alt=\"\" srcset=\"https:\/\/www.icesi.edu.co\/oem\/wp-content\/uploads\/2023\/08\/icono-valores.png 221w, https:\/\/www.icesi.edu.co\/oem\/wp-content\/uploads\/2023\/08\/icono-valores-150x150.png 150w\" sizes=\"auto, (max-width: 221px) 100vw, 221px\" \/>\t\t\t\t\t<\/div>\n\t\t\t\t<\/div>\n\t\t\t<\/div>\n\t\t\t\t<div class=\"icon-box-text last-reset\">\n\t\t\t\t\t\t\t\t\t\n\n\t<div id=\"text-1422137331\" class=\"text\">\n\t\t\n\n<h1><strong>Datos OEM 2022<\/strong><\/h1>\n\t\t\n<style>\n#text-1422137331 {\n  text-align: center;\n}\n<\/style>\n\t<\/div>\n\t\n\n\t\t<\/div>\n\t<\/div>\n\t<\/a>\n\t\n\n\t\t<\/div>\n\t\t\t\t\t<\/div>\n\n\t\n\n<\/div>\n\n\t\t<\/div>\n\t\t\t\t\t<\/div>\n\n\t\n\n<\/div>\n<div class=\"row\"  id=\"row-1093007119\">\n\n\n\t<div id=\"col-383049555\" class=\"col small-12 large-12\"  >\n\t\t\t\t<div class=\"col-inner\"  >\n\t\t\t\n\t\t\t\n\n\t<div id=\"text-3774060084\" class=\"text\">\n\t\t\n\n<h1 class=\"title-heading-left fusion-responsive-typography-calculated\" style=\"text-align: center;\" data-fontsize=\"34\" data-lineheight=\"51px\"><strong>DIMENSIONES TE\u00d3RICAS DE LA APUESTA DE MEDICI\u00d3N OEM<\/strong><\/h1>\n\t\t\n<style>\n#text-3774060084 {\n  text-align: center;\n}\n<\/style>\n\t<\/div>\n\t\n<div class=\"accordion\">\n\n\t<div id=\"accordion-1761723685\" class=\"accordion-item\">\n\t\t<a id=\"accordion-1761723685-label\" class=\"accordion-title plain\" href=\"#accordion-item-autonomia-de-las-mujeres\" aria-expanded=\"false\" aria-controls=\"accordion-1761723685-content\">\n\t\t\t<button class=\"toggle\" aria-label=\"Toggle\"><i class=\"icon-angle-down\" aria-hidden=\"true\"><\/i><\/button>\n\t\t\t<span>Autonomia de las mujeres<\/span>\n\t\t<\/a>\n\t\t<div id=\"accordion-1761723685-content\" class=\"accordion-inner\" aria-labelledby=\"accordion-1761723685-label\">\n\t\t\t\n\n<p style=\"text-align: justify;\">Entendida desde el lugar de la mujer en los espacios individuales, colectivos, sociales y simb\u00f3licos que la habitan y que habita. La autonom\u00eda no es un producto terminado sino en construcci\u00f3n; de ah\u00ed que para ser aut\u00f3noma se requiera la otredad, no desde el lazo de la dependencia, sino desde la posibilidad, el reconocimiento y la potencialidad.<\/p>\n\n\t\t<\/div>\n\t<\/div>\n\t\n\t<div id=\"accordion-648711687\" class=\"accordion-item\">\n\t\t<a id=\"accordion-648711687-label\" class=\"accordion-title plain\" href=\"#accordion-item-modelo-de-desarrollo-y-autonom\u00eda\" aria-expanded=\"false\" aria-controls=\"accordion-648711687-content\">\n\t\t\t<button class=\"toggle\" aria-label=\"Toggle\"><i class=\"icon-angle-down\" aria-hidden=\"true\"><\/i><\/button>\n\t\t\t<span>Modelo de desarrollo y autonom\u00eda<\/span>\n\t\t<\/a>\n\t\t<div id=\"accordion-648711687-content\" class=\"accordion-inner\" aria-labelledby=\"accordion-648711687-label\">\n\t\t\t\n\n<p style=\"text-align: justify;\">Los modelos cl\u00e1sicos consideran que uno de los objetivos fundamentales de la sociedad responde a maximizar las actividades humanas en t\u00e9rminos productivos, por lo cual no se tiene presente las relaciones de poder entre los g\u00e9neros, lo cual impacta directamente en la vida de las mujeres. Por lo anterior surgen modelos alternativos como el que aborda Amatya Sen, en la ampliaci\u00f3n de la oportunidad de las personas. Este enfoque se concentra entonces en la valoraci\u00f3n de libertades fundamentales y en lo que las personas est\u00e1n en posibilidad real de hacer con lo que tienen; de igual manera expone que la agenda pol\u00edtica y social debe concentrarse en ampliar las capacidades de las personas, considerando su nivel de libertad para vivir la vida que consideran valiosa vivir.<\/p>\n<p style=\"text-align: justify;\">La autonom\u00eda representa entonces, un componente fundamental para la igualdad y la equidad entre mujeres y hombres, que adem\u00e1s de propiciar el ejercicio de derechos, promueve la libertad de los individuos y da cuenta importante de la democracia en la sociedad. De esta manera, y en t\u00e9rminos de g\u00e9nero, la definici\u00f3n de autonom\u00eda radica en la posibilidad de las mujeres para constituir una identidad manifestada en el pensamiento y la acci\u00f3n a partir de su propia elecci\u00f3n, para lo que adem\u00e1s se requiere disponer de bienes particulares y acceder a espacios de poder individual y colectivo, en los que se encuentre con plena capacidad de tomar decisiones sobre su vida y aquello que considera importante para vivirla, en condiciones que favorezcan estas posibilidades. En este sentido, Fern\u00e1ndez (1999) aclara que comprender as\u00ed la autonom\u00eda, implica saber que no depende exclusivamente de la subjetividad de los individuos.<\/p>\n<p style=\"text-align: justify;\">Teniendo pues en cuenta la importancia de la autonom\u00eda, la libertad y la agencia de las mujeres, se espera que los avances generados en el Observatorio para la Equidad de la Mujer puedan incidir en la pol\u00edtica p\u00fablica e impactar en la indagaci\u00f3n y acci\u00f3n sobre la vida de las mujeres desde sus propias perspectivas, necesidades y capacidades, considerando a su vez diversas variables de influencia: condiciones sociales, edad, etnia, ingresos econ\u00f3micos, participaci\u00f3n pol\u00edtica, vida reproductiva, entre otras; las cuales se desarrollar\u00e1n a trav\u00e9s de las tres dimensiones que nos convocan; tres grandes dimensiones en clave de autonom\u00eda \u2013en t\u00e9rminos de acceso y capacidad de decisi\u00f3n sobre-, que ser\u00e1n la gu\u00eda para el proceso de medici\u00f3n sistem\u00e1tica y posterior incidencia en pol\u00edtica p\u00fablica, que se realizar\u00e1 desde el Observatorio para la Equidad de las Mujeres: Autonom\u00eda personal y familiar, Autonom\u00eda econ\u00f3mica y financiera, y Liderazgo y participaci\u00f3n p\u00fablica.<\/p>\n\n\t\t<\/div>\n\t<\/div>\n\t\n\t<div id=\"accordion-51085442\" class=\"accordion-item\">\n\t\t<a id=\"accordion-51085442-label\" class=\"accordion-title plain\" href=\"#accordion-item-autonom\u00eda-personal-y-familiar\" aria-expanded=\"false\" aria-controls=\"accordion-51085442-content\">\n\t\t\t<button class=\"toggle\" aria-label=\"Toggle\"><i class=\"icon-angle-down\" aria-hidden=\"true\"><\/i><\/button>\n\t\t\t<span>Autonom\u00eda personal y familiar<\/span>\n\t\t<\/a>\n\t\t<div id=\"accordion-51085442-content\" class=\"accordion-inner\" aria-labelledby=\"accordion-51085442-label\">\n\t\t\t\n\n<p style=\"text-align: justify;\">Esta dimensi\u00f3n aspira a examinar los asuntos que explican, restringen o potencian la autonom\u00eda de las mujeres en los \u00e1mbitos m\u00e1s pr\u00f3ximos y personales de su experiencia vital. Para definirlos, y distinguirlos de otras dimensiones, se acudir\u00e1 a una perspectiva espacial que remite a autores como Elias y B\u00e9jar. As\u00ed, la unidad de an\u00e1lisis se desplegar\u00e1 en dos \u201cespacios\u201d: el hogar y el cuerpo. Esto, bajo el supuesto de que la autonom\u00eda en la vida hogare\u00f1a y corporal supone la integraci\u00f3n compleja de los y las otras en esos rituales de pensamiento, decisi\u00f3n y acci\u00f3n. la autonom\u00eda se realiza tambi\u00e9n, y sobre todo, en colectivo.<\/p>\n\n\t\t<\/div>\n\t<\/div>\n\t\n\t<div id=\"accordion-1400337048\" class=\"accordion-item\">\n\t\t<a id=\"accordion-1400337048-label\" class=\"accordion-title plain\" href=\"#accordion-item-autonom\u00eda-econ\u00f3mica-y-financiera\" aria-expanded=\"false\" aria-controls=\"accordion-1400337048-content\">\n\t\t\t<button class=\"toggle\" aria-label=\"Toggle\"><i class=\"icon-angle-down\" aria-hidden=\"true\"><\/i><\/button>\n\t\t\t<span>Autonom\u00eda econ\u00f3mica y financiera<\/span>\n\t\t<\/a>\n\t\t<div id=\"accordion-1400337048-content\" class=\"accordion-inner\" aria-labelledby=\"accordion-1400337048-label\">\n\t\t\t\n\n<p style=\"text-align: justify;\">Se entender\u00e1 la autonom\u00eda financiera y econ\u00f3mica como una noci\u00f3n amplia que hace referencia a la capacidad y condiciones materiales con que cuentan las mujeres para tener un efectivo control sobre su propia vida. Este sentido general de la autonom\u00eda financiera y econ\u00f3mica conjuga dos conceptos anal\u00edticos y tres categor\u00edas tem\u00e1ticas. Ser una mujer aut\u00f3noma en t\u00e9rminos econ\u00f3mico-financieros es contar con cierta independencia financiera que posibilite tomar decisiones que se tienen razones para valorar; y adem\u00e1s es tener cierto control o participaci\u00f3n sobre las decisiones de asignaci\u00f3n, distribuci\u00f3n y disfrute de los recursos. La independencia financiera significa tener los medios para auto-sostenerse econ\u00f3micamente manteniendo una buena calidad de vida, y para decidir libremente el destino de sus ingresos sin requerir la autorizaci\u00f3n de un tercero.<\/p>\n<p style=\"text-align: justify;\">Estos dos conceptos anal\u00edticos (independencia y participaci\u00f3n) an\u00e1logos a las nociones de \u201csalida\u201d y \u201cvoz\u201d (Hirschman) son graduales e identificables a trav\u00e9s de tres categor\u00edas tem\u00e1ticas: mercado laboral, servicios financieros y propiedad.<\/p>\n\n\t\t<\/div>\n\t<\/div>\n\t\n\t<div id=\"accordion-2045707826\" class=\"accordion-item\">\n\t\t<a id=\"accordion-2045707826-label\" class=\"accordion-title plain\" href=\"#accordion-item-liderazgo-y-participaci\u00f3n-publica\" aria-expanded=\"false\" aria-controls=\"accordion-2045707826-content\">\n\t\t\t<button class=\"toggle\" aria-label=\"Toggle\"><i class=\"icon-angle-down\" aria-hidden=\"true\"><\/i><\/button>\n\t\t\t<span>Liderazgo y participaci\u00f3n publica<\/span>\n\t\t<\/a>\n\t\t<div id=\"accordion-2045707826-content\" class=\"accordion-inner\" aria-labelledby=\"accordion-2045707826-label\">\n\t\t\t\n\n<p style=\"text-align: justify;\">La dimensi\u00f3n de lo p\u00fablico se entender\u00e1 a partir de dos sentidos. El primero, como espacio f\u00edsico propio de la ciudad: el espacio p\u00fablico. Este \u00faltimo es un escenario de di\u00e1logo y alcance de los cambios democr\u00e1ticos y sociales relacionados con la democracia liberal. Para el primer sentido se tomar\u00e1 la cr\u00edtica feminista al espacio p\u00fablico, reconociendo que no es un espacio indiferenciado al cual llegan las y los ciudadanos en pie de igualdad.<\/p>\n<p style=\"text-align: justify;\">En cuanto al segundo sentido de lo p\u00fablico, se tomar\u00e1 a partir de la participaci\u00f3n. Esta se comprender\u00e1 como la incidencia en la toma de decisiones por parte de las y los ciudadanos. As\u00ed, para esta dimensi\u00f3n se tomar\u00e1n las siguientes categor\u00edas: acceso al espacio p\u00fablico, sus usos y pr\u00e1cticas; la participaci\u00f3n, pr\u00e1cticas efectivas en el debate p\u00fablico, pr\u00e1cticas electorales, pertenencia a asociaciones u organizaciones y su rol dentro de las mismas.<\/p>\n\n\t\t<\/div>\n\t<\/div>\n\t\n\t<div id=\"accordion-1113886955\" class=\"accordion-item\">\n\t\t<a id=\"accordion-1113886955-label\" class=\"accordion-title plain\" href=\"#accordion-item-la-dimensi\u00f3n-de-equidad\" aria-expanded=\"false\" aria-controls=\"accordion-1113886955-content\">\n\t\t\t<button class=\"toggle\" aria-label=\"Toggle\"><i class=\"icon-angle-down\" aria-hidden=\"true\"><\/i><\/button>\n\t\t\t<span>La dimensi\u00f3n de equidad<\/span>\n\t\t<\/a>\n\t\t<div id=\"accordion-1113886955-content\" class=\"accordion-inner\" aria-labelledby=\"accordion-1113886955-label\">\n\t\t\t\n\n<p style=\"text-align: justify;\">El instrumento dise\u00f1ado por el Observatorio para la Equidad de las Mujeres busca dimensionar y comprender en qu\u00e9 medida las mujeres de la regi\u00f3n gozan de autonom\u00eda \u2013 o la capacidad de tomar decisiones sobre su bienestar e intereses propios -. En este sentido, el instrumento apunta a conocer no solo el empoderamiento de las mujeres en la toma de decisiones sino tambi\u00e9n si la participaci\u00f3n de \u00e9stas puede darse en condiciones de igualdad material.<\/p>\n<p style=\"text-align: justify;\">Para estos prop\u00f3sitos, el estudio distingue entre las dimensiones de igualdad y de equidad, entendiendo a la primera de estas categor\u00edas como el acceso paritario a oportunidades y derechos, o, en otros t\u00e9rminos, el trato id\u00e9ntico y sin discriminaci\u00f3n a las personas, y de manera particular a hombres y mujeres. La segunda; la equidad se entiende como una forma de justicia material en el sentido en que, m\u00e1s all\u00e1 de garantizar igualdad legal de mujeres frente a hombres, esta condici\u00f3n permite el tratamiento diferencial cuando as\u00ed sea necesario.<\/p>\n<p style=\"text-align: justify;\">Con el ejercicio de medici\u00f3n del Observatorio se pretende conseguir datos objetivos y veraces acerca de la situaci\u00f3n de las mujeres en cuanto a su posibilidad de decidir y procurar acceder a mejores condiciones de vida. Sin embargo, se entiende que esta medici\u00f3n del bienestar de las mujeres registrado a trav\u00e9s de su capacidad de ejercer autonom\u00eda, se enmarca en un contexto de persistentes inequidades hist\u00f3ricas para ellas: Las mujeres se enfrentan a\u00fan hoy a normas sociales y culturales que las ubican como subordinadas y gracias, en parte, a estas concepciones, sufren limitaciones en \u00e1mbitos familiares, econ\u00f3micos, laborales y pol\u00edticos.<\/p>\n\n\t\t<\/div>\n\t<\/div>\n\t\n\n<\/div>\n\n\t\t<\/div>\n\t\t\t\t\t<\/div>\n\n\t\n\n<\/div>\n<div class=\"row\"  id=\"row-123462406\">\n\n\n\t<div id=\"col-1595979113\" class=\"col small-12 large-12\"  >\n\t\t\t\t<div class=\"col-inner\"  >\n\t\t\t\n\t\t\t\n\n<div class=\"row\"  id=\"row-1736687463\">\n\n\n\t<div id=\"col-303383002\" class=\"col small-12 large-12\"  >\n\t\t\t\t<div class=\"col-inner\"  >\n\t\t\t\n\t\t\t\n\n\n\t\t<\/div>\n\t\t\t\t\t<\/div>\n\n\t\n\n<\/div>\n\n\t\t<\/div>\n\t\t\t\t\t<\/div>\n\n\t\n\n<\/div>\n\n","protected":false},"excerpt":{"rendered":"","protected":false},"author":1,"featured_media":0,"parent":0,"menu_order":0,"comment_status":"closed","ping_status":"closed","template":"page-blank.php","meta":{"footnotes":""},"class_list":["post-113","page","type-page","status-publish","hentry"],"_links":{"self":[{"href":"https:\/\/www.icesi.edu.co\/oem\/wp-json\/wp\/v2\/pages\/113","targetHints":{"allow":["GET"]}}],"collection":[{"href":"https:\/\/www.icesi.edu.co\/oem\/wp-json\/wp\/v2\/pages"}],"about":[{"href":"https:\/\/www.icesi.edu.co\/oem\/wp-json\/wp\/v2\/types\/page"}],"author":[{"embeddable":true,"href":"https:\/\/www.icesi.edu.co\/oem\/wp-json\/wp\/v2\/users\/1"}],"replies":[{"embeddable":true,"href":"https:\/\/www.icesi.edu.co\/oem\/wp-json\/wp\/v2\/comments?post=113"}],"version-history":[{"count":24,"href":"https:\/\/www.icesi.edu.co\/oem\/wp-json\/wp\/v2\/pages\/113\/revisions"}],"predecessor-version":[{"id":8101,"href":"https:\/\/www.icesi.edu.co\/oem\/wp-json\/wp\/v2\/pages\/113\/revisions\/8101"}],"wp:attachment":[{"href":"https:\/\/www.icesi.edu.co\/oem\/wp-json\/wp\/v2\/media?parent=113"}],"curies":[{"name":"wp","href":"https:\/\/api.w.org\/{rel}","templated":true}]}}