{"id":123,"date":"2023-08-14T21:52:42","date_gmt":"2023-08-14T21:52:42","guid":{"rendered":"http:\/\/tiendaorganicayartesanal.com\/oem\/?page_id=123"},"modified":"2023-10-31T21:17:12","modified_gmt":"2023-10-31T21:17:12","slug":"procesos-de-formacion-a-funcionarios","status":"publish","type":"page","link":"https:\/\/www.icesi.edu.co\/oem\/procesos-de-formacion-a-funcionarios\/","title":{"rendered":"Procesos de formaci\u00f3n a funcionarios"},"content":{"rendered":"\n\n\t<section class=\"section dark\" id=\"section_827420964\">\n\t\t<div class=\"section-bg fill\" >\n\t\t\t<img loading=\"lazy\" decoding=\"async\" width=\"305\" height=\"206\" src=\"https:\/\/www.icesi.edu.co\/oem\/wp-content\/uploads\/2023\/06\/image-2-1.png\" class=\"bg attachment- size-\" alt=\"\" \/>\t\t\t\t\t\t<div class=\"section-bg-overlay absolute fill\"><\/div>\n\t\t\t\n\n\t\t<\/div>\n\n\t\t\n\n\t\t<div class=\"section-content relative\">\n\t\t\t\n\n<div class=\"container section-title-container\" ><h1 class=\"section-title section-title-center\"><b aria-hidden=\"true\"><\/b><span class=\"section-title-main\" style=\"font-size:231%;\">formaci\u00f3n a funcionarios<\/span><b aria-hidden=\"true\"><\/b><\/h1><\/div>\n\n\n\t\t<\/div>\n\n\t\t\n<style>\n#section_827420964 {\n  padding-top: 30px;\n  padding-bottom: 30px;\n  background-color: rgba(17, 24, 74, 0.599);\n}\n#section_827420964 .section-bg-overlay {\n  background-color: rgba(34, 61, 86, 0.808);\n}\n<\/style>\n\t<\/section>\n\t\n\n\t<section class=\"section\" id=\"section_1363233192\">\n\t\t<div class=\"section-bg fill\" >\n\t\t\t\t\t\t\t\t\t\n\t\t\t\n\n\t\t<\/div>\n\n\t\t\n\n\t\t<div class=\"section-content relative\">\n\t\t\t\n\n<div class=\"row\"  id=\"row-692587377\">\n\n\n\t<div id=\"col-1332402684\" class=\"col medium-6 small-12 large-6\"  >\n\t\t\t\t<div class=\"col-inner\"  >\n\t\t\t\n\t\t\t\n\n\t<div id=\"text-2039503487\" class=\"text\">\n\t\t\n\n<p style=\"text-align: justify;\"><span style=\"font-weight: 400;\">Las jornadas de formaci\u00f3n a funcionarias(os) <\/span><i><span style=\"font-weight: 400;\">Perspectiva de g\u00e9nero en el Estado: apuntes para la generaci\u00f3n de conocimiento desde la equidad y la justicia<\/span><\/i><span style=\"font-weight: 400;\"> iniciaron en el a\u00f1o 2019 de forma virtual, ya cuentan con tres cohortes hasta el momento. Estas jornadas est\u00e1n dirigidas a funcionarias(os) p\u00fablicas(os) de los municipios de Cali, Buenaventura, Yumbo, Jamund\u00ed, Candelaria, Bajo Baud\u00f3, Guapi y Tumaco.<\/span><\/p>\n<p style=\"text-align: justify;\"><span style=\"font-weight: 400;\">Entre 2019 y 2022 se han formado m\u00e1s de 120 funcionarias(os) de alcald\u00edas, secretar\u00edas, subsecretar\u00edas y oficinas del sector p\u00fablico, contribuyendo a la sensibilizaci\u00f3n e incorporaci\u00f3n de la perspectiva de g\u00e9nero en las instituciones descentralizadas del Estado<\/span><\/p>\n\t\t\n<style>\n#text-2039503487 {\n  font-size: 0.9rem;\n  color: rgb(40, 40, 40);\n}\n#text-2039503487 > * {\n  color: rgb(40, 40, 40);\n}\n<\/style>\n\t<\/div>\n\t\n\n\t\t<\/div>\n\t\t\t\t\n<style>\n#col-1332402684 > .col-inner {\n  margin: 0px 0px 0px 0px;\n}\n<\/style>\n\t<\/div>\n\n\t\n\n\t<div id=\"col-838141796\" class=\"col medium-6 small-12 large-6\"  >\n\t\t\t\t<div class=\"col-inner\"  >\n\t\t\t\n\t\t\t\n\n\n\t\t<\/div>\n\t\t\t\t\n<style>\n#col-838141796 > .col-inner {\n  margin: 0px 0px -20px 0px;\n}\n<\/style>\n\t<\/div>\n\n\t\n\n\n<style>\n#row-692587377 > .col > .col-inner {\n  padding: 0px 0px 20px 0px;\n}\n<\/style>\n<\/div>\n\n\t\t<\/div>\n\n\t\t\n<style>\n#section_1363233192 {\n  padding-top: 30px;\n  padding-bottom: 30px;\n  background-color: rgb(255, 255, 255);\n}\n<\/style>\n\t<\/section>\n\t\n\n","protected":false},"excerpt":{"rendered":"","protected":false},"author":1,"featured_media":0,"parent":0,"menu_order":0,"comment_status":"closed","ping_status":"closed","template":"page-blank.php","meta":{"footnotes":""},"class_list":["post-123","page","type-page","status-publish","hentry"],"_links":{"self":[{"href":"https:\/\/www.icesi.edu.co\/oem\/wp-json\/wp\/v2\/pages\/123","targetHints":{"allow":["GET"]}}],"collection":[{"href":"https:\/\/www.icesi.edu.co\/oem\/wp-json\/wp\/v2\/pages"}],"about":[{"href":"https:\/\/www.icesi.edu.co\/oem\/wp-json\/wp\/v2\/types\/page"}],"author":[{"embeddable":true,"href":"https:\/\/www.icesi.edu.co\/oem\/wp-json\/wp\/v2\/users\/1"}],"replies":[{"embeddable":true,"href":"https:\/\/www.icesi.edu.co\/oem\/wp-json\/wp\/v2\/comments?post=123"}],"version-history":[{"count":6,"href":"https:\/\/www.icesi.edu.co\/oem\/wp-json\/wp\/v2\/pages\/123\/revisions"}],"predecessor-version":[{"id":7723,"href":"https:\/\/www.icesi.edu.co\/oem\/wp-json\/wp\/v2\/pages\/123\/revisions\/7723"}],"wp:attachment":[{"href":"https:\/\/www.icesi.edu.co\/oem\/wp-json\/wp\/v2\/media?parent=123"}],"curies":[{"name":"wp","href":"https:\/\/api.w.org\/{rel}","templated":true}]}}