{"id":5655,"date":"2022-03-30T17:05:15","date_gmt":"2022-03-30T17:05:15","guid":{"rendered":"https:\/\/oemcolombia.com\/?page_id=5655"},"modified":"2024-06-20T15:20:51","modified_gmt":"2024-06-20T15:20:51","slug":"guapi-2021","status":"publish","type":"page","link":"https:\/\/www.icesi.edu.co\/oem\/guapi-2021\/","title":{"rendered":"Guapi 2021"},"content":{"rendered":"\n<div class=\"row\"  id=\"row-45933354\">\n\n\n\t<div id=\"col-451588521\" class=\"col medium-4 small-12 large-4\"  >\n\t\t\t\t<div class=\"col-inner\"  >\n\t\t\t\n\t\t\t\n\n\n\t\t<div class=\"icon-box featured-box icon-box-center text-center\"  >\n\t\t\t\t<div class=\"icon-box-text last-reset\">\n\t\t\t\t\t\t\t\t\t\n\n<div class=\"row\"  id=\"row-516241497\">\n\n\n\t<div id=\"col-1621002830\" class=\"col small-12 large-12\"  >\n\t\t\t\t<div class=\"col-inner\" style=\"background-color:rgb(240, 240, 240);\" >\n\t\t\t\n\t\t\t\n\n\t<div id=\"text-3845094439\" class=\"text\">\n\t\t\n\n<h2><img loading=\"lazy\" decoding=\"async\" class=\"alignnone  wp-image-7433\" src=\"https:\/\/www.icesi.edu.co\/\/oem\/wp-content\/uploads\/2023\/10\/Medicion.png\" alt=\"\" width=\"186\" height=\"155\" \/><\/h2>\n<h2><strong>DESCARGAS<\/strong><\/h2>\n<p><strong>Fecha:<\/strong> 2021<\/p>\n<p><strong>Formato:<\/strong> XML<\/p>\n\n\t\t\n<style>\n#text-3845094439 {\n  text-align: center;\n}\n<\/style>\n\t<\/div>\n\t\n<a href=\"https:\/\/www.icesi.edu.co\/\/oem\/wp-content\/uploads\/2023\/08\/Diccionario-Guapi-2021-1-1.xlsx\" class=\"button primary is-large\" style=\"border-radius:99px;\">\n\t\t<span>DICCIONARIO<\/span>\n\t<i class=\"icon-angle-down\" aria-hidden=\"true\"><\/i><\/a>\n\n\n<div class=\"row\"  id=\"row-1618225583\">\n\n\n\t<div id=\"col-1065576030\" class=\"col small-12 large-12\"  >\n\t\t\t\t<div class=\"col-inner\"  >\n\t\t\t\n\t\t\t\n\n<a href=\"https:\/\/www.icesi.edu.co\/\/oem\/wp-content\/uploads\/2023\/08\/Guapi-2021-1.xlsx\" class=\"button primary\" style=\"border-radius:99px;\">\n\t\t<span>ARCHIVO DE DATOS<\/span>\n\t<i class=\"icon-angle-down\" aria-hidden=\"true\"><\/i><\/a>\n\n\n\n\t\t<\/div>\n\t\t\t\t\t<\/div>\n\n\t\n\n<\/div>\n\n\t\t<\/div>\n\t\t\t\t\n<style>\n#col-1621002830 > .col-inner {\n  padding: 20px 20px 20px 20px;\n  border-radius: 20px;\n}\n<\/style>\n\t<\/div>\n\n\t\n\n\n<style>\n#row-516241497 > .col > .col-inner {\n  background-color: rgb(255,255,255);\n}\n<\/style>\n<\/div>\n\n\t\t<\/div>\n\t<\/div>\n\t\n\t\n\n\t\t<\/div>\n\t\t\t\t\t<\/div>\n\n\t\n\n\t<div id=\"col-1320060242\" class=\"col medium-8 small-12 large-8\"  >\n\t\t\t\t<div class=\"col-inner\"  >\n\t\t\t\n\t\t\t\n\n\t<div id=\"text-2704041986\" class=\"text\">\n\t\t\n\n<h1><strong>GUAPI 2021<\/strong><\/h1>\n\t\t\n<style>\n#text-2704041986 {\n  font-size: 2.3rem;\n}\n<\/style>\n\t<\/div>\n\t\n<h2><b>Descripci\u00f3n de la operaci\u00f3n estad\u00edstica<\/b><\/h2>\n<p>En este estudio se ten\u00eda como objetivo caracterizar de manera general algunas asuntos sobre mujeres que participan en el mercado laboral guapire\u00f1o.<\/p>\n<h2><strong>Universo<\/strong><\/h2>\n<p>\u00a0Mujeres mayores de 18 a\u00f1os del municipio de Guapi, Cauca.<\/p>\n<h2><strong>Objetivo<\/strong><\/h2>\n<p>Caracterizar la situaci\u00f3n de las mujeres que participan en el mercado laboral en Guapi<\/p>\n<h2><strong>Dimensiones<\/strong><\/h2>\n<ul>\n<li>Caracter\u00edsticas sociodemogr\u00e1ficas y del hogar<\/li>\n<li>Acceso a la Salud y Derechos Sexuales Reproductivos<\/li>\n<li>Violencia obst\u00e9trica<\/li>\n<li>Planificaci\u00f3n familiar Liderazgo y participaci\u00f3n ciudadana<\/li>\n<li>Violencia en el espacio p\u00fablico<\/li>\n<li>Violencias basadas en g\u00e9nero<\/li>\n<\/ul>\n<h2><strong>Tama\u00f1o de la muestra:<\/strong> 250<\/h2>\n<h2><strong>T\u00e9cnica de recogida:<\/strong> Presencial<\/h2>\n<h2><strong>Fecha de trabajo de campo:<\/strong> abril de 2021<\/h2>\n<p>\u00a0<\/p>\n\n\t\t<\/div>\n\t\t\t\t\t<\/div>\n\n\t\n\n<\/div>\n\n","protected":false},"excerpt":{"rendered":"","protected":false},"author":1,"featured_media":0,"parent":0,"menu_order":0,"comment_status":"closed","ping_status":"closed","template":"","meta":{"footnotes":""},"class_list":["post-5655","page","type-page","status-publish","hentry"],"_links":{"self":[{"href":"https:\/\/www.icesi.edu.co\/oem\/wp-json\/wp\/v2\/pages\/5655","targetHints":{"allow":["GET"]}}],"collection":[{"href":"https:\/\/www.icesi.edu.co\/oem\/wp-json\/wp\/v2\/pages"}],"about":[{"href":"https:\/\/www.icesi.edu.co\/oem\/wp-json\/wp\/v2\/types\/page"}],"author":[{"embeddable":true,"href":"https:\/\/www.icesi.edu.co\/oem\/wp-json\/wp\/v2\/users\/1"}],"replies":[{"embeddable":true,"href":"https:\/\/www.icesi.edu.co\/oem\/wp-json\/wp\/v2\/comments?post=5655"}],"version-history":[{"count":15,"href":"https:\/\/www.icesi.edu.co\/oem\/wp-json\/wp\/v2\/pages\/5655\/revisions"}],"predecessor-version":[{"id":8467,"href":"https:\/\/www.icesi.edu.co\/oem\/wp-json\/wp\/v2\/pages\/5655\/revisions\/8467"}],"wp:attachment":[{"href":"https:\/\/www.icesi.edu.co\/oem\/wp-json\/wp\/v2\/media?parent=5655"}],"curies":[{"name":"wp","href":"https:\/\/api.w.org\/{rel}","templated":true}]}}