{"id":5669,"date":"2022-03-30T19:21:59","date_gmt":"2022-03-31T00:21:59","guid":{"rendered":"https:\/\/oemcolombia.com\/?page_id=5669"},"modified":"2024-06-20T15:57:00","modified_gmt":"2024-06-20T15:57:00","slug":"covid-2020","status":"publish","type":"page","link":"https:\/\/www.icesi.edu.co\/oem\/covid-2020\/","title":{"rendered":"Covid 2020"},"content":{"rendered":"\n<div class=\"row\"  id=\"row-1326733177\">\n\n\n\t<div id=\"col-826645535\" class=\"col medium-4 small-12 large-4\"  >\n\t\t\t\t<div class=\"col-inner\"  >\n\t\t\t\n\t\t\t\n\n\n\t\t<div class=\"icon-box featured-box icon-box-center text-center\"  >\n\t\t\t\t<div class=\"icon-box-text last-reset\">\n\t\t\t\t\t\t\t\t\t\n\n<div class=\"row\"  id=\"row-2091785762\">\n\n\n\t<div id=\"col-458792578\" class=\"col small-12 large-12\"  >\n\t\t\t\t<div class=\"col-inner\" style=\"background-color:rgb(240, 240, 240);\" >\n\t\t\t\n\t\t\t\n\n\t<div id=\"text-3133837502\" class=\"text\">\n\t\t\n\n<h2><img loading=\"lazy\" decoding=\"async\" class=\"alignnone  wp-image-7433\" src=\"https:\/\/www.icesi.edu.co\/oem\/wp-content\/uploads\/2023\/10\/Medicion.png\" alt=\"\" width=\"186\" height=\"155\" \/><\/h2>\n<h2><strong>DESCARGAS<\/strong><\/h2>\n<p><strong>Fecha:<\/strong> 2020<\/p>\n<p><strong>Formato:<\/strong> XML<\/p>\n\n\t\t\n<style>\n#text-3133837502 {\n  text-align: center;\n}\n<\/style>\n\t<\/div>\n\t\n\t<div id=\"text-52689718\" class=\"text\">\n\t\t\n\n<h2><b>MICRODATOS<\/b><\/h2>\n\t\t\n<style>\n#text-52689718 {\n  text-align: center;\n}\n<\/style>\n\t<\/div>\n\t\n<div class=\"is-divider divider clearfix\" style=\"max-width:200px;height:1px;\"><\/div>\n\n<div class=\"row\"  id=\"row-990067672\">\n\n\n\t<div id=\"col-1780707120\" class=\"col small-12 large-12\"  >\n\t\t\t\t<div class=\"col-inner\"  >\n\t\t\t\n\t\t\t\n\n<p><a href=\"https:\/\/www.icesi.edu.co\/oem\/wp-content\/uploads\/2023\/08\/Covid2020-1.xlsx\">BASE DE DATOS COVID<\/a><\/p>\n\n<div class=\"is-divider divider clearfix\" style=\"max-width:200px;height:1px;\"><\/div>\n\n\n\t\t<\/div>\n\t\t\t\t\t<\/div>\n\n\t\n\n<\/div>\n\n\t\t<\/div>\n\t\t\t\t\n<style>\n#col-458792578 > .col-inner {\n  padding: 20px 20px 20px 20px;\n  border-radius: 20px;\n}\n<\/style>\n\t<\/div>\n\n\t\n\n\n<style>\n#row-2091785762 > .col > .col-inner {\n  background-color: rgb(255,255,255);\n}\n<\/style>\n<\/div>\n\n\t\t<\/div>\n\t<\/div>\n\t\n\t\n\n\t\t<\/div>\n\t\t\t\t\t<\/div>\n\n\t\n\n\t<div id=\"col-781724003\" class=\"col medium-8 small-12 large-8\"  >\n\t\t\t\t<div class=\"col-inner\"  >\n\t\t\t\n\t\t\t\n\n\t<div id=\"text-2773252117\" class=\"text\">\n\t\t\n\n<h1><strong>COVID 2020<\/strong><\/h1>\n\t\t\n<style>\n#text-2773252117 {\n  font-size: 2.3rem;\n}\n<\/style>\n\t<\/div>\n\t\n<h2><b>Descripci\u00f3n de la operaci\u00f3n estad\u00edstica<\/b><\/h2>\n<p>Durante los primeros meses del confinamiento ocasionado por la pandemia del Covid19, el trabajo dom\u00e9stico y de cuidados no remunerado se incrementa dentro de los hogares de manera sustancial. Con esto se plantea el objetivo de medir las formas que adoptan los cuidados y el trabajo dom\u00e9stico del hogar en la ciudad de Cali por medio de un sondeo virtual.<\/p>\n<h2><strong>Universo<\/strong><\/h2>\n<p>Hombres y mujeres mayores a 16 a\u00f1os residentes en la ciudad de Cali.<\/p>\n<h2><strong>Objetivo<\/strong><\/h2>\n<p>Encuesta para observar el comportamiento del trabajo dom\u00e9stico y de cuidados durante la cuarentena.<\/p>\n<h2><strong>Tama\u00f1o de la muestra<\/strong><\/h2>\n<p>En total 467 mujeres, 157 hombres y 4 diverso, queer, fluido, no conforme.<\/p>\n<h2><strong>Medio por el que se hizo la encuesta<\/strong><\/h2>\n<p>Virtual y difundida a trav\u00e9s de las redes sociales del OEM.<\/p>\n<h2><strong>Fecha de trabajo de campo<\/strong><\/h2>\n<p>11 de abril a 10 de mayo<\/p>\n<p>\u00a0<\/p>\n\n\t\t<\/div>\n\t\t\t\t\t<\/div>\n\n\t\n\n<\/div>\n\n","protected":false},"excerpt":{"rendered":"","protected":false},"author":1,"featured_media":0,"parent":0,"menu_order":0,"comment_status":"closed","ping_status":"closed","template":"","meta":{"footnotes":""},"class_list":["post-5669","page","type-page","status-publish","hentry"],"_links":{"self":[{"href":"https:\/\/www.icesi.edu.co\/oem\/wp-json\/wp\/v2\/pages\/5669","targetHints":{"allow":["GET"]}}],"collection":[{"href":"https:\/\/www.icesi.edu.co\/oem\/wp-json\/wp\/v2\/pages"}],"about":[{"href":"https:\/\/www.icesi.edu.co\/oem\/wp-json\/wp\/v2\/types\/page"}],"author":[{"embeddable":true,"href":"https:\/\/www.icesi.edu.co\/oem\/wp-json\/wp\/v2\/users\/1"}],"replies":[{"embeddable":true,"href":"https:\/\/www.icesi.edu.co\/oem\/wp-json\/wp\/v2\/comments?post=5669"}],"version-history":[{"count":11,"href":"https:\/\/www.icesi.edu.co\/oem\/wp-json\/wp\/v2\/pages\/5669\/revisions"}],"predecessor-version":[{"id":8470,"href":"https:\/\/www.icesi.edu.co\/oem\/wp-json\/wp\/v2\/pages\/5669\/revisions\/8470"}],"wp:attachment":[{"href":"https:\/\/www.icesi.edu.co\/oem\/wp-json\/wp\/v2\/media?parent=5669"}],"curies":[{"name":"wp","href":"https:\/\/api.w.org\/{rel}","templated":true}]}}