{"id":5714,"date":"2022-04-19T16:38:28","date_gmt":"2022-04-19T21:38:28","guid":{"rendered":"https:\/\/oemcolombia.com\/?page_id=5714"},"modified":"2024-01-12T15:22:37","modified_gmt":"2024-01-12T15:22:37","slug":"proyecto-vida-genero-trabajo","status":"publish","type":"page","link":"https:\/\/www.icesi.edu.co\/oem\/proyecto-vida-genero-trabajo\/","title":{"rendered":"Proyecto Vida | G\u00e9nero | Trabajo"},"content":{"rendered":"\n<div class=\"slider-wrapper relative\" id=\"slider-1266837285\" >\n    <div class=\"slider slider-nav-circle slider-nav-large slider-nav-light slider-style-normal\"\n        data-flickity-options='{\n            \"cellAlign\": \"center\",\n            \"imagesLoaded\": true,\n            \"lazyLoad\": 1,\n            \"freeScroll\": false,\n            \"wrapAround\": true,\n            \"autoPlay\": 6000,\n            \"pauseAutoPlayOnHover\" : true,\n            \"prevNextButtons\": true,\n            \"contain\" : true,\n            \"adaptiveHeight\" : true,\n            \"dragThreshold\" : 10,\n            \"percentPosition\": true,\n            \"pageDots\": true,\n            \"rightToLeft\": false,\n            \"draggable\": true,\n            \"selectedAttraction\": 0.1,\n            \"parallax\" : 0,\n            \"friction\": 0.6        }'\n        >\n        \n\n\t<div class=\"img has-hover x md-x lg-x y md-y lg-y\" id=\"image_997742512\">\n\t\t\t\t\t\t\t\t<div class=\"img-inner dark\" >\n\t\t\t<img loading=\"lazy\" decoding=\"async\" width=\"1536\" height=\"463\" src=\"https:\/\/www.icesi.edu.co\/oem\/wp-content\/uploads\/2023\/08\/Proyecto-vida-genero-trabajo.jpg\" class=\"attachment-original size-original\" alt=\"\" srcset=\"https:\/\/www.icesi.edu.co\/oem\/wp-content\/uploads\/2023\/08\/Proyecto-vida-genero-trabajo.jpg 1536w, https:\/\/www.icesi.edu.co\/oem\/wp-content\/uploads\/2023\/08\/Proyecto-vida-genero-trabajo-300x90.jpg 300w, https:\/\/www.icesi.edu.co\/oem\/wp-content\/uploads\/2023\/08\/Proyecto-vida-genero-trabajo-1024x309.jpg 1024w, https:\/\/www.icesi.edu.co\/oem\/wp-content\/uploads\/2023\/08\/Proyecto-vida-genero-trabajo-768x232.jpg 768w\" sizes=\"auto, (max-width: 1536px) 100vw, 1536px\" \/>\t\t\t\t\t\t\n\t\t\t\t\t<\/div>\n\t\t\t\t\t\t\t\t\n<style>\n#image_997742512 {\n  width: 100%;\n}\n<\/style>\n\t<\/div>\n\t\n\n\n     <\/div>\n\n     <div class=\"loading-spin dark large centered\"><\/div>\n\n\t<\/div>\n\n\n<div class=\"container section-title-container\" ><h3 class=\"section-title section-title-bold-center\"><b aria-hidden=\"true\"><\/b><span class=\"section-title-main\" style=\"font-size:undefined%;\">el proyecto<\/span><b aria-hidden=\"true\"><\/b><\/h3><\/div>\n\n<div class=\"row\"  id=\"row-862455708\">\n\n\n\t<div id=\"col-778866247\" class=\"col small-12 large-12\"  >\n\t\t\t\t<div class=\"col-inner\"  >\n\t\t\t\n\t\t\t\n\n<blockquote>\n<p>El proyecto \u00abVida\/G\u00e9nero\/Trabajo: invisibilidad y reproducci\u00f3n social\u00bb reconoce las experiencias de vida de las mujeres en Tumaco, con un enfoque \u00e9tnico-territorial y de g\u00e9nero, para explorar las posibilidades de ser y hacer en un territorio marcado por el conflicto armado y el abandono del Estado. Este proyecto posibilita un di\u00e1logo de saberes para abordar c\u00f3mo el trabajo de las mujeres hace la vida posible en Tumaco.<\/p>\n<\/blockquote>\n<div class=\"container section-title-container\" ><h3 class=\"section-title section-title-bold-center\"><b aria-hidden=\"true\"><\/b><span class=\"section-title-main\" style=\"font-size:undefined%;\">M\u00d3DULOS DEL PROYECTO<\/span><b aria-hidden=\"true\"><\/b><\/h3><\/div>\n\n<div class=\"row\"  id=\"row-860397814\">\n\n\n\t<div id=\"col-43671487\" class=\"col medium-3 small-12 large-3\"  >\n\t\t\t\t<div class=\"col-inner\"  >\n\t\t\t\n\t\t\t\n\n\n\t\t<\/div>\n\t\t\t\t\t<\/div>\n\n\t\n\n\t<div id=\"col-383725334\" class=\"col medium-6 small-12 large-6\"  >\n\t\t\t\t<div class=\"col-inner\"  >\n\t\t\t\n\t\t\t\n\n\t<div id=\"text-1844259340\" class=\"text\">\n\t\t\n\n<div class=\"vc_row wpb_row vc_row-fluid vc_custom_1661270759980 vc_row-has-fill\" data-vc-full-width=\"true\" data-vc-full-width-init=\"true\">\n<div class=\"wpb_column vc_column_container vc_col-sm-12\">\n<div class=\"vc_column-inner\">\n<div class=\"wpb_wrapper\">\n<div class=\"wpb_raw_code wpb_content_element wpb_raw_html\">\n<div class=\"wpb_wrapper\" style=\"text-align: center;\">Una descripci\u00f3n de los distintos momentos del proceso de investigaci\u00f3n e incidencia en Tumaco, desde la recolecci\u00f3n de informaci\u00f3n hasta su socializaci\u00f3n e incidencia p\u00fablica.<\/div>\n<div>\n<h2>\u00a0<\/h2>\n<h2 style=\"text-align: center;\"><strong>Gu\u00edas metodol\u00f3gicas<\/strong><\/h2>\n<\/div>\n<\/div>\n<\/div>\n<\/div>\n<\/div>\n<\/div>\n<div class=\"vc_row wpb_row vc_row-fluid vc_custom_1661273992610\" data-vc-full-width=\"true\" data-vc-full-width-init=\"true\" data-vc-stretch-content=\"true\">\n<div class=\"wpb_column vc_column_container vc_col-sm-4\">\n<div class=\"vc_column-inner\">\n<div class=\"wpb_wrapper\">\n<div class=\"wpb_text_column wpb_content_element \">\n<div class=\"wpb_wrapper\">\u00a0<\/div>\n<\/div>\n<\/div>\n<\/div>\n<\/div>\n<\/div>\n\t\t\n<style>\n#text-1844259340 {\n  text-align: center;\n}\n<\/style>\n\t<\/div>\n\t\n\n\t\t<\/div>\n\t\t\t\t\t<\/div>\n\n\t\n\n\t<div id=\"col-977388413\" class=\"col medium-3 small-12 large-3\"  >\n\t\t\t\t<div class=\"col-inner\"  >\n\t\t\t\n\t\t\t\n\n\n\t\t<\/div>\n\t\t\t\t\t<\/div>\n\n\t\n\n<\/div>\n<div class=\"row row-dashed\"  id=\"row-1936430882\">\n\n\n\t<div id=\"col-318642908\" class=\"col medium-4 small-12 large-4\"  >\n\t\t\t\t<div class=\"col-inner\"  >\n\t\t\t\n\t\t\t\n\n\t<div class=\"img has-hover x md-x lg-x y md-y lg-y\" id=\"image_1925757598\">\n\t\t\t\t\t\t\t\t<div class=\"img-inner dark\" >\n\t\t\t<img loading=\"lazy\" decoding=\"async\" width=\"566\" height=\"453\" src=\"https:\/\/www.icesi.edu.co\/oem\/wp-content\/uploads\/2023\/08\/smartmockups_lfvfu12e.png\" class=\"attachment-large size-large\" alt=\"\" srcset=\"https:\/\/www.icesi.edu.co\/oem\/wp-content\/uploads\/2023\/08\/smartmockups_lfvfu12e.png 566w, https:\/\/www.icesi.edu.co\/oem\/wp-content\/uploads\/2023\/08\/smartmockups_lfvfu12e-300x240.png 300w\" sizes=\"auto, (max-width: 566px) 100vw, 566px\" \/>\t\t\t\t\t\t\n\t\t\t\t\t<\/div>\n\t\t\t\t\t\t\t\t\n<style>\n#image_1925757598 {\n  width: 100%;\n}\n<\/style>\n\t<\/div>\n\t\n\n<h2 style=\"text-align: center;\"><a href=\"https:\/\/ruptures21.com\/wordpress\/wp-content\/uploads\/2023\/02\/MODULO-1_web.pdf\" data-wplink-edit=\"true\"><strong>M\u00f3dulo 1<\/strong><\/a><\/h2>\n<p style=\"text-align: center;\">Gu\u00eda metodol\u00f3gica \u00bfQu\u00e9 es ser Tumaque\u00f1a y Tumaque\u00f1o? Conversaciones sobre ser mujer y hombre del litoral pac\u00edfico.<\/p>\n\n\t\t<\/div>\n\t\t\t\t\t<\/div>\n\n\t\n\n\t<div id=\"col-1589207248\" class=\"col medium-4 small-12 large-4\"  >\n\t\t\t\t<div class=\"col-inner\"  >\n\t\t\t\n\t\t\t\n\n\t<div class=\"img has-hover x md-x lg-x y md-y lg-y\" id=\"image_1870772291\">\n\t\t\t\t\t\t\t\t<div class=\"img-inner dark\" >\n\t\t\t<img loading=\"lazy\" decoding=\"async\" width=\"566\" height=\"453\" src=\"https:\/\/www.icesi.edu.co\/oem\/wp-content\/uploads\/2023\/08\/Guia-Modulo-2-portada.png\" class=\"attachment-large size-large\" alt=\"\" srcset=\"https:\/\/www.icesi.edu.co\/oem\/wp-content\/uploads\/2023\/08\/Guia-Modulo-2-portada.png 566w, https:\/\/www.icesi.edu.co\/oem\/wp-content\/uploads\/2023\/08\/Guia-Modulo-2-portada-300x240.png 300w\" sizes=\"auto, (max-width: 566px) 100vw, 566px\" \/>\t\t\t\t\t\t\n\t\t\t\t\t<\/div>\n\t\t\t\t\t\t\t\t\n<style>\n#image_1870772291 {\n  width: 100%;\n}\n<\/style>\n\t<\/div>\n\t\n\n<h2 style=\"text-align: center;\"><a href=\"https:\/\/ruptures21.com\/wordpress\/wp-content\/uploads\/2023\/02\/MODULO-1_web.pdf\"><strong>M\u00f3dulo 2<\/strong><\/a><\/h2>\n<p style=\"text-align: center;\">Gu\u00eda metodol\u00f3gica Sesi\u00f3n: G\u00e9nero y trabajo en Tumaco<\/p>\n\n\t\t<\/div>\n\t\t\t\t\t<\/div>\n\n\t\n\n\t<div id=\"col-730679033\" class=\"col medium-4 small-12 large-4\"  >\n\t\t\t\t<div class=\"col-inner\"  >\n\t\t\t\n\t\t\t\n\n\t<div class=\"img has-hover x md-x lg-x y md-y lg-y\" id=\"image_2119385726\">\n\t\t\t\t\t\t\t\t<div class=\"img-inner dark\" >\n\t\t\t<img loading=\"lazy\" decoding=\"async\" width=\"566\" height=\"453\" src=\"https:\/\/www.icesi.edu.co\/oem\/wp-content\/uploads\/2023\/08\/smartmockups_lfvfrayo.png\" class=\"attachment-large size-large\" alt=\"\" srcset=\"https:\/\/www.icesi.edu.co\/oem\/wp-content\/uploads\/2023\/08\/smartmockups_lfvfrayo.png 566w, https:\/\/www.icesi.edu.co\/oem\/wp-content\/uploads\/2023\/08\/smartmockups_lfvfrayo-300x240.png 300w\" sizes=\"auto, (max-width: 566px) 100vw, 566px\" \/>\t\t\t\t\t\t\n\t\t\t\t\t<\/div>\n\t\t\t\t\t\t\t\t\n<style>\n#image_2119385726 {\n  width: 100%;\n}\n<\/style>\n\t<\/div>\n\t\n\n<h2 style=\"text-align: center;\"><a href=\"https:\/\/ruptures21.com\/wordpress\/wp-content\/uploads\/2023\/02\/MODULO-1_web.pdf\"><strong>M\u00f3dulo 3<\/strong><\/a><\/h2>\n<p style=\"text-align: center;\">Gu\u00eda metodol\u00f3gica Ra\u00edces Territoriales<\/p>\n\n\t\t<\/div>\n\t\t\t\t\t<\/div>\n\n\t\n\n\t<div id=\"col-32182805\" class=\"col medium-4 small-12 large-4\"  >\n\t\t\t\t<div class=\"col-inner\"  >\n\t\t\t\n\t\t\t\n\n\t<div class=\"img has-hover x md-x lg-x y md-y lg-y\" id=\"image_585144717\">\n\t\t\t\t\t\t\t\t<div class=\"img-inner dark\" >\n\t\t\t<img loading=\"lazy\" decoding=\"async\" width=\"566\" height=\"453\" src=\"https:\/\/www.icesi.edu.co\/oem\/wp-content\/uploads\/2023\/08\/4.png\" class=\"attachment-large size-large\" alt=\"\" srcset=\"https:\/\/www.icesi.edu.co\/oem\/wp-content\/uploads\/2023\/08\/4.png 566w, https:\/\/www.icesi.edu.co\/oem\/wp-content\/uploads\/2023\/08\/4-300x240.png 300w\" sizes=\"auto, (max-width: 566px) 100vw, 566px\" \/>\t\t\t\t\t\t\n\t\t\t\t\t<\/div>\n\t\t\t\t\t\t\t\t\n<style>\n#image_585144717 {\n  width: 100%;\n}\n<\/style>\n\t<\/div>\n\t\n\n<h2 style=\"text-align: center;\"><a href=\"https:\/\/ruptures21.com\/wordpress\/wp-content\/uploads\/2023\/02\/MODULO-1_web.pdf\"><strong>M\u00f3dulo 4<\/strong><\/a><\/h2>\n<p style=\"text-align: center;\">Gu\u00eda metodol\u00f3gica Lo que dicen y lo que pasa: Las brechas entre las pol\u00edticas y la vida en Tumaco<\/p>\n\n\t\t<\/div>\n\t\t\t\t\t<\/div>\n\n\t\n\n\t<div id=\"col-241689447\" class=\"col medium-4 small-12 large-4\"  >\n\t\t\t\t<div class=\"col-inner\"  >\n\t\t\t\n\t\t\t\n\n\t<div class=\"img has-hover x md-x lg-x y md-y lg-y\" id=\"image_103530494\">\n\t\t\t\t\t\t\t\t<div class=\"img-inner dark\" >\n\t\t\t<img loading=\"lazy\" decoding=\"async\" width=\"566\" height=\"453\" src=\"https:\/\/www.icesi.edu.co\/oem\/wp-content\/uploads\/2023\/08\/5.png\" class=\"attachment-large size-large\" alt=\"\" srcset=\"https:\/\/www.icesi.edu.co\/oem\/wp-content\/uploads\/2023\/08\/5.png 566w, https:\/\/www.icesi.edu.co\/oem\/wp-content\/uploads\/2023\/08\/5-300x240.png 300w\" sizes=\"auto, (max-width: 566px) 100vw, 566px\" \/>\t\t\t\t\t\t\n\t\t\t\t\t<\/div>\n\t\t\t\t\t\t\t\t\n<style>\n#image_103530494 {\n  width: 100%;\n}\n<\/style>\n\t<\/div>\n\t\n\n<h2 style=\"text-align: center;\"><a href=\"https:\/\/ruptures21.com\/wordpress\/wp-content\/uploads\/2023\/02\/MODULO-1_web.pdf\"><strong>M\u00f3dulo 5<\/strong><\/a><\/h2>\n<p style=\"text-align: center;\">Gu\u00eda metodol\u00f3gica Sesi\u00f3n de cierre del proceso de formaci\u00f3n \u201cvida, g\u00e9nero y trabajo\u201d<\/p>\n\n\t\t<\/div>\n\t\t\t\t\t<\/div>\n\n\t\n\n\t<div id=\"col-705988654\" class=\"col medium-4 small-12 large-4\"  >\n\t\t\t\t<div class=\"col-inner\"  >\n\t\t\t\n\t\t\t\n\n\n\t\t<\/div>\n\t\t\t\t\t<\/div>\n\n\t\n\n<\/div>\n<div class=\"row\"  id=\"row-159788508\">\n\n\n\t<div id=\"col-1705924299\" class=\"col medium-3 small-12 large-3\"  >\n\t\t\t\t<div class=\"col-inner\"  >\n\t\t\t\n\t\t\t\n\n\n\t\t<\/div>\n\t\t\t\t\t<\/div>\n\n\t\n\n\t<div id=\"col-1018133194\" class=\"col medium-6 small-12 large-6\"  >\n\t\t\t\t<div class=\"col-inner\"  >\n\t\t\t\n\t\t\t\n\n<div class=\"container section-title-container\" ><h2 class=\"section-title section-title-bold-center\"><b aria-hidden=\"true\"><\/b><span class=\"section-title-main\" style=\"font-size:undefined%;\">DESCARGABLES<\/span><b aria-hidden=\"true\"><\/b><\/h2><\/div>\n\n\n\t\t<\/div>\n\t\t\t\t\t<\/div>\n\n\t\n\n\t<div id=\"col-140914600\" class=\"col medium-3 small-12 large-3\"  >\n\t\t\t\t<div class=\"col-inner\"  >\n\t\t\t\n\t\t\t\n\n\n\t\t<\/div>\n\t\t\t\t\t<\/div>\n\n\t\n\n<\/div>\n<div class=\"row\"  id=\"row-1729141391\">\n\n\n\t<div id=\"col-1974674853\" class=\"col medium-6 small-12 large-6\"  >\n\t\t\t\t<div class=\"col-inner\"  >\n\t\t\t\n\t\t\t\n\n<div class=\"container section-title-container\" ><h3 class=\"section-title section-title-bold-center\"><b aria-hidden=\"true\"><\/b><span class=\"section-title-main\" style=\"font-size:undefined%;\"><i class=\"instagram\" aria-hidden=\"true\"><\/i>infograf\u00edas<\/span><b aria-hidden=\"true\"><\/b><\/h3><\/div>\n\n\t<div id=\"text-185368313\" class=\"text\">\n\t\t\n\n<div class=\"vc_row wpb_row vc_row-fluid vc_custom_1661270759980 vc_row-has-fill\" data-vc-full-width=\"true\" data-vc-full-width-init=\"true\">\n<div class=\"wpb_column vc_column_container vc_col-sm-12\">\n<div class=\"vc_column-inner\">\n<div class=\"wpb_wrapper\">\n<div class=\"wpb_raw_code wpb_content_element wpb_raw_html\">\n<div class=\"wpb_wrapper\" style=\"text-align: center;\">\n<div class=\"vc_row wpb_row vc_row-fluid vc_custom_1661267672773 vc_row-has-fill\" data-vc-full-width=\"true\" data-vc-full-width-init=\"true\">\n<div class=\"wpb_column vc_column_container vc_col-sm-12\">\n<div class=\"vc_column-inner\">\n<div class=\"wpb_wrapper\">\n<div class=\"wpb_raw_code wpb_content_element wpb_raw_html\">\n<div class=\"wpb_wrapper\">Presentaci\u00f3n gr\u00e1fica de la informaci\u00f3n del proyecto, para facilitar la difusi\u00f3n de sus contenidos: planteamiento, objetivos, datos y hallazgos identificados.<\/div>\n<div><img loading=\"lazy\" decoding=\"async\" class=\"aligncenter wp-image-8072 size-thumbnail\" src=\"https:\/\/www.icesi.edu.co\/oem\/wp-content\/uploads\/2023\/11\/INFOGRAFIA-ICONO-150x150.png\" alt=\"\" width=\"150\" height=\"150\" \/><\/div>\n<div><strong>DESCARGA AQU\u00cd LA INFOGRAF\u00cdA<\/strong><\/div>\n<div>\u00a0<\/div>\n<\/div>\n<\/div>\n<\/div>\n<\/div>\n<\/div>\n<\/div>\n<\/div>\n<\/div>\n<\/div>\n<\/div>\n<\/div>\n\t\t\n<style>\n#text-185368313 {\n  text-align: center;\n}\n<\/style>\n\t<\/div>\n\t\n\n\t\t<\/div>\n\t\t\t\t\t<\/div>\n\n\t\n\n\t<div id=\"col-1776908655\" class=\"col medium-6 small-12 large-6\"  >\n\t\t\t\t<div class=\"col-inner\"  >\n\t\t\t\n\t\t\t\n\n<div class=\"container section-title-container\" ><h3 class=\"section-title section-title-bold-center\"><b aria-hidden=\"true\"><\/b><span class=\"section-title-main\" style=\"font-size:undefined%;\">EN TUMACO SE DICE<\/span><b aria-hidden=\"true\"><\/b><\/h3><\/div>\n\n<div class=\"vc_row wpb_row vc_row-fluid vc_custom_1661267672773 vc_row-has-fill\" data-vc-full-width=\"true\" data-vc-full-width-init=\"true\">\n<div class=\"wpb_column vc_column_container vc_col-sm-12\">\n<div class=\"vc_column-inner\">\n<div class=\"wpb_wrapper\">\n<div class=\"wpb_raw_code wpb_content_element wpb_raw_html\">\n<div class=\"wpb_wrapper\" style=\"text-align: center;\">Publicaciones para visibilizar en redes sociales los avances del proyecto, con el fin de comunicar las experiencias y conocimientos adquiridos a otros escenarios.<\/div>\n<div><img loading=\"lazy\" decoding=\"async\" class=\"aligncenter wp-image-8060 size-thumbnail\" src=\"https:\/\/www.icesi.edu.co\/oem\/wp-content\/uploads\/2023\/11\/PIEZAS-DE-REDES-VGT-150x150.png\" alt=\"\" width=\"150\" height=\"150\" \/><\/div>\n<div style=\"text-align: center;\"><strong>DESCARGA LAS PIEZAS DE REDES DEL PROYECTO<\/strong><\/div>\n<\/div>\n<\/div>\n<\/div>\n<\/div>\n<\/div>\n\n\t\t<\/div>\n\t\t\t\t\t<\/div>\n\n\t\n\n<\/div>\n\n\t\t<\/div>\n\t\t\t\t\t<\/div>\n\n\t\n\n<\/div>\n<div class=\"container section-title-container\" ><h3 class=\"section-title section-title-bold-center\"><b aria-hidden=\"true\"><\/b><span class=\"section-title-main\" style=\"font-size:undefined%;\">VIDEOS<\/span><b aria-hidden=\"true\"><\/b><\/h3><\/div>\n\n<div class=\"row\"  id=\"row-1312038618\">\n\n\n\t<div id=\"col-1891358731\" class=\"col medium-3 small-12 large-3\"  >\n\t\t\t\t<div class=\"col-inner\"  >\n\t\t\t\n\t\t\t\n\n\n\t\t<\/div>\n\t\t\t\t\t<\/div>\n\n\t\n\n\t<div id=\"col-1137168347\" class=\"col medium-6 small-12 large-6\"  >\n\t\t\t\t<div class=\"col-inner\"  >\n\t\t\t\n\t\t\t\n\n<div class=\"vc_row wpb_row vc_row-fluid vc_custom_1661267672773 vc_row-has-fill\" data-vc-full-width=\"true\" data-vc-full-width-init=\"true\">\n<div class=\"wpb_column vc_column_container vc_col-sm-12\">\n<div class=\"vc_column-inner\">\n<div class=\"wpb_wrapper\">\n<div class=\"wpb_raw_code wpb_content_element wpb_raw_html\">\n<div class=\"wpb_wrapper\" style=\"text-align: center;\">\n<div class=\"vc_row wpb_row vc_row-fluid vc_custom_1661267672773 vc_row-has-fill\" data-vc-full-width=\"true\" data-vc-full-width-init=\"true\">\n<div class=\"wpb_column vc_column_container vc_col-sm-12\">\n<div class=\"vc_column-inner\">\n<div class=\"wpb_wrapper\">\n<div class=\"wpb_raw_code wpb_content_element wpb_raw_html\">\n<div class=\"wpb_wrapper\">Producci\u00f3n audiovisual que sintetiza los hallazgos del proyecto, present\u00e1ndolos con algunos testimonios de participantes e im\u00e1genes capturadas en el territorio.<\/div>\n<\/div>\n<\/div>\n<\/div>\n<\/div>\n<\/div>\n<div class=\"vc_row-full-width vc_clearfix\">\u00a0<\/div>\n<div class=\"vc_row wpb_row vc_row-fluid vc_custom_1645370785982\" data-vc-full-width=\"true\" data-vc-full-width-init=\"true\" data-vc-stretch-content=\"true\">\n<div class=\"wpb_column vc_column_container vc_col-sm-4\">\n<div class=\"vc_column-inner\">\n<div class=\"wpb_wrapper\">\n<div class=\"wpb_raw_code wpb_content_element wpb_raw_html\">\u00a0<\/div>\n<\/div>\n<\/div>\n<\/div>\n<\/div>\n<\/div>\n<\/div>\n<\/div>\n<\/div>\n<\/div>\n<\/div>\n\n\t\t<\/div>\n\t\t\t\t\t<\/div>\n\n\t\n\n\t<div id=\"col-1041595176\" class=\"col medium-3 small-12 large-3\"  >\n\t\t\t\t<div class=\"col-inner\"  >\n\t\t\t\n\t\t\t\n\n\n\t\t<\/div>\n\t\t\t\t\t<\/div>\n\n\t\n\n<\/div>\n<div class=\"row\"  id=\"row-1295413857\">\n\n\n\t<div id=\"col-593416258\" class=\"col small-12 large-12\"  >\n\t\t\t\t<div class=\"col-inner\"  >\n\t\t\t\n\t\t\t\n\n<div class=\"video video-fit mb\" style=\"padding-top:56.25%;\"><iframe loading=\"lazy\" title=\"Vida\/G\u00e9nero\/Trabajo: medimos para transformar la vida de las mujeres en Tumaco, Colombia\" width=\"1020\" height=\"574\" src=\"https:\/\/www.youtube.com\/embed\/SVjRJ6wZWgY?feature=oembed\" frameborder=\"0\" allow=\"accelerometer; autoplay; clipboard-write; encrypted-media; gyroscope; picture-in-picture; web-share\" allowfullscreen><\/iframe><\/div>\n\n\n\t\t<\/div>\n\t\t\t\t\t<\/div>\n\n\t\n\n<\/div>\n\n\t<section class=\"section\" id=\"section_728311538\">\n\t\t<div class=\"section-bg fill\" >\n\t\t\t\t\t\t\t\t\t\n\t\t\t\n\n\t\t<\/div>\n\n\t\t\n\n\t\t<div class=\"section-content relative\">\n\t\t\t\n\n<div class=\"row\"  id=\"row-1167808692\">\n\n\n\t<div id=\"col-1766025333\" class=\"col medium-4 small-12 large-4\"  >\n\t\t\t\t<div class=\"col-inner\"  >\n\t\t\t\n\t\t\t\n\n<div class=\"video video-fit mb\" style=\"padding-top:56.25%;\"><p><iframe loading=\"lazy\" title=\"TR\u00c1ILER: VIDA, G\u00c9NERO Y TRABAJO en #TUMACO\" width=\"1020\" height=\"574\" src=\"https:\/\/www.youtube.com\/embed\/-9K5FcCENSg?feature=oembed\" frameborder=\"0\" allow=\"accelerometer; autoplay; clipboard-write; encrypted-media; gyroscope; picture-in-picture; web-share\" allowfullscreen><\/iframe><\/p>\n<\/div>\n\n\n\t\t<\/div>\n\t\t\t\t\t<\/div>\n\n\t\n\n\t<div id=\"col-1610564683\" class=\"col medium-4 small-12 large-4\"  >\n\t\t\t\t<div class=\"col-inner\"  >\n\t\t\t\n\t\t\t\n\n<div class=\"video video-fit mb\" style=\"padding-top:56.25%;\"><p><iframe loading=\"lazy\" title=\"Vida\/G\u00e9nero\/Trabajo: medimos para transformar la vida de las mujeres en Tumaco, Colombia\" width=\"1020\" height=\"574\" src=\"https:\/\/www.youtube.com\/embed\/SVjRJ6wZWgY?feature=oembed\" frameborder=\"0\" allow=\"accelerometer; autoplay; clipboard-write; encrypted-media; gyroscope; picture-in-picture; web-share\" allowfullscreen><\/iframe><\/p>\n<\/div>\n\n\n\t\t<\/div>\n\t\t\t\t\t<\/div>\n\n\t\n\n\t<div id=\"col-569589818\" class=\"col medium-4 small-12 large-4\"  >\n\t\t\t\t<div class=\"col-inner\"  >\n\t\t\t\n\t\t\t\n\n<div class=\"video video-fit mb\" style=\"padding-top:56.25%;\"><p><iframe loading=\"lazy\" title=\"Proyecto Vida Genero Trabajo\" width=\"1020\" height=\"574\" src=\"https:\/\/www.youtube.com\/embed\/vUvfV9MPp1Y?feature=oembed\" frameborder=\"0\" allow=\"accelerometer; autoplay; clipboard-write; encrypted-media; gyroscope; picture-in-picture; web-share\" allowfullscreen><\/iframe><\/p>\n<\/div>\n\n\n\t\t<\/div>\n\t\t\t\t\t<\/div>\n\n\t\n\n<\/div>\n<div class=\"container section-title-container\" ><h3 class=\"section-title section-title-bold-center\"><b aria-hidden=\"true\"><\/b><span class=\"section-title-main\" style=\"font-size:undefined%;\">INFORME<\/span><b aria-hidden=\"true\"><\/b><\/h3><\/div>\n\n<div class=\"row\"  id=\"row-1008015293\">\n\n\n\t<div id=\"col-2034135206\" class=\"col medium-3 small-12 large-3\"  >\n\t\t\t\t<div class=\"col-inner\"  >\n\t\t\t\n\t\t\t\n\n\n\t\t<\/div>\n\t\t\t\t\t<\/div>\n\n\t\n\n\t<div id=\"col-1196359063\" class=\"col medium-6 small-12 large-6\"  >\n\t\t\t\t<div class=\"col-inner\"  >\n\t\t\t\n\t\t\t\n\n\t<div class=\"img has-hover x md-x lg-x y md-y lg-y\" id=\"image_17254094\">\n\t\t<a class=\"\" href=\"https:\/\/www.icesi.edu.co\/oem\/wp-content\/uploads\/2023\/11\/Documento-Tumaco.pdf\" target=\"_blank\" rel=\"noopener\" >\t\t\t\t\t\t<div class=\"img-inner dark\" >\n\t\t\t<img loading=\"lazy\" decoding=\"async\" width=\"566\" height=\"453\" src=\"https:\/\/www.icesi.edu.co\/oem\/wp-content\/uploads\/2023\/08\/trabajo-de-cuidado-en-Tumaco.png\" class=\"attachment-large size-large\" alt=\"\" srcset=\"https:\/\/www.icesi.edu.co\/oem\/wp-content\/uploads\/2023\/08\/trabajo-de-cuidado-en-Tumaco.png 566w, https:\/\/www.icesi.edu.co\/oem\/wp-content\/uploads\/2023\/08\/trabajo-de-cuidado-en-Tumaco-300x240.png 300w\" sizes=\"auto, (max-width: 566px) 100vw, 566px\" \/>\t\t\t\t\t\t\n\t\t\t\t\t<\/div>\n\t\t\t\t\t\t<\/a>\t\t\n<style>\n#image_17254094 {\n  width: 100%;\n}\n<\/style>\n\t<\/div>\n\t\n\n<div class=\"vc_row wpb_row vc_row-fluid vc_custom_1661267672773 vc_row-has-fill\" data-vc-full-width=\"true\" data-vc-full-width-init=\"true\">\n<div class=\"wpb_column vc_column_container vc_col-sm-12\">\n<div class=\"vc_column-inner\">\n<div class=\"wpb_wrapper\">\n<div class=\"wpb_raw_code wpb_content_element wpb_raw_html\">\n<div class=\"wpb_wrapper\" style=\"text-align: center;\">\n<div class=\"vc_row wpb_row vc_row-fluid vc_custom_1661267672773 vc_row-has-fill\" data-vc-full-width=\"true\" data-vc-full-width-init=\"true\">\n<div class=\"wpb_column vc_column_container vc_col-sm-12\">\n<div class=\"vc_column-inner\">\n<div class=\"wpb_wrapper\">\n<div class=\"wpb_raw_code wpb_content_element wpb_raw_html\">\n<div>\n<h3><a href=\"https:\/\/www.icesi.edu.co\/oem\/wp-content\/uploads\/2023\/11\/Documento-Tumaco.pdf\"><strong>Hacia un Sistema Nacional de Cuidado en Colombia<\/strong><\/a><\/h3>\n<\/div>\n<div class=\"wpb_wrapper\">El cuidado se ha posicionado en las agendas p\u00fablicas gracias a su rol en asegurar la sobrevivencia de la humanidad y su entorno.<\/div>\n<\/div>\n<\/div>\n<\/div>\n<\/div>\n<\/div>\n<\/div>\n<\/div>\n<\/div>\n<\/div>\n<\/div>\n<\/div>\n\n\t\t<\/div>\n\t\t\t\t\t<\/div>\n\n\t\n\n\t<div id=\"col-1412005479\" class=\"col medium-3 small-12 large-3\"  >\n\t\t\t\t<div class=\"col-inner\"  >\n\t\t\t\n\t\t\t\n\n\n\t\t<\/div>\n\t\t\t\t\t<\/div>\n\n\t\n\n<\/div>\n\n\t\t<\/div>\n\n\t\t\n<style>\n#section_728311538 {\n  padding-top: 30px;\n  padding-bottom: 30px;\n}\n<\/style>\n\t<\/section>\n\t\n\n","protected":false},"excerpt":{"rendered":"","protected":false},"author":1,"featured_media":0,"parent":0,"menu_order":0,"comment_status":"closed","ping_status":"closed","template":"page-blank.php","meta":{"footnotes":""},"class_list":["post-5714","page","type-page","status-publish","hentry"],"_links":{"self":[{"href":"https:\/\/www.icesi.edu.co\/oem\/wp-json\/wp\/v2\/pages\/5714","targetHints":{"allow":["GET"]}}],"collection":[{"href":"https:\/\/www.icesi.edu.co\/oem\/wp-json\/wp\/v2\/pages"}],"about":[{"href":"https:\/\/www.icesi.edu.co\/oem\/wp-json\/wp\/v2\/types\/page"}],"author":[{"embeddable":true,"href":"https:\/\/www.icesi.edu.co\/oem\/wp-json\/wp\/v2\/users\/1"}],"replies":[{"embeddable":true,"href":"https:\/\/www.icesi.edu.co\/oem\/wp-json\/wp\/v2\/comments?post=5714"}],"version-history":[{"count":55,"href":"https:\/\/www.icesi.edu.co\/oem\/wp-json\/wp\/v2\/pages\/5714\/revisions"}],"predecessor-version":[{"id":8173,"href":"https:\/\/www.icesi.edu.co\/oem\/wp-json\/wp\/v2\/pages\/5714\/revisions\/8173"}],"wp:attachment":[{"href":"https:\/\/www.icesi.edu.co\/oem\/wp-json\/wp\/v2\/media?parent=5714"}],"curies":[{"name":"wp","href":"https:\/\/api.w.org\/{rel}","templated":true}]}}