{"id":6018,"date":"2022-08-25T09:59:56","date_gmt":"2022-08-25T14:59:56","guid":{"rendered":"https:\/\/oemcolombia.com\/?page_id=6018"},"modified":"2022-08-25T09:59:56","modified_gmt":"2022-08-25T14:59:56","slug":"violencia-basada-en-genero","status":"publish","type":"page","link":"https:\/\/www.icesi.edu.co\/oem\/violencia-basada-en-genero\/","title":{"rendered":"Violencia Basada en G\u00e9nero"},"content":{"rendered":"<h1><b>Violencia Basada en G\u00e9nero<\/b><\/h1>\n<p><span style=\"font-weight: 400;\">La Violencia Basada en G\u00e9nero se define como toda acci\u00f3n u omisi\u00f3n individual y estructural que l\u00edmite, coarte o agreda el ejercicio de la autonom\u00eda de una persona, por raz\u00f3n de su g\u00e9nero, impidiendo as\u00ed su libre desarrollo e integridad. Tiene su origen en la desigualdad producida por los roles de g\u00e9nero, el abuso del poder, y es considerada una violaci\u00f3n a los derechos humanos.\u00a0<\/span><\/p>\n<p>&nbsp;<\/p>\n<p><span style=\"font-weight: 400;\">Este t\u00e9rmino se emplea principalmente para denotar las diferencias estructurales de poder basadas en el g\u00e9nero, que sit\u00faan a las mujeres y ni\u00f1as en situaci\u00f3n de riesgo frente a m\u00faltiples formas de violencia. Si bien, las mujeres y ni\u00f1as sufren violencia de g\u00e9nero de manera desproporcionada, tambi\u00e9n se incluye en la definici\u00f3n violencias dirigidas a personas de la comunidad LGBTIQ+, as\u00ed tambi\u00e9n hombres y ni\u00f1os pueden llegar a ser blancos de ella. En concreto, es toda forma de violencia que surge de las normas de g\u00e9nero basadas en binarios de masculinidad\/feminidad, que afectan a cada persona de forma diferencial.*\u00a0<\/span><\/p>\n<p>&nbsp;<\/p>\n<p><span style=\"font-weight: 400;\">Fuentes:<\/span><\/p>\n<p><span style=\"font-weight: 400;\">* ONU MUJERES. (s.f.). Preguntas frecuentes: Tipos de violencia contra las mujeres y las ni\u00f1as. <\/span><a href=\"https:\/\/www.unwomen.org\/es\/what-we-do\/ending-violence-against-women\/faqs\/types-of-violence\"><span style=\"font-weight: 400;\">https:\/\/www.unwomen.org\/es\/what-we-do\/ending-violence-against-women\/faqs\/types-of-violence<\/span><\/a><span style=\"font-weight: 400;\">\u00a0<\/span><\/p>\n<p>&nbsp;<\/p>\n<p><b>T\u00e9rminos relacionados<\/b><span style=\"font-weight: 400;\">:\u00a0<\/span><\/p>\n<p><span style=\"font-weight: 400;\">Violencia psicol\u00f3gica, violencia f\u00edsica, la violencia econ\u00f3mica y patrimonial, violencia sexual, violencia laboral, violencia obst\u00e9trica, entre otras.\u00a0<\/span><\/p>\n<p>&nbsp;<\/p>\n<p><b>Datos en contexto:<\/b><\/p>\n<p><a href=\"https:\/\/oemcolombia.com\/autonomia-de-las-mujeres-afrocolombianas-del-valle-del-cauca\/\"><span style=\"font-weight: 400;\">Bolet\u00edn 01: Autonom\u00eda de las Mujeres Afrocolombianas del Valle del Cauca.<\/span><\/a><\/p>\n<p><a href=\"https:\/\/oemcolombia.com\/boletin-03-violencia-en-las-mujeres-del-valle-del-cauca\/\"><span style=\"font-weight: 400;\">Bolet\u00edn 3: Violencia en las mujeres del Valle del Cauca<\/span><\/a><\/p>\n<p>&nbsp;<\/p>\n","protected":false},"excerpt":{"rendered":"<p>Violencia Basada en G\u00e9nero La Violencia Basada en G\u00e9nero se define como toda acci\u00f3n u omisi\u00f3n individual y estructural que l\u00edmite, coarte o agreda el ejercicio de la autonom\u00eda de una persona, por raz\u00f3n de su g\u00e9nero, impidiendo as\u00ed su libre desarrollo e integridad. Tiene su origen en la desigualdad producida por los roles de [&#8230;]\n","protected":false},"author":1,"featured_media":0,"parent":0,"menu_order":0,"comment_status":"closed","ping_status":"closed","template":"","meta":{"footnotes":""},"class_list":["post-6018","page","type-page","status-publish","hentry"],"_links":{"self":[{"href":"https:\/\/www.icesi.edu.co\/oem\/wp-json\/wp\/v2\/pages\/6018","targetHints":{"allow":["GET"]}}],"collection":[{"href":"https:\/\/www.icesi.edu.co\/oem\/wp-json\/wp\/v2\/pages"}],"about":[{"href":"https:\/\/www.icesi.edu.co\/oem\/wp-json\/wp\/v2\/types\/page"}],"author":[{"embeddable":true,"href":"https:\/\/www.icesi.edu.co\/oem\/wp-json\/wp\/v2\/users\/1"}],"replies":[{"embeddable":true,"href":"https:\/\/www.icesi.edu.co\/oem\/wp-json\/wp\/v2\/comments?post=6018"}],"version-history":[{"count":0,"href":"https:\/\/www.icesi.edu.co\/oem\/wp-json\/wp\/v2\/pages\/6018\/revisions"}],"wp:attachment":[{"href":"https:\/\/www.icesi.edu.co\/oem\/wp-json\/wp\/v2\/media?parent=6018"}],"curies":[{"name":"wp","href":"https:\/\/api.w.org\/{rel}","templated":true}]}}