{"id":7290,"date":"2023-09-26T14:20:24","date_gmt":"2023-09-26T14:20:24","guid":{"rendered":"http:\/\/tiendaorganicayartesanal.com\/oem\/?page_id=7290"},"modified":"2023-12-01T14:54:32","modified_gmt":"2023-12-01T14:54:32","slug":"encuestas-de-genero","status":"publish","type":"page","link":"https:\/\/www.icesi.edu.co\/oem\/encuestas-de-genero\/","title":{"rendered":"Encuestas de g\u00e9nero"},"content":{"rendered":"\n<div class=\"row\"  id=\"row-1964244542\">\n\n\n\t<div id=\"col-824378783\" class=\"col small-12 large-12\"  >\n\t\t\t\t<div class=\"col-inner\"  >\n\t\t\t\n\t\t\t\n\n\t<div id=\"text-1825327973\" class=\"text\">\n\t\t\n\n<h1><strong>DATOS OEM<\/strong><\/h1>\n\t\t\n<style>\n#text-1825327973 {\n  font-size: 2.3rem;\n}\n<\/style>\n\t<\/div>\n\t\n\n\t\t<\/div>\n\t\t\t\t\t<\/div>\n\n\t\n\n<\/div>\n<div class=\"row\"  id=\"row-456352787\">\n\n\n\t<div id=\"col-28109855\" class=\"col medium-4 small-12 large-4\"  >\n\t\t\t\t<div class=\"col-inner\"  >\n\t\t\t\n\t\t\t\n\n\n  <div class=\"banner has-hover\" id=\"banner-1247853729\">\n          <div class=\"banner-inner fill\">\n        <div class=\"banner-bg fill\" >\n            <img loading=\"lazy\" decoding=\"async\" width=\"768\" height=\"1024\" src=\"https:\/\/www.icesi.edu.co\/oem\/wp-content\/uploads\/2023\/09\/DIPLOMADOS-EN-PERSPECTIVA-DE-GENERO-768x1024.jpg\" class=\"bg attachment-large size-large\" alt=\"\" \/>                        <div class=\"overlay\"><\/div>            \n                    <\/div>\n\t\t\n        <div class=\"banner-layers container\">\n            <a class=\"fill\" href=\"https:\/\/www.icesi.edu.co\/oem\/encuesta-oem\/\"><div class=\"fill banner-link\"><\/div><\/a>            \n\n   <div id=\"text-box-1085469436\" class=\"text-box banner-layer x50 md-x50 lg-x50 y50 md-y50 lg-y50 res-text\">\n                                <div class=\"text-box-content text dark\">\n              \n              <div class=\"text-inner text-center\">\n                  \n\n<h1 class=\"section-title section-title-center\"><span class=\"section-title-main\">ENCUESTAS OEM<\/span><\/h1>\n<p><span style=\"font-weight: 400;\">Encuentra aqu\u00ed los resultados de nuestras encuestas anuales.<\/span><\/p>\n\n              <\/div>\n           <\/div>\n                            \n<style>\n#text-box-1085469436 {\n  width: 60%;\n}\n#text-box-1085469436 .text-box-content {\n  font-size: 100%;\n}\n<\/style>\n    <\/div>\n \n\n        <\/div>\n      <\/div>\n\n            \n<style>\n#banner-1247853729 {\n  padding-top: 500px;\n  background-color: rgb(47, 33, 33);\n}\n#banner-1247853729 .overlay {\n  background-color: rgba(48, 38, 62, 0.767);\n}\n<\/style>\n  <\/div>\n\n\n\n\t\t<\/div>\n\t\t\t\t\t<\/div>\n\n\t\n\n\t<div id=\"col-225133074\" class=\"col medium-4 small-12 large-4\"  >\n\t\t\t\t<div class=\"col-inner\"  >\n\t\t\t\n\t\t\t\n\n\n  <div class=\"banner has-hover\" id=\"banner-378807892\">\n          <div class=\"banner-inner fill\">\n        <div class=\"banner-bg fill\" >\n            <img loading=\"lazy\" decoding=\"async\" width=\"768\" height=\"1024\" src=\"https:\/\/www.icesi.edu.co\/oem\/wp-content\/uploads\/2023\/09\/DIPLOMADOS-EN-PERSPECTIVA-DE-GENERO-768x1024.jpg\" class=\"bg attachment-large size-large\" alt=\"\" \/>                        <div class=\"overlay\"><\/div>            \n                    <\/div>\n\t\t\n        <div class=\"banner-layers container\">\n            <a class=\"fill\" href=\"https:\/\/www.icesi.edu.co\/oem\/\/banco-de-datos\/\"><div class=\"fill banner-link\"><\/div><\/a>            \n\n   <div id=\"text-box-1634029812\" class=\"text-box banner-layer x50 md-x50 lg-x50 y50 md-y50 lg-y50 res-text\">\n                                <div class=\"text-box-content text dark\">\n              \n              <div class=\"text-inner text-center\">\n                  \n\n<h1 class=\"section-title section-title-center\"><span class=\"section-title-main\">BANCO DE DATOS<\/span><\/h1>\n<p><span style=\"font-weight: 400;\">Encuentra aqu\u00ed la informaci\u00f3n detallada de nuestras encuestas y dem\u00e1s ejercicios de medici\u00f3n.\u00a0<\/span><\/p>\n\n              <\/div>\n           <\/div>\n                            \n<style>\n#text-box-1634029812 {\n  width: 60%;\n}\n#text-box-1634029812 .text-box-content {\n  font-size: 100%;\n}\n<\/style>\n    <\/div>\n \n\n        <\/div>\n      <\/div>\n\n            \n<style>\n#banner-378807892 {\n  padding-top: 500px;\n  background-color: rgb(89, 156, 150);\n}\n#banner-378807892 .overlay {\n  background-color: rgba(0, 139, 160, 0.791);\n}\n<\/style>\n  <\/div>\n\n\n\n\t\t<\/div>\n\t\t\t\t\t<\/div>\n\n\t\n\n\t<div id=\"col-1320872171\" class=\"col medium-4 small-12 large-4\"  >\n\t\t\t\t<div class=\"col-inner\"  >\n\t\t\t\n\t\t\t\n\n\n  <div class=\"banner has-hover\" id=\"banner-2093773717\">\n          <div class=\"banner-inner fill\">\n        <div class=\"banner-bg fill\" >\n            <img loading=\"lazy\" decoding=\"async\" width=\"1020\" height=\"680\" src=\"https:\/\/www.icesi.edu.co\/oem\/wp-content\/uploads\/2023\/09\/cowomen-ZKHksse8tUU-unsplash-1-1024x683.jpg\" class=\"bg attachment-large size-large\" alt=\"\" \/>                        <div class=\"overlay\"><\/div>            \n                    <\/div>\n\t\t\n        <div class=\"banner-layers container\">\n            <a class=\"fill\" href=\"https:\/\/www.icesi.edu.co\/oem\/datos-de-proyectos\/\"><div class=\"fill banner-link\"><\/div><\/a>            \n\n   <div id=\"text-box-1000790438\" class=\"text-box banner-layer x50 md-x50 lg-x50 y50 md-y50 lg-y50 res-text\">\n                                <div class=\"text-box-content text dark\">\n              \n              <div class=\"text-inner text-center\">\n                  \n\n<h1 class=\"section-title section-title-center\"><span class=\"section-title-main\">BANCO DE PROYECTOS<\/span><\/h1>\n<p><span style=\"font-weight: 400;\">Encuentra aqu\u00ed un resumen de todos los datos obtenidos en nuestros proyectos.<\/span><\/p>\n\n              <\/div>\n           <\/div>\n                            \n<style>\n#text-box-1000790438 {\n  width: 60%;\n}\n#text-box-1000790438 .text-box-content {\n  font-size: 100%;\n}\n<\/style>\n    <\/div>\n \n\n        <\/div>\n      <\/div>\n\n            \n<style>\n#banner-2093773717 {\n  padding-top: 500px;\n}\n#banner-2093773717 .overlay {\n  background-color: rgba(255, 183, 0, 0.826);\n}\n<\/style>\n  <\/div>\n\n\n\n\t\t<\/div>\n\t\t\t\t\t<\/div>\n\n\t\n\n<\/div>\n\n","protected":false},"excerpt":{"rendered":"","protected":false},"author":1,"featured_media":0,"parent":0,"menu_order":0,"comment_status":"closed","ping_status":"closed","template":"","meta":{"footnotes":""},"class_list":["post-7290","page","type-page","status-publish","hentry"],"_links":{"self":[{"href":"https:\/\/www.icesi.edu.co\/oem\/wp-json\/wp\/v2\/pages\/7290","targetHints":{"allow":["GET"]}}],"collection":[{"href":"https:\/\/www.icesi.edu.co\/oem\/wp-json\/wp\/v2\/pages"}],"about":[{"href":"https:\/\/www.icesi.edu.co\/oem\/wp-json\/wp\/v2\/types\/page"}],"author":[{"embeddable":true,"href":"https:\/\/www.icesi.edu.co\/oem\/wp-json\/wp\/v2\/users\/1"}],"replies":[{"embeddable":true,"href":"https:\/\/www.icesi.edu.co\/oem\/wp-json\/wp\/v2\/comments?post=7290"}],"version-history":[{"count":11,"href":"https:\/\/www.icesi.edu.co\/oem\/wp-json\/wp\/v2\/pages\/7290\/revisions"}],"predecessor-version":[{"id":8099,"href":"https:\/\/www.icesi.edu.co\/oem\/wp-json\/wp\/v2\/pages\/7290\/revisions\/8099"}],"wp:attachment":[{"href":"https:\/\/www.icesi.edu.co\/oem\/wp-json\/wp\/v2\/media?parent=7290"}],"curies":[{"name":"wp","href":"https:\/\/api.w.org\/{rel}","templated":true}]}}