{"id":7463,"date":"2023-10-19T16:30:07","date_gmt":"2023-10-19T16:30:07","guid":{"rendered":"http:\/\/tiendaorganicayartesanal.com\/oem\/?page_id=7463"},"modified":"2024-06-20T15:15:32","modified_gmt":"2024-06-20T15:15:32","slug":"datos-oem-2022","status":"publish","type":"page","link":"https:\/\/www.icesi.edu.co\/oem\/datos-oem-2022\/","title":{"rendered":"DATOS OEM 2022"},"content":{"rendered":"\n<div class=\"row\"  id=\"row-138927912\">\n\n\n\t<div id=\"col-1054360103\" class=\"col medium-4 small-12 large-4\"  >\n\t\t\t\t<div class=\"col-inner\"  >\n\t\t\t\n\t\t\t\n\n\n\t\t<div class=\"icon-box featured-box icon-box-center text-center\"  >\n\t\t\t\t<div class=\"icon-box-text last-reset\">\n\t\t\t\t\t\t\t\t\t\n\n<div class=\"row\"  id=\"row-413016634\">\n\n\n\t<div id=\"col-657250282\" class=\"col small-12 large-12\"  >\n\t\t\t\t<div class=\"col-inner\" style=\"background-color:rgb(240, 240, 240);\" >\n\t\t\t\n\t\t\t\n\n<p><img loading=\"lazy\" decoding=\"async\" class=\"aligncenter size-full wp-image-7433\" src=\"https:\/\/www.icesi.edu.co\/oem\/wp-content\/uploads\/2023\/10\/Medicion.png\" alt=\"\" width=\"256\" height=\"213\" \/><\/p>\n\t<div id=\"text-2714686590\" class=\"text\">\n\t\t\n\n<h2><strong>DESCARGAS<\/strong><\/h2>\n<p><strong>Fecha:<\/strong> 2022<\/p>\n<p><strong>Tama\u00f1o del Archivo:<\/strong> XXXX<\/p>\n<p><strong>Formatos:<\/strong>\u00a0 XML,DTA<\/p>\n\t\t\n<style>\n#text-2714686590 {\n  text-align: center;\n}\n<\/style>\n\t<\/div>\n\t\n\t<div id=\"text-4023360527\" class=\"text\">\n\t\t\n\n<h2><strong>DESCARGAS<\/strong><\/h2>\n<p><strong>Fecha:<\/strong> 2020<\/p>\n<p><strong>Tama\u00f1o del Archivo:<\/strong> XXXX<\/p>\n<p><strong>Formatos:<\/strong>\u00a0 XML,DTA<\/p>\n\t\t\n<style>\n#text-4023360527 {\n  text-align: center;\n}\n<\/style>\n\t<\/div>\n\t\n<div class=\"text-center\"><div class=\"is-divider divider clearfix\" style=\"margin-top:10px;margin-bottom:10px;max-width:100%;height:5px;\"><\/div><\/div>\n\n<p><a href=\"https:\/\/www.icesi.edu.co\/oem\/wp-content\/uploads\/2023\/10\/BASE_FINAL_OEM_2022_anonimizada.zip\">DESCARGA AQU\u00cd LOS ARCHIVOS DE LA ENCUESTA OEM 2022<\/a><\/p>\n\n\n\t\t<\/div>\n\t\t\t\t\n<style>\n#col-657250282 > .col-inner {\n  padding: 20px 20px 20px 20px;\n  border-radius: 20px;\n}\n<\/style>\n\t<\/div>\n\n\t\n\n\n<style>\n#row-413016634 > .col > .col-inner {\n  background-color: rgb(255,255,255);\n}\n<\/style>\n<\/div>\n\n\t\t<\/div>\n\t<\/div>\n\t\n\t\n\n\t\t<\/div>\n\t\t\t\t\t<\/div>\n\n\t\n\n\t<div id=\"col-1834436761\" class=\"col medium-8 small-12 large-8\"  >\n\t\t\t\t<div class=\"col-inner\"  >\n\t\t\t\n\t\t\t\n\n\t<div id=\"text-1458188020\" class=\"text\">\n\t\t\n\n<h1><strong>DATOS OEM 2022<\/strong><\/h1>\n\t\t\n<style>\n#text-1458188020 {\n  font-size: 2.3rem;\n}\n<\/style>\n\t<\/div>\n\t\n<p style=\"text-align: justify;\"><span style=\"font-weight: 400;\">La encuesta OEM 2022 es una encuesta exhaustiva que abord\u00f3 temas fundamentales como el poder de negociaci\u00f3n, la movilidad y las percepciones de la violencia basada en g\u00e9nero (VBG).<\/span><\/p>\n<p style=\"text-align: justify;\"><span style=\"font-weight: 400;\">Los resultados de esta encuesta proporcionan una visi\u00f3n profunda y valiosa de estas cuestiones, ofreciendo una oportunidad \u00fanica para comprender mejor c\u00f3mo afectan a nuestras vidas y sociedades<\/span><\/p>\n<p><span style=\"font-weight: 400;\">\u00a0<\/span><\/p>\n\n\t\t<\/div>\n\t\t\t\t\t<\/div>\n\n\t\n\n<\/div>\n\n","protected":false},"excerpt":{"rendered":"","protected":false},"author":1,"featured_media":0,"parent":0,"menu_order":0,"comment_status":"closed","ping_status":"closed","template":"","meta":{"footnotes":""},"class_list":["post-7463","page","type-page","status-publish","hentry"],"_links":{"self":[{"href":"https:\/\/www.icesi.edu.co\/oem\/wp-json\/wp\/v2\/pages\/7463","targetHints":{"allow":["GET"]}}],"collection":[{"href":"https:\/\/www.icesi.edu.co\/oem\/wp-json\/wp\/v2\/pages"}],"about":[{"href":"https:\/\/www.icesi.edu.co\/oem\/wp-json\/wp\/v2\/types\/page"}],"author":[{"embeddable":true,"href":"https:\/\/www.icesi.edu.co\/oem\/wp-json\/wp\/v2\/users\/1"}],"replies":[{"embeddable":true,"href":"https:\/\/www.icesi.edu.co\/oem\/wp-json\/wp\/v2\/comments?post=7463"}],"version-history":[{"count":10,"href":"https:\/\/www.icesi.edu.co\/oem\/wp-json\/wp\/v2\/pages\/7463\/revisions"}],"predecessor-version":[{"id":8466,"href":"https:\/\/www.icesi.edu.co\/oem\/wp-json\/wp\/v2\/pages\/7463\/revisions\/8466"}],"wp:attachment":[{"href":"https:\/\/www.icesi.edu.co\/oem\/wp-json\/wp\/v2\/media?parent=7463"}],"curies":[{"name":"wp","href":"https:\/\/api.w.org\/{rel}","templated":true}]}}