{"id":7596,"date":"2023-10-23T17:12:30","date_gmt":"2023-10-23T17:12:30","guid":{"rendered":"http:\/\/tiendaorganicayartesanal.com\/oem\/?page_id=7596"},"modified":"2024-01-12T15:13:39","modified_gmt":"2024-01-12T15:13:39","slug":"empoderamiento-social-y-economico-de-mujeres-emprendedoras-y-empresarias-en-el-norte-del-cauca","status":"publish","type":"page","link":"https:\/\/www.icesi.edu.co\/oem\/empoderamiento-social-y-economico-de-mujeres-emprendedoras-y-empresarias-en-el-norte-del-cauca\/","title":{"rendered":"EMPODERAMIENTO SOCIAL Y ECON\u00d3MICO DE MUJERES EMPRENDEDORAS Y EMPRESARIAS EN EL NORTE DEL CAUCA"},"content":{"rendered":"\n\n\t<section class=\"section\" id=\"section_1739024626\">\n\t\t<div class=\"section-bg fill\" >\n\t\t\t\t\t\t\t\t\t\n\t\t\t\n\n\t\t<\/div>\n\n\t\t\n\n\t\t<div class=\"section-content relative\">\n\t\t\t\n\n<div class=\"row row-collapse row-full-width align-middle\"  id=\"row-1627930702\">\n\n\n\t<div id=\"col-136098819\" class=\"col medium-6 small-12 large-6\"  >\n\t\t\t\t<div class=\"col-inner\"  >\n\t\t\t\n\t\t\t\n\n\n  <div class=\"banner has-hover\" id=\"banner-752649508\">\n          <div class=\"banner-inner fill\">\n        <div class=\"banner-bg fill\" >\n            <img loading=\"lazy\" decoding=\"async\" width=\"2560\" height=\"1707\" src=\"https:\/\/www.icesi.edu.co\/oem\/wp-content\/uploads\/2023\/08\/DSC_0478-scaled.jpg\" class=\"bg attachment-original size-original\" alt=\"\" \/>                                    \n                    <\/div>\n\t\t\n        <div class=\"banner-layers container\">\n            <div class=\"fill banner-link\"><\/div>            \n\n\n        <\/div>\n      <\/div>\n\n            \n<style>\n#banner-752649508 {\n  padding-top: 300px;\n  background-color: rgba(255, 255, 255, 0);\n}\n#banner-752649508 .banner-bg img {\n  object-position: 64% 33%;\n}\n@media (min-width:550px) {\n  #banner-752649508 {\n    padding-top: 650px;\n  }\n}\n<\/style>\n  <\/div>\n\n\n\n\t\t<\/div>\n\t\t\t\t\t<\/div>\n\n\t\n\n\t<div id=\"col-861162189\" class=\"col medium-6 small-12 large-6\"  >\n\t\t\t\t<div class=\"col-inner\"  >\n\t\t\t\n\t\t\t\n\n<div class=\"row align-center\"  id=\"row-1251607523\">\n\n\n\t<div id=\"col-264643062\" class=\"col medium-9 small-12 large-9\"  >\n\t\t\t\t<div class=\"col-inner\"  >\n\t\t\t\n\t\t\t\n\n\t<div id=\"text-336784029\" class=\"text\">\n\t\t\n\n<h1 class=\"entry-title uppercase\"><strong>EMPODERAMIENTO SOCIAL Y ECON\u00d3MICO DE MUJERES EMPRENDEDORAS Y EMPRESARIAS EN EL NORTE DEL CAUCA<\/strong><\/h1>\n\t\t\n<style>\n#text-336784029 {\n  font-size: 1.5rem;\n  line-height: 1.45;\n}\n@media (min-width:850px) {\n  #text-336784029 {\n    font-size: 0.85rem;\n  }\n}\n<\/style>\n\t<\/div>\n\t\n<p>Proyecto\u00a0<em>Empoderamiento social y econ\u00f3mico de mujeres emprendedoras y empresarias en el Norte del Cauca.<\/em><\/p>\n\t<div id=\"gap-442779329\" class=\"gap-element clearfix\" style=\"display:block; height:auto;\">\n\t\t\n<style>\n#gap-442779329 {\n  padding-top: 20px;\n}\n<\/style>\n\t<\/div>\n\t\n\n\n\t\t<\/div>\n\t\t\t\t\n<style>\n#col-264643062 > .col-inner {\n  padding: 50px 20px 20px 20px;\n}\n@media (min-width:550px) {\n  #col-264643062 > .col-inner {\n    padding: 0px 0px 0px 0;\n  }\n}\n<\/style>\n\t<\/div>\n\n\t\n\n<\/div>\n\n\t\t<\/div>\n\t\t\t\t\t<\/div>\n\n\t\n\n<\/div>\n<div class=\"row\"  id=\"row-1726123396\">\n\n\n\t<div id=\"col-1599609864\" class=\"col small-12 large-12\"  >\n\t\t\t\t<div class=\"col-inner\" style=\"background-color:rgb(254, 254, 254);\" >\n\t\t\t\n\t\t\t\n\n<div class=\"row\"  id=\"row-1044994641\">\n\n\n\t<div id=\"col-274470960\" class=\"col small-12 large-12\"  >\n\t\t\t\t<div class=\"col-inner\"  >\n\t\t\t\n\t\t\t\n\n<p><img loading=\"lazy\" decoding=\"async\" class=\"wp-image-7613 size-full aligncenter\" src=\"http:\/\/tiendaorganicayartesanal.com\/oem\/wp-content\/uploads\/2023\/10\/Logos-norte-del-cauca.png\" alt=\"\" width=\"784\" height=\"53\" srcset=\"https:\/\/www.icesi.edu.co\/oem\/wp-content\/uploads\/2023\/10\/Logos-norte-del-cauca.png 784w, https:\/\/www.icesi.edu.co\/oem\/wp-content\/uploads\/2023\/10\/Logos-norte-del-cauca-300x20.png 300w, https:\/\/www.icesi.edu.co\/oem\/wp-content\/uploads\/2023\/10\/Logos-norte-del-cauca-768x52.png 768w\" sizes=\"auto, (max-width: 784px) 100vw, 784px\" \/><\/p>\n\n\t\t<\/div>\n\t\t\t\t\t<\/div>\n\n\t\n\n<\/div>\n\n\t\t<\/div>\n\t\t\t\t\n<style>\n#col-1599609864 > .col-inner {\n  margin: -20px 0px 0px 0px;\n  border-radius: 30px;\n}\n@media (min-width:550px) {\n  #col-1599609864 > .col-inner {\n    margin: -95px 0px 0px 0px;\n  }\n}\n<\/style>\n\t<\/div>\n\n\t\n\n\n<style>\n#row-1726123396 > .col > .col-inner {\n  padding: 10% 10% 5% 10%;\n}\n@media (min-width:550px) {\n  #row-1726123396 > .col > .col-inner {\n    padding: 5% 5% 2% 5%;\n  }\n}\n<\/style>\n<\/div>\n<div class=\"row\"  id=\"row-1365314697\">\n\n\n\t<div id=\"col-75151028\" class=\"col medium-4 small-12 large-4\"  >\n\t\t\t\t<div class=\"col-inner\"  >\n\t\t\t\n\t\t\t\n\n<p><img loading=\"lazy\" decoding=\"async\" class=\"aligncenter size-medium wp-image-7607\" src=\"https:\/\/www.icesi.edu.co\/oem\/wp-content\/uploads\/2023\/10\/Cartilla-1-300x294.png\" alt=\"\" width=\"300\" height=\"294\" srcset=\"https:\/\/www.icesi.edu.co\/oem\/wp-content\/uploads\/2023\/10\/Cartilla-1-300x294.png 300w, https:\/\/www.icesi.edu.co\/oem\/wp-content\/uploads\/2023\/10\/Cartilla-1.png 400w\" sizes=\"auto, (max-width: 300px) 100vw, 300px\" \/><\/p>\n<a href=\"https:\/\/www.icesi.edu.co\/oem\/wp-content\/uploads\/2023\/10\/Cartilla-1.pdf\" class=\"button primary is-outline\" style=\"border-radius:99px;\">\n\t\t<span>Descarga aqu\u00ed la cartilla<\/span>\n\t<\/a>\n\n\n<p><img loading=\"lazy\" decoding=\"async\" class=\"aligncenter size-medium wp-image-7606\" src=\"https:\/\/www.icesi.edu.co\/oem\/wp-content\/uploads\/2023\/10\/Cartilla-2-300x293.png\" alt=\"\" width=\"300\" height=\"293\" srcset=\"https:\/\/www.icesi.edu.co\/oem\/wp-content\/uploads\/2023\/10\/Cartilla-2-300x293.png 300w, https:\/\/www.icesi.edu.co\/oem\/wp-content\/uploads\/2023\/10\/Cartilla-2.png 400w\" sizes=\"auto, (max-width: 300px) 100vw, 300px\" \/><\/p>\n<a href=\"https:\/\/www.icesi.edu.co\/oem\/wp-content\/uploads\/2023\/10\/Cartilla-2.pdf\" class=\"button primary is-outline\" style=\"border-radius:99px;\">\n\t\t<span>Descarga aqu\u00ed la cartilla<\/span>\n\t<\/a>\n\n\n\n\t\t<\/div>\n\t\t\t\t\t<\/div>\n\n\t\n\n\t<div id=\"col-33062752\" class=\"col medium-8 small-12 large-8\"  >\n\t\t\t\t<div class=\"col-inner\"  >\n\t\t\t\n\t\t\t\n\n<p>Entre 2021 y 2023 implementamos este proyecto, en convenio con el Ministerio de Ciencia y Tecnolog\u00eda, la Fundaci\u00f3n Promigas, Gases de Occidente, la Fundaci\u00f3n para el Empoderamiento de la Mujer Empoderarte y la Asociaci\u00f3n de Consejos Comunitarios del Norte del Cauca (ACONC).<\/p>\n<p>Dise\u00f1amos y desarrollamos el diplomado\u00a0<em>Mujeres por el buen vivir<\/em>, del que se graduaron 100 estudiantes de los trece municipios del Norte del Cauca, mujeres entre 18 y 60 a\u00f1os, mestizas, ind\u00edgenas, afro y campesinas con trayectorias diversas, integrantes de diferentes organizaciones. Este proceso formativo le apost\u00f3 al fortalecimiento de sus capacidades de participaci\u00f3n y liderazgo, de cara a su incidencia en la construcci\u00f3n de paz en el Norte del Cauca.<\/p>\n<p>Tambi\u00e9n publicamos el libro\u00a0<em>Mujeres por el buen vivir. Relatos de liderazgo en el Norte del Cauca<\/em>\u00a0(disponible en:\u00a0<a href=\"https:\/\/www.icesi.edu.co\/editorial\/mujeres-buen-vivir\/\">https:\/\/www.icesi.edu.co\/editorial\/mujeres-buen-vivir\/<\/a>) y las cartillas\u00a0<em>Resistencia es nombre de mujer. Historias de lideresas del Norte del Cauca<\/em>\u00a0(disponibles en\u00a0<a href=\"https:\/\/oemcolombia.com\/cartillas-lideresas-norte-del-cauca\/\">https:\/\/oemcolombia.com\/cartillas-lideresas-norte-del-cauca\/<\/a>). En alianza con la Corporaci\u00f3n Ensayos y la Fundaci\u00f3n Empoderarte, y a trav\u00e9s de la conformaci\u00f3n de un c\u00edrculo de investigadoras comunitarias, implementamos una encuesta orientada a conocer algunas din\u00e1micas econ\u00f3micas de las mujeres en los municipios de Caldono y Puerto Tejada.<\/p>\n\n\t\t<\/div>\n\t\t\t\t\t<\/div>\n\n\t\n\n<\/div>\n\n\t\t<\/div>\n\n\t\t\n<style>\n#section_1739024626 {\n  padding-top: 0px;\n  padding-bottom: 0px;\n}\n<\/style>\n\t<\/section>\n\t\n\n","protected":false},"excerpt":{"rendered":"","protected":false},"author":1,"featured_media":0,"parent":0,"menu_order":0,"comment_status":"closed","ping_status":"closed","template":"","meta":{"footnotes":""},"class_list":["post-7596","page","type-page","status-publish","hentry"],"_links":{"self":[{"href":"https:\/\/www.icesi.edu.co\/oem\/wp-json\/wp\/v2\/pages\/7596","targetHints":{"allow":["GET"]}}],"collection":[{"href":"https:\/\/www.icesi.edu.co\/oem\/wp-json\/wp\/v2\/pages"}],"about":[{"href":"https:\/\/www.icesi.edu.co\/oem\/wp-json\/wp\/v2\/types\/page"}],"author":[{"embeddable":true,"href":"https:\/\/www.icesi.edu.co\/oem\/wp-json\/wp\/v2\/users\/1"}],"replies":[{"embeddable":true,"href":"https:\/\/www.icesi.edu.co\/oem\/wp-json\/wp\/v2\/comments?post=7596"}],"version-history":[{"count":10,"href":"https:\/\/www.icesi.edu.co\/oem\/wp-json\/wp\/v2\/pages\/7596\/revisions"}],"predecessor-version":[{"id":8160,"href":"https:\/\/www.icesi.edu.co\/oem\/wp-json\/wp\/v2\/pages\/7596\/revisions\/8160"}],"wp:attachment":[{"href":"https:\/\/www.icesi.edu.co\/oem\/wp-json\/wp\/v2\/media?parent=7596"}],"curies":[{"name":"wp","href":"https:\/\/api.w.org\/{rel}","templated":true}]}}